{"id":1393,"date":"2020-03-03T09:38:04","date_gmt":"2020-03-03T12:38:04","guid":{"rendered":"https:\/\/www.ufsm.br\/cursos\/pos-graduacao\/santa-maria\/ppgh\/?page_id=1393"},"modified":"2022-08-05T08:05:24","modified_gmt":"2022-08-05T11:05:24","slug":"infra-estrutura","status":"publish","type":"page","link":"https:\/\/www.ufsm.br\/cursos\/pos-graduacao\/santa-maria\/ppgh\/infra-estrutura","title":{"rendered":"Infra-estrutura"},"content":{"rendered":"\n<figure style=\"width: 283px\" class=\"wp-caption aligncenter\"><img fetchpriority=\"high\" decoding=\"async\" src=\"https:\/\/www.ufsm.br\/app\/uploads\/2020\/06\/Pr%C3%A9dios-74-A-B-e-C.jpg\" alt=\"\" width=\"283\" height=\"188\" \/><figcaption class=\"wp-caption-text\">Fotografia dos pr\u00e9dios 74A, 74B e 74C<\/figcaption><\/figure>\n<p style=\"text-align: justify\">A p\u00f3s-gradua\u00e7\u00e3o em Hist\u00f3ria da UFSM localiza-se no pr\u00e9dio 74-A, sala 104. As salas de aula dispon\u00edveis aos nossos alunos est\u00e3o distribu\u00eddas nos pr\u00e9dios 74-A, 74-B e 74-C, dispondo de computador, projetor\u00a0 e ar-condicionado. Al\u00e9m disso, o centro de Ci\u00eancias Sociais e Humanas oferece aos alunos um laborat\u00f3rio de inform\u00e1tica localizado no pr\u00e9dio 74 C.<\/p>\n<p style=\"text-align: center\">\u00a0<\/p>\n<figure style=\"width: 300px\" class=\"wp-caption aligncenter\"><img decoding=\"async\" src=\"https:\/\/www.ufsm.br\/unidades-universitarias\/ccsh\/wp-content\/uploads\/sites\/372\/2018\/10\/BiblioCCSH-Setembro-Amarelo-300x200.jpg\" alt=\"\" width=\"300\" height=\"200\" \/><figcaption class=\"wp-caption-text\">Biblioteca Setorial do CCSH<\/figcaption><\/figure>\n<p style=\"text-align: justify\">&#8220;A Biblioteca Setorial do Centro de Ci\u00eancias Sociais e Humanas objetiva atender \u00e0s necessidades da comunidade\u00a0universit\u00e1ria, especialmente dos cursos de gradua\u00e7\u00e3o e p\u00f3s-gradua\u00e7\u00e3o do CCSH, no que\u00a0se refere \u00e0 informa\u00e7\u00e3o bibliogr\u00e1fica. Sua estrutura conta com um pr\u00e9dio novo, localizado ao lado do pr\u00e9dio 74C e um anexo com livros, localizado no t\u00e9rreo do pr\u00e9dio da Antiga Reitoria. O\u00a0acervo do anexo conta com todos os livros do Curso de Direito.<\/p>\n<p><strong>BIBLIOTEC\u00c1RIAS<\/strong><\/p>\n<p>Jus\u00e9lia Paula da Silva<\/p>\n<p>Carina Marques Milano<\/p>\n<p><strong>CONTATO<\/strong><br \/>Fones: (55) 3220 9285 (Dire\u00e7\u00e3o)\u00a0 (55) 3220 9293 (setor de empr\u00e9stimo) (55) 3220 9286 (Anexo no Centro)<br \/>Email:\u00a0<a target=\"_blank\" rel=\"noopener noreferrer\">biblioteca.ccsh@ufsm.br<\/a><a href=\"mailto:biblioccsh@smail.ufsm.br\"><br \/><\/a>Acesso aos cat\u00e1logos online:\u00a0<a href=\"http:\/\/bibweb.si.ufsm.br\/\" target=\"_blank\" rel=\"noopener noreferrer\">Link<br \/><\/a>Facebook:\u00a0<a href=\"https:\/\/www.facebook.com\/BibliotecaSetorialdoCCSH\" target=\"_blank\" rel=\"noopener noreferrer\">Link<\/a><\/p>\n<p><strong>LOCALIZA\u00c7\u00c3O<\/strong><br \/>Pr\u00e9dio da Biblioteca Setorial do CCSH \u2013 Ao lado do 74C&#8221;<\/p>\n<p>Fonte: site do CCSH<\/p>\n<p>Site:<a href=\"https:\/\/www.ufsm.br\/unidades-universitarias\/ccsh\/biblioteca-setorial\/\">https:\/\/www.ufsm.br\/unidades-universitarias\/ccsh\/biblioteca-setorial\/<\/a><\/p>\n<p>\u00a0<\/p>\n<p>Para mais informa\u00e7\u00f5es acesse o <strong>site do CCSH<\/strong>:<\/p>\n<p><a href=\"https:\/\/www.ufsm.br\/unidades-universitarias\/ccsh\/\">https:\/\/www.ufsm.br\/unidades-universitarias\/ccsh\/<\/a><\/p>\n","protected":false},"excerpt":{"rendered":"<p>A p\u00f3s-gradua\u00e7\u00e3o em Hist\u00f3ria da UFSM localiza-se no pr\u00e9dio 74-A, sala 104. As salas de aula dispon\u00edveis aos nossos alunos est\u00e3o distribu\u00eddas nos pr\u00e9dios 74-A, 74-B e 74-C, dispondo de computador, projetor\u00a0 e ar-condicionado. Al\u00e9m disso, o centro de Ci\u00eancias Sociais e Humanas oferece aos alunos um laborat\u00f3rio de inform\u00e1tica localizado no pr\u00e9dio 74 C. [&hellip;]<\/p>\n","protected":false},"author":817,"featured_media":0,"parent":0,"menu_order":0,"comment_status":"closed","ping_status":"closed","template":"","meta":{"footnotes":""},"categories":[],"tags":[],"class_list":["post-1393","page","type-page","status-publish","hentry"],"acf":[],"_links":{"self":[{"href":"https:\/\/www.ufsm.br\/cursos\/pos-graduacao\/santa-maria\/ppgh\/wp-json\/wp\/v2\/pages\/1393","targetHints":{"allow":["GET"]}}],"collection":[{"href":"https:\/\/www.ufsm.br\/cursos\/pos-graduacao\/santa-maria\/ppgh\/wp-json\/wp\/v2\/pages"}],"about":[{"href":"https:\/\/www.ufsm.br\/cursos\/pos-graduacao\/santa-maria\/ppgh\/wp-json\/wp\/v2\/types\/page"}],"author":[{"embeddable":true,"href":"https:\/\/www.ufsm.br\/cursos\/pos-graduacao\/santa-maria\/ppgh\/wp-json\/wp\/v2\/users\/817"}],"replies":[{"embeddable":true,"href":"https:\/\/www.ufsm.br\/cursos\/pos-graduacao\/santa-maria\/ppgh\/wp-json\/wp\/v2\/comments?post=1393"}],"version-history":[{"count":0,"href":"https:\/\/www.ufsm.br\/cursos\/pos-graduacao\/santa-maria\/ppgh\/wp-json\/wp\/v2\/pages\/1393\/revisions"}],"wp:attachment":[{"href":"https:\/\/www.ufsm.br\/cursos\/pos-graduacao\/santa-maria\/ppgh\/wp-json\/wp\/v2\/media?parent=1393"}],"wp:term":[{"taxonomy":"category","embeddable":true,"href":"https:\/\/www.ufsm.br\/cursos\/pos-graduacao\/santa-maria\/ppgh\/wp-json\/wp\/v2\/categories?post=1393"},{"taxonomy":"post_tag","embeddable":true,"href":"https:\/\/www.ufsm.br\/cursos\/pos-graduacao\/santa-maria\/ppgh\/wp-json\/wp\/v2\/tags?post=1393"}],"curies":[{"name":"wp","href":"https:\/\/api.w.org\/{rel}","templated":true}]}}