{"id":1408,"date":"2020-03-03T20:03:27","date_gmt":"2020-03-03T23:03:27","guid":{"rendered":"https:\/\/www.ufsm.br\/cursos\/pos-graduacao\/santa-maria\/ppgh\/?page_id=1408"},"modified":"2022-08-05T08:07:56","modified_gmt":"2022-08-05T11:07:56","slug":"guia-para-estrangeiros","status":"publish","type":"page","link":"https:\/\/www.ufsm.br\/cursos\/pos-graduacao\/santa-maria\/ppgh\/guia-para-estrangeiros","title":{"rendered":"Guia para estrangeiros"},"content":{"rendered":"\n<p style=\"text-align: justify\">&#8220;O guia do estudante tem como objetivo fornecer informa\u00e7\u00f5es b\u00e1sicas e\u00a0 \u00fateis acerca da Universidade Federal de Santa Maria (UFSM) e da cidade onde ela est\u00e1 situada para que voc\u00ea possa se sentir parte de nossa comunidade.<br \/>Desejamos que, durante sua perman\u00eancia aqui, possamos demonstrar o que temos de melhor, assim como a maneira como interagimos com outras culturas e como<br \/>priorizamos a harmonia e a amizade em nossas rela\u00e7\u00f5es.<br \/>Desse modo, desejamos boas vindas e uma \u00f3tima estadia \u00e0queles que escolheram nossa universidade para estudar.&#8221;<\/p>\n<p>Fonte: Guia do Estudante<\/p>\n<p>Para acessar o documento, clique aqui &gt;\u00a0<a href=\"https:\/\/www.ufsm.br\/cursos\/pos-graduacao\/santa-maria\/ppgh\/wp-content\/uploads\/sites\/510\/2020\/03\/Guia_do_Estudante_2015-2016_REVISADO_-_C\u00f3pia.pdf\">Guia_do_Estudante_2015-2016_REVISADO_-_C\u00f3pia<\/a><\/p>\n","protected":false},"excerpt":{"rendered":"<p>&#8220;O guia do estudante tem como objetivo fornecer informa\u00e7\u00f5es b\u00e1sicas e\u00a0 \u00fateis acerca da Universidade Federal de Santa Maria (UFSM) e da cidade onde ela est\u00e1 situada para que voc\u00ea possa se sentir parte de nossa comunidade.Desejamos que, durante sua perman\u00eancia aqui, possamos demonstrar o que temos de melhor, assim como a maneira como interagimos [&hellip;]<\/p>\n","protected":false},"author":817,"featured_media":0,"parent":0,"menu_order":0,"comment_status":"closed","ping_status":"closed","template":"","meta":{"footnotes":""},"categories":[],"tags":[],"class_list":["post-1408","page","type-page","status-publish","hentry"],"acf":[],"_links":{"self":[{"href":"https:\/\/www.ufsm.br\/cursos\/pos-graduacao\/santa-maria\/ppgh\/wp-json\/wp\/v2\/pages\/1408","targetHints":{"allow":["GET"]}}],"collection":[{"href":"https:\/\/www.ufsm.br\/cursos\/pos-graduacao\/santa-maria\/ppgh\/wp-json\/wp\/v2\/pages"}],"about":[{"href":"https:\/\/www.ufsm.br\/cursos\/pos-graduacao\/santa-maria\/ppgh\/wp-json\/wp\/v2\/types\/page"}],"author":[{"embeddable":true,"href":"https:\/\/www.ufsm.br\/cursos\/pos-graduacao\/santa-maria\/ppgh\/wp-json\/wp\/v2\/users\/817"}],"replies":[{"embeddable":true,"href":"https:\/\/www.ufsm.br\/cursos\/pos-graduacao\/santa-maria\/ppgh\/wp-json\/wp\/v2\/comments?post=1408"}],"version-history":[{"count":0,"href":"https:\/\/www.ufsm.br\/cursos\/pos-graduacao\/santa-maria\/ppgh\/wp-json\/wp\/v2\/pages\/1408\/revisions"}],"wp:attachment":[{"href":"https:\/\/www.ufsm.br\/cursos\/pos-graduacao\/santa-maria\/ppgh\/wp-json\/wp\/v2\/media?parent=1408"}],"wp:term":[{"taxonomy":"category","embeddable":true,"href":"https:\/\/www.ufsm.br\/cursos\/pos-graduacao\/santa-maria\/ppgh\/wp-json\/wp\/v2\/categories?post=1408"},{"taxonomy":"post_tag","embeddable":true,"href":"https:\/\/www.ufsm.br\/cursos\/pos-graduacao\/santa-maria\/ppgh\/wp-json\/wp\/v2\/tags?post=1408"}],"curies":[{"name":"wp","href":"https:\/\/api.w.org\/{rel}","templated":true}]}}