{"id":1447,"date":"2020-09-01T14:53:39","date_gmt":"2020-09-01T17:53:39","guid":{"rendered":"https:\/\/www.ufsm.br\/cursos\/pos-graduacao\/santa-maria\/ppgh\/?page_id=1447"},"modified":"2023-06-12T08:18:22","modified_gmt":"2023-06-12T11:18:22","slug":"carlos-henrique-armani","status":"publish","type":"page","link":"https:\/\/www.ufsm.br\/cursos\/pos-graduacao\/santa-maria\/ppgh\/docentes\/carlos-henrique-armani","title":{"rendered":"Carlos Henrique Armani"},"content":{"rendered":"\t\t<div data-elementor-type=\"wp-page\" data-elementor-id=\"1447\" class=\"elementor elementor-1447\">\n\t\t\t\t\t\t<section class=\"elementor-section elementor-top-section elementor-element elementor-element-35d763b6 elementor-section-boxed elementor-section-height-default elementor-section-height-default\" data-id=\"35d763b6\" data-element_type=\"section\">\n\t\t\t\t\t\t<div class=\"elementor-container elementor-column-gap-default\">\n\t\t\t\t\t<div class=\"elementor-column elementor-col-100 elementor-top-column elementor-element elementor-element-487a6004\" data-id=\"487a6004\" data-element_type=\"column\">\n\t\t\t<div class=\"elementor-widget-wrap elementor-element-populated\">\n\t\t\t\t\t\t<div class=\"elementor-element elementor-element-56e2919c elementor-widget elementor-widget-text-editor\" data-id=\"56e2919c\" data-element_type=\"widget\" data-widget_type=\"text-editor.default\">\n\t\t\t\t<div class=\"elementor-widget-container\">\n\t\t\t\t\t\t\t<p><img decoding=\"async\" src=\"https:\/\/www.ufsm.br\/cursos\/pos-graduacao\/santa-maria\/ppgh\/wp-content\/uploads\/sites\/510\/2019\/09\/foto-armani-225x300.jpg\" alt=\"\" width=\"193\" height=\"257\"><\/p>\n<p><!-- wp:tadv\/classic-paragraph --><\/p>\n<p style=\"text-align: justify\">Professor Associado do Departamento de Hist\u00f3ria da Universidade Federal de Santa Maria e do Programa de P\u00f3s-gradua\u00e7\u00e3o em Hist\u00f3ria. Respons\u00e1vel pelas disciplinas de Teoria da Hist\u00f3ria. Atual coordenador do PPGH. Professor Visitante da Universidad Nacional de Cuyo (Argentina) e da Universidad de la Rep\u00fablica (Uruguai).<\/p>\n<p style=\"text-align: justify\">Integrante dos grupos de pesquisa International Network for Theory of History e Red Latinoamericana Historia Pensada.<\/p>\n<p style=\"text-align: justify\">\u00c9 graduado, mestre e doutor em Hist\u00f3ria pela PUCRS e realizou est\u00e1gio p\u00f3s-doutoral em Teoria e Filosofia da Hist\u00f3ria pelo Programa de Historiografia e Ci\u00eancia da Hist\u00f3ria e da Cultura (PROCULT) da Universidade Federal do Rio de Janeiro.<\/p>\n<p style=\"text-align: justify\">\n<\/p><p style=\"text-align: justify\"><strong>Contato<a href=\"mailto:carlos.armani@gmail.com\"> carlos.armani@ufsm.br<\/a><\/strong><\/p>\n<p style=\"text-align: justify\"><strong>CV Lattes <a href=\"http:\/\/lattes.cnpq.br\/3735821554238929\"><img decoding=\"async\" src=\"http:\/\/buscatextual.cnpq.br\/buscatextual\/images\/v2\/icone_lattes.png\" width=\"28\" height=\"26\"><\/a><\/strong>&nbsp; &nbsp; &nbsp; &nbsp; &nbsp; &nbsp; &nbsp; &nbsp; &nbsp; &nbsp; &nbsp; &nbsp; &nbsp; &nbsp; &nbsp; &nbsp; &nbsp; &nbsp; &nbsp; &nbsp; &nbsp; &nbsp;<\/p>\n<p style=\"text-align: justify\"><strong>ORCid <img decoding=\"async\" src=\"https:\/\/orcid.org\/sites\/default\/files\/images\/orcid_16x16.png\" alt=\"ORCID iD icon\" width=\"28\" height=\"28\"><\/strong><\/p>\n<p style=\"text-align: justify\"><strong>Site&nbsp;<\/strong>https:\/\/ufsm.academia.edu\/CarlosHenriqueArmani<\/p>\n<p style=\"text-align: justify\">\n<\/p><p style=\"text-align: justify\"><strong>Linha de pesquisa<\/strong><\/p>\n<p style=\"text-align: justify\"><a href=\"https:\/\/www.ufsm.br\/cursos\/pos-graduacao\/santa-maria\/ppgh\/linhas-de-pesquisa\/\">Fronteira, pol\u00edtica e sociedade<\/a><\/p>\n<p style=\"text-align: justify\"><a href=\"https:\/\/www.ufsm.br\/cursos\/pos-graduacao\/santa-maria\/ppgh\/linhas-de-pesquisa\/\">Mem\u00f3ria e patrim\u00f4nio<\/a><\/p>\n<p style=\"text-align: justify\">\n<\/p><p style=\"text-align: justify\"><strong>Temas de pesquisa<\/strong><\/p>\n<div style=\"text-align: justify\">Hist\u00f3ria intelectual<\/div>\n<div style=\"text-align: justify\">&nbsp;<\/div>\n<div style=\"text-align: justify\">Teoria e filosofia da hist\u00f3ria e da historiografia<\/div>\n<div style=\"text-align: justify\">&nbsp;<\/div>\n<div style=\"text-align: justify\">Pensamento decolonial e p\u00f3s-colonial<\/div>\n<p style=\"text-align: justify\">\n<\/p><p style=\"text-align: justify\"><strong>Projetos ativos<\/strong><\/p>\n<p style=\"text-align: justify\">Hist\u00f3ria Intelectual, Presen\u00e7a e Sentido<\/p>\n<p style=\"text-align: justify\">Hist\u00f3ria intelectual e dos Conceitos<br><\/p>\n<p style=\"text-align: justify\"><span style=\"color: black;font-size: 1rem\">&nbsp;<\/span><\/p>\n<p style=\"text-align: justify\">\n<\/p><p style=\"text-align: justify\"><strong>Principais produ\u00e7\u00f5es:<\/strong><\/p>\n<div style=\"text-align: justify\">1. <font style=\"font-family:arial,sans-serif\" size=\"2\"><span lang=\"EN-US\">ARMANI, Carlos Henrique. <i>Os Sert\u00f5es<\/i> as a Clash of Ontologies in Brazilian Intellectual History. Geschichtstheorie am Werk, v. 1, p. 1-7, 2022.<\/span><\/font><\/div>\n<div style=\"text-align: justify\"><font style=\"font-family:arial,sans-serif\" size=\"2\"><span lang=\"EN-US\"><br><\/span><\/font><\/div>\n<div style=\"text-align: justify\"><font style=\"font-family:arial,sans-serif\" size=\"2\"><span lang=\"EN-US\">2. <\/span><\/font><font style=\"font-family:arial,sans-serif\" size=\"2\">Hist\u00f3ria intelectual e pensamento\ndecolonial. In: Mar\u00e7al de Menezes Paredes; Fabr\u00edcio Ant\u00f4nio Antunes Soares;\nPaul Juan Montoya Vasquez. (Org.). Hist\u00f3ria intelectual e dos conceitos: a\nhistoricidade e suas m\u00faltiplas escalas &#8211; Europa, Am\u00e9rica, \u00c1frica. 01ed.Passo\nFundo: Acervus, 2022, v. 02, p. 165-189.<\/font><\/div>\n<div style=\"text-align: justify\"><br><\/div>\n<div style=\"text-align: justify\">3. ARMANI, Carlos Henrique. O Brasil e a sombra dos Estados Unidos: discursos sobre a autodetermina\u00e7\u00e3o nacional em Eduardo Prado e Araripe J\u00fanior. REVISTA BRASILEIRA DE HIST\u00d3RIA (ONLINE), v. 40, p. 245-266, 2020.<\/div>\n<div style=\"text-align: justify\">&nbsp;<\/div>\n<div style=\"text-align: justify\">4. ARMANI, Carlos Henrique.&nbsp; A hist\u00f3ria intelectual e a virada ontol\u00f3gica na antropologia. Revista Hist\u00f3ria: Debates e Tend\u00eancias, v. 20, p. 36-52, 2020.<\/div><div style=\"text-align: justify\"><br><\/div>\n\n<div style=\"text-align: justify\">\n<p>5. ARMANI, Carlos Henrique. Historiografia e pensamento contra-antropoc\u00eantrico. In: Fabr\u00edcio Antunes Soares; Ricardo Oliveira da Silva.. (Org.). Di\u00e1logos: estudos sobre teoria da hist\u00f3ria e historiografia. Crici\u00fama: Editora da UNESC, 2017, v. 01, p. 57-97.<\/p>\n<p>6. ARMANI, Carlos Henrique. Discursos da na\u00e7\u00e3o: historicidade e identidade nacional no Brasil em fins do s\u00e9culo XIX. 01. ed. Porto Alegre: EDIPUCRS, 2010.\n<\/p>\n<\/div>\n<p><!-- \/wp:tadv\/classic-paragraph --><\/p>\t\t\t\t\t\t<\/div>\n\t\t\t\t<\/div>\n\t\t\t\t\t<\/div>\n\t\t<\/div>\n\t\t\t\t\t<\/div>\n\t\t<\/section>\n\t\t\t\t<\/div>\n\t\t","protected":false},"excerpt":{"rendered":"<p>Professor Associado do Departamento de Hist\u00f3ria da Universidade Federal de Santa Maria e do Programa de P\u00f3s-gradua\u00e7\u00e3o em Hist\u00f3ria. Respons\u00e1vel pelas disciplinas de Teoria da Hist\u00f3ria. Atual coordenador do PPGH. Professor Visitante da Universidad Nacional de Cuyo (Argentina) e da Universidad de la Rep\u00fablica (Uruguai). Integrante dos grupos de pesquisa International Network for Theory of [&hellip;]<\/p>\n","protected":false},"author":817,"featured_media":0,"parent":786,"menu_order":0,"comment_status":"closed","ping_status":"closed","template":"","meta":{"footnotes":""},"categories":[],"tags":[],"class_list":["post-1447","page","type-page","status-publish","hentry"],"acf":[],"_links":{"self":[{"href":"https:\/\/www.ufsm.br\/cursos\/pos-graduacao\/santa-maria\/ppgh\/wp-json\/wp\/v2\/pages\/1447","targetHints":{"allow":["GET"]}}],"collection":[{"href":"https:\/\/www.ufsm.br\/cursos\/pos-graduacao\/santa-maria\/ppgh\/wp-json\/wp\/v2\/pages"}],"about":[{"href":"https:\/\/www.ufsm.br\/cursos\/pos-graduacao\/santa-maria\/ppgh\/wp-json\/wp\/v2\/types\/page"}],"author":[{"embeddable":true,"href":"https:\/\/www.ufsm.br\/cursos\/pos-graduacao\/santa-maria\/ppgh\/wp-json\/wp\/v2\/users\/817"}],"replies":[{"embeddable":true,"href":"https:\/\/www.ufsm.br\/cursos\/pos-graduacao\/santa-maria\/ppgh\/wp-json\/wp\/v2\/comments?post=1447"}],"version-history":[{"count":0,"href":"https:\/\/www.ufsm.br\/cursos\/pos-graduacao\/santa-maria\/ppgh\/wp-json\/wp\/v2\/pages\/1447\/revisions"}],"up":[{"embeddable":true,"href":"https:\/\/www.ufsm.br\/cursos\/pos-graduacao\/santa-maria\/ppgh\/wp-json\/wp\/v2\/pages\/786"}],"wp:attachment":[{"href":"https:\/\/www.ufsm.br\/cursos\/pos-graduacao\/santa-maria\/ppgh\/wp-json\/wp\/v2\/media?parent=1447"}],"wp:term":[{"taxonomy":"category","embeddable":true,"href":"https:\/\/www.ufsm.br\/cursos\/pos-graduacao\/santa-maria\/ppgh\/wp-json\/wp\/v2\/categories?post=1447"},{"taxonomy":"post_tag","embeddable":true,"href":"https:\/\/www.ufsm.br\/cursos\/pos-graduacao\/santa-maria\/ppgh\/wp-json\/wp\/v2\/tags?post=1447"}],"curies":[{"name":"wp","href":"https:\/\/api.w.org\/{rel}","templated":true}]}}