{"id":1451,"date":"2020-09-02T18:47:52","date_gmt":"2020-09-02T21:47:52","guid":{"rendered":"https:\/\/www.ufsm.br\/cursos\/pos-graduacao\/santa-maria\/ppgh\/?page_id=1451"},"modified":"2022-08-05T09:04:38","modified_gmt":"2022-08-05T12:04:38","slug":"joao-manuel-casquinha-malaia-santos","status":"publish","type":"page","link":"https:\/\/www.ufsm.br\/cursos\/pos-graduacao\/santa-maria\/ppgh\/joao-manuel-casquinha-malaia-santos","title":{"rendered":"Jo\u00e3o Manuel Casquinha Malaia Santos"},"content":{"rendered":"\t\t<div data-elementor-type=\"wp-page\" data-elementor-id=\"1451\" class=\"elementor elementor-1451\">\n\t\t\t\t\t\t<section class=\"elementor-section elementor-top-section elementor-element elementor-element-5606b8 elementor-section-boxed elementor-section-height-default elementor-section-height-default\" data-id=\"5606b8\" data-element_type=\"section\">\n\t\t\t\t\t\t<div class=\"elementor-container elementor-column-gap-default\">\n\t\t\t\t\t<div class=\"elementor-column elementor-col-100 elementor-top-column elementor-element elementor-element-7f9fdb0a\" data-id=\"7f9fdb0a\" data-element_type=\"column\">\n\t\t\t<div class=\"elementor-widget-wrap elementor-element-populated\">\n\t\t\t\t\t\t<div class=\"elementor-element elementor-element-746cb4f6 elementor-widget elementor-widget-text-editor\" data-id=\"746cb4f6\" data-element_type=\"widget\" data-widget_type=\"text-editor.default\">\n\t\t\t\t<div class=\"elementor-widget-container\">\n\t\t\t\t\t\t\t<p><!-- wp:tadv\/classic-paragraph --><\/p>\n<p style=\"text-align: justify\"><img decoding=\"async\" class=\"alignleft wp-image-1217\" src=\"https:\/\/www.ufsm.br\/cursos\/pos-graduacao\/santa-maria\/ppgh\/wp-content\/uploads\/sites\/510\/2019\/09\/Jo\u00e3o-foto-3-274x300.jpg\" alt=\"\" width=\"198\" height=\"217\" srcset=\"https:\/\/www.ufsm.br\/app\/uploads\/sites\/510\/2019\/09\/Jo\u00e3o-foto-3-274x300.jpg 274w, https:\/\/www.ufsm.br\/app\/uploads\/sites\/510\/2019\/09\/Jo\u00e3o-foto-3-768x842.jpg 768w, https:\/\/www.ufsm.br\/app\/uploads\/sites\/510\/2019\/09\/Jo\u00e3o-foto-3-934x1024.jpg 934w, https:\/\/www.ufsm.br\/app\/uploads\/sites\/510\/2019\/09\/Jo\u00e3o-foto-3.jpg 1334w\" sizes=\"(max-width: 198px) 100vw, 198px\" \/>Professor Adjunto do Departamento de Hist\u00f3ria da Universidade Federal de Santa Maria, al\u00e9m de atuar no Programa de P\u00f3s-Gradua\u00e7\u00e3o em Hist\u00f3ria\u00a0 e no Mestrado Profissional em Ensino de Hist\u00f3ria. \u00c9 coordenador do <em>Stadium &#8211; <\/em>\u00a0Grupo de Estudos de Hist\u00f3ria do Esporte e das Pr\u00e1ticas L\u00fadicas &#8211; e do <a href=\"https:\/\/portal.ufsm.br\/projetos\/publico\/projetos\/view.html?idProjeto=65637\">LOUPPA &#8211; Laborat\u00f3rio de Observa\u00e7\u00e3o dos Usos P\u00fablicos do Passado<\/a>. \u00c9 o atual Coordenador substituto do PPGH.<\/p>\n<p style=\"text-align: justify\">\u00c9 doutor em Hist\u00f3ria Econ\u00f4mica pela USP e graduado na mesma universidade no curso de Hist\u00f3ria.\u00a0<\/p>\n<p style=\"text-align: justify\">Tem experi\u00eancia na \u00e1rea de Hist\u00f3ria, com \u00eanfase em Hist\u00f3ria da Am\u00e9rica e da \u00c1frica Contempor\u00e2nea.<\/p>\n<p style=\"text-align: justify\">\u00a0<\/p>\n<p style=\"text-align: justify\"><strong>Contato<\/strong>\u00a0<a href=\"mailto:jmalaia@gmail.com\">jmalaia@gmail.com<\/a><\/p>\n<p style=\"text-align: justify\"><strong>Lattes<\/strong> <a href=\"http:\/\/lattes.cnpq.br\/9724555442252785\"><img decoding=\"async\" class=\"\" src=\"http:\/\/buscatextual.cnpq.br\/buscatextual\/images\/v2\/icone_lattes.png\" width=\"31\" height=\"29\" \/><\/a>\u00a0<\/p>\n<p style=\"text-align: justify\">\u00a0<\/p>\n<p style=\"text-align: justify\"><strong>Linhas de pesquisa<\/strong><\/p>\n<p style=\"text-align: justify\"><a href=\"https:\/\/www.ufsm.br\/cursos\/pos-graduacao\/santa-maria\/ppgh\/linhas-de-pesquisa\/\">Fronteira, Pol\u00edtica e Sociedade<\/a><\/p>\n<p style=\"text-align: justify\"><a href=\"https:\/\/www.ufsm.br\/cursos\/pos-graduacao\/santa-maria\/ppgh\/linhas-de-pesquisa\/\">Cultura, Migra\u00e7\u00f5es e Trabalho<\/a><\/p>\n<p style=\"text-align: justify\">\u00a0<\/p>\n<p style=\"text-align: justify\"><strong>Temas de pesquisa<\/strong><\/p>\n<p style=\"text-align: justify\">Hist\u00f3ria do Lazer e do Esporte<\/p>\n<p style=\"text-align: justify\">Hist\u00f3ria da \u00c1frica Portuguesa<\/p>\n<p style=\"text-align: justify\">Hist\u00f3ria Econ\u00f4mica<\/p>\n<p style=\"text-align: justify\">Hierarquias sociais e institui\u00e7\u00f5es pol\u00edticas no s\u00e9culo XX<\/p>\n<p style=\"text-align: justify\">\u00a0<\/p>\n<p style=\"text-align: justify\"><strong>Projetos ativos<\/strong><\/p>\n<p style=\"text-align: justify\"><a href=\"https:\/\/portal.ufsm.br\/projetos\/publico\/projetos\/view.html?idProjeto=62474\">Hist\u00f3ria do Esporte, Lazer e Entretenimento<\/a><\/p>\n<p style=\"text-align: justify\"><a href=\"https:\/\/portal.ufsm.br\/projetos\/publico\/projetos\/view.html?idProjeto=60103\">Associativismo desportivo na Quarta Col\u00f4nia nos s\u00e9culos XIX e XX: Cultura, poder e sociedade<\/a><\/p>\n<p style=\"text-align: justify\">Mais Hist\u00f3ria, por favor<\/p>\n<p style=\"text-align: justify\">\u00a0<\/p>\n<p style=\"text-align: justify\"><strong>Principais trabalhos publicados<\/strong><\/p>\n<p style=\"text-align: justify\">1. MALAIA, Jo\u00e3o Manuel.\u00a0Uma reuni\u00e3o de carreiras de cavalos?: lazer, esporte e os paradoxos da modernidade no Rio Grande do Sul, s\u00e9culos XIX e XX. TOPOI (ONLINE): REVISTA DE HISTORIA, 2020.<\/p>\n<p style=\"text-align: justify\">2.MALAIA, Jo\u00e3o Manuel. &#8216;Os Le\u00f5es em \u00c1frica&#8217;: Futebol e Pol\u00edtica no Imp\u00e9rio Colonial Portigu\u00eas (1954). ESTUDOS HIST\u00d3RICOS, v. 32, p. 589-608, 2019.<\/p>\n<p style=\"text-align: justify\">3.MALAIA, Jo\u00e3o Manuel. Brazil: An Emerging Power Establishing Itself in the World of International Sports Mega-Events. International Journal of the History of Sport, v. 31, p. 1-16, 2014.<\/p>\n<p style=\"text-align: justify\">4. MALAIA, Jo\u00e3o Manuel; MELO, Victor Andrade de;\u00a0DRUMOND, Mauricio;\u00a0FORTES, R. Pesquisa Hist\u00f3rica e Hist\u00f3ria do Esporte. Rio de Janeiro: 7 Letras, 2013.<\/p>\n<p style=\"text-align: justify\">5.MALAIA, Jo\u00e3o Manuel. O processo de profissionaliza\u00e7\u00e3o do futebol no Rio de Janeiro: dos sub\u00farbios \u00e0 Zona Sul (1919 &#8211; 1923). Leituras de Economia Pol\u00edtica (UNICAMP), v. 13, p. 125-155, 2008.<\/p>\n<p style=\"text-align: justify\">\u00a0<\/p>\n<p><!-- \/wp:tadv\/classic-paragraph --><\/p>\t\t\t\t\t\t<\/div>\n\t\t\t\t<\/div>\n\t\t\t\t\t<\/div>\n\t\t<\/div>\n\t\t\t\t\t<\/div>\n\t\t<\/section>\n\t\t\t\t<\/div>\n\t\t","protected":false},"excerpt":{"rendered":"<p>Professor Adjunto do Departamento de Hist\u00f3ria da Universidade Federal de Santa Maria, al\u00e9m de atuar no Programa de P\u00f3s-Gradua\u00e7\u00e3o em Hist\u00f3ria\u00a0 e no Mestrado Profissional em Ensino de Hist\u00f3ria. \u00c9 coordenador do Stadium &#8211; \u00a0Grupo de Estudos de Hist\u00f3ria do Esporte e das Pr\u00e1ticas L\u00fadicas &#8211; e do LOUPPA &#8211; Laborat\u00f3rio de Observa\u00e7\u00e3o dos Usos [&hellip;]<\/p>\n","protected":false},"author":817,"featured_media":0,"parent":0,"menu_order":0,"comment_status":"closed","ping_status":"closed","template":"","meta":{"footnotes":""},"categories":[],"tags":[],"class_list":["post-1451","page","type-page","status-publish","hentry"],"acf":[],"_links":{"self":[{"href":"https:\/\/www.ufsm.br\/cursos\/pos-graduacao\/santa-maria\/ppgh\/wp-json\/wp\/v2\/pages\/1451","targetHints":{"allow":["GET"]}}],"collection":[{"href":"https:\/\/www.ufsm.br\/cursos\/pos-graduacao\/santa-maria\/ppgh\/wp-json\/wp\/v2\/pages"}],"about":[{"href":"https:\/\/www.ufsm.br\/cursos\/pos-graduacao\/santa-maria\/ppgh\/wp-json\/wp\/v2\/types\/page"}],"author":[{"embeddable":true,"href":"https:\/\/www.ufsm.br\/cursos\/pos-graduacao\/santa-maria\/ppgh\/wp-json\/wp\/v2\/users\/817"}],"replies":[{"embeddable":true,"href":"https:\/\/www.ufsm.br\/cursos\/pos-graduacao\/santa-maria\/ppgh\/wp-json\/wp\/v2\/comments?post=1451"}],"version-history":[{"count":0,"href":"https:\/\/www.ufsm.br\/cursos\/pos-graduacao\/santa-maria\/ppgh\/wp-json\/wp\/v2\/pages\/1451\/revisions"}],"wp:attachment":[{"href":"https:\/\/www.ufsm.br\/cursos\/pos-graduacao\/santa-maria\/ppgh\/wp-json\/wp\/v2\/media?parent=1451"}],"wp:term":[{"taxonomy":"category","embeddable":true,"href":"https:\/\/www.ufsm.br\/cursos\/pos-graduacao\/santa-maria\/ppgh\/wp-json\/wp\/v2\/categories?post=1451"},{"taxonomy":"post_tag","embeddable":true,"href":"https:\/\/www.ufsm.br\/cursos\/pos-graduacao\/santa-maria\/ppgh\/wp-json\/wp\/v2\/tags?post=1451"}],"curies":[{"name":"wp","href":"https:\/\/api.w.org\/{rel}","templated":true}]}}