{"id":1452,"date":"2020-09-01T18:37:24","date_gmt":"2020-09-01T21:37:24","guid":{"rendered":"https:\/\/www.ufsm.br\/cursos\/pos-graduacao\/santa-maria\/ppgh\/?page_id=1452"},"modified":"2022-08-05T09:06:40","modified_gmt":"2022-08-05T12:06:40","slug":"jorge-luiz-da-cunha","status":"publish","type":"page","link":"https:\/\/www.ufsm.br\/cursos\/pos-graduacao\/santa-maria\/ppgh\/docentes\/jorge-luiz-da-cunha","title":{"rendered":"Jorge Luiz da Cunha"},"content":{"rendered":"\t\t<div data-elementor-type=\"wp-page\" data-elementor-id=\"1452\" class=\"elementor elementor-1452\">\n\t\t\t\t\t\t<section class=\"elementor-section elementor-top-section elementor-element elementor-element-4e5ab6ff elementor-section-boxed elementor-section-height-default elementor-section-height-default\" data-id=\"4e5ab6ff\" data-element_type=\"section\">\n\t\t\t\t\t\t<div class=\"elementor-container elementor-column-gap-default\">\n\t\t\t\t\t<div class=\"elementor-column elementor-col-100 elementor-top-column elementor-element elementor-element-4b8033f1\" data-id=\"4b8033f1\" data-element_type=\"column\">\n\t\t\t<div class=\"elementor-widget-wrap elementor-element-populated\">\n\t\t\t\t\t\t<div class=\"elementor-element elementor-element-3f48df41 elementor-widget elementor-widget-text-editor\" data-id=\"3f48df41\" data-element_type=\"widget\" data-widget_type=\"text-editor.default\">\n\t\t\t\t<div class=\"elementor-widget-container\">\n\t\t\t\t\t\t\t<!-- wp:tadv\/classic-paragraph -->\n<p style=\"text-align: justify\"><img decoding=\"async\" class=\"alignleft  wp-image-796\" src=\"https:\/\/www.ufsm.br\/cursos\/pos-graduacao\/santa-maria\/ppgh\/wp-content\/uploads\/sites\/510\/2019\/03\/Jorge-Luiz-da-Cunha.jpg\" alt=\"\" width=\"144\" height=\"216\" \/>Professor Titular da Universidade Federal de Santa Maria, atuando no Departamento de Fundamentos da Educa\u00e7\u00e3o e nos Programas de\u00a0 P\u00f3s-Gradua\u00e7\u00e3o em Hist\u00f3ria, do Mestrado Profissional em Ensino de Hist\u00f3ria &#8211; ProfHist\u00f3ria \/UFSM e de P\u00f3s-Gradua\u00e7\u00e3o em Educa\u00e7\u00e3o. \u00c9 doutor em Hist\u00f3ria Medieval e Moderna Contempor\u00e2nea pela Universit\u00e4t Hamburg,\u00a0 Alemanha, mestre em Hist\u00f3ria pela Universidade Federal do Paran\u00e1 e graduado em Estudos Sociais (Hist\u00f3ria e Geografia e Educa\u00e7\u00e3o Moral) pelas Faculdades Integradas de Santa Cruz do Sul (atual UNISC). Desenvolveu pesquisa de p\u00f3s-doutorado junto a UNISINOS em 2019.<\/p>\n<p style=\"text-align: justify\">\u00c9 tamb\u00e9m membro do Comit\u00ea Hist\u00f3ria, Regi\u00e3o e Fronteira da <a href=\"http:\/\/grupomontevideo.org\/sitio\/\">Associa\u00e7\u00e3o das Universidades do Grupo Montevid\u00e9u-AUGM<\/a>. Desde dezembro de 2016 \u00e9 presidente da <a href=\"https:\/\/biograph.org.br\/\">Associa\u00e7\u00e3o Brasileira de Pesquisa (Auto)Biogr\u00e1fica, BIOGRAPH<\/a>.<span class=\"texto\">\u00a0<\/span><\/p>\n<p style=\"text-align: justify\">\u00a0<\/p>\n<p style=\"text-align: justify\"><strong>Contato<\/strong>\u00a0<a href=\"mailto:jlcunha@smail.ufsm.br\">jlcunha@smail.ufsm.br<\/a><\/p>\n<p style=\"text-align: justify\"><strong>CV Lattes \u00a0<a href=\"http:\/\/lattes.cnpq.br\/7227767555433465\"><img decoding=\"async\" class=\"\" src=\"http:\/\/coral.ufsm.br\/ppgh\/images\/ESTRUTURA_SITE\/lattes.png\" alt=\"lattes\" width=\"29\" height=\"35\" \/><\/a><\/strong><\/p>\n<p style=\"text-align: justify\">\u00a0<\/p>\n<p style=\"text-align: justify\"><strong>Linhas de pesquisa<\/strong><\/p>\n<p style=\"text-align: justify\"><a href=\"https:\/\/www.ufsm.br\/cursos\/pos-graduacao\/santa-maria\/ppgh\/linhas-de-pesquisa\/\">Cultura, Migra\u00e7\u00f5es e Trabalho<\/a><\/p>\n<p style=\"text-align: justify\"><a href=\"https:\/\/www.ufsm.br\/cursos\/pos-graduacao\/santa-maria\/ppgh\/linhas-de-pesquisa\/\">Mem\u00f3ria e Patrim\u00f4nio<\/a><\/p>\n<p style=\"text-align: justify\">\u00a0<\/p>\n<p style=\"text-align: justify\"><strong>Temas de pesquisa<\/strong><\/p>\n<p style=\"text-align: justify\">Migra\u00e7\u00f5es e deslocamentos<\/p>\n<p style=\"text-align: justify\">Culturas<\/p>\n<p style=\"text-align: justify\">Hist\u00f3ria da educa\u00e7\u00e3o e ensino de Hist\u00f3ria<\/p>\n<p style=\"text-align: justify\">Oralidades e biograficidades<\/p>\n<p style=\"text-align: justify\">Trabalho e educa\u00e7\u00e3o<\/p>\n<p style=\"text-align: justify\">Etnicidade, g\u00eanero e diversidade<\/p>\n<p style=\"text-align: justify\">\u00a0<\/p>\n<p style=\"text-align: justify\"><strong>Projetos ativos<\/strong><\/p>\n<p style=\"text-align: justify\"><a href=\"https:\/\/portal.ufsm.br\/projetos\/publico\/projetos\/view.html?idProjeto=58068\">Ind\u00edgenas, Quilombolas e Napalm: Uma Hist\u00f3ria da Guerrilha do Vale do Ribeira<\/a><\/p>\n<p style=\"text-align: justify\"><a href=\"https:\/\/portal.ufsm.br\/projetos\/publico\/projetos\/view.html?idProjeto=59622\">Regionalidades do Sul: Protagonismo Biogr\u00e1fico e Narrativas de Vida no Universo Acad\u00eamico<\/a><\/p>\n<p style=\"text-align: justify\"><a href=\"https:\/\/portal.ufsm.br\/projetos\/publico\/projetos\/view.html?idProjeto=63332\">Marielle Franco: a\u00e7\u00e3o, consci\u00eancia e transforma\u00e7\u00e3o<\/a><\/p>\n<p style=\"text-align: justify\">\u00a0<\/p>\n<p style=\"text-align: justify\"><strong>Principais trabalhos publicados<\/strong><\/p>\n<p style=\"text-align: justify\">1. CUNHA, Jorge Luiz da. Imigra\u00e7\u00e3o e identidade familiar. In: REINHEIMER, D. N.; RAMOS, E. C. L.; WITT, M. A. (Orgs.). Migra\u00e7\u00f5es: narrativas autobiogr\u00e1ficas, liter\u00e1rias e patrimoniais. .S\u00e3o Leopoldo: Oikos; Editora UNISINOS, 2020.<\/p>\n<p style=\"text-align: justify\">2.CUNHA, Jorge Luiz da. Educa\u00e7\u00e3o hist\u00f3rica e narrativas autobiogr\u00e1ficas. Educar em Revista, v. 35, p. 93-108, 2019.<\/p>\n<p style=\"text-align: justify\">3. CUNHA, Jorge Luiz da. Imigra\u00e7\u00e3o e identidade familiar. Revista Hist\u00f3ria: Debates e Tend\u00eancias, v. 2, p. 225-237, 2019.<\/p>\n<p style=\"text-align: justify\">4. CUNHA, Jorge Luiz da. Escrever hist\u00f3rias para convencer os outros: mem\u00f3rias, di\u00e1rios e cartas de imigrantes. REVISTA BRASILEIRA DE PESQUISA (AUTO)BIOGR\u00c1FICA, v. 3, p. 235-256, 2018.<\/p>\n<p style=\"text-align: justify\">5. CUNHA, Jorge Luiz da. Hist\u00f3ria da imigra\u00e7\u00e3o: Possibilidades e escrita. S\u00e3o Leopoldo: Oikos; Editora UNISINOS, 2013.<\/p>\n<!-- \/wp:tadv\/classic-paragraph -->\t\t\t\t\t\t<\/div>\n\t\t\t\t<\/div>\n\t\t\t\t\t<\/div>\n\t\t<\/div>\n\t\t\t\t\t<\/div>\n\t\t<\/section>\n\t\t\t\t<\/div>\n\t\t","protected":false},"excerpt":{"rendered":"<p>Professor Titular da Universidade Federal de Santa Maria, atuando no Departamento de Fundamentos da Educa\u00e7\u00e3o e nos Programas de\u00a0 P\u00f3s-Gradua\u00e7\u00e3o em Hist\u00f3ria, do Mestrado Profissional em Ensino de Hist\u00f3ria &#8211; ProfHist\u00f3ria \/UFSM e de P\u00f3s-Gradua\u00e7\u00e3o em Educa\u00e7\u00e3o. \u00c9 doutor em Hist\u00f3ria Medieval e Moderna Contempor\u00e2nea pela Universit\u00e4t Hamburg,\u00a0 Alemanha, mestre em Hist\u00f3ria pela Universidade Federal [&hellip;]<\/p>\n","protected":false},"author":817,"featured_media":0,"parent":786,"menu_order":0,"comment_status":"closed","ping_status":"closed","template":"","meta":{"footnotes":""},"categories":[],"tags":[],"class_list":["post-1452","page","type-page","status-publish","hentry"],"acf":[],"_links":{"self":[{"href":"https:\/\/www.ufsm.br\/cursos\/pos-graduacao\/santa-maria\/ppgh\/wp-json\/wp\/v2\/pages\/1452","targetHints":{"allow":["GET"]}}],"collection":[{"href":"https:\/\/www.ufsm.br\/cursos\/pos-graduacao\/santa-maria\/ppgh\/wp-json\/wp\/v2\/pages"}],"about":[{"href":"https:\/\/www.ufsm.br\/cursos\/pos-graduacao\/santa-maria\/ppgh\/wp-json\/wp\/v2\/types\/page"}],"author":[{"embeddable":true,"href":"https:\/\/www.ufsm.br\/cursos\/pos-graduacao\/santa-maria\/ppgh\/wp-json\/wp\/v2\/users\/817"}],"replies":[{"embeddable":true,"href":"https:\/\/www.ufsm.br\/cursos\/pos-graduacao\/santa-maria\/ppgh\/wp-json\/wp\/v2\/comments?post=1452"}],"version-history":[{"count":0,"href":"https:\/\/www.ufsm.br\/cursos\/pos-graduacao\/santa-maria\/ppgh\/wp-json\/wp\/v2\/pages\/1452\/revisions"}],"up":[{"embeddable":true,"href":"https:\/\/www.ufsm.br\/cursos\/pos-graduacao\/santa-maria\/ppgh\/wp-json\/wp\/v2\/pages\/786"}],"wp:attachment":[{"href":"https:\/\/www.ufsm.br\/cursos\/pos-graduacao\/santa-maria\/ppgh\/wp-json\/wp\/v2\/media?parent=1452"}],"wp:term":[{"taxonomy":"category","embeddable":true,"href":"https:\/\/www.ufsm.br\/cursos\/pos-graduacao\/santa-maria\/ppgh\/wp-json\/wp\/v2\/categories?post=1452"},{"taxonomy":"post_tag","embeddable":true,"href":"https:\/\/www.ufsm.br\/cursos\/pos-graduacao\/santa-maria\/ppgh\/wp-json\/wp\/v2\/tags?post=1452"}],"curies":[{"name":"wp","href":"https:\/\/api.w.org\/{rel}","templated":true}]}}