{"id":1464,"date":"2020-09-01T18:51:23","date_gmt":"2020-09-01T21:51:23","guid":{"rendered":"https:\/\/www.ufsm.br\/cursos\/pos-graduacao\/santa-maria\/ppgh\/?page_id=1464"},"modified":"2026-02-04T09:55:18","modified_gmt":"2026-02-04T12:55:18","slug":"mariana-flores-da-cunha-thompson-flores","status":"publish","type":"page","link":"https:\/\/www.ufsm.br\/cursos\/pos-graduacao\/santa-maria\/ppgh\/mariana-flores-da-cunha-thompson-flores","title":{"rendered":"Mariana Flores da Cunha Thompson Flores"},"content":{"rendered":"\t\t<div data-elementor-type=\"wp-page\" data-elementor-id=\"1464\" class=\"elementor elementor-1464\">\n\t\t\t\t\t\t<section class=\"elementor-section elementor-top-section elementor-element elementor-element-1350a5cd elementor-section-boxed elementor-section-height-default elementor-section-height-default\" data-id=\"1350a5cd\" data-element_type=\"section\">\n\t\t\t\t\t\t<div class=\"elementor-container elementor-column-gap-default\">\n\t\t\t\t\t<div class=\"elementor-column elementor-col-100 elementor-top-column elementor-element elementor-element-2050eb85\" data-id=\"2050eb85\" data-element_type=\"column\">\n\t\t\t<div class=\"elementor-widget-wrap elementor-element-populated\">\n\t\t\t\t\t\t<div class=\"elementor-element elementor-element-14c4c994 elementor-widget elementor-widget-text-editor\" data-id=\"14c4c994\" data-element_type=\"widget\" data-widget_type=\"text-editor.default\">\n\t\t\t\t<div class=\"elementor-widget-container\">\n\t\t\t\t\t\t\t<p style=\"text-align: justify\"><img fetchpriority=\"high\" decoding=\"async\" class=\"alignleft wp-image-801\" src=\"https:\/\/www.ufsm.br\/app\/uploads\/sites\/510\/2019\/03\/foto_mariana-300x300.jpeg\" alt=\"\" width=\"232\" height=\"232\" srcset=\"https:\/\/www.ufsm.br\/app\/uploads\/sites\/510\/2019\/03\/foto_mariana-300x300.jpeg 300w, https:\/\/www.ufsm.br\/app\/uploads\/sites\/510\/2019\/03\/foto_mariana-150x150.jpeg 150w, https:\/\/www.ufsm.br\/app\/uploads\/sites\/510\/2019\/03\/foto_mariana-768x768.jpeg 768w, https:\/\/www.ufsm.br\/app\/uploads\/sites\/510\/2019\/03\/foto_mariana.jpeg 960w\" sizes=\"(max-width: 232px) 100vw, 232px\" \/>Professora do Departamento de Hist\u00f3ria e do Programa de P\u00f3s-gradua\u00e7\u00e3o em Hist\u00f3ria da Universidade Federal de Santa Maria.<\/p>\n<p style=\"text-align: justify\">Sua forma\u00e7\u00e3o acad\u00eamica inclui doutorado em Hist\u00f3ria pela Pont\u00edfice Universidade Cat\u00f3lica, mestrado e gradua\u00e7\u00e3o em Hist\u00f3ria pela Universidade Federal do Rio Grande do Sul.<\/p>\n<p style=\"text-align: justify\">Atua nas \u00e1reas de Hist\u00f3ria Latino-Americana com \u00eanfase na regi\u00e3o da Bacia do Prata. Tem se dedicado a trabalhar com os\u00a0 temas da fronteira, do contrabando e da criminalidade no Brasil meridional do s\u00e9culo XIX.<\/p>\n<p style=\"text-align: justify\">\u00a0<\/p>\n<p style=\"text-align: justify\"><strong>Contato\u00a0<\/strong><span style=\", helvetica, arial, sans-serif;font-size: 13px\">mariana.thompson@ufsm,br<\/span><\/p>\n<p style=\"text-align: justify\"><strong>Lattes\u00a0 <a href=\"http:\/\/lattes.cnpq.br\/0741500213422724\"><img decoding=\"async\" class=\"\" src=\"http:\/\/coral.ufsm.br\/ppgh\/images\/ESTRUTURA_SITE\/lattes.png\" alt=\"lattes\" width=\"21\" height=\"25\" \/><\/a><\/strong>\u00a0 \u00a0 \u00a0 \u00a0 \u00a0 \u00a0 \u00a0 \u00a0 \u00a0 \u00a0 \u00a0 \u00a0 \u00a0 \u00a0 \u00a0 \u00a0\u00a0<\/p>\n<p style=\"text-align: justify\"><strong>ORCid\u00a0 <a href=\"https:\/\/orcid.org\/0000-0002-1520-3113\"><img decoding=\"async\" class=\"\" src=\"https:\/\/upload.wikimedia.org\/wikipedia\/commons\/thumb\/0\/06\/ORCID_iD.svg\/768px-ORCID_iD.svg.png\" alt=\"File:ORCID iD.svg - Wikimedia Commons\" width=\"23\" height=\"23\" \/><\/a><\/strong>\u00a0<\/p>\n<p style=\"text-align: justify\">\u00a0<\/p>\n<p style=\"text-align: justify\"><strong>Linhas de pesquisa<\/strong><\/p>\n<p style=\"text-align: justify\"><a href=\"https:\/\/www.ufsm.br\/cursos\/pos-graduacao\/santa-maria\/ppgh\/linhas-de-pesquisa\/\">Fronteira, pol\u00edtica e sociedade<\/a><\/p>\n<p><a href=\"https:\/\/www.ufsm.br\/cursos\/pos-graduacao\/santa-maria\/ppgh\/linhas-de-pesquisa\/\">Cultura, migra\u00e7\u00f5es e trabalho<\/a><\/p>\n<p>\u00a0<\/p>\n<p style=\"text-align: justify\">\u00a0<\/p>\n<p style=\"text-align: justify\"><strong>Temas de pesquisa<\/strong><\/p>\n<p style=\"text-align: justify\">Fronteira<\/p>\n<p style=\"text-align: justify\">Crime<\/p>\n<p style=\"text-align: justify\">Justi\u00e7a<\/p>\n<p style=\"text-align: justify\">Am\u00e9rica<\/p>\n<p style=\"text-align: justify\">Espa\u00e7o Platino<\/p>\n<p style=\"text-align: justify\">\u00a0<\/p>\n<p style=\"text-align: justify\"><strong>Projetos ativos<\/strong><\/p>\n<p style=\"text-align: justify\"><a href=\"https:\/\/portal.ufsm.br\/projetos\/publico\/projetos\/view.html?idProjeto=54789\">Hist\u00f3ria do crime, da viol\u00eancia e das pr\u00e1ticas de justi\u00e7a no continente americano no longo s\u00e9culo XIX<\/a><\/p>\n<p style=\"text-align: justify\">\u00a0<\/p>\n<p style=\"text-align: justify\"><strong>Principais trabalhos publicados<\/strong><\/p>\n<div dir=\"ltr\" style=\"text-align: justify\">1. THOMPSON FLORES, Mariana Flores da Cunha; REMEDI, Jos\u00e9 Martinho Rodrigues. Duelos impressos: a circula\u00e7\u00e3o de not\u00edcias sobre duelos na imprensa brasileira. Rio Grande do Sul e Rio de Janeiro, 1910-1930. ANUARIO COLOMBIANO DE HISTORIA SOCIAL Y DE LA CULTURA. v. 48, n.2, p. 209-240, 2021.<\/div>\n<div dir=\"ltr\" style=\"text-align: justify\">\u00a0<\/div>\n<div dir=\"ltr\" style=\"text-align: justify\">2. THOMPSON FLORES, Mariana Flores da Cunha. FISCALIDADE E COER\u00c7\u00c3O NA FRONTEIRA: a a\u00e7\u00e3o do Estado em territ\u00f3rio lim\u00edtrofe do Brasil meridional em meados do s\u00e9culo XIX. ALMANACK. n.27, p.1-51, 2021.<\/div>\n<div dir=\"ltr\" style=\"text-align: justify\">\u00a0<\/div>\n<div dir=\"ltr\" style=\"text-align: justify\">3. THOMPSON FLORES, Mariana Flores da Cunha; REMEDI, Jos\u00e9 Martinho Rodrigues. Territ\u00f3rio Neutro: soberanias justapostas e duelos de honra \u00e0s margens dos estados nacionais sul-americanos de meados do s\u00e9culo XIX \u00e0s primeiras d\u00e9cadas do s\u00e9culo XX. HIST\u00d3RIA (S\u00c3O PAULO), v. 38, p. 1-25, 2019.<\/div>\n<div dir=\"ltr\" style=\"text-align: justify\">\u00a0<\/div>\n<div dir=\"ltr\" style=\"text-align: justify\">4. THOMPSON FLORES, Mariana Flores da Cunha; \u00a0FONTELES NETO, F. L.; BRETAS, M. L. (Orgs.). Hist\u00f3ria do Banditismo no Brasil: novos espa\u00e7os, novas abordagens. Santa Maria: Ed. UFSM, 2019.<\/div>\n<div dir=\"ltr\" style=\"text-align: justify\">\u00a0<\/div>\n<div dir=\"ltr\" style=\"text-align: justify\">5. THOMPSON FLORES, Mariana Flores da Cunha. Crimes de fronteira. A criminalidade na fronteira meridional do Brasil (1845-1889). Porto Alegre: EdiPUCRS, 2014.<\/div>\n<p><!-- \/wp:tadv\/classic-paragraph --><\/p>\t\t\t\t\t\t<\/div>\n\t\t\t\t<\/div>\n\t\t\t\t\t<\/div>\n\t\t<\/div>\n\t\t\t\t\t<\/div>\n\t\t<\/section>\n\t\t\t\t<\/div>\n\t\t","protected":false},"excerpt":{"rendered":"<p>Professora do Departamento de Hist\u00f3ria e do Programa de P\u00f3s-gradua\u00e7\u00e3o em Hist\u00f3ria da Universidade Federal de Santa Maria. Sua forma\u00e7\u00e3o acad\u00eamica inclui doutorado em Hist\u00f3ria pela Pont\u00edfice Universidade Cat\u00f3lica, mestrado e gradua\u00e7\u00e3o em Hist\u00f3ria pela Universidade Federal do Rio Grande do Sul. Atua nas \u00e1reas de Hist\u00f3ria Latino-Americana com \u00eanfase na regi\u00e3o da Bacia do [&hellip;]<\/p>\n","protected":false},"author":817,"featured_media":0,"parent":0,"menu_order":0,"comment_status":"closed","ping_status":"closed","template":"","meta":{"footnotes":""},"categories":[],"tags":[],"class_list":["post-1464","page","type-page","status-publish","hentry"],"acf":[],"_links":{"self":[{"href":"https:\/\/www.ufsm.br\/cursos\/pos-graduacao\/santa-maria\/ppgh\/wp-json\/wp\/v2\/pages\/1464","targetHints":{"allow":["GET"]}}],"collection":[{"href":"https:\/\/www.ufsm.br\/cursos\/pos-graduacao\/santa-maria\/ppgh\/wp-json\/wp\/v2\/pages"}],"about":[{"href":"https:\/\/www.ufsm.br\/cursos\/pos-graduacao\/santa-maria\/ppgh\/wp-json\/wp\/v2\/types\/page"}],"author":[{"embeddable":true,"href":"https:\/\/www.ufsm.br\/cursos\/pos-graduacao\/santa-maria\/ppgh\/wp-json\/wp\/v2\/users\/817"}],"replies":[{"embeddable":true,"href":"https:\/\/www.ufsm.br\/cursos\/pos-graduacao\/santa-maria\/ppgh\/wp-json\/wp\/v2\/comments?post=1464"}],"version-history":[{"count":0,"href":"https:\/\/www.ufsm.br\/cursos\/pos-graduacao\/santa-maria\/ppgh\/wp-json\/wp\/v2\/pages\/1464\/revisions"}],"wp:attachment":[{"href":"https:\/\/www.ufsm.br\/cursos\/pos-graduacao\/santa-maria\/ppgh\/wp-json\/wp\/v2\/media?parent=1464"}],"wp:term":[{"taxonomy":"category","embeddable":true,"href":"https:\/\/www.ufsm.br\/cursos\/pos-graduacao\/santa-maria\/ppgh\/wp-json\/wp\/v2\/categories?post=1464"},{"taxonomy":"post_tag","embeddable":true,"href":"https:\/\/www.ufsm.br\/cursos\/pos-graduacao\/santa-maria\/ppgh\/wp-json\/wp\/v2\/tags?post=1464"}],"curies":[{"name":"wp","href":"https:\/\/api.w.org\/{rel}","templated":true}]}}