{"id":1465,"date":"2020-09-02T19:08:16","date_gmt":"2020-09-02T22:08:16","guid":{"rendered":"https:\/\/www.ufsm.br\/cursos\/pos-graduacao\/santa-maria\/ppgh\/?page_id=1465"},"modified":"2022-08-05T09:29:39","modified_gmt":"2022-08-05T12:29:39","slug":"marta-rosa-borin","status":"publish","type":"page","link":"https:\/\/www.ufsm.br\/cursos\/pos-graduacao\/santa-maria\/ppgh\/marta-rosa-borin","title":{"rendered":"Marta Rosa Borin"},"content":{"rendered":"\t\t<div data-elementor-type=\"wp-page\" data-elementor-id=\"1465\" class=\"elementor elementor-1465\">\n\t\t\t\t\t\t<section class=\"elementor-section elementor-top-section elementor-element elementor-element-22d5abfa elementor-section-boxed elementor-section-height-default elementor-section-height-default\" data-id=\"22d5abfa\" data-element_type=\"section\">\n\t\t\t\t\t\t<div class=\"elementor-container elementor-column-gap-default\">\n\t\t\t\t\t<div class=\"elementor-column elementor-col-100 elementor-top-column elementor-element elementor-element-4f35e869\" data-id=\"4f35e869\" data-element_type=\"column\">\n\t\t\t<div class=\"elementor-widget-wrap elementor-element-populated\">\n\t\t\t\t\t\t<div class=\"elementor-element elementor-element-619d151a elementor-widget elementor-widget-text-editor\" data-id=\"619d151a\" data-element_type=\"widget\" data-widget_type=\"text-editor.default\">\n\t\t\t\t<div class=\"elementor-widget-container\">\n\t\t\t\t\t\t\t<!-- wp:tadv\/classic-paragraph -->\n<p style=\"text-align: justify\"><img decoding=\"async\" class=\"alignleft  wp-image-1546\" src=\"https:\/\/www.ufsm.br\/cursos\/pos-graduacao\/santa-maria\/ppgh\/wp-content\/uploads\/sites\/510\/2020\/08\/Marta-Borin-212x300.jpg\" alt=\"\" width=\"181\" height=\"256\" srcset=\"https:\/\/www.ufsm.br\/app\/uploads\/sites\/510\/2020\/08\/Marta-Borin-212x300.jpg 212w, https:\/\/www.ufsm.br\/app\/uploads\/sites\/510\/2020\/08\/Marta-Borin.jpg 448w\" sizes=\"(max-width: 181px) 100vw, 181px\" \/>Professora Adjunta da Universidade Federal de Santa Maria, atuando no Departamento de Metodologia de Ensino, no Programa de P\u00f3s-Gradua\u00e7\u00e3o em Hist\u00f3ria, no Mestrado Profissional em Hist\u00f3ria (PROFHIST\u00d3RIA\/UFSM) e no Programa de P\u00f3s-Gradua\u00e7\u00e3o em Patrim\u00f4nio Cultural. Professora colaboradora do Mestrado em Arte, Patrim\u00f4nio e Museologia da Universidade Federal do Piau\u00ed.\u00a0<\/p>\n<p style=\"text-align: justify\">\u00c9 doutora em Estudos Latino-americanos pela Universidade do Vale do Sinos, mestre em Hist\u00f3ria Iberoamericana pela Pont\u00edfice Universidade Cat\u00f3lica do Rio Grande do Sul e graduada pela Faculdade de Filosofia Ci\u00eancias e Letras Imaculada Concei\u00e7\u00e3o.<\/p>\n<p style=\"text-align: justify\">Grupo de Trabalho Hist\u00f3ria das Religi\u00f5es e Religiosidades, (GTHRR\/RS), Se\u00e7\u00e3o Rio Grande do Sul da Associa\u00e7\u00e3o Nacional de Hist\u00f3ria (ANPUH-RS);\u00a0 Diret\u00f3rio de Pesquisa do Curso de Hist\u00f3ria, Universidade Federal de Santa Maria (UFSM\/CNPq), Grupo de Pesquisa Hist\u00f3ria Platina: sociedade, poder e institui\u00e7\u00f5es;\u00a0 Diret\u00f3rio de Pesquisa do N\u00facleo de Estudos de Mem\u00f3ria e Cultura (NEMEC\/PPGH) da Universidade de Passo Fundo;\u00a0 Grupo de Pesquisa Hist\u00f3ria: Religiosidade e Cultura (UFSC\/ CNPq); Grupo de Estudos sobre Religi\u00e3o e Evangeliza\u00e7\u00e3o (GERE), Universidade de Buenos Aires (FFL\/UBA).<\/p>\n<p style=\"text-align: justify\">Tem experi\u00eancia na \u00e1rea de Hist\u00f3ria, com \u00eanfase em Hist\u00f3ria Latino-Americana, atuando principalmente nos seguintes temas: institui\u00e7\u00f5es, religi\u00e3o, politica, poder, mem\u00f3ria e patrim\u00f4nio.<\/p>\n<p style=\"text-align: justify\">\u00a0<\/p>\n<p style=\"text-align: justify\"><strong>Contato<\/strong><a href=\"mailto:mrborin@gmail.com\"> mrborin@gmail.com<\/a><\/p>\n<p style=\"text-align: justify\"><strong>Lattes\u00a0 <a href=\"http:\/\/lattes.cnpq.br\/5887358764231724\"><img decoding=\"async\" class=\"\" src=\"http:\/\/coral.ufsm.br\/ppgh\/images\/ESTRUTURA_SITE\/lattes.png\" alt=\"lattes\" width=\"29\" height=\"35\" \/><\/a><\/strong><\/p>\n<p style=\"text-align: justify\">\u00a0<\/p>\n<p style=\"text-align: justify\"><strong>Linha de pesquisa<\/strong><\/p>\n<p style=\"text-align: justify\"><a href=\"https:\/\/www.ufsm.br\/cursos\/pos-graduacao\/santa-maria\/ppgh\/linhas-de-pesquisa\/\">Cultura, migra\u00e7\u00f5es e trabalho<\/a><\/p>\n<p style=\"text-align: justify\"><a href=\"https:\/\/www.ufsm.br\/cursos\/pos-graduacao\/santa-maria\/ppgh\/linhas-de-pesquisa\/\">Mem\u00f3ria e patrim\u00f4nio<\/a><\/p>\n<p style=\"text-align: justify\">\u00a0<\/p>\n<p style=\"text-align: justify\"><strong>Temas de pesquisa<\/strong><\/p>\n<p style=\"text-align: justify\">Patrim\u00f4nio Cultural<\/p>\n<p style=\"text-align: justify\">Imigra\u00e7\u00e3o<\/p>\n<p style=\"text-align: justify\">Religi\u00f5es e Religiosidades<\/p>\n<p style=\"text-align: justify\">\u00a0<\/p>\n<p style=\"text-align: justify\"><strong>Projetos ativos<\/strong><\/p>\n<p style=\"text-align: justify\"><a href=\"https:\/\/portal.ufsm.br\/projetos\/publico\/projetos\/view.html?idProjeto=60035\">Religi\u00e3o, pol\u00edtica e imigra\u00e7\u00e3o \u2013 Parte II<\/a><\/p>\n<p style=\"text-align: justify\"><a href=\"https:\/\/portal.ufsm.br\/projetos\/publico\/projetos\/view.html?idProjeto=66363\">Hist\u00f3ria, mem\u00f3ria, patrim\u00f4nio e invent\u00e1rio<\/a><\/p>\n<p style=\"text-align: justify\">\u00a0<\/p>\n<p style=\"text-align: justify\"><strong>Principais trabalhos publicados<\/strong><\/p>\n<p style=\"text-align: justify\">1.BORIN, Marta Rosa. EDUCA\u00c7\u00c3O PATRIMONIAL EM ESPA\u00c7OS N\u00c3O FORMAIS DE APRENDIZAGEM. ESTUDIOS HIST\u00d3RICOS (RIVERA), v. 1, p. 17-18, 2019.<\/p>\n<p style=\"text-align: justify\">2.BORIN, Marta Rosa; HENN, Paula Antonia. A imprensa cat\u00f3lica no Brasil como instrumento de aproxima\u00e7\u00e3o entre o Brasil e Roma durante a segunda guerra mundial. Revista Hist\u00f3ria em Reflex\u00e3o &#8211; Revista Eletr\u00f4nica, v. 11, p. 83-96, 2017.<\/p>\n<p style=\"text-align: justify\">3.BORIN, Marta Rosa. Devo\u00e7\u00f5es marianas: tens\u00f5es e conflitos no campo religioso sul rio-grandense (Brasil, 1950-1980).. Revista del CESLA, v. 1, p. 15-38, 2015.<\/p>\n<p style=\"text-align: justify\">4.BORIN, Marta Rosa.A &#8220;boa imprensa&#8221; e a &#8220;imprensa \u00edmpia&#8221;: embates entre agentes sociais cat\u00f3licos e esp\u00edritas no Rio Grande do Sul. In: Beatriz Teixeira Weber ; Gizele Zanotto. (Org.). Religi\u00f5es e Religiosidade no Rio Grande do sul: espiritismo e religi\u00f5es medi\u00fanicas. 1ed.S\u00e3o Paulo: ANPUH, 2013, v. 2, p. 103-120.<\/p>\n<p style=\"text-align: justify\">5.BORIN, Marta Rosa. A devo\u00e7\u00e3o a Nossa Senhora Medianeira e os C\u00edrculos Oper\u00e1rios. Revista de Estudios Transfronterizos &#8211; Si Somos Americanos (INTE\/ Chile), v. XI, p. 85-112, 2011.<\/p>\n<!-- \/wp:tadv\/classic-paragraph -->\t\t\t\t\t\t<\/div>\n\t\t\t\t<\/div>\n\t\t\t\t\t<\/div>\n\t\t<\/div>\n\t\t\t\t\t<\/div>\n\t\t<\/section>\n\t\t\t\t<\/div>\n\t\t","protected":false},"excerpt":{"rendered":"<p>Professora Adjunta da Universidade Federal de Santa Maria, atuando no Departamento de Metodologia de Ensino, no Programa de P\u00f3s-Gradua\u00e7\u00e3o em Hist\u00f3ria, no Mestrado Profissional em Hist\u00f3ria (PROFHIST\u00d3RIA\/UFSM) e no Programa de P\u00f3s-Gradua\u00e7\u00e3o em Patrim\u00f4nio Cultural. Professora colaboradora do Mestrado em Arte, Patrim\u00f4nio e Museologia da Universidade Federal do Piau\u00ed.\u00a0 \u00c9 doutora em Estudos Latino-americanos pela [&hellip;]<\/p>\n","protected":false},"author":817,"featured_media":0,"parent":0,"menu_order":0,"comment_status":"closed","ping_status":"closed","template":"","meta":{"footnotes":""},"categories":[],"tags":[],"class_list":["post-1465","page","type-page","status-publish","hentry"],"acf":[],"_links":{"self":[{"href":"https:\/\/www.ufsm.br\/cursos\/pos-graduacao\/santa-maria\/ppgh\/wp-json\/wp\/v2\/pages\/1465","targetHints":{"allow":["GET"]}}],"collection":[{"href":"https:\/\/www.ufsm.br\/cursos\/pos-graduacao\/santa-maria\/ppgh\/wp-json\/wp\/v2\/pages"}],"about":[{"href":"https:\/\/www.ufsm.br\/cursos\/pos-graduacao\/santa-maria\/ppgh\/wp-json\/wp\/v2\/types\/page"}],"author":[{"embeddable":true,"href":"https:\/\/www.ufsm.br\/cursos\/pos-graduacao\/santa-maria\/ppgh\/wp-json\/wp\/v2\/users\/817"}],"replies":[{"embeddable":true,"href":"https:\/\/www.ufsm.br\/cursos\/pos-graduacao\/santa-maria\/ppgh\/wp-json\/wp\/v2\/comments?post=1465"}],"version-history":[{"count":0,"href":"https:\/\/www.ufsm.br\/cursos\/pos-graduacao\/santa-maria\/ppgh\/wp-json\/wp\/v2\/pages\/1465\/revisions"}],"wp:attachment":[{"href":"https:\/\/www.ufsm.br\/cursos\/pos-graduacao\/santa-maria\/ppgh\/wp-json\/wp\/v2\/media?parent=1465"}],"wp:term":[{"taxonomy":"category","embeddable":true,"href":"https:\/\/www.ufsm.br\/cursos\/pos-graduacao\/santa-maria\/ppgh\/wp-json\/wp\/v2\/categories?post=1465"},{"taxonomy":"post_tag","embeddable":true,"href":"https:\/\/www.ufsm.br\/cursos\/pos-graduacao\/santa-maria\/ppgh\/wp-json\/wp\/v2\/tags?post=1465"}],"curies":[{"name":"wp","href":"https:\/\/api.w.org\/{rel}","templated":true}]}}