{"id":1476,"date":"2020-09-01T18:24:13","date_gmt":"2020-09-01T21:24:13","guid":{"rendered":"https:\/\/www.ufsm.br\/cursos\/pos-graduacao\/santa-maria\/ppgh\/?page_id=1476"},"modified":"2022-08-05T08:58:05","modified_gmt":"2022-08-05T11:58:05","slug":"beatriz-teixeira-weber","status":"publish","type":"page","link":"https:\/\/www.ufsm.br\/cursos\/pos-graduacao\/santa-maria\/ppgh\/docentes\/beatriz-teixeira-weber","title":{"rendered":"Beatriz Teixeira Weber"},"content":{"rendered":"\t\t<div data-elementor-type=\"wp-page\" data-elementor-id=\"1476\" class=\"elementor elementor-1476\">\n\t\t\t\t\t\t<section class=\"elementor-section elementor-top-section elementor-element elementor-element-38142927 elementor-section-boxed elementor-section-height-default elementor-section-height-default\" data-id=\"38142927\" data-element_type=\"section\">\n\t\t\t\t\t\t<div class=\"elementor-container elementor-column-gap-default\">\n\t\t\t\t\t<div class=\"elementor-column elementor-col-100 elementor-top-column elementor-element elementor-element-588928d6\" data-id=\"588928d6\" data-element_type=\"column\">\n\t\t\t<div class=\"elementor-widget-wrap elementor-element-populated\">\n\t\t\t\t\t\t<div class=\"elementor-element elementor-element-589f358f elementor-widget elementor-widget-text-editor\" data-id=\"589f358f\" data-element_type=\"widget\" data-widget_type=\"text-editor.default\">\n\t\t\t\t<div class=\"elementor-widget-container\">\n\t\t\t\t\t\t\t<!-- wp:tadv\/classic-paragraph -->\n<p style=\"text-align: justify\"><img fetchpriority=\"high\" decoding=\"async\" class=\"alignleft  wp-image-790\" src=\"https:\/\/www.ufsm.br\/cursos\/pos-graduacao\/santa-maria\/ppgh\/wp-content\/uploads\/sites\/510\/2019\/03\/0394-0001-0116-225x300.jpg\" alt=\"\" width=\"194\" height=\"259\" srcset=\"https:\/\/www.ufsm.br\/app\/uploads\/sites\/510\/2019\/03\/0394-0001-0116-225x300.jpg 225w, https:\/\/www.ufsm.br\/app\/uploads\/sites\/510\/2019\/03\/0394-0001-0116-768x1024.jpg 768w, https:\/\/www.ufsm.br\/app\/uploads\/sites\/510\/2019\/03\/0394-0001-0116.jpg 1350w\" sizes=\"(max-width: 194px) 100vw, 194px\" \/>Professora Titular volunt\u00e1ria junto ao Programa de P\u00f3s-gradua\u00e7\u00e3o em Hist\u00f3ria\u00a0 Universidade Federal de Santa Maria. Tem experi\u00eancia na \u00e1rea de Hist\u00f3ria, com \u00eanfase em Hist\u00f3ria do Brasil Rep\u00fablica, atuando principalmente nos seguintes temas: hist\u00f3ria e mem\u00f3ria, hist\u00f3ria e sa\u00fade, hist\u00f3ria da homeopatia, hist\u00f3ria da medicina e patrim\u00f4nio cultural da sa\u00fade.\u00a0<\/p>\n<p style=\"text-align: justify\">Doutorou-se em Hist\u00f3ria Social do Trabalho pela Unicamp, cursou mestrado em Hist\u00f3ria pela UFRGS e graduou-se em Hist\u00f3ria pela UFSM. Cursou est\u00e1gio p\u00f3s-doutoral em Hist\u00f3ria das Ci\u00eancias e da Sa\u00fade na Casa de Oswaldo Cruz\/FIOCRUZ.<\/p>\n<p style=\"text-align: justify\">\u00a0<\/p>\n<p style=\"text-align: justify\">\u00a0<\/p>\n<p style=\"text-align: justify\"><strong>Contato <a href=\"mailto:beatriztweber@gmail.com\">beatriztweber@gmail.com<\/a><\/strong><\/p>\n<p style=\"text-align: justify\"><strong>CV Lattes <a href=\"http:\/\/lattes.cnpq.br\/4212765481348270\"><img decoding=\"async\" class=\"\" src=\"http:\/\/buscatextual.cnpq.br\/buscatextual\/images\/v2\/icone_lattes.png\" width=\"29\" height=\"27\" \/><\/a><\/strong>\u00a0 \u00a0 \u00a0 \u00a0 \u00a0 \u00a0 \u00a0 \u00a0 \u00a0 \u00a0 \u00a0 \u00a0 \u00a0 \u00a0 \u00a0 \u00a0 \u00a0 \u00a0 \u00a0 \u00a0 \u00a0 \u00a0 \u00a0 \u00a0 \u00a0<\/p>\n<p style=\"text-align: justify\"><strong>ORCid<\/strong> <a href=\"https:\/\/orcid.org\/0000-0003-0775-9928\"><img decoding=\"async\" class=\"\" src=\"https:\/\/orcid.org\/sites\/default\/files\/images\/orcid_16x16.png\" alt=\"ORCID iD icon\" width=\"25\" height=\"25\" \/><\/a><\/p>\n<p style=\"text-align: justify\">\u00a0<\/p>\n<p style=\"text-align: justify\"><strong>Linha de pesquisa<\/strong><\/p>\n<p style=\"text-align: justify\"><a href=\"https:\/\/www.ufsm.br\/cursos\/pos-graduacao\/santa-maria\/ppgh\/linhas-de-pesquisa\/\">Cultura, migra\u00e7\u00f5es e trabalho<\/a><\/p>\n<p style=\"text-align: justify\">\u00a0<\/p>\n<p style=\"text-align: justify\"><strong>Temas de pesquisa<\/strong><\/p>\n<p style=\"text-align: justify\">Hist\u00f3ria da sa\u00fade e da medicina<\/p>\n<p style=\"text-align: justify\">Hist\u00f3ria cultural<\/p>\n<p style=\"text-align: justify\">Hist\u00f3ria da ci\u00eancia\u00a0<\/p>\n<p style=\"text-align: justify\">\u00a0<\/p>\n<p style=\"text-align: justify\"><strong>Projetos de pesquisa ativos<\/strong><\/p>\n<p style=\"text-align: justify\"><a href=\"https:\/\/portal.ufsm.br\/projetos\/publico\/projetos\/view.html?idProjeto=60128\">Espiritismo, Religi\u00e3o e Assist\u00eancia no Rio Grande do Sul na Primeira Metade do S\u00e9culo XX &#8211; etapa II.<\/a><\/p>\n<p style=\"text-align: justify\">\u00a0<\/p>\n<p style=\"text-align: justify\"><strong>Principais produ\u00e7\u00f5es:<\/strong><\/p>\n<p style=\"text-align: justify\">1.WEBER, Beatriz Teixeira. V\u00ednculos entre homeopatia e espiritismo no Rio Grande do Sul na passagem para o s\u00e9culo XX. Hist\u00f3ria, Ci\u00eancias, Sa\u00fade-Manguinhos, v. 26, p. 1299-1315, 2019.<\/p>\n<p style=\"text-align: justify\">2.WEBER, Beatriz Teixeira. As artes de curar. Santa Maria\/Bauru: Ed. da UFSM\/EDUSC, 1999.<\/p>\n<p style=\"text-align: justify\">3.WEBER, Beatriz Teixeira. Fragmentos de um Mundo Oculto: Pr\u00e1ticas de cura no sul do Brasil. In: Gilberto Hochman; Diego Armus. (Org.). Cuidar, controlar, curar. Ensaios hist\u00f3ricos sobre sa\u00fade e doen\u00e7a na Am\u00e9rica Latina e Caribe. 1ed.Rio de Janeiro: FIOCRUZ, 2004, v. 1, p. 157-215.<\/p>\n<p style=\"text-align: justify\">4.WEBER, Beatriz Teixeira. M\u00e9dicos e charlatanismo: uma hist\u00f3ria de profissionaliza\u00e7\u00e3o no Sul do Brasil. In: Mozart Linhares da Silva. (Org.). Hist\u00f3ria, Medicina e Sociedade no Brasil. 1ed.Santa Cruz do Sul: Editora da UNISC, 2003, v. , p. 95-128.<\/p>\n<p style=\"text-align: justify\">5.WEBER, Beatriz Teixeira; SABBI LINS, Dalvan Alberto. Rela\u00e7\u00f5es entre religi\u00e3o e ci\u00eancia no Rio Grande do Sul\/Brasil: a apometria como uma pr\u00e1tica de cura esp\u00edrita. ANUARIO COLOMBIANO DE HISTORIA SOCIAL Y DE LA CULTURA, v. 45, p. 245-266, 2018.<\/p>\n<p style=\"text-align: justify\">\u00a0<\/p>\n<!-- \/wp:tadv\/classic-paragraph -->\t\t\t\t\t\t<\/div>\n\t\t\t\t<\/div>\n\t\t\t\t\t<\/div>\n\t\t<\/div>\n\t\t\t\t\t<\/div>\n\t\t<\/section>\n\t\t\t\t<\/div>\n\t\t","protected":false},"excerpt":{"rendered":"<p>Professora Titular volunt\u00e1ria junto ao Programa de P\u00f3s-gradua\u00e7\u00e3o em Hist\u00f3ria\u00a0 Universidade Federal de Santa Maria. Tem experi\u00eancia na \u00e1rea de Hist\u00f3ria, com \u00eanfase em Hist\u00f3ria do Brasil Rep\u00fablica, atuando principalmente nos seguintes temas: hist\u00f3ria e mem\u00f3ria, hist\u00f3ria e sa\u00fade, hist\u00f3ria da homeopatia, hist\u00f3ria da medicina e patrim\u00f4nio cultural da sa\u00fade.\u00a0 Doutorou-se em Hist\u00f3ria Social do [&hellip;]<\/p>\n","protected":false},"author":817,"featured_media":0,"parent":786,"menu_order":0,"comment_status":"closed","ping_status":"closed","template":"","meta":{"footnotes":""},"categories":[],"tags":[],"class_list":["post-1476","page","type-page","status-publish","hentry"],"acf":[],"_links":{"self":[{"href":"https:\/\/www.ufsm.br\/cursos\/pos-graduacao\/santa-maria\/ppgh\/wp-json\/wp\/v2\/pages\/1476","targetHints":{"allow":["GET"]}}],"collection":[{"href":"https:\/\/www.ufsm.br\/cursos\/pos-graduacao\/santa-maria\/ppgh\/wp-json\/wp\/v2\/pages"}],"about":[{"href":"https:\/\/www.ufsm.br\/cursos\/pos-graduacao\/santa-maria\/ppgh\/wp-json\/wp\/v2\/types\/page"}],"author":[{"embeddable":true,"href":"https:\/\/www.ufsm.br\/cursos\/pos-graduacao\/santa-maria\/ppgh\/wp-json\/wp\/v2\/users\/817"}],"replies":[{"embeddable":true,"href":"https:\/\/www.ufsm.br\/cursos\/pos-graduacao\/santa-maria\/ppgh\/wp-json\/wp\/v2\/comments?post=1476"}],"version-history":[{"count":0,"href":"https:\/\/www.ufsm.br\/cursos\/pos-graduacao\/santa-maria\/ppgh\/wp-json\/wp\/v2\/pages\/1476\/revisions"}],"up":[{"embeddable":true,"href":"https:\/\/www.ufsm.br\/cursos\/pos-graduacao\/santa-maria\/ppgh\/wp-json\/wp\/v2\/pages\/786"}],"wp:attachment":[{"href":"https:\/\/www.ufsm.br\/cursos\/pos-graduacao\/santa-maria\/ppgh\/wp-json\/wp\/v2\/media?parent=1476"}],"wp:term":[{"taxonomy":"category","embeddable":true,"href":"https:\/\/www.ufsm.br\/cursos\/pos-graduacao\/santa-maria\/ppgh\/wp-json\/wp\/v2\/categories?post=1476"},{"taxonomy":"post_tag","embeddable":true,"href":"https:\/\/www.ufsm.br\/cursos\/pos-graduacao\/santa-maria\/ppgh\/wp-json\/wp\/v2\/tags?post=1476"}],"curies":[{"name":"wp","href":"https:\/\/api.w.org\/{rel}","templated":true}]}}