{"id":172,"date":"2019-01-21T10:27:51","date_gmt":"2019-01-21T12:27:51","guid":{"rendered":"https:\/\/www.ufsm.br\/cursos\/pos-graduacao\/santa-maria\/ppgh\/?page_id=172"},"modified":"2026-01-23T09:26:49","modified_gmt":"2026-01-23T12:26:49","slug":"comissao-de-bolsas","status":"publish","type":"page","link":"https:\/\/www.ufsm.br\/cursos\/pos-graduacao\/santa-maria\/ppgh\/comissao-de-bolsas","title":{"rendered":"Comiss\u00e3o de Bolsas"},"content":{"rendered":"\n<div class=\"item-page\">\n<p style=\"text-align: justify\">Conforme Art.17\u00ba, do Regulamento Interno do Mestrado, s\u00e3o atribui\u00e7\u00f5es da Comiss\u00e3o de bolsas:<br \/><br \/>I \u2013 propor os crit\u00e9rios para aloca\u00e7\u00e3o e corte de bolsas a serem homologados pelo colegiado do PPGH;<br \/>II \u2013 divulgar com anteced\u00eancia, junto ao corpo docente e discente, os crit\u00e9rios vigentes para aloca\u00e7\u00e3o de bolsas; e<br \/>III \u2013 avaliar o desempenho acad\u00eamico dos bolsistas e propor as concess\u00f5es e cortes de bolsas, baseados nos crit\u00e9rios estabelecidos de acordo com o inciso I.<br \/><br \/>A <a href=\"https:\/\/www.ufsm.br\/app\/uploads\/sites\/510\/2025\/07\/PORT_CCSH_2025_242-PPGH.pdf\">PORTARIA DE PESSOAL CCSH\/UFSM N. 242<\/a>, de 11 de julho de 2025, e sua apostila <a href=\"https:\/\/www.ufsm.br\/app\/uploads\/sites\/510\/2026\/01\/APOSTILA-A-PORTARIA-CCSH-UFSM-242.pdf\">APOSTILA \u00c0 PORTARIA CCSH-UFSM 242<\/a>, designa os seguintes membros da Comiss\u00e3o de bolsas do PPGH:\u00a0<\/p>\n<div>\u00a0<\/div>\n<\/div>\n<div><span style=\"text-decoration: underline\"><strong>Composi\u00e7\u00e3o da Comiss\u00e3o de Bolsas:<\/strong><\/span><\/div>\n<div>\u00a0<\/div>\n<div class=\"item-page\">\n<p>Prof. Dr. Guilherme Galhegos Felippe (presidente)<br \/><strong>Contato:<\/strong> <a class=\"notranslate\" href=\"mailto:guilherme.felippe@ufsm.br\">guilherme.felippe@ufsm.br<\/a><\/p>\n<p>Prof. Dr. Carlos Henrique Armani<\/p>\n<p><strong>Contato:<\/strong> <span id=\"m_-9202851683751472334gmail-cloak66228\"><a href=\"mailto:carlos.armani@gmail.com\" target=\"_blank\" rel=\"noopener\">carlos.armani@ufsm.br<\/a><\/span><\/p>\n<p>Prof. Dr. Jos\u00e9 Martinho Rodrigues Remedi<\/p>\n<p><strong>Contato: <\/strong><a href=\"mailto:jose.remedi@ufsm.br\">jose.remedi@ufsm.br<\/a><\/p>\n<p>Prof.\u00aa Dr.\u00aa Marta Rosa Borin<\/p>\n<p><strong>Contato: <\/strong><a href=\"mailto:marta.borin@ufsm.br\">marta.borin@ufsm.br<\/a><\/p>\n<p>Profa. Dr.\u00aa Mariana Flores da Cunha Thompson Flores<\/p>\n<p><strong>Contato: <\/strong><a href=\"mailto:mariana.thompson@ufsm.br\">mariana.thompson@ufsm.br<\/a><\/p>\n<p>\u00a0<\/p>\n<p>Acad\u00eamico Silvio Jos\u00e9 de Mello Neto \u2013 Representante discente do Mestrado<br \/><strong>Contato: <\/strong><a href=\"mailto:silviomellonetto1996@gmail.com\">silviomellonetto1996@gmail.com<\/a><\/p>\n<p>Acad\u00eamica Al\u00edcia Quinhones Medeiros \u2013 Representante discente do Doutorado<br \/><strong>Contato: <\/strong><a href=\"mailto:aliciaquinhones@gmail.com\">aliciaquinhones@gmail.com<\/a><\/p>\n<\/div>\n<div class=\"item-page\">\n<p>\u00a0<\/p>\n<\/div>\n","protected":false},"excerpt":{"rendered":"<p>Conforme Art.17\u00ba, do Regulamento Interno do Mestrado, s\u00e3o atribui\u00e7\u00f5es da Comiss\u00e3o de bolsas: I \u2013 propor os crit\u00e9rios para aloca\u00e7\u00e3o e corte de bolsas a serem homologados pelo colegiado do PPGH;II \u2013 divulgar com anteced\u00eancia, junto ao corpo docente e discente, os crit\u00e9rios vigentes para aloca\u00e7\u00e3o de bolsas; eIII \u2013 avaliar o desempenho acad\u00eamico dos [&hellip;]<\/p>\n","protected":false},"author":115,"featured_media":0,"parent":0,"menu_order":0,"comment_status":"closed","ping_status":"closed","template":"","meta":{"footnotes":""},"categories":[],"tags":[],"class_list":["post-172","page","type-page","status-publish","hentry"],"acf":[],"_links":{"self":[{"href":"https:\/\/www.ufsm.br\/cursos\/pos-graduacao\/santa-maria\/ppgh\/wp-json\/wp\/v2\/pages\/172","targetHints":{"allow":["GET"]}}],"collection":[{"href":"https:\/\/www.ufsm.br\/cursos\/pos-graduacao\/santa-maria\/ppgh\/wp-json\/wp\/v2\/pages"}],"about":[{"href":"https:\/\/www.ufsm.br\/cursos\/pos-graduacao\/santa-maria\/ppgh\/wp-json\/wp\/v2\/types\/page"}],"author":[{"embeddable":true,"href":"https:\/\/www.ufsm.br\/cursos\/pos-graduacao\/santa-maria\/ppgh\/wp-json\/wp\/v2\/users\/115"}],"replies":[{"embeddable":true,"href":"https:\/\/www.ufsm.br\/cursos\/pos-graduacao\/santa-maria\/ppgh\/wp-json\/wp\/v2\/comments?post=172"}],"version-history":[{"count":0,"href":"https:\/\/www.ufsm.br\/cursos\/pos-graduacao\/santa-maria\/ppgh\/wp-json\/wp\/v2\/pages\/172\/revisions"}],"wp:attachment":[{"href":"https:\/\/www.ufsm.br\/cursos\/pos-graduacao\/santa-maria\/ppgh\/wp-json\/wp\/v2\/media?parent=172"}],"wp:term":[{"taxonomy":"category","embeddable":true,"href":"https:\/\/www.ufsm.br\/cursos\/pos-graduacao\/santa-maria\/ppgh\/wp-json\/wp\/v2\/categories?post=172"},{"taxonomy":"post_tag","embeddable":true,"href":"https:\/\/www.ufsm.br\/cursos\/pos-graduacao\/santa-maria\/ppgh\/wp-json\/wp\/v2\/tags?post=172"}],"curies":[{"name":"wp","href":"https:\/\/api.w.org\/{rel}","templated":true}]}}