{"id":2293,"date":"2023-09-26T15:41:39","date_gmt":"2023-09-26T18:41:39","guid":{"rendered":"https:\/\/www.ufsm.br\/cursos\/pos-graduacao\/santa-maria\/ppgh\/?page_id=2293"},"modified":"2026-01-06T11:17:22","modified_gmt":"2026-01-06T14:17:22","slug":"colegiado","status":"publish","type":"page","link":"https:\/\/www.ufsm.br\/cursos\/pos-graduacao\/santa-maria\/ppgh\/colegiado","title":{"rendered":"Colegiado"},"content":{"rendered":"\t\t<div data-elementor-type=\"wp-page\" data-elementor-id=\"2293\" class=\"elementor elementor-2293\">\n\t\t\t\t\t\t<section class=\"elementor-section elementor-top-section elementor-element elementor-element-5d806f42 elementor-section-boxed elementor-section-height-default elementor-section-height-default\" data-id=\"5d806f42\" data-element_type=\"section\">\n\t\t\t\t\t\t<div class=\"elementor-container elementor-column-gap-default\">\n\t\t\t\t\t<div class=\"elementor-column elementor-col-100 elementor-top-column elementor-element elementor-element-55d076f5\" data-id=\"55d076f5\" data-element_type=\"column\">\n\t\t\t<div class=\"elementor-widget-wrap elementor-element-populated\">\n\t\t\t\t\t\t<div class=\"elementor-element elementor-element-76d8e780 elementor-widget elementor-widget-text-editor\" data-id=\"76d8e780\" data-element_type=\"widget\" data-widget_type=\"text-editor.default\">\n\t\t\t\t<div class=\"elementor-widget-container\">\n\t\t\t\t\t\t\t<p>Designado pela <a href=\"https:\/\/portal.ufsm.br\/documentos\/publico\/documento.html?id=15474359\">PORTARIA DE PESSOAL CCSH\/UFSM N. 213\/2025&nbsp;&nbsp;<\/a> e sua apostila <a href=\"https:\/\/www.ufsm.br\/app\/uploads\/sites\/510\/2026\/01\/APOST_CCSH_2025_213.pdf\">APOST_CCSH_2025_213<\/a><\/p>\n<p>Prof. Guilherme Galhegos Felippe \u2013 presidente<br>Prof\u00aa Mariana Flores da Cunha Thompson Flores \u2013 coordenadora substituta<br>Prof. Adriano Comissoli<br>Prof. Carlos Henrique Armani<br>Prof. Diorge Alceno Konrad<br>Prof. Francisco de Paula Souza Mendon\u00e7a J\u00fanior<br>Prof\u00aa Glaucia Vieira Ramos Konrad<br>Prof. G\u00fcnther Richter Mros<br>Prof. Jo\u00e3o Manuel Casquinha Malaia<br>Prof. Jos\u00e9 Martinho Rodrigues Remedi<br>Prof. Luis Augusto Ebling Farinatti<br>Prof\u00aa Maria Medianeira Padoin<br>Prof\u00aa Marta Rosa Borin<br>Acad. Aislan Soares Vi\u00e7osa &#8211; representante discente do mestrado<br>Acad. Vit\u00f3ria Miron Husein &#8211; representante discente suplente do mestrado<br>Acad. Shirley Nara Moreira de Souza &#8211; Representante discente do doutorado<br>Acad. Jo\u00e3o Vitor Sausen &#8211; representante discente suplente do doutorado<\/p>\t\t\t\t\t\t<\/div>\n\t\t\t\t<\/div>\n\t\t\t\t\t<\/div>\n\t\t<\/div>\n\t\t\t\t\t<\/div>\n\t\t<\/section>\n\t\t\t\t<\/div>\n\t\t","protected":false},"excerpt":{"rendered":"<p>Designado pela PORTARIA DE PESSOAL CCSH\/UFSM N. 213\/2025&nbsp;&nbsp; e sua apostila APOST_CCSH_2025_213 Prof. Guilherme Galhegos Felippe \u2013 presidenteProf\u00aa Mariana Flores da Cunha Thompson Flores \u2013 coordenadora substitutaProf. Adriano ComissoliProf. Carlos Henrique ArmaniProf. Diorge Alceno KonradProf. Francisco de Paula Souza Mendon\u00e7a J\u00faniorProf\u00aa Glaucia Vieira Ramos KonradProf. G\u00fcnther Richter MrosProf. Jo\u00e3o Manuel Casquinha MalaiaProf. Jos\u00e9 Martinho Rodrigues [&hellip;]<\/p>\n","protected":false},"author":905,"featured_media":0,"parent":0,"menu_order":0,"comment_status":"closed","ping_status":"closed","template":"","meta":{"footnotes":""},"categories":[9],"tags":[],"class_list":["post-2293","page","type-page","status-publish","hentry","category-destaques"],"acf":[],"_links":{"self":[{"href":"https:\/\/www.ufsm.br\/cursos\/pos-graduacao\/santa-maria\/ppgh\/wp-json\/wp\/v2\/pages\/2293","targetHints":{"allow":["GET"]}}],"collection":[{"href":"https:\/\/www.ufsm.br\/cursos\/pos-graduacao\/santa-maria\/ppgh\/wp-json\/wp\/v2\/pages"}],"about":[{"href":"https:\/\/www.ufsm.br\/cursos\/pos-graduacao\/santa-maria\/ppgh\/wp-json\/wp\/v2\/types\/page"}],"author":[{"embeddable":true,"href":"https:\/\/www.ufsm.br\/cursos\/pos-graduacao\/santa-maria\/ppgh\/wp-json\/wp\/v2\/users\/905"}],"replies":[{"embeddable":true,"href":"https:\/\/www.ufsm.br\/cursos\/pos-graduacao\/santa-maria\/ppgh\/wp-json\/wp\/v2\/comments?post=2293"}],"version-history":[{"count":0,"href":"https:\/\/www.ufsm.br\/cursos\/pos-graduacao\/santa-maria\/ppgh\/wp-json\/wp\/v2\/pages\/2293\/revisions"}],"wp:attachment":[{"href":"https:\/\/www.ufsm.br\/cursos\/pos-graduacao\/santa-maria\/ppgh\/wp-json\/wp\/v2\/media?parent=2293"}],"wp:term":[{"taxonomy":"category","embeddable":true,"href":"https:\/\/www.ufsm.br\/cursos\/pos-graduacao\/santa-maria\/ppgh\/wp-json\/wp\/v2\/categories?post=2293"},{"taxonomy":"post_tag","embeddable":true,"href":"https:\/\/www.ufsm.br\/cursos\/pos-graduacao\/santa-maria\/ppgh\/wp-json\/wp\/v2\/tags?post=2293"}],"curies":[{"name":"wp","href":"https:\/\/api.w.org\/{rel}","templated":true}]}}