{"id":2296,"date":"2023-09-26T15:59:03","date_gmt":"2023-09-26T18:59:03","guid":{"rendered":"https:\/\/www.ufsm.br\/cursos\/pos-graduacao\/santa-maria\/ppgh\/?page_id=2296"},"modified":"2025-09-15T16:02:30","modified_gmt":"2025-09-15T19:02:30","slug":"comissao-de-selecao","status":"publish","type":"page","link":"https:\/\/www.ufsm.br\/cursos\/pos-graduacao\/santa-maria\/ppgh\/comissao-de-selecao","title":{"rendered":"Comiss\u00e3o de Sele\u00e7\u00e3o"},"content":{"rendered":"<p>\u00a0<\/p>\n<p><strong>2025 (ingresso 2026\/1)<\/strong><\/p>\n<p><strong>Doutorado<\/strong><\/p>\n<ul>\n<li>Prof. Adriano Diniz Comissoli &#8211; Presidente;<\/li>\n<li>Prof. Francisco de Paula Souza de Mendon\u00e7a J\u00fanior;<\/li>\n<li>Prof. Jo\u00e3o Manuel Casquinha Malaia Santos;<\/li>\n<li>Prof. Diorge Alceno Konrad &#8211; Suplente.<\/li>\n<\/ul>\n<p>Base legal: <a href=\"https:\/\/www.ufsm.br\/app\/uploads\/sites\/510\/2025\/09\/PORT_CCSH_2025_333.pdf\">PORT_CCSH\/UFSM_2025_333<\/a><\/p>\n<p><strong>Mestrado<\/strong><\/p>\n<ul>\n<li>Prof. Guilherme Galhegos Feliooe &#8211; Presidente;<\/li>\n<li>Profa. Glaucia Vieira Ramos Konrad;<\/li>\n<li>Prof. Jos\u00e9 Martinho Rodrigues Remedi;<\/li>\n<li>Profa. Maria Medianeira Padoin &#8211; Suplente.<\/li>\n<\/ul>\n<p>Base legal: <a href=\"https:\/\/www.ufsm.br\/app\/uploads\/sites\/510\/2025\/09\/PORTARIA-DE-PESSOAL-CCSH-UFSM-N.-332-2025.pdf\">PORT CCSH\/UFSM N. 332-2025<\/a><\/p>\n<p>\u00a0<\/p>\n<p>\u00a0<\/p>\n<p><strong>2024 (ingresso 2025\/1)<\/strong><\/p>\n<p>Base legal: <a href=\"https:\/\/portal.ufsm.br\/documentos\/publico\/documento.html?id=15179109\">PORTARIA DE PESSOAL CCSH\/UFSM N. 219\/2024<\/a><\/p>\n<p><strong>Doutorado<\/strong><\/p>\n<ul>\n<li>Prof. Carlos Henrique Armani &#8211; Presidente;<\/li>\n<li>Prof. Francisco de Paula Souza de Mendon\u00e7a J\u00fanior;<\/li>\n<li>Profa. Mariana Flores da Cunha Thompson Flores;<\/li>\n<li>Profa. Glaucia Vieira Ramos Konrad &#8211; Suplente.<\/li>\n<\/ul>\n<p><strong>Mestrado<\/strong><\/p>\n<ul>\n<li>Prof. Adriano Comissoli &#8211; Presidente;<\/li>\n<li>Prof. Guilherme Galhegos Felippe;<\/li>\n<li>Prof. Luis Augusto Ebling Farinatti;<\/li>\n<li>Profa. Maria Medianeira Padoin &#8211; Suplente.<\/li>\n<\/ul>\n\n\n<p><strong>2023 (ingresso 2024\/1)<\/strong><\/p>\n<p><strong>Doutorado<\/strong><\/p>\n<ul>\n<li>Prof. Diorge Alceno Konrad \u2013 Presidente;<\/li>\n<li>Prof. Luis Augusto Ebling Farinatti;<\/li>\n<li>Profa. Maria Medianeira Padoin;<\/li>\n<li>Profa. Sem\u00edramis Corsi Silva \u2013 suplente.<\/li>\n<\/ul>\n<p>Base legal: Portaria CCSH n\u00ba <strong><a href=\"https:\/\/www.ufsm.br\/app\/uploads\/sites\/510\/2023\/09\/PORT_CCSH_2023_292.pdf\">PORT_CCSH_2023_292<\/a><\/strong><\/p>\n<p>\u00a0<\/p>\n<p><strong>Mestrado<\/strong><\/p>\n<ul>\n<li>Prof. Jo\u00e3o Manuel Casquinha Malaia Santos &#8211; Presidente;<\/li>\n<li>Profa; Mariana Flores da Cunha Thompson Flores;<\/li>\n<li>Profa; Marta Rosa Borin;<\/li>\n<li>Prof. Jorge Luiz da Cunha \u2013 suplente.<\/li>\n<\/ul>\n<p>Base legal: Portaria CCSH n\u00ba<strong> <a href=\"https:\/\/www.ufsm.br\/app\/uploads\/sites\/510\/2023\/09\/PORT_CCSH_2023_295.pdf\">PORT_CCSH_2023_295<\/a>, <a href=\"https:\/\/www.ufsm.br\/app\/uploads\/sites\/510\/2023\/11\/APOSTILA-PORT_CCSH_2023_295.pdf\">APOSTILA PORT_CCSH_2023_295<\/a><\/strong><\/p>\n<p>\u00a0<\/p>\n","protected":false},"excerpt":{"rendered":"<p>\u00a0 2025 (ingresso 2026\/1) Doutorado Prof. Adriano Diniz Comissoli &#8211; Presidente; Prof. Francisco de Paula Souza de Mendon\u00e7a J\u00fanior; Prof. Jo\u00e3o Manuel Casquinha Malaia Santos; Prof. Diorge Alceno Konrad &#8211; Suplente. Base legal: PORT_CCSH\/UFSM_2025_333 Mestrado Prof. Guilherme Galhegos Feliooe &#8211; Presidente; Profa. Glaucia Vieira Ramos Konrad; Prof. Jos\u00e9 Martinho Rodrigues Remedi; Profa. Maria Medianeira Padoin [&hellip;]<\/p>\n","protected":false},"author":905,"featured_media":0,"parent":0,"menu_order":0,"comment_status":"closed","ping_status":"closed","template":"","meta":{"footnotes":""},"categories":[],"tags":[],"class_list":["post-2296","page","type-page","status-publish","hentry"],"acf":[],"_links":{"self":[{"href":"https:\/\/www.ufsm.br\/cursos\/pos-graduacao\/santa-maria\/ppgh\/wp-json\/wp\/v2\/pages\/2296","targetHints":{"allow":["GET"]}}],"collection":[{"href":"https:\/\/www.ufsm.br\/cursos\/pos-graduacao\/santa-maria\/ppgh\/wp-json\/wp\/v2\/pages"}],"about":[{"href":"https:\/\/www.ufsm.br\/cursos\/pos-graduacao\/santa-maria\/ppgh\/wp-json\/wp\/v2\/types\/page"}],"author":[{"embeddable":true,"href":"https:\/\/www.ufsm.br\/cursos\/pos-graduacao\/santa-maria\/ppgh\/wp-json\/wp\/v2\/users\/905"}],"replies":[{"embeddable":true,"href":"https:\/\/www.ufsm.br\/cursos\/pos-graduacao\/santa-maria\/ppgh\/wp-json\/wp\/v2\/comments?post=2296"}],"version-history":[{"count":0,"href":"https:\/\/www.ufsm.br\/cursos\/pos-graduacao\/santa-maria\/ppgh\/wp-json\/wp\/v2\/pages\/2296\/revisions"}],"wp:attachment":[{"href":"https:\/\/www.ufsm.br\/cursos\/pos-graduacao\/santa-maria\/ppgh\/wp-json\/wp\/v2\/media?parent=2296"}],"wp:term":[{"taxonomy":"category","embeddable":true,"href":"https:\/\/www.ufsm.br\/cursos\/pos-graduacao\/santa-maria\/ppgh\/wp-json\/wp\/v2\/categories?post=2296"},{"taxonomy":"post_tag","embeddable":true,"href":"https:\/\/www.ufsm.br\/cursos\/pos-graduacao\/santa-maria\/ppgh\/wp-json\/wp\/v2\/tags?post=2296"}],"curies":[{"name":"wp","href":"https:\/\/api.w.org\/{rel}","templated":true}]}}