{"id":2526,"date":"2024-07-29T12:47:43","date_gmt":"2024-07-29T15:47:43","guid":{"rendered":"https:\/\/www.ufsm.br\/cursos\/pos-graduacao\/santa-maria\/ppgh\/?page_id=2526"},"modified":"2024-10-07T09:21:21","modified_gmt":"2024-10-07T12:21:21","slug":"cooperacao-interinstitucional","status":"publish","type":"page","link":"https:\/\/www.ufsm.br\/cursos\/pos-graduacao\/santa-maria\/ppgh\/cooperacao-interinstitucional","title":{"rendered":"Coopera\u00e7\u00e3o Interinstitucional"},"content":{"rendered":"\n<p>Em Edi\u00e7\u00e3o<\/p>\n<table style=\"width: 100%;border-collapse: collapse;border-style: solid;border-color: #170202;height: 1979px\">\n<tbody>\n<tr style=\"height: 168px\">\n<td style=\"width: 100%;border-style: solid;border-color: #120101;background-color: #78aef0;height: 168px\" colspan=\"2\"><img decoding=\"async\" class=\"wp-image-2580 size-thumbnail alignleft\" src=\"https:\/\/www.ufsm.br\/app\/uploads\/sites\/510\/2024\/09\/PPGH-Fundo-Transparente-150x150.png\" alt=\"\" width=\"150\" height=\"150\" srcset=\"https:\/\/www.ufsm.br\/app\/uploads\/sites\/510\/2024\/09\/PPGH-Fundo-Transparente-150x150.png 150w, https:\/\/www.ufsm.br\/app\/uploads\/sites\/510\/2024\/09\/PPGH-Fundo-Transparente-300x300.png 300w, https:\/\/www.ufsm.br\/app\/uploads\/sites\/510\/2024\/09\/PPGH-Fundo-Transparente.png 500w\" sizes=\"(max-width: 150px) 100vw, 150px\" \/><br \/>\n<h1 style=\"text-align: center\"><strong>Coopera\u00e7\u00e3o Institucional \u2013 PPGH\/UFSM<\/strong><\/h1>\n<\/td>\n<\/tr>\n<tr style=\"height: 100px\">\n<td style=\"width: 100%;border-style: solid;border-color: #120101;text-align: justify;height: 100px\" colspan=\"2\">\n<p>\u00a0 \u00a0 \u00a0 \u00a0 O Programa de P\u00f3s-Gradua\u00e7\u00e3o em Hist\u00f3ria da UFSM possui diversos conv\u00eanios, programas, projetos de coopera\u00e7\u00e3o, interc\u00e2mbio e parceria nacional\/internacional (comp\u00f5e a internacionaliza\u00e7\u00e3o do Programa) que vem contribuindo para o desenvolvimento das atividades de ensino, pesquisa\u00a0 e extens\u00e3o do PPGH.<\/p>\n<\/td>\n<\/tr>\n<tr style=\"height: 79px\">\n<td style=\"width: 100%;border-style: solid;border-color: #120101;height: 79px;background-color: #c94444\" colspan=\"2\">\n<h2 style=\"text-align: center\">Coopera\u00e7\u00e3o Institucional\u00a0<\/h2>\n<\/td>\n<\/tr>\n<tr style=\"height: 23px\">\n<td style=\"width: 21.4524%;border-style: solid;border-color: #120101;height: 23px;text-align: center\">\n<h2>UFSM<\/h2>\n<\/td>\n<td style=\"width: 78.5476%;border-style: solid;border-color: #120101;height: 23px\">\n<ul>\n<li>Grupo de pesquisa CNPq\/UFSM \u2013 Hist\u00f3ria Platina: sociedade, poder e institui\u00e7\u00f5es \u2013 coordenador pela Profa. Maria Medianeira Padoin.\u00a0Acesso\u00a0<a href=\"https:\/\/www.ufsm.br\/grupos\/historiaplatina\/linhas-de-pesquisa\">aqui<\/a>\u00a0\u2013 Facebook do Grupo acesso\u00a0<a href=\"https:\/\/www.facebook.com\/historiaplatina\/\">aqui<\/a><\/li>\n<\/ul>\n<\/td>\n<\/tr>\n<tr style=\"height: 156px\">\n<td style=\"width: 21.4524%;border-style: solid;border-color: #080101;background-color: #f5e1e1;height: 156px\">\n<h2 style=\"text-align: center\">PPGPC<\/h2>\n<\/td>\n<td style=\"width: 78.5476%;border-style: solid;border-color: #080101;background-color: #f5e1e1;height: 156px\">\n<ul>\n<li style=\"list-style-type: none\">\n<ul>\n<li style=\"text-align: justify\">Prof. J\u00falio Ricardo Quevedo dos Santos organizou o I Semin\u00e1rio Internacional de Hist\u00f3ria, Educa\u00e7\u00e3o e Turismo da Regi\u00e3o das Miss\u00f5es, evento de inser\u00e7\u00e3o social, acad\u00eamica, aliando ensino, pesquisa e extens\u00e3o, promovido pelos PPG em Hist\u00f3ria (mestrado e doutorado acad\u00eamicos) e Patrim\u00f4nio Cultural (mestrado profissional) da Universidade Federal de Santa Maria, com divulga\u00e7\u00e3o das pesquisas vinculadas aos Grupos de Pesquisa do CNPq Jesu\u00edtas na Am\u00e9rica e Hist\u00f3ria Platina: Sociedade, Poder e Institui\u00e7\u00f5es.<\/li>\n<\/ul>\n<\/li>\n<\/ul>\n<\/td>\n<\/tr>\n<tr style=\"height: 79px\">\n<td style=\"width: 100%;border-style: solid;border-color: #120101;height: 79px;background-color: #f59a07\" colspan=\"2\">\n<h2 style=\"text-align: center\">Institui\u00e7\u00f5es Nacionais<\/h2>\n<\/td>\n<\/tr>\n<tr style=\"height: 23px\">\n<td style=\"width: 21.4524%;border-style: solid;border-color: #120101;height: 23px\">\n<h2 style=\"text-align: center\">USP<\/h2>\n<\/td>\n<td style=\"width: 78.5476%;border-style: solid;border-color: #120101;height: 23px\">\n<ul>\n<li>\u00a0Prof. CARLOS HENRIQUE ARMANI do PPGH\/UFSM &#8211; esteve\u00a0 AFASTAMENTO A SERVI\u00c7O DO PPG de 21\/09\/2022 \u00e0 24\/02\/2023 &#8211; na UNIVERSIDADE DE S\u00c3O PAULO<\/li>\n<\/ul>\n<\/td>\n<\/tr>\n<tr style=\"height: 23px\">\n<td style=\"width: 21.4524%;height: 23px;text-align: center;border-style: solid;border-color: #0a0202;background-color: #f5e4e4\">\n<h2>UFRGS<\/h2>\n<\/td>\n<td style=\"width: 78.5476%;height: 23px;border-style: solid;border-color: #0a0202;background-color: #f5e4e4\">\n<ul>\n<li style=\"text-align: justify\">PROJETO CAPES\/MERCOSUL \u2013 REDES INTELECTUAIS E ESPA\u00c7OS DE FRONTEIRA: ULTRAPASSANDO O \u00c2MBITO DO ESTADO NA\u00c7\u00c3O. O PPGH\/UFSM participa como PPGH associado a UFRGS, que coordena este projeto, em que tamb\u00e9m participam como associada a Universidade Nacional de Mar del Plata e, como representantes de seus pa\u00edses a Universidade de Cuyo, na Argentina, e a Universidade de la Republica, Uruguai.<\/li>\n<\/ul>\n<\/td>\n<\/tr>\n<tr style=\"height: 165px\">\n<td style=\"width: 21.4524%;border-style: solid;border-color: #120101;text-align: center;height: 165px\">\n<h2><strong>ASSEMBLEIA LEGISLATIVA DO ESTADO DO RIO GRANDE DO SUL<\/strong><\/h2>\n<\/td>\n<td style=\"width: 78.5476%;border-style: solid;border-color: #120101;height: 165px\">\n<ul>\n<li style=\"text-align: justify\">PROTOCOLO DE INTEN\u00c7\u00d5ES ENTRE A ASSEMBLEIA LEGISLATIVA DO ESTADO DO RIO GRANDE DO SUL E A UNIVERSIDADE FEDERAL DE SANTA MARIA. Pretende aprimorar a disponibiliza\u00e7\u00e3o e divulga\u00e7\u00e3o do acesso ao patrim\u00f4nio arquiv\u00edstico, hist\u00f3rico e cultural, que registra a trajet\u00f3ria pol\u00edtico-legal do estado do Rio Grande do Sul e seus legisladores ao longo de dois s\u00e9culos. O PPGH que tem coordenado e tem colaborado com a execu\u00e7\u00e3o deste protocolo atrav\u00e9s organiza\u00e7\u00e3o de publica\u00e7\u00f5es em conjunto com o memorial que partem do acervo desta institui\u00e7\u00e3o.<\/li>\n<\/ul>\n<\/td>\n<\/tr>\n<tr style=\"height: 23px\">\n<td style=\"width: 21.4524%;height: 23px;border-style: solid;border-color: #050000;background-color: #fad9d9\">\n<h3 style=\"text-align: center\">CENTRO DE MEM\u00d3RIA REGIONAL DO FORO DA JUSTI\u00c7A DO TRABALHO DE SANTA MARIA \u2013 TRIBUNAL REGIONAL DO TRABALHO DA 4\u00aa REGI\u00c3O<\/h3>\n<\/td>\n<td style=\"width: 78.5476%;height: 23px;text-align: justify;border-style: solid;border-color: #050000;background-color: #fad9d9\">\n<ul>\n<li>ACORDO DE COOPERA\u00c7\u00c3O T\u00c9CNICA DA UFSM COM O CENTRO DE MEM\u00d3RIA REGIONAL DO FORO DA JUSTI\u00c7A DO TRABALHO DE SANTA MARIA \u2013 TRIBUNAL REGIONAL DO TRABALHO DA 4\u00aa REGI\u00c3O. O acordo tem como objeto a Coopera\u00e7\u00e3o t\u00e9cnica entre a UFSM e o de TRT da 4\u00aa Regi\u00e3o, para desenvolvimento de atividades de ensino, pesquisa e extens\u00e3o para resgate, conserva\u00e7\u00e3o do conjunto de documentos e informa\u00e7\u00f5es da Justi\u00e7a do Trabalho em Santa Maria para a cria\u00e7\u00e3o do Centro de Mem\u00f3ria Regional da Justi\u00e7a do Trabalho de Santa Maria. As parcerias com institui\u00e7\u00f5es voltadas \u00e0 guarda e pesquisa em fontes documentais t\u00eam sido estimuladas pelo Memorial como meio de preservar os documentos do Judici\u00e1rio Trabalhista e sua disponibiliza\u00e7\u00e3o \u00e0 consulta p\u00fablica.<\/li>\n<\/ul>\n<\/td>\n<\/tr>\n<tr style=\"height: 79px\">\n<td style=\"width: 100%;border-style: solid;border-color: #120101;height: 79px;background-color: #f7bd0c\" colspan=\"2\">\n<h2 style=\"text-align: center\">Institui\u00e7\u00f5es Internacionais<\/h2>\n<\/td>\n<\/tr>\n<tr style=\"height: 133px\">\n<td style=\"width: 21.4524%;border-style: solid;border-color: #120101;text-align: center;height: 133px\">\n<h2><strong>AUGM<\/strong><\/h2>\n<\/td>\n<td style=\"width: 78.5476%;border-style: solid;border-color: #120101;height: 133px\">\n<ul>\n<li>Prof\u00aa Maria Medianeira Padoin \u00e9 Coordenadora Geral do Comit\u00ea \u00c1rea de\u00a0 Hist\u00f3ria da Associa\u00e7\u00e3o de Universidades do Grupo Montevi\u00e9u, AUGM, Uruguay;\u00a0 Membro Comit\u00ea Assessor da Secretaria de Apoio Internacional na \u00e1rea da Asociaci\u00f3n de Universidades do Grupo Montevid\u00e9o \u2013 AUGM, junto a Secretaria de Apoio Internacional\/Gabinete do Reitor \/UFSM.<\/li>\n<\/ul>\n<\/td>\n<\/tr>\n<tr style=\"height: 114px\">\n<td style=\"width: 21.4524%;border-color: #120101;text-align: center;height: 114px;border-style: solid;background-color: #f5ebeb\">\n<h2><strong>Universidade Nacional de Mar del Plata<\/strong><\/h2>\n<\/td>\n<td style=\"width: 78.5476%;border-color: #120101;height: 114px;border-style: solid;background-color: #f5ebeb\">\n<ul>\n<li>Prof\u00aa Maria Medianeira Padoin Coordena o conv\u00eanio Institucional com a Universidade Nacional de Mar del Plata, Argentina, junto a Secretaria de Apoio Internacional\/Gabinete do Reitor \/UFSM.<\/li>\n<\/ul>\n<\/td>\n<\/tr>\n<tr style=\"height: 117px\">\n<td style=\"width: 21.4524%;text-align: center;height: 117px;border-style: solid;border-color: #050000;background-color: #fafafa\">\n<h2><strong>Universidade de Estremadura, Espanha<\/strong><\/h2>\n<h2>\u00a0<\/h2>\n<\/td>\n<td style=\"width: 78.5476%;height: 117px;border-style: solid;border-color: #050000;background-color: #fafafa\">\n<ul>\n<li>Prof\u00aa Maria Medianeira Padoin Coordenada o conv\u00eanio Institucional com a Universidade de Estremadura, Espanha, junto a Secretaria de Apoio Internacional\/Gabinete do Reitor \/UFSM<\/li>\n<\/ul>\n<\/td>\n<\/tr>\n<tr style=\"height: 137px\">\n<td style=\"width: 21.4524%;text-align: center;height: 137px;border-style: solid;border-color: #170303;background-color: #eddddd\">\n<h2><strong>Universidade de Salamanca<\/strong><\/h2>\n<h2>\u00a0<\/h2>\n<\/td>\n<td style=\"width: 78.5476%;height: 137px;border-style: solid;border-color: #170303;background-color: #eddddd\">\n<ul>\n<li>Prof\u00aa Maria Medianeira Padoin Coordena o conv\u00eanio Institucional com a Universidade de Salamanca, Espanha, junto a Secretaria de Apoio Internacional\/Gabinete do Reitor \/UFSM.<\/li>\n<li>CONV\u00caNIO COM \u00a0A UNIVERSIDADE DE SALAMANCA<br \/>Mais informa\u00e7\u00f5es\u00a0<a href=\"http:\/\/w3.ufsm.br\/proplan\/index.php\/em-vigencia#em-vig%C3%AAncia-internacionais\" target=\"_blank\" rel=\"noopener\">clique aqui<\/a>.<\/li>\n<\/ul>\n<\/td>\n<\/tr>\n<tr style=\"height: 100px\">\n<td style=\"width: 21.4524%;text-align: center;height: 100px;border-style: solid;border-color: #170303;background-color: #fcfcfc\">\n<h2><strong>Universidad de La Republica<\/strong><\/h2>\n<\/td>\n<td style=\"width: 78.5476%;height: 100px;border-style: solid;border-color: #170303;background-color: #fcfcfc\">\n<ul>\n<li>\u00a0Profa. ANA FREGA NOVALES\u00a0 (docente visitante) &#8211; Universidad de La Republica, Facultad de Humanidades y Ciencias de La Educacion, Departamento de Hist\u00f3ria. &#8211; Montevideo, &#8211; Uruguai<\/li>\n<\/ul>\n<\/td>\n<\/tr>\n<tr style=\"height: 150px\">\n<td style=\"width: 21.4524%;text-align: center;height: 150px;border-style: solid;border-color: #170303;background-color: #eddddd\">\n<h2><strong>Consejo Nacional de investigaciones Cient\u00edficas y T\u00e9cnicas de la Argentina<\/strong><\/h2>\n<\/td>\n<td style=\"width: 78.5476%;height: 150px;border-style: solid;border-color: #170303;background-color: #eddddd\">\n<ul>\n<li>Profa. VALENTINA AYROLO\u00a0 (docente Visitante) &#8211; Consejo Nacional de investigaciones Cient\u00edficas y T\u00e9cnicas de la Argentina, Centro de Estudios Hist\u00f3ricos de la Facultad de Humanidades, UNMDP. Mar del Plata, &#8211; Argentina<\/li>\n<\/ul>\n<\/td>\n<\/tr>\n<tr style=\"height: 185px\">\n<td style=\"width: 21.4524%;text-align: center;height: 185px;border-style: solid;border-color: #170303;background-color: #fffcfc\">\n<h3><strong>INSTITUTO POLIT\u00c9CNICO DE TOMAR E A UNIVERSIDADE DE TR\u00c1S-OS-MONTES E ALTO DOURO, PORTUGAL<\/strong><\/h3>\n<\/td>\n<td style=\"width: 78.5476%;text-align: justify;height: 185px;border-style: solid;border-color: #170303;background-color: #fffcfc\">\n<ul>\n<li>ACORDO DE COOPERA\u00c7\u00c3O INTERNACIONAL ENTRE A UNIVERSIDADE FEDERAL DE SANTA MARIA, O INSTITUTO POLIT\u00c9CNICO DE TOMAR E A UNIVERSIDADE DE TR\u00c1S-OS-MONTES E ALTO DOURO, PORTUGAL Este acordo foi firmado em 2011 em fun\u00e7\u00e3o do interesse comum de ambas as universidades em estimular o ensino e os avan\u00e7os cient\u00edficos-pedag\u00f3gicos, estreitando as rela\u00e7\u00f5es entre Brasil e Portugal. Al\u00e9m disso, este acordo tamb\u00e9m tem como um de seus objetivos qualificar os recursos humanos em n\u00edvel de terceiro grau, visando aprimorar a produtividade e qualidade do ensino atrav\u00e9s da oferta de oportunidades de aperfei\u00e7oamento de pessoal.<\/li>\n<\/ul>\n<\/td>\n<\/tr>\n<tr style=\"height: 23px\">\n<td style=\"width: 21.4524%;text-align: center;height: 23px;border-style: solid;border-color: #170303;background-color: #eddddd\">\n<h3><strong>UNIVERSIDADE DE LISBOA PORTUGAL E A UNIVERSIDADE FEDERAL DO PIAU\u00cd<\/strong><\/h3>\n<\/td>\n<td style=\"width: 78.5476%;height: 23px;text-align: justify;border-style: solid;border-color: #170303;background-color: #eddddd\">\n<ul>\n<li>ACORDO GERAL DE COOPERA\u00c7\u00c3O INTERNACIONAL ENTRE A UNIVERSIDADE FEDERAL DE SANTA MARIA\/PPGH, A UNIVERSIDADE DE LISBOA PORTUGAL E A UNIVERSIDADE FEDERAL DO PIAU\u00cd. O acordo tem como objetivo promover a coopera\u00e7\u00e3o entre as duas Institui\u00e7\u00f5es em atividades de \u00edndole acad\u00eamica, cient\u00edfica e cultural, atrav\u00e9s do Projeto Patrim\u00f4nio, Cultura e Migra\u00e7\u00e3o, atingindo a comunidade acad\u00eamica de Gradua\u00e7\u00e3o e P\u00f3s-Gradua\u00e7\u00e3o, na condu\u00e7\u00e3o de pesquisas e programas relacionados \u00e0 Museologia, Museografia e Belas Artes da Universidade de Lisboa.<\/li>\n<\/ul>\n<\/td>\n<\/tr>\n<tr style=\"height: 79px\">\n<td style=\"width: 21.4524%;text-align: center;height: 79px;border-style: solid;border-color: #050000;background-color: #faf5f5\">\n<h2><strong>CAPES-COFECUB<\/strong><\/h2>\n<\/td>\n<td style=\"width: 78.5476%;text-align: justify;height: 79px;border-style: solid;border-color: #050000;background-color: #faf5f5\">\n<ul>\n<li>PARTICIPA\u00c7\u00c3O NO PROJETO DO CONV\u00caNIO CAPES-COFECUB &#8211; Este conv\u00eanio \u00e9 um programa de coopera\u00e7\u00e3o universit\u00e1ria entre o Brasil, por meio da CAPES, e a Fran\u00e7a, por meio do Comit\u00ea Franc\u00eas de Avalia\u00e7\u00e3o da Coopera\u00e7\u00e3o Universit\u00e1ria e Cient\u00edfica com o Brasil (COFECUB), que apoia projetos conjuntos de pesquisa entre institui\u00e7\u00f5es de ensino superior para estimular a forma\u00e7\u00e3o e o aperfei\u00e7oamento de doutorandos e docentes. O apoio consiste em fomento a miss\u00f5es de trabalho, bolsas de estudo e recursos de custeio. As bolsas s\u00e3o ajudas de custo concedidas a estudantes brasileiros indicados pelo coordenador do projeto, nas modalidades p\u00f3s-doutorado e est\u00e1gio de doutorando no exterior (doutorado-sandu\u00edche). O PPGH\/UFSM, no caso, participa deste conv\u00eanio, por meio de um de seus docentes permanentes que atua no projeto.<\/li>\n<\/ul>\n<\/td>\n<\/tr>\n<tr>\n<td style=\"width: 21.4524%;text-align: center;border-style: solid;border-color: #050000;background-color: #f5c9c9\">\n<h2><strong>Universidade de Copenhague, da Dinamarca<\/strong><\/h2>\n<h2><strong>\u00a0<\/strong><\/h2>\n<\/td>\n<td style=\"width: 78.5476%;text-align: justify;border-style: solid;border-color: #050000;background-color: #f5c9c9\">\n<ul>\n<li>Coopera\u00e7\u00e3o Institucional e Internacionaliza\u00e7\u00e3o o conv\u00eanio que temos com a Universidade de Copenhague, da Dinamarca. \u201cEm 2020, iniciou-se a parceria entre um grupo de professores do PPGH\/UFSM, liderados pela professora Beatriz Weber, e o Danish National Research Foundation Centre for Privacy Studies, University of Copenhagen (PRIVACY), Dinamarca. O PRIVACY fomenta estudos sobre a privacidade na era moderna em perspectiva hist\u00f3rica, mas com exerc\u00edcio interdisciplinar, ou seja, valendo-se da hist\u00f3ria cultural e intelectual, da arquitetura, da religi\u00e3o, do direito, entre outras. Seu objetivo \u00e9 reunir diferentes estudos de caso para discutir os significados, limita\u00e7\u00f5es e implica\u00e7\u00f5es da privacidade e de seu desenvolvimento no tempo. O PRIVACY passou a operar em 2017, a partir do aporte da Danish National Research Foundation de investimentos na ordem de 6 milh\u00f5es de euros. \u00c9 considerado centro de excel\u00eancia pela funda\u00e7\u00e3o dinamarquesa e tem destacado papel ao reunir pesquisadores de diferentes nacionalidades europeias\u201d.<\/li>\n<\/ul>\n<\/td>\n<\/tr>\n<\/tbody>\n<\/table>\n\n\n","protected":false},"excerpt":{"rendered":"<p>Em Edi\u00e7\u00e3o Coopera\u00e7\u00e3o Institucional \u2013 PPGH\/UFSM \u00a0 \u00a0 \u00a0 \u00a0 O Programa de P\u00f3s-Gradua\u00e7\u00e3o em Hist\u00f3ria da UFSM possui diversos conv\u00eanios, programas, projetos de coopera\u00e7\u00e3o, interc\u00e2mbio e parceria nacional\/internacional (comp\u00f5e a internacionaliza\u00e7\u00e3o do Programa) que vem contribuindo para o desenvolvimento das atividades de ensino, pesquisa\u00a0 e extens\u00e3o do PPGH. Coopera\u00e7\u00e3o Institucional\u00a0 UFSM Grupo de pesquisa [&hellip;]<\/p>\n","protected":false},"author":905,"featured_media":0,"parent":0,"menu_order":0,"comment_status":"closed","ping_status":"closed","template":"","meta":{"footnotes":""},"categories":[],"tags":[],"class_list":["post-2526","page","type-page","status-publish","hentry"],"acf":[],"_links":{"self":[{"href":"https:\/\/www.ufsm.br\/cursos\/pos-graduacao\/santa-maria\/ppgh\/wp-json\/wp\/v2\/pages\/2526","targetHints":{"allow":["GET"]}}],"collection":[{"href":"https:\/\/www.ufsm.br\/cursos\/pos-graduacao\/santa-maria\/ppgh\/wp-json\/wp\/v2\/pages"}],"about":[{"href":"https:\/\/www.ufsm.br\/cursos\/pos-graduacao\/santa-maria\/ppgh\/wp-json\/wp\/v2\/types\/page"}],"author":[{"embeddable":true,"href":"https:\/\/www.ufsm.br\/cursos\/pos-graduacao\/santa-maria\/ppgh\/wp-json\/wp\/v2\/users\/905"}],"replies":[{"embeddable":true,"href":"https:\/\/www.ufsm.br\/cursos\/pos-graduacao\/santa-maria\/ppgh\/wp-json\/wp\/v2\/comments?post=2526"}],"version-history":[{"count":0,"href":"https:\/\/www.ufsm.br\/cursos\/pos-graduacao\/santa-maria\/ppgh\/wp-json\/wp\/v2\/pages\/2526\/revisions"}],"wp:attachment":[{"href":"https:\/\/www.ufsm.br\/cursos\/pos-graduacao\/santa-maria\/ppgh\/wp-json\/wp\/v2\/media?parent=2526"}],"wp:term":[{"taxonomy":"category","embeddable":true,"href":"https:\/\/www.ufsm.br\/cursos\/pos-graduacao\/santa-maria\/ppgh\/wp-json\/wp\/v2\/categories?post=2526"},{"taxonomy":"post_tag","embeddable":true,"href":"https:\/\/www.ufsm.br\/cursos\/pos-graduacao\/santa-maria\/ppgh\/wp-json\/wp\/v2\/tags?post=2526"}],"curies":[{"name":"wp","href":"https:\/\/api.w.org\/{rel}","templated":true}]}}