{"id":2532,"date":"2024-07-29T12:51:40","date_gmt":"2024-07-29T15:51:40","guid":{"rendered":"https:\/\/www.ufsm.br\/cursos\/pos-graduacao\/santa-maria\/ppgh\/?page_id=2532"},"modified":"2024-09-12T14:25:19","modified_gmt":"2024-09-12T17:25:19","slug":"missao-e-valeres-do-ppg-em-historia","status":"publish","type":"page","link":"https:\/\/www.ufsm.br\/cursos\/pos-graduacao\/santa-maria\/ppgh\/missao-e-valeres-do-ppg-em-historia","title":{"rendered":"Miss\u00e3o, Vis\u00e3o, Valores e Objetivos do PPG em Hist\u00f3ria"},"content":{"rendered":"\n<p>Em edi\u00e7\u00e3o<\/p>\n<table style=\"width: 100%;border-collapse: collapse;border-style: solid;border-color: #0a0101;height: 138px\">\n<tbody>\n<tr style=\"height: 23px\">\n<td style=\"width: 100%;height: 23px;border-style: solid;border-color: #080101;background-color: #5dbfe3\" colspan=\"2\"><img decoding=\"async\" class=\"wp-image-2580 size-thumbnail alignleft\" src=\"https:\/\/www.ufsm.br\/app\/uploads\/sites\/510\/2024\/09\/PPGH-Fundo-Transparente-150x150.png\" alt=\"\" width=\"150\" height=\"150\" srcset=\"https:\/\/www.ufsm.br\/app\/uploads\/sites\/510\/2024\/09\/PPGH-Fundo-Transparente-150x150.png 150w, https:\/\/www.ufsm.br\/app\/uploads\/sites\/510\/2024\/09\/PPGH-Fundo-Transparente-300x300.png 300w, https:\/\/www.ufsm.br\/app\/uploads\/sites\/510\/2024\/09\/PPGH-Fundo-Transparente.png 500w\" sizes=\"(max-width: 150px) 100vw, 150px\" \/><br \/>\n<h2 style=\"text-align: center\">PROGRAMA DE P\u00d3S-GRADUA\u00c7\u00c3O EM HIST\u00d3RIA\u00a0<\/h2>\n<\/td>\n<\/tr>\n<tr style=\"height: 23px\">\n<td style=\"width: 12.0146%;border-style: solid;border-color: #120202;height: 23px;background-color: #e06767;text-align: center\">\n<h2>MISS\u00c3O<\/h2>\n<\/td>\n<td style=\"width: 87.9854%;border-style: solid;border-color: #120202;height: 23px;text-align: justify;background-color: #f5ebeb\">\u00a0 \u00a0 \u00a0 Promover a democratiza\u00e7\u00e3o do conhecimento na \u00e1rea de Hist\u00f3ria com foco na qualifica\u00e7\u00e3o de profissionais comprometidos que atuem de forma cr\u00edtica, colaborando para a busca de solu\u00e7\u00f5es para problemas e desafios dos diferentes contextos sociais, al\u00e9m de desenvolver estudos e pesquisas que contribuam com o desenvolvimento da sociedade, de modo sustent\u00e1vel.<\/td>\n<\/tr>\n<tr style=\"height: 23px\">\n<td style=\"width: 12.0146%;border-style: solid;border-color: #120202;height: 23px;background-color: #f78614;text-align: center\">\n<h2>VIS\u00c3O<\/h2>\n<\/td>\n<td style=\"width: 87.9854%;border-style: solid;border-color: #120202;height: 23px;text-align: justify\">\u00a0 \u00a0 \u00a0 \u00a0 Ser reconhecido como um programa de p\u00f3s-gradua\u00e7\u00e3o em Hist\u00f3ria de refer\u00eancia no \u00e2mbito das institui\u00e7\u00f5es federais, promovendo excel\u00eancia em sua atua\u00e7\u00e3o em favor de toda comunidade acad\u00eamica e da sociedade em geral.<\/td>\n<\/tr>\n<tr style=\"height: 23px\">\n<td style=\"width: 12.0146%;border-style: solid;border-color: #120202;height: 23px;background-color: #c92e2e;text-align: center\">\n<h2>VALORES<\/h2>\n<\/td>\n<td style=\"width: 87.9854%;border-style: solid;border-color: #120202;height: 23px;text-align: justify;background-color: #faf0f0\">\n<p>\u00a0 \u00a0 \u00a0 \u00a0 \u00a0O PPG em\u00a0 Hist\u00f3ria norteia-se por valores democr\u00e1ticos alicer\u00e7ados no respeito aos direitos fundamentais e reconhece o papel social que deve ser desempenhado pela academia, sobretudo pela universidade p\u00fablica, gratuita e de qualidade, comprometida com o respeito \u00e0 identidade e diversidade e com forte compromisso social, como \u00e9 o caso da Universidade Federal de Santa Maria.<\/p>\n<ul>\n<li>\u00c9tica<\/li>\n<li>Transpar\u00eancia;<\/li>\n<li>Legalidade;<\/li>\n<li>Impessoalidade;<\/li>\n<li>Comprometimento;<\/li>\n<li>Justi\u00e7a;<\/li>\n<li>Seguran\u00e7a;<\/li>\n<li>Respeito;<\/li>\n<li>Colabora\u00e7\u00e3o.<\/li>\n<\/ul>\n<\/td>\n<\/tr>\n<tr style=\"height: 23px\">\n<td style=\"width: 12.0146%;border-style: solid;border-color: #120202;height: 23px;background-color: #f0c256;text-align: center\" rowspan=\"2\">\n<h2>OBJETIVOS<\/h2>\n<\/td>\n<td style=\"width: 87.9854%;border-style: solid;border-color: #120202;height: 23px;text-align: justify;background-color: #fcf3dc\"><strong><strong>\u00a0 \u00a0 \u00a0 \u00a0Objetivo Geral: &#8220;<\/strong><\/strong>Construir e difundir conhecimento, comprometida com a forma\u00e7\u00e3o de pessoas capazes de inovar e contribuir com o desenvolvimento da sociedade, de modo sustent\u00e1vel\u201d. Este compromisso \u00e9 reiterado pelo regulamento i n t e r n o d o P P G H ( h t t p s : \/ \/ w w w . u f s m . b r \/ c u r s o s \/ p o s &#8211; g r a d u a c a o \/ s a n t a &#8211; m a r i a \/ p p g h \/ w p -content\/uploads\/sites\/510\/2019\/01\/REGULAMENTO_INTERNO_PPGH.pdf ). O Programa de P\u00f3s-gradua\u00e7\u00e3o em Hist\u00f3ria da UFSM objetiva qualificar profissionais de Hist\u00f3ria e de \u00e1reas afins por meio do desenvolvimento e do aprimoramento de suas compet\u00eancias de pesquisa cient\u00edfica, de modo a promover o questionamento e a interpreta\u00e7\u00e3o das realidades sociais \u2013 passadas e presentes &#8211; em benef\u00edcio de um projeto inclusivo e multicultural.<\/td>\n<\/tr>\n<tr style=\"height: 23px\">\n<td style=\"width: 87.9854%;border-style: solid;border-color: #120202;height: 23px;text-align: justify\">\n<p><strong>\u00a0 \u00a0 \u00a0 \u00a0Objetivos espec\u00edficos:<\/strong><\/p>\n<ul>\n<li>Praticar a doc\u00eancia de alta qualidade, aliando-a \u00e0 criatividade na investiga\u00e7\u00e3o, na produ\u00e7\u00e3o e na divulga\u00e7\u00e3o do conhecimento acad\u00eamico-cient\u00edfico em Hist\u00f3ria, Poder e Cultura;<\/li>\n<li>Promover a qualifica\u00e7\u00e3o profissional a pesquisadores e professores em Hist\u00f3ria, Ci\u00eancias Humanas e Ci\u00eancias Sociais, dentre outras, em n\u00edvel de mestrado e de doutorado;<\/li>\n<li>Praticar o di\u00e1logo acad\u00eamico interdisciplinar e multidisciplinar com seus pares em institui\u00e7\u00f5es nacionais e internacionais;<\/li>\n<li>Oportunizar a atualiza\u00e7\u00e3o e a leitura cr\u00edtica da literatura especializada nacional e estrangeira;<\/li>\n<li>Promover o trabalho coletivo entre docentes, discentes e servidores t\u00e9cnicos;<\/li>\n<li>Qualificar os profissionais atuantes nas redes p\u00fablicas e privadas em n\u00edvel de Educa\u00e7\u00e3o B\u00e1sica e alimentar a complementariedade entre a mesma e o Ensino Superior;<\/li>\n<li>Participar continuamente do debate cient\u00edfico na \u00e1rea de Hist\u00f3ria por meio da divulga\u00e7\u00e3o de resultados em congressos ou por meio de peri\u00f3dicos e de livros;<\/li>\n<li>Organizar eventos que oportunizem a troca de conhecimentos e a intera\u00e7\u00e3o entre profissionais.<\/li>\n<\/ul>\n<\/td>\n<\/tr>\n<\/tbody>\n<\/table>\n\n\n","protected":false},"excerpt":{"rendered":"<p>Em edi\u00e7\u00e3o PROGRAMA DE P\u00d3S-GRADUA\u00c7\u00c3O EM HIST\u00d3RIA\u00a0 MISS\u00c3O \u00a0 \u00a0 \u00a0 Promover a democratiza\u00e7\u00e3o do conhecimento na \u00e1rea de Hist\u00f3ria com foco na qualifica\u00e7\u00e3o de profissionais comprometidos que atuem de forma cr\u00edtica, colaborando para a busca de solu\u00e7\u00f5es para problemas e desafios dos diferentes contextos sociais, al\u00e9m de desenvolver estudos e pesquisas que contribuam com [&hellip;]<\/p>\n","protected":false},"author":905,"featured_media":0,"parent":0,"menu_order":0,"comment_status":"closed","ping_status":"closed","template":"","meta":{"footnotes":""},"categories":[],"tags":[],"class_list":["post-2532","page","type-page","status-publish","hentry"],"acf":[],"_links":{"self":[{"href":"https:\/\/www.ufsm.br\/cursos\/pos-graduacao\/santa-maria\/ppgh\/wp-json\/wp\/v2\/pages\/2532","targetHints":{"allow":["GET"]}}],"collection":[{"href":"https:\/\/www.ufsm.br\/cursos\/pos-graduacao\/santa-maria\/ppgh\/wp-json\/wp\/v2\/pages"}],"about":[{"href":"https:\/\/www.ufsm.br\/cursos\/pos-graduacao\/santa-maria\/ppgh\/wp-json\/wp\/v2\/types\/page"}],"author":[{"embeddable":true,"href":"https:\/\/www.ufsm.br\/cursos\/pos-graduacao\/santa-maria\/ppgh\/wp-json\/wp\/v2\/users\/905"}],"replies":[{"embeddable":true,"href":"https:\/\/www.ufsm.br\/cursos\/pos-graduacao\/santa-maria\/ppgh\/wp-json\/wp\/v2\/comments?post=2532"}],"version-history":[{"count":0,"href":"https:\/\/www.ufsm.br\/cursos\/pos-graduacao\/santa-maria\/ppgh\/wp-json\/wp\/v2\/pages\/2532\/revisions"}],"wp:attachment":[{"href":"https:\/\/www.ufsm.br\/cursos\/pos-graduacao\/santa-maria\/ppgh\/wp-json\/wp\/v2\/media?parent=2532"}],"wp:term":[{"taxonomy":"category","embeddable":true,"href":"https:\/\/www.ufsm.br\/cursos\/pos-graduacao\/santa-maria\/ppgh\/wp-json\/wp\/v2\/categories?post=2532"},{"taxonomy":"post_tag","embeddable":true,"href":"https:\/\/www.ufsm.br\/cursos\/pos-graduacao\/santa-maria\/ppgh\/wp-json\/wp\/v2\/tags?post=2532"}],"curies":[{"name":"wp","href":"https:\/\/api.w.org\/{rel}","templated":true}]}}