{"id":2582,"date":"2024-09-11T08:53:19","date_gmt":"2024-09-11T11:53:19","guid":{"rendered":"https:\/\/www.ufsm.br\/cursos\/pos-graduacao\/santa-maria\/ppgh\/?page_id=2582"},"modified":"2024-09-11T10:12:18","modified_gmt":"2024-09-11T13:12:18","slug":"anais-congresso-internacional-de-historia-da-ufsm","status":"publish","type":"page","link":"https:\/\/www.ufsm.br\/cursos\/pos-graduacao\/santa-maria\/ppgh\/anais-congresso-internacional-de-historia-da-ufsm","title":{"rendered":"Congresso Internacional de Hist\u00f3ria da UFSM &#8211; CIHIS\/UFSM"},"content":{"rendered":"\n<div class=\"CjVfdc CJIdie\"><span class=\"C9DxTc \">O Programa de P\u00f3s-gradua\u00e7\u00e3o em Historia da UFSM\u00a0 promove\u00a0 o CIHIS\/UFSM\u00a0 que tem como objetivo reunir QUEM PESQUISA, PENSA E PRODUZ CI\u00caNCIA NA \u00c1REA DE HIST\u00d3RIA E NAS CI\u00caNCIAS HUMANAS.<\/span><\/div>\n<p><strong><a href=\"https:\/\/www.facebook.com\/cihisufsm\/?locale=pt_BR\">Facebook\u00a0 do\u00a0 CIHIS UFSM<\/a><\/strong><\/p>\n<p><a href=\"https:\/\/www.instagram.com\/cihis.ufsm\/\"><strong>Instagram do CIHIS<\/strong><\/a>\u00a0<\/p>\n<h1>Eventos:<\/h1>\n<h5 class=\"entry-title\"><a href=\"https:\/\/www.ufsm.br\/cursos\/pos-graduacao\/santa-maria\/ppgh\/eventos\/iii-congresso-internacional-de-historia-da-ufsm\">III Congresso Internacional de Hist\u00f3ria da UFSM (2023)<\/a><\/h5>\n<h5>\u00a0<\/h5>\n<h5 class=\"entry-title text-primary\"><a href=\"https:\/\/www.ufsm.br\/cursos\/pos-graduacao\/santa-maria\/ppgh\/category\/noticias\/destaques\/eventos\">Categoria: II Congresso Internacional de Hist\u00f3ria da UFSM (2022)<\/a><\/h5>\n<h5>\u00a0<\/h5>\n<h5 class=\"entry-title\"><a href=\"https:\/\/www.ufsm.br\/cursos\/pos-graduacao\/santa-maria\/ppgh\/eventos\/icongressohistoria\">I CONGRESSO INTERNACIONAL DE HIST\u00d3RIA (2016)<\/a><\/h5>\n<h1>Anais:<\/h1>\n<p>Anais do III Congresso Internacional de Hist\u00f3ria da UFSM (2023) &#8211; <a href=\"https:\/\/www.ufsm.br\/app\/uploads\/sites\/510\/2024\/09\/Anais-III-CIHIS-Trabalhos-Completos-2024.pdf\">Anais III CIHIS &#8211; Trabalhos Completos, 2024<\/a><\/p>\n<p><a href=\"https:\/\/www.ufsm.br\/app\/uploads\/sites\/510\/2024\/09\/Anais-ENCONTRO-HISTORIA_VF-2023.pdf\">Anais ENCONTRO HIST\u00d3RIA_VF de 2022 publicado em 2023<\/a><\/p>\n<h5 class=\"page-header first-page-header\"><a href=\"https:\/\/www.ufsm.br\/editoras\/facos\/anais-do-ii-congresso-internacional-de-historia-da-ufsm\">Anais do II Congresso Internacional de Hist\u00f3ria da UFSM (2019)<\/a><\/h5>\n<p><strong>Anais do I Congresso Internacional de Hist\u00f3ria da UFSM (2016)<\/strong><\/p>\n<h4 class=\"page-header first-page-header\">livro do I\u00a0 CIHIS de 2016: <a href=\"https:\/\/www.ufsm.br\/app\/uploads\/sites\/510\/2024\/09\/livro-Historia-Poder-Cultura-e-Fronteiras.pdf\">livro Historia Poder Cultura e Fronteiras<\/a><\/h4>\n<p>\u00a0<\/p>\n<p><a href=\"https:\/\/portal.ufsm.br\/certificados\/mainMenu.html\">Certificados via portal UFSM<\/a><\/p>\n<p>\u00a0<\/p>\n","protected":false},"excerpt":{"rendered":"<p>O Programa de P\u00f3s-gradua\u00e7\u00e3o em Historia da UFSM\u00a0 promove\u00a0 o CIHIS\/UFSM\u00a0 que tem como objetivo reunir QUEM PESQUISA, PENSA E PRODUZ CI\u00caNCIA NA \u00c1REA DE HIST\u00d3RIA E NAS CI\u00caNCIAS HUMANAS. Facebook\u00a0 do\u00a0 CIHIS UFSM Instagram do CIHIS\u00a0 Eventos: III Congresso Internacional de Hist\u00f3ria da UFSM (2023) \u00a0 Categoria: II Congresso Internacional de Hist\u00f3ria da UFSM [&hellip;]<\/p>\n","protected":false},"author":905,"featured_media":0,"parent":0,"menu_order":0,"comment_status":"closed","ping_status":"closed","template":"","meta":{"footnotes":""},"categories":[],"tags":[],"class_list":["post-2582","page","type-page","status-publish","hentry"],"acf":[],"_links":{"self":[{"href":"https:\/\/www.ufsm.br\/cursos\/pos-graduacao\/santa-maria\/ppgh\/wp-json\/wp\/v2\/pages\/2582","targetHints":{"allow":["GET"]}}],"collection":[{"href":"https:\/\/www.ufsm.br\/cursos\/pos-graduacao\/santa-maria\/ppgh\/wp-json\/wp\/v2\/pages"}],"about":[{"href":"https:\/\/www.ufsm.br\/cursos\/pos-graduacao\/santa-maria\/ppgh\/wp-json\/wp\/v2\/types\/page"}],"author":[{"embeddable":true,"href":"https:\/\/www.ufsm.br\/cursos\/pos-graduacao\/santa-maria\/ppgh\/wp-json\/wp\/v2\/users\/905"}],"replies":[{"embeddable":true,"href":"https:\/\/www.ufsm.br\/cursos\/pos-graduacao\/santa-maria\/ppgh\/wp-json\/wp\/v2\/comments?post=2582"}],"version-history":[{"count":0,"href":"https:\/\/www.ufsm.br\/cursos\/pos-graduacao\/santa-maria\/ppgh\/wp-json\/wp\/v2\/pages\/2582\/revisions"}],"wp:attachment":[{"href":"https:\/\/www.ufsm.br\/cursos\/pos-graduacao\/santa-maria\/ppgh\/wp-json\/wp\/v2\/media?parent=2582"}],"wp:term":[{"taxonomy":"category","embeddable":true,"href":"https:\/\/www.ufsm.br\/cursos\/pos-graduacao\/santa-maria\/ppgh\/wp-json\/wp\/v2\/categories?post=2582"},{"taxonomy":"post_tag","embeddable":true,"href":"https:\/\/www.ufsm.br\/cursos\/pos-graduacao\/santa-maria\/ppgh\/wp-json\/wp\/v2\/tags?post=2582"}],"curies":[{"name":"wp","href":"https:\/\/api.w.org\/{rel}","templated":true}]}}