{"id":260,"date":"2019-01-21T12:17:37","date_gmt":"2019-01-21T14:17:37","guid":{"rendered":"https:\/\/www.ufsm.br\/cursos\/pos-graduacao\/santa-maria\/ppgh\/?page_id=260"},"modified":"2025-07-18T09:52:21","modified_gmt":"2025-07-18T12:52:21","slug":"formularios-e-instrucoes-docentes","status":"publish","type":"page","link":"https:\/\/www.ufsm.br\/cursos\/pos-graduacao\/santa-maria\/ppgh\/formularios-e-instrucoes-docentes","title":{"rendered":"Formul\u00e1rios e Instru\u00e7\u00f5es Docentes"},"content":{"rendered":"\t\t<div data-elementor-type=\"wp-page\" data-elementor-id=\"260\" class=\"elementor elementor-260\">\n\t\t\t\t\t\t<section class=\"elementor-section elementor-top-section elementor-element elementor-element-33c1bf6 elementor-section-boxed elementor-section-height-default elementor-section-height-default\" data-id=\"33c1bf6\" data-element_type=\"section\">\n\t\t\t\t\t\t<div class=\"elementor-container elementor-column-gap-default\">\n\t\t\t\t\t<div class=\"elementor-column elementor-col-100 elementor-top-column elementor-element elementor-element-d1a2857\" data-id=\"d1a2857\" data-element_type=\"column\">\n\t\t\t<div class=\"elementor-widget-wrap elementor-element-populated\">\n\t\t\t\t\t\t<div class=\"elementor-element elementor-element-35c8bba elementor-widget elementor-widget-text-editor\" data-id=\"35c8bba\" data-element_type=\"widget\" data-widget_type=\"text-editor.default\">\n\t\t\t\t<div class=\"elementor-widget-container\">\n\t\t\t\t\t\t\t<table style=\"border-collapse: collapse;width: 100%;height: 616px\"><tbody><tr style=\"height: 200px\"><td style=\"width: 50%;height: 192px\"><strong>CADASTROS E TUTORIAIS<\/strong><\/td><td style=\"width: 50%;height: 192px\"><ul style=\"list-style-type: circle\"><li><a href=\"https:\/\/www.ufsm.br\/app\/uploads\/sites\/510\/2019\/01\/CADASTRO-PROFESSOR.pdf\">Cadastro de professor permanente<\/a><\/li><li><a href=\"https:\/\/www.ufsm.br\/app\/uploads\/sites\/510\/2019\/01\/Cadastro_Professor_Colaborador_Visitante_PPGH_NOVO.doc\">Cadastro de professor colaborador ou visitante<\/a><\/li><li><a href=\"https:\/\/docs.google.com\/forms\/d\/e\/1FAIpQLSfr5RnwHRN24U0ILrsaXQviARyhjQ6KXYcOHBvswxKxCWcEhA\/viewform\">Link para o cadastro de professor externo<\/a><\/li><li><a href=\"https:\/\/www.ufsm.br\/app\/uploads\/sites\/510\/2021\/11\/Manual-usuario-Externo.pdf\">Tutorial de cadastro de usu\u00e1rios externos ao PEN-SIE<\/a><\/li><\/ul><\/td><\/tr><tr style=\"height: 200px\"><td style=\"width: 50%;height: 200px\"><strong>DECLARA\u00c7\u00d5ES<\/strong><\/td><td style=\"width: 50%;height: 200px\"><ul style=\"list-style-type: circle\"><li><a href=\"https:\/\/www.ufsm.br\/app\/uploads\/sites\/510\/2019\/01\/Declara%C3%A7%C3%A3o_de_Orientador_entrega_Disserta%C3%A7%C3%A3o_NOVO.doc\">Declara\u00e7\u00e3o de Orientador(a) para entrega final Disserta\u00e7\u00e3o\/Tese<\/a><\/li><\/ul><\/td><\/tr><tr style=\"height: 152px\"><td style=\"width: 50%;height: 152px\"><strong>FINANCEIRO<\/strong><\/td><td style=\"width: 50%;height: 152px\"><ul style=\"list-style-type: circle\"><li><a href=\"https:\/\/www.ufsm.br\/app\/uploads\/sites\/510\/2025\/05\/Solicitacao-PPGH-Eventos-na-UFSM.doc\">Solicita\u00e7\u00e3o PPGH Eventos na UFSM<\/a><\/li><li><a href=\"https:\/\/www.ufsm.br\/app\/uploads\/sites\/510\/2025\/05\/Informe-PRPGP-Criterios-e-Orientacoes-Diarias-2.pdf\">Informe PRPGP &#8211; Crit\u00e9rios e Orienta\u00e7\u00f5es Di\u00e1rias<\/a><\/li><li><a href=\"https:\/\/www.ufsm.br\/app\/uploads\/sites\/510\/2025\/05\/Solicitacao-PPGH-Docentes.doc\">Solicita\u00e7\u00e3o PPGH Docentes<\/a><\/li><li><a href=\"https:\/\/www.ufsm.br\/app\/uploads\/sites\/510\/2025\/07\/Formulario-Diarias-e-PA-2025.scf_.docx\">Formul\u00e1rio Di\u00e1rias e Passagens A\u00e9reas Nac e Internacional<\/a><\/li><li><a href=\"https:\/\/www.ufsm.br\/app\/uploads\/sites\/510\/2025\/05\/Valores-Diarias-Nacionais-2.pdf\">Valores Di\u00e1rias Nacionais<\/a><\/li><li><a href=\"https:\/\/www.ufsm.br\/app\/uploads\/sites\/510\/2025\/05\/Valores-Diarias-Internacionais-2.pdf\">Valores Di\u00e1rias Internacionais<\/a><\/li><li><a href=\"https:\/\/www.ufsm.br\/app\/uploads\/sites\/510\/2025\/05\/Autorizacao-de-Desconto-em-Folha-2.doc\">Autoriza\u00e7\u00e3o de Desconto em Folha<\/a><\/li><li><a href=\"https:\/\/www.ufsm.br\/app\/uploads\/sites\/510\/2025\/07\/2-formulario-prpgp-passagens_rodoviarias-PEN-3_18-01-23-1-1-1.docx\">Formul\u00e1rio Passagens Rodovi\u00e1rias<\/a><\/li><li><a href=\"https:\/\/www.ufsm.br\/app\/uploads\/sites\/510\/2025\/05\/Formulario-Taxa-de-Inscricao-2.doc\">Formul\u00e1rio Taxa de Inscri\u00e7\u00e3o<\/a><\/li><li><a href=\"https:\/\/www.ufsm.br\/app\/uploads\/sites\/510\/2025\/05\/Formulario-Taxa-de-Publicacao.doc\">Formul\u00e1rio Taxa de Publica\u00e7\u00e3o<\/a><\/li><li><a href=\"https:\/\/www.ufsm.br\/app\/uploads\/sites\/510\/2025\/05\/Formulario-Traducao-e-Revisao-de-Artigos-Cientificos.doc\">Formul\u00e1rio Tradu\u00e7\u00e3o e Revis\u00e3o de Artigos Cient\u00edficos<\/a><\/li><li><a href=\"https:\/\/www.ufsm.br\/app\/uploads\/sites\/510\/2025\/05\/Relatorio-de-Viagem-Nacional-e-Internacional-Prestacao-de-contas.doc\">Relat\u00f3rio de Viagem (Nacional e Internacional) &#8211; Presta\u00e7\u00e3o de contas<\/a><\/li><\/ul><\/td><\/tr><tr style=\"height: 72px\"><td style=\"width: 50%;height: 72px\"><strong>ORIENTA\u00c7\u00d5ES REFERENTES AOS PROCESSOS DE DEFESA FINAL E ENTREGA DA MDT\u00a0<\/strong><\/td><td style=\"width: 50%;text-align: justify;height: 72px\"><ul style=\"list-style-type: circle\"><li><a href=\"https:\/\/www.ufsm.br\/app\/uploads\/sites\/510\/2022\/10\/Orientacao-aos-Docentes-sobre-a-tramitacao-dos-documentos-relativos-as-bancas-de-defesas.pdf\">Orienta\u00e7\u00e3o aos Docentes sobre a tramita\u00e7\u00e3o dos documentos relativos \u00e0s bancas de defesas<\/a><\/li><\/ul><\/td><\/tr><\/tbody><\/table>\t\t\t\t\t\t<\/div>\n\t\t\t\t<\/div>\n\t\t\t\t\t<\/div>\n\t\t<\/div>\n\t\t\t\t\t<\/div>\n\t\t<\/section>\n\t\t\t\t<\/div>\n\t\t","protected":false},"excerpt":{"rendered":"<p>CADASTROS E TUTORIAIS Cadastro de professor permanente Cadastro de professor colaborador ou visitante Link para o cadastro de professor externo Tutorial de cadastro de usu\u00e1rios externos ao PEN-SIE DECLARA\u00c7\u00d5ES Declara\u00e7\u00e3o de Orientador(a) para entrega final Disserta\u00e7\u00e3o\/Tese FINANCEIRO Solicita\u00e7\u00e3o PPGH Eventos na UFSM Informe PRPGP &#8211; Crit\u00e9rios e Orienta\u00e7\u00f5es Di\u00e1rias Solicita\u00e7\u00e3o PPGH Docentes Formul\u00e1rio Di\u00e1rias e [&hellip;]<\/p>\n","protected":false},"author":115,"featured_media":0,"parent":0,"menu_order":0,"comment_status":"closed","ping_status":"closed","template":"","meta":{"footnotes":""},"categories":[],"tags":[],"class_list":["post-260","page","type-page","status-publish","hentry"],"acf":[],"_links":{"self":[{"href":"https:\/\/www.ufsm.br\/cursos\/pos-graduacao\/santa-maria\/ppgh\/wp-json\/wp\/v2\/pages\/260","targetHints":{"allow":["GET"]}}],"collection":[{"href":"https:\/\/www.ufsm.br\/cursos\/pos-graduacao\/santa-maria\/ppgh\/wp-json\/wp\/v2\/pages"}],"about":[{"href":"https:\/\/www.ufsm.br\/cursos\/pos-graduacao\/santa-maria\/ppgh\/wp-json\/wp\/v2\/types\/page"}],"author":[{"embeddable":true,"href":"https:\/\/www.ufsm.br\/cursos\/pos-graduacao\/santa-maria\/ppgh\/wp-json\/wp\/v2\/users\/115"}],"replies":[{"embeddable":true,"href":"https:\/\/www.ufsm.br\/cursos\/pos-graduacao\/santa-maria\/ppgh\/wp-json\/wp\/v2\/comments?post=260"}],"version-history":[{"count":0,"href":"https:\/\/www.ufsm.br\/cursos\/pos-graduacao\/santa-maria\/ppgh\/wp-json\/wp\/v2\/pages\/260\/revisions"}],"wp:attachment":[{"href":"https:\/\/www.ufsm.br\/cursos\/pos-graduacao\/santa-maria\/ppgh\/wp-json\/wp\/v2\/media?parent=260"}],"wp:term":[{"taxonomy":"category","embeddable":true,"href":"https:\/\/www.ufsm.br\/cursos\/pos-graduacao\/santa-maria\/ppgh\/wp-json\/wp\/v2\/categories?post=260"},{"taxonomy":"post_tag","embeddable":true,"href":"https:\/\/www.ufsm.br\/cursos\/pos-graduacao\/santa-maria\/ppgh\/wp-json\/wp\/v2\/tags?post=260"}],"curies":[{"name":"wp","href":"https:\/\/api.w.org\/{rel}","templated":true}]}}