{"id":2601,"date":"2024-10-01T11:04:29","date_gmt":"2024-10-01T14:04:29","guid":{"rendered":"https:\/\/www.ufsm.br\/cursos\/pos-graduacao\/santa-maria\/ppgh\/?page_id=2601"},"modified":"2025-09-25T07:55:50","modified_gmt":"2025-09-25T10:55:50","slug":"normas-regulamentos","status":"publish","type":"page","link":"https:\/\/www.ufsm.br\/cursos\/pos-graduacao\/santa-maria\/ppgh\/normas-regulamentos","title":{"rendered":"Normas\/Regulamentos"},"content":{"rendered":"\t\t<div data-elementor-type=\"wp-page\" data-elementor-id=\"2601\" class=\"elementor elementor-2601\">\n\t\t\t\t\t\t<section class=\"elementor-section elementor-top-section elementor-element elementor-element-16b30d34 elementor-section-boxed elementor-section-height-default elementor-section-height-default\" data-id=\"16b30d34\" data-element_type=\"section\">\n\t\t\t\t\t\t<div class=\"elementor-container elementor-column-gap-default\">\n\t\t\t\t\t<div class=\"elementor-column elementor-col-100 elementor-top-column elementor-element elementor-element-630da6b3\" data-id=\"630da6b3\" data-element_type=\"column\">\n\t\t\t<div class=\"elementor-widget-wrap elementor-element-populated\">\n\t\t\t\t\t\t<div class=\"elementor-element elementor-element-403b8111 elementor-widget elementor-widget-text-editor\" data-id=\"403b8111\" data-element_type=\"widget\" data-widget_type=\"text-editor.default\">\n\t\t\t\t<div class=\"elementor-widget-container\">\n\t\t\t\t\t\t\t<!-- wp:tadv\/classic-paragraph -->\n<p>\u00a0<strong> \u00a0Documentos Vigentes<\/strong><\/p>\n<p>\u00a0<\/p>\n<ul class=\"my-3\">\n<li><strong><a href=\"https:\/\/www.ufsm.br\/app\/uploads\/sites\/345\/2023\/10\/RES_UFSM_2023_139_ANEXO_I_Regulamento-Geral-PG-Stricto-Sensu-UFSM-2023.pdf\">Regulamento Geral da P\u00f3s-Gradua\u00e7\u00e3o Stricto Sensu da UFSM <\/a><\/strong><\/li>\n<li><a href=\"https:\/\/www.ufsm.br\/unidades-universitarias\/ccsh\/regimento-interno-ccsh\/\">Regimento interno do CCSH<\/a><\/li>\n<\/ul>\n<ul class=\"my-3\">\n<li><a href=\"https:\/\/www.ufsm.br\/app\/uploads\/sites\/510\/2025\/09\/Regulamento-PPGH-2025-2-Portaria-03-de-Aprovacao-e-Anexo-I-Regulamento.pdf\">\u00a0Regulamento interno do PPGH\u00a0<\/a><\/li>\n<\/ul>\n<ul class=\"my-3\">\n<li><a href=\"https:\/\/www.ufsm.br\/app\/uploads\/sites\/510\/2019\/01\/CRITRIOS-GERAIS-PARA-ADMISSO-DE-NOVOS-DOCENTES-NO-QUADRO-DO-PPGH-UFSM.pdf\" target=\"_blank\" rel=\"noopener\">\u00a0Crit\u00e9rios Gerais para Admiss\u00e3o de Novos Docentes no Quadro do PPGH &#8211; UFSM (arquivo pdf, 15 KB)<\/a><\/li>\n<\/ul>\n<ul class=\"my-3\">\n<li><a href=\"https:\/\/www.ufsm.br\/app\/uploads\/sites\/510\/2019\/01\/DOCUMENTOS-NECESSRIOS-PARA-SOLICITAO-DE-CREDENCIAMENTO-AO-QUADRO-DOCENTE-DO-PPGHMESTRADO-EM-HISTRIA.pdf\" target=\"_blank\" rel=\"noopener\">\u00a0Documentos Necess\u00e1rios para Solicita\u00e7\u00e3o de Credenciamento ao Quadro Docente do PPGH, Mestrado em Hist\u00f3ria (arquivo pdf, 13 KB)<\/a><\/li>\n<\/ul>\n<ul class=\"my-3\">\n<li>\u00a0<a href=\"https:\/\/www.ufsm.br\/app\/uploads\/sites\/510\/2025\/06\/Manual-de-Dissertacoes-e-Teses_MDT_2021.pdf\">Manual de Disserta\u00e7\u00f5es e Teses &#8211; 2021 (arquivo pdf, 35 MB)<\/a><\/li>\n<\/ul>\n<ul class=\"my-3\">\n<li><a href=\"https:\/\/www.ufsm.br\/app\/uploads\/sites\/510\/2019\/01\/resolucao022005-1.pdf\" target=\"_blank\" rel=\"noopener\">\u00a0Resolu\u00e7\u00e3o n002\/2005 &#8211; Programa de P\u00f3s-Doutorado na UFSM (arquivo pdf, 53 KB)<\/a><\/li>\n<\/ul>\n<ul class=\"my-3\">\n<li><a href=\"https:\/\/www.ufsm.br\/app\/uploads\/sites\/510\/2019\/01\/ementarioppghCORRETO.pdf\" target=\"_blank\" rel=\"noopener\">\u00a0Disciplinas, ement\u00e1rios e bibliografias das disciplinas do PPGH\/UFSM (arquivo pdf, 530 KB)<\/a><\/li>\n<\/ul>\n<ul class=\"my-3\">\n<li><a href=\"https:\/\/www.ufsm.br\/app\/uploads\/sites\/510\/2019\/01\/Disciplinas_e_Ement%C3%A1rio_Doutorado.pdf\" target=\"_blank\" rel=\"noopener\">\u00a0Disciplinas e ement\u00e1rios do curso de Doutorado (PPGH\/UFSM) (arquivo pdf, 456 KB)<\/a><\/li>\n<\/ul>\n<ul class=\"my-3\">\n<li><a href=\"https:\/\/www.ufsm.br\/app\/uploads\/sites\/510\/2021\/07\/Memorando-n.31-revisado-pos-CEPE.pdf\" target=\"_blank\" rel=\"noopener\">\u00a0Pol\u00edtica de A\u00e7\u00f5es Afirmativas do PPGH (arquivo pdf, 80 KB)<\/a><\/li>\n<li><a href=\"https:\/\/www.ufsm.br\/app\/uploads\/sites\/513\/2024\/10\/RESOLUCAO-UFSM-175-de-2024-altera-prazos-licencas-discentes-1.pdf\">Licen\u00e7a Discentes &#8211; Prazos<\/a><\/li>\n<\/ul>\n<p>\u00a0<\/p>\n<p>\u00a0<\/p>\n<p><strong>Documentos antigos:<\/strong><\/p>\n<p>\u00a0REGULAMENTO GERAL DA P\u00d3S-GRADUA\u00c7\u00c3O STRICTO SENSU DA UFSM &#8211; Anexo I Resolu\u00e7\u00e3o n\u00ba 139\/2023 que constitui com Anexo II da Resolu\u00e7\u00e3o<\/p>\n<ul class=\"my-3\">\n<li>015\/2014\u00a0<a href=\"https:\/\/www.ufsm.br\/app\/uploads\/sites\/345\/2023\/10\/RES_UFSM_2023_139_ANEXO_I_Regulamento-Geral-PG-Stricto-Sensu-UFSM-2023.pdf\">https:\/\/www.ufsm.br\/app\/uploads\/sites\/345\/2023\/10\/RES_UFSM_2023_139_ANEXO_I_Regulamento-Geral-PG-Stricto-Sensu-UFSM-2023.pdf<\/a><\/li>\n<\/ul>\n<ul class=\"my-3\">\n<li>\u00a0Regimento Geral de P\u00f3s-Gradua\u00e7\u00e3o &#8211; Resolu\u00e7\u00e3o 015\/2014\u00a0<a href=\"https:\/\/www.ufsm.br\/app\/uploads\/sites\/345\/2018\/06\/015-2014-Regimento-geral-prpgp.pdf\">https:\/\/www.ufsm.br\/app\/uploads\/sites\/345\/2018\/06\/015-2014-Regimento-geral-prpgp.pdf<\/a><\/li>\n<\/ul>\n<!-- \/wp:tadv\/classic-paragraph --><!-- wp:tadv\/classic-paragraph \/-->\t\t\t\t\t\t<\/div>\n\t\t\t\t<\/div>\n\t\t\t\t\t<\/div>\n\t\t<\/div>\n\t\t\t\t\t<\/div>\n\t\t<\/section>\n\t\t\t\t<\/div>\n\t\t","protected":false},"excerpt":{"rendered":"<p>\u00a0 \u00a0Documentos Vigentes \u00a0 Regulamento Geral da P\u00f3s-Gradua\u00e7\u00e3o Stricto Sensu da UFSM Regimento interno do CCSH \u00a0Regulamento interno do PPGH\u00a0 \u00a0Crit\u00e9rios Gerais para Admiss\u00e3o de Novos Docentes no Quadro do PPGH &#8211; UFSM (arquivo pdf, 15 KB) \u00a0Documentos Necess\u00e1rios para Solicita\u00e7\u00e3o de Credenciamento ao Quadro Docente do PPGH, Mestrado em Hist\u00f3ria (arquivo pdf, 13 KB) [&hellip;]<\/p>\n","protected":false},"author":905,"featured_media":0,"parent":0,"menu_order":0,"comment_status":"closed","ping_status":"closed","template":"","meta":{"footnotes":""},"categories":[],"tags":[],"class_list":["post-2601","page","type-page","status-publish","hentry"],"acf":[],"_links":{"self":[{"href":"https:\/\/www.ufsm.br\/cursos\/pos-graduacao\/santa-maria\/ppgh\/wp-json\/wp\/v2\/pages\/2601","targetHints":{"allow":["GET"]}}],"collection":[{"href":"https:\/\/www.ufsm.br\/cursos\/pos-graduacao\/santa-maria\/ppgh\/wp-json\/wp\/v2\/pages"}],"about":[{"href":"https:\/\/www.ufsm.br\/cursos\/pos-graduacao\/santa-maria\/ppgh\/wp-json\/wp\/v2\/types\/page"}],"author":[{"embeddable":true,"href":"https:\/\/www.ufsm.br\/cursos\/pos-graduacao\/santa-maria\/ppgh\/wp-json\/wp\/v2\/users\/905"}],"replies":[{"embeddable":true,"href":"https:\/\/www.ufsm.br\/cursos\/pos-graduacao\/santa-maria\/ppgh\/wp-json\/wp\/v2\/comments?post=2601"}],"version-history":[{"count":0,"href":"https:\/\/www.ufsm.br\/cursos\/pos-graduacao\/santa-maria\/ppgh\/wp-json\/wp\/v2\/pages\/2601\/revisions"}],"wp:attachment":[{"href":"https:\/\/www.ufsm.br\/cursos\/pos-graduacao\/santa-maria\/ppgh\/wp-json\/wp\/v2\/media?parent=2601"}],"wp:term":[{"taxonomy":"category","embeddable":true,"href":"https:\/\/www.ufsm.br\/cursos\/pos-graduacao\/santa-maria\/ppgh\/wp-json\/wp\/v2\/categories?post=2601"},{"taxonomy":"post_tag","embeddable":true,"href":"https:\/\/www.ufsm.br\/cursos\/pos-graduacao\/santa-maria\/ppgh\/wp-json\/wp\/v2\/tags?post=2601"}],"curies":[{"name":"wp","href":"https:\/\/api.w.org\/{rel}","templated":true}]}}