{"id":271,"date":"2019-01-21T12:33:42","date_gmt":"2019-01-21T14:33:42","guid":{"rendered":"https:\/\/www.ufsm.br\/cursos\/pos-graduacao\/santa-maria\/ppgh\/?page_id=271"},"modified":"2025-07-18T10:39:10","modified_gmt":"2025-07-18T13:39:10","slug":"formularios-e-instrucoes-discentes","status":"publish","type":"page","link":"https:\/\/www.ufsm.br\/cursos\/pos-graduacao\/santa-maria\/ppgh\/formularios-e-instrucoes-discentes","title":{"rendered":"Formul\u00e1rios e Instru\u00e7\u00f5es Discentes"},"content":{"rendered":"\t\t<div data-elementor-type=\"wp-post\" data-elementor-id=\"271\" class=\"elementor elementor-271\">\n\t\t\t\t\t\t<section class=\"elementor-section elementor-top-section elementor-element elementor-element-c89e45e elementor-section-boxed elementor-section-height-default elementor-section-height-default\" data-id=\"c89e45e\" data-element_type=\"section\">\n\t\t\t\t\t\t<div class=\"elementor-container elementor-column-gap-default\">\n\t\t\t\t\t<div class=\"elementor-column elementor-col-100 elementor-top-column elementor-element elementor-element-f3d6d9c\" data-id=\"f3d6d9c\" data-element_type=\"column\">\n\t\t\t<div class=\"elementor-widget-wrap elementor-element-populated\">\n\t\t\t\t\t\t<div class=\"elementor-element elementor-element-bb1f500 elementor-widget elementor-widget-text-editor\" data-id=\"bb1f500\" data-element_type=\"widget\" data-widget_type=\"text-editor.default\">\n\t\t\t\t<div class=\"elementor-widget-container\">\n\t\t\t\t\t\t\t<table style=\"border-collapse: collapse;width: 100%\"><tbody><tr><td style=\"width: 50%\"><b>\u00a0<\/b><span style=\"font-weight: bolder;color: #000000;font-size: 16px\">Informativos, instru\u00e7\u00f5es e manuais<br \/><\/span><\/td><td style=\"width: 50%\"><ul><li><a href=\"https:\/\/www.ufsm.br\/app\/uploads\/sites\/510\/2021\/12\/DISCIPLINAS-EMENTARIOS-NOVO-1.pdf\">Ementa e Bibliografia das disciplinas do Mestrado e Doutorado<\/a><\/li><li><a href=\"https:\/\/www.ufsm.br\/app\/uploads\/sites\/510\/2019\/09\/ESTRUTURA-CURRICULAR-DO-MESTRADO.pdf\">Estrutura Curricular do Mestrado<\/a><\/li><li><a href=\"https:\/\/www.ufsm.br\/app\/uploads\/sites\/510\/2020\/02\/Doutorado-estrutura-curricular-atualizada-2020.pdf\">Estrutura Curricular do Doutorado<\/a><\/li><li><p><a href=\"https:\/\/www.ufsm.br\/app\/uploads\/sites\/510\/2024\/08\/INSTRUCOES-E-NORMAS-DE-PRODUCAO-DISCENTE-2024-PPGH.pdf\">Instru\u00e7\u00e3o Produ\u00e7\u00e3o Discente<\/a><\/p><\/li><li><a href=\"https:\/\/www.ufsm.br\/app\/uploads\/sites\/510\/2022\/09\/Manual-de-Dissertacoes-e-Teses_MDT_2021.pdf\">Manual de Disserta\u00e7\u00f5es e Teses MDT 2021<\/a><\/li><li><a href=\"https:\/\/www.ufsm.br\/app\/uploads\/sites\/510\/2024\/07\/Fluxo-para-o-processo-de-qualificacao-de-mestrado-PRPGP-SIPOS.pdf\">Fluxo para o processo de qualifica\u00e7\u00e3o de mestrado &#8211; PRPGP-SIPOS<\/a><\/li><li><a href=\"https:\/\/www.ufsm.br\/app\/uploads\/sites\/510\/2024\/07\/Defesa-final-Mestrado-e-Doutorado-Tutorial.pdf\">Defesa final Mestrado e Doutorado &#8211; Tutorial<\/a><\/li><li><a href=\"https:\/\/www.ufsm.br\/app\/uploads\/sites\/510\/2024\/07\/Formulario-Banca-de-Defesa.docx\">Formul\u00e1rio Banca de Defesa<\/a><\/li><li><a href=\"https:\/\/www.ufsm.br\/app\/uploads\/sites\/510\/2019\/04\/MANUAL_SOBREVIVENCIA_marco19.pdf\">Manual de sobreviv\u00eancia da UFSM<\/a><\/li><li><a href=\"https:\/\/www.ufsm.br\/app\/uploads\/sites\/510\/2019\/04\/TUTORIAL_-_PLANO_DE_ESTUDOS_1-1.pdf\">Manual de preenchimento do Plano de Estudos<\/a><\/li><li><a href=\"https:\/\/www.ufsm.br\/app\/uploads\/sites\/510\/2023\/05\/GUIA-DISCENTE-PARA-SOLICITACAO-DE-RECURSOS-FINCANCEIROS-PPGH.pdf\">Guia discente para solicita\u00e7\u00e3o de recursos financeiros PPGH<\/a><\/li><li><a href=\"https:\/\/www.ufsm.br\/app\/uploads\/sites\/510\/2021\/12\/Tutorial-para-a-abertura-e-tramitacao-de-dispensa-de-disciplina.pdf\">Tutorial para abertura e tramita\u00e7\u00e3o de dispensa\/aproveitamento de disciplina(s)<\/a><\/li><li><a href=\"https:\/\/www.ufsm.br\/app\/uploads\/sites\/510\/2021\/11\/Novo-Procedimento-para-Comprovacao-de-Lingua-Estrangeira-via-PEN-SIE.pdf\">Tutorial para solicita\u00e7\u00e3o de comprova\u00e7\u00e3o de l\u00edngua estrangeira<\/a><\/li><li><a href=\"https:\/\/www.ufsm.br\/app\/uploads\/sites\/510\/2025\/06\/Instrucoes-de-como-salvar-em-PDF-o-curriculo-Lattes-em-formato-completo.pdf\">Instru\u00e7\u00f5es de como salvar em PDF o curr\u00edculo Lattes em formato completo<\/a><\/li><\/ul><\/td><\/tr><\/tbody><\/table>\t\t\t\t\t\t<\/div>\n\t\t\t\t<\/div>\n\t\t\t\t\t<\/div>\n\t\t<\/div>\n\t\t\t\t\t<\/div>\n\t\t<\/section>\n\t\t\t\t<section class=\"elementor-section elementor-top-section elementor-element elementor-element-3e78e4b elementor-section-boxed elementor-section-height-default elementor-section-height-default\" data-id=\"3e78e4b\" data-element_type=\"section\">\n\t\t\t\t\t\t<div class=\"elementor-container elementor-column-gap-default\">\n\t\t\t\t\t<div class=\"elementor-column elementor-col-100 elementor-top-column elementor-element elementor-element-84794ea\" data-id=\"84794ea\" data-element_type=\"column\">\n\t\t\t<div class=\"elementor-widget-wrap elementor-element-populated\">\n\t\t\t\t\t\t<div class=\"elementor-element elementor-element-cb3a0fd elementor-widget elementor-widget-text-editor\" data-id=\"cb3a0fd\" data-element_type=\"widget\" data-widget_type=\"text-editor.default\">\n\t\t\t\t<div class=\"elementor-widget-container\">\n\t\t\t\t\t\t\t<table style=\"border-collapse: collapse;width: 100%\"><tbody><tr><td style=\"width: 50%\"><strong>Autoriza\u00e7\u00f5es e declara\u00e7\u00f5es<\/strong><\/td><td style=\"width: 50%\"><ul><li><a href=\"https:\/\/www.ufsm.br\/app\/uploads\/sites\/510\/2019\/04\/formul%C3%A1rio-autoriza%C3%A7%C3%A3o-on-line-pubica%C3%A7%C3%A3o.doc\">Autoriza\u00e7\u00e3o para libera\u00e7\u00e3o online de trabalhos de conclus\u00e3o dos cursos de Doutorado e Mestrado<\/a><\/li><li><a href=\"https:\/\/www.ufsm.br\/app\/uploads\/sites\/510\/2019\/01\/Declara%C3%A7%C3%A3o_de_Orientador_entrega_Disserta%C3%A7%C3%A3o_NOVO.doc\">Declara\u00e7\u00e3o de Orientador(a) para entrega final Disserta\u00e7\u00e3o\/Tese<\/a><\/li><li><a href=\"https:\/\/www.ufsm.br\/app\/uploads\/sites\/510\/2021\/11\/22102018-modelo-termo-compromisso-ds-doc.doc\">Modelo de termo de compromisso para bolsa CAPES<\/a><\/li><li><a href=\"https:\/\/www.ufsm.br\/app\/uploads\/sites\/510\/2023\/05\/Memorial-Discente.docx\">Memorial Discente<\/a><\/li><\/ul><\/td><\/tr><\/tbody><\/table>\t\t\t\t\t\t<\/div>\n\t\t\t\t<\/div>\n\t\t\t\t\t<\/div>\n\t\t<\/div>\n\t\t\t\t\t<\/div>\n\t\t<\/section>\n\t\t\t\t<section class=\"elementor-section elementor-top-section elementor-element elementor-element-66e6ddf elementor-section-boxed elementor-section-height-default elementor-section-height-default\" data-id=\"66e6ddf\" data-element_type=\"section\">\n\t\t\t\t\t\t<div class=\"elementor-container elementor-column-gap-default\">\n\t\t\t\t\t<div class=\"elementor-column elementor-col-100 elementor-top-column elementor-element elementor-element-02366a9\" data-id=\"02366a9\" data-element_type=\"column\">\n\t\t\t<div class=\"elementor-widget-wrap elementor-element-populated\">\n\t\t\t\t\t\t<div class=\"elementor-element elementor-element-70f2d45 elementor-widget elementor-widget-text-editor\" data-id=\"70f2d45\" data-element_type=\"widget\" data-widget_type=\"text-editor.default\">\n\t\t\t\t<div class=\"elementor-widget-container\">\n\t\t\t\t\t\t\t<table style=\"border-collapse: collapse;width: 100%\"><tbody><tr><td style=\"width: 50%\"><strong>Financeiro<\/strong><\/td><td style=\"width: 50%\"><ul><li><a href=\"https:\/\/www.ufsm.br\/app\/uploads\/sites\/510\/2025\/05\/Informe-PRPGP-Criterios-e-Orientacoes-Diarias-1.pdf\">Informe PRPGP &#8211; Crit\u00e9rios e Orienta\u00e7\u00f5es Di\u00e1rias<\/a><\/li><li><a href=\"https:\/\/www.ufsm.br\/app\/uploads\/sites\/510\/2025\/05\/Solicitacao-PPGH-Discentes-1.doc\">Solicita\u00e7\u00e3o PPGH Discentes<\/a><\/li><li><a href=\"https:\/\/www.ufsm.br\/app\/uploads\/sites\/510\/2025\/07\/Formulario-Diarias-e-PA-2025.scf_.docx\">Formul\u00e1rio Di\u00e1rias Nacionais e Passagens A\u00e9reas<\/a><\/li><li><a href=\"https:\/\/www.ufsm.br\/app\/uploads\/sites\/510\/2025\/05\/Formulario-Diarias-Internacionais-Discentes-1.doc\">Formul\u00e1rio Di\u00e1rias Internacionais Discentes<\/a><\/li><li><a href=\"https:\/\/www.ufsm.br\/app\/uploads\/sites\/510\/2025\/05\/Valores-Diarias-Nacionais-1.pdf\">Valores Di\u00e1rias Nacionais<\/a><\/li><li><a href=\"https:\/\/www.ufsm.br\/app\/uploads\/sites\/510\/2025\/07\/Formulario-Diarias-Internacionais-Discentes.doc\">Valores Di\u00e1rias Internacionais<\/a><\/li><li><a href=\"https:\/\/www.ufsm.br\/app\/uploads\/sites\/510\/2025\/05\/Autorizacao-de-Desconto-em-Folha-1.doc\">Autoriza\u00e7\u00e3o de Desconto em Folha<\/a><\/li><li><a href=\"https:\/\/www.ufsm.br\/app\/uploads\/sites\/510\/2025\/07\/2-formulario-prpgp-passagens_rodoviarias-PEN-3_18-01-23-1-1-1.docx\">Formul\u00e1rio Passagens Rodovi\u00e1rias<\/a><\/li><li><a href=\"https:\/\/www.ufsm.br\/app\/uploads\/sites\/510\/2025\/05\/Formulario-Taxa-de-Inscricao-1.doc\">Formul\u00e1rio Taxa de Inscri\u00e7\u00e3o<\/a><\/li><li><a href=\"https:\/\/www.ufsm.br\/app\/uploads\/sites\/510\/2025\/05\/Relatorio-de-Viagem-Nacional-e-Internacional-Prestacao-de-Contas.doc\">Relat\u00f3rio de Viagem (Nacional e Internacional) &#8211; Presta\u00e7\u00e3o de Contas<\/a><\/li><\/ul><\/td><\/tr><\/tbody><\/table>\t\t\t\t\t\t<\/div>\n\t\t\t\t<\/div>\n\t\t\t\t\t<\/div>\n\t\t<\/div>\n\t\t\t\t\t<\/div>\n\t\t<\/section>\n\t\t\t\t<section class=\"elementor-section elementor-top-section elementor-element elementor-element-0dcae2b elementor-section-boxed elementor-section-height-default elementor-section-height-default\" data-id=\"0dcae2b\" data-element_type=\"section\">\n\t\t\t\t\t\t<div class=\"elementor-container elementor-column-gap-default\">\n\t\t\t\t\t<div class=\"elementor-column elementor-col-100 elementor-top-column elementor-element elementor-element-38e29fc\" data-id=\"38e29fc\" data-element_type=\"column\">\n\t\t\t<div class=\"elementor-widget-wrap elementor-element-populated\">\n\t\t\t\t\t\t<div class=\"elementor-element elementor-element-3dec563 elementor-widget elementor-widget-text-editor\" data-id=\"3dec563\" data-element_type=\"widget\" data-widget_type=\"text-editor.default\">\n\t\t\t\t<div class=\"elementor-widget-container\">\n\t\t\t\t\t\t\t<table style=\"border-collapse: collapse;width: 100%\"><tbody><tr><td style=\"width: 50%\"><span style=\"font-weight: bolder;color: #000000;font-size: 16px\">Formul\u00e1rios e requerimentos<\/span><\/td><td style=\"width: 50%\"><ul style=\"color: #000000;font-size: 16px\"><li><a style=\"color: #204c90\" href=\"https:\/\/www.ufsm.br\/app\/uploads\/sites\/510\/2019\/05\/FormularioParaSolicitacaoCancelamentoCurso.doc\">Formul\u00e1rio de solicita\u00e7\u00e3o de cancelamento do curso<\/a><\/li><li><a style=\"color: #204c90\" href=\"https:\/\/www.ufsm.br\/pro-reitorias\/prpgp\/servicos\/dispensa-aproveitamento-de-disciplinas-de-pos-graduacao\">Link Aproveitamento disciplina PRPGP<\/a><\/li><li><a style=\"color: #204c90\" href=\"https:\/\/www.ufsm.br\/pro-reitorias\/prpgp\/servicos\/comprovacao-de-suficiencia-em-lingua-estrangeira\">link Solicita\u00e7\u00e3o aproveitamento Sufici\u00eancia em l\u00edngua estrangeira &#8211; PRPGP<\/a><\/li><li><a style=\"color: #204c90\" href=\"https:\/\/www.ufsm.br\/pro-reitorias\/prpgp\/servicos\/prorrogacao-de-prazo-para-defesa\">Solicita\u00e7\u00e3o de prorroga\u00e7\u00e3o de defesa, normatiza\u00e7\u00e3o<\/a><\/li><li><a style=\"color: #204c90\" href=\"https:\/\/www.ufsm.br\/app\/uploads\/sites\/510\/2023\/06\/Requerimento-de-Prorrogacao-do-Prazo-de-Defesa-StrictoSensu.docx\">Requerimento de Prorrogac\u00e3o do Prazo de Defesa StrictoSensu<\/a><\/li><li><a style=\"color: #204c90\" href=\"https:\/\/www.ufsm.br\/app\/uploads\/sites\/510\/2023\/05\/Formulario-para-Banca-Examinadora-de-Defesa-SIPOS.docx\">Formul\u00e1rio para Banca Examinadora de Defesa (SIPOS)<\/a><\/li><\/ul><\/td><\/tr><\/tbody><\/table>\t\t\t\t\t\t<\/div>\n\t\t\t\t<\/div>\n\t\t\t\t\t<\/div>\n\t\t<\/div>\n\t\t\t\t\t<\/div>\n\t\t<\/section>\n\t\t\t\t<section class=\"elementor-section elementor-top-section elementor-element elementor-element-86e07fc elementor-section-boxed elementor-section-height-default elementor-section-height-default\" data-id=\"86e07fc\" data-element_type=\"section\">\n\t\t\t\t\t\t<div class=\"elementor-container elementor-column-gap-default\">\n\t\t\t\t\t<div class=\"elementor-column elementor-col-100 elementor-top-column elementor-element elementor-element-fbecb88\" data-id=\"fbecb88\" data-element_type=\"column\">\n\t\t\t<div class=\"elementor-widget-wrap elementor-element-populated\">\n\t\t\t\t\t\t<div class=\"elementor-element elementor-element-05a276d elementor-widget elementor-widget-text-editor\" data-id=\"05a276d\" data-element_type=\"widget\" data-widget_type=\"text-editor.default\">\n\t\t\t\t<div class=\"elementor-widget-container\">\n\t\t\t\t\t\t\t<table style=\"border-collapse: collapse;width: 100%\"><tbody><tr><td style=\"width: 50%\"><b>Doc\u00eancia orientada<\/b><\/td><td style=\"width: 50%\"><ul style=\"color: #000000;font-size: 16px\"><li><a style=\"color: #204c90\" href=\"https:\/\/www.ufsm.br\/app\/uploads\/sites\/532\/2022\/10\/Tutorial-Docencia-Orientada.pdf\">Doc\u00eancia Orientada &#8211; Tutorial<\/a><\/li><li><a style=\"color: #204c90\" href=\"https:\/\/www.ufsm.br\/app\/uploads\/sites\/510\/2023\/12\/Modelo-de-solicitacao-de-docencia-orientada-PPGH.docx\">Modelo de solicita\u00e7\u00e3o de doc\u00eancia orientada PPGH<\/a><\/li><li><a style=\"color: #204c90\" href=\"https:\/\/www.ufsm.br\/app\/uploads\/sites\/510\/2023\/12\/Modelo-de-Relatorio-de-Docencia-Orientada-PPGH.docx\">Modelo de Relat\u00f3rio de Doc\u00eancia Orientada PPGH<\/a><\/li><li><a style=\"color: #204c90\" href=\"https:\/\/www.ufsm.br\/app\/uploads\/sites\/510\/2023\/12\/Modelo-de-plano-de-trabalho-de-docencia-orientada-PPGH.docx\">Modelo de plano de trabalho de doc\u00eancia orientada PPGH<\/a><\/li><\/ul><\/td><\/tr><\/tbody><\/table>\t\t\t\t\t\t<\/div>\n\t\t\t\t<\/div>\n\t\t\t\t\t<\/div>\n\t\t<\/div>\n\t\t\t\t\t<\/div>\n\t\t<\/section>\n\t\t\t\t<section class=\"elementor-section elementor-top-section elementor-element elementor-element-c7f5817 elementor-section-boxed elementor-section-height-default elementor-section-height-default\" data-id=\"c7f5817\" data-element_type=\"section\">\n\t\t\t\t\t\t<div class=\"elementor-container elementor-column-gap-default\">\n\t\t\t\t\t<div class=\"elementor-column elementor-col-100 elementor-top-column elementor-element elementor-element-84061c8\" data-id=\"84061c8\" data-element_type=\"column\">\n\t\t\t<div class=\"elementor-widget-wrap elementor-element-populated\">\n\t\t\t\t\t\t<div class=\"elementor-element elementor-element-2f80a85 elementor-widget elementor-widget-text-editor\" data-id=\"2f80a85\" data-element_type=\"widget\" data-widget_type=\"text-editor.default\">\n\t\t\t\t<div class=\"elementor-widget-container\">\n\t\t\t\t\t\t\t<table style=\"border-collapse: collapse;width: 100%\"><tbody><tr><td style=\"width: 50%\"><b>Bolsas<\/b><\/td><td style=\"width: 50%\"><ul style=\"color: #000000;font-size: 16px\"><li><span style=\"color: #204c90\"><a href=\"https:\/\/www.ufsm.br\/pro-reitorias\/prpgp\/servicos\/1-cadastro-de-bolsa-demanda-social-capes\">Cadastro de Bolsa Demanda Social\/CAPES<\/a><\/span><\/li><li><a href=\"https:\/\/www.ufsm.br\/app\/uploads\/sites\/510\/2024\/09\/Relatorio-de-Bolsa.docx\"><span style=\"color: #204c90\">M<\/span>odelo de relat\u00f3rio de bolsista<\/a><\/li><li><a href=\"https:\/\/www.ufsm.br\/app\/uploads\/sites\/510\/2025\/07\/Modelo-de-solicitacao-de-dispensa-da-JAI.docx\">Modelo de pedido de dispensa da JAI<\/a><\/li><\/ul><\/td><\/tr><\/tbody><\/table>\t\t\t\t\t\t<\/div>\n\t\t\t\t<\/div>\n\t\t\t\t\t<\/div>\n\t\t<\/div>\n\t\t\t\t\t<\/div>\n\t\t<\/section>\n\t\t\t\t<\/div>\n\t\t","protected":false},"excerpt":{"rendered":"<p>\u00a0Informativos, instru\u00e7\u00f5es e manuais Ementa e Bibliografia das disciplinas do Mestrado e Doutorado Estrutura Curricular do Mestrado Estrutura Curricular do Doutorado Instru\u00e7\u00e3o Produ\u00e7\u00e3o Discente Manual de Disserta\u00e7\u00f5es e Teses MDT 2021 Fluxo para o processo de qualifica\u00e7\u00e3o de mestrado &#8211; PRPGP-SIPOS Defesa final Mestrado e Doutorado &#8211; Tutorial Formul\u00e1rio Banca de Defesa Manual de sobreviv\u00eancia [&hellip;]<\/p>\n","protected":false},"author":115,"featured_media":0,"parent":0,"menu_order":0,"comment_status":"closed","ping_status":"closed","template":"","meta":{"footnotes":""},"categories":[],"tags":[],"class_list":["post-271","page","type-page","status-publish","hentry"],"acf":[],"_links":{"self":[{"href":"https:\/\/www.ufsm.br\/cursos\/pos-graduacao\/santa-maria\/ppgh\/wp-json\/wp\/v2\/pages\/271","targetHints":{"allow":["GET"]}}],"collection":[{"href":"https:\/\/www.ufsm.br\/cursos\/pos-graduacao\/santa-maria\/ppgh\/wp-json\/wp\/v2\/pages"}],"about":[{"href":"https:\/\/www.ufsm.br\/cursos\/pos-graduacao\/santa-maria\/ppgh\/wp-json\/wp\/v2\/types\/page"}],"author":[{"embeddable":true,"href":"https:\/\/www.ufsm.br\/cursos\/pos-graduacao\/santa-maria\/ppgh\/wp-json\/wp\/v2\/users\/115"}],"replies":[{"embeddable":true,"href":"https:\/\/www.ufsm.br\/cursos\/pos-graduacao\/santa-maria\/ppgh\/wp-json\/wp\/v2\/comments?post=271"}],"version-history":[{"count":0,"href":"https:\/\/www.ufsm.br\/cursos\/pos-graduacao\/santa-maria\/ppgh\/wp-json\/wp\/v2\/pages\/271\/revisions"}],"wp:attachment":[{"href":"https:\/\/www.ufsm.br\/cursos\/pos-graduacao\/santa-maria\/ppgh\/wp-json\/wp\/v2\/media?parent=271"}],"wp:term":[{"taxonomy":"category","embeddable":true,"href":"https:\/\/www.ufsm.br\/cursos\/pos-graduacao\/santa-maria\/ppgh\/wp-json\/wp\/v2\/categories?post=271"},{"taxonomy":"post_tag","embeddable":true,"href":"https:\/\/www.ufsm.br\/cursos\/pos-graduacao\/santa-maria\/ppgh\/wp-json\/wp\/v2\/tags?post=271"}],"curies":[{"name":"wp","href":"https:\/\/api.w.org\/{rel}","templated":true}]}}