{"id":29,"date":"2018-01-18T09:10:07","date_gmt":"2018-01-18T11:10:07","guid":{"rendered":"https:\/\/www.ufsm.br\/cursos\/graduacao\/nutricao\/12352\/?page_id=29"},"modified":"2022-06-06T08:44:46","modified_gmt":"2022-06-06T11:44:46","slug":"contato","status":"publish","type":"page","link":"https:\/\/www.ufsm.br\/cursos\/pos-graduacao\/santa-maria\/ppgh\/contato","title":{"rendered":"Contato"},"content":{"rendered":"<p><strong>PPG em Hist\u00f3ria<\/strong><\/p>\n<p>Coordena\u00e7\u00e3o: <strong><span style=\"color: #0000ff\">ppghistoria@ufsm.br<\/span><\/strong><\/p>\n<p><strong>Secretaria Integrada das P\u00f3s-gradua\u00e7\u00f5es do CCSH (SIPOS\/CCSH)<\/strong><\/p>\n<p>E-mail:<strong><span style=\"color: blue;background: white\"> sipos.ccsh@ufsm.b<\/span><span style=\"color: blue\">r<\/span><\/strong><\/p>\n<p>Pr\u00e9dio 74 A &#8211; Sala 2314<\/p>\n<p><strong>Hor\u00e1rio de Atendimento:<\/strong><\/p>\n<p>De segunda a sexta-feira<\/p>\n<p>Das 08h \u00e0s 12h e das 13h \u00e0s 17h<\/p>\n","protected":false},"excerpt":{"rendered":"<p>PPG em Hist\u00f3ria Coordena\u00e7\u00e3o: ppghistoria@ufsm.br Secretaria Integrada das P\u00f3s-gradua\u00e7\u00f5es do CCSH (SIPOS\/CCSH) E-mail: sipos.ccsh@ufsm.br Pr\u00e9dio 74 A &#8211; Sala 2314 Hor\u00e1rio de Atendimento: De segunda a sexta-feira Das 08h \u00e0s 12h e das 13h \u00e0s 17h<\/p>\n","protected":false},"author":8,"featured_media":0,"parent":0,"menu_order":0,"comment_status":"closed","ping_status":"closed","template":"","meta":{"footnotes":""},"categories":[],"tags":[],"class_list":["post-29","page","type-page","status-publish","hentry"],"acf":[],"_links":{"self":[{"href":"https:\/\/www.ufsm.br\/cursos\/pos-graduacao\/santa-maria\/ppgh\/wp-json\/wp\/v2\/pages\/29","targetHints":{"allow":["GET"]}}],"collection":[{"href":"https:\/\/www.ufsm.br\/cursos\/pos-graduacao\/santa-maria\/ppgh\/wp-json\/wp\/v2\/pages"}],"about":[{"href":"https:\/\/www.ufsm.br\/cursos\/pos-graduacao\/santa-maria\/ppgh\/wp-json\/wp\/v2\/types\/page"}],"author":[{"embeddable":true,"href":"https:\/\/www.ufsm.br\/cursos\/pos-graduacao\/santa-maria\/ppgh\/wp-json\/wp\/v2\/users\/8"}],"replies":[{"embeddable":true,"href":"https:\/\/www.ufsm.br\/cursos\/pos-graduacao\/santa-maria\/ppgh\/wp-json\/wp\/v2\/comments?post=29"}],"version-history":[{"count":0,"href":"https:\/\/www.ufsm.br\/cursos\/pos-graduacao\/santa-maria\/ppgh\/wp-json\/wp\/v2\/pages\/29\/revisions"}],"wp:attachment":[{"href":"https:\/\/www.ufsm.br\/cursos\/pos-graduacao\/santa-maria\/ppgh\/wp-json\/wp\/v2\/media?parent=29"}],"wp:term":[{"taxonomy":"category","embeddable":true,"href":"https:\/\/www.ufsm.br\/cursos\/pos-graduacao\/santa-maria\/ppgh\/wp-json\/wp\/v2\/categories?post=29"},{"taxonomy":"post_tag","embeddable":true,"href":"https:\/\/www.ufsm.br\/cursos\/pos-graduacao\/santa-maria\/ppgh\/wp-json\/wp\/v2\/tags?post=29"}],"curies":[{"name":"wp","href":"https:\/\/api.w.org\/{rel}","templated":true}]}}