{"id":298,"date":"2019-01-21T12:43:54","date_gmt":"2019-01-21T14:43:54","guid":{"rendered":"https:\/\/www.ufsm.br\/cursos\/pos-graduacao\/santa-maria\/ppgh\/?page_id=298"},"modified":"2025-06-27T07:55:41","modified_gmt":"2025-06-27T10:55:41","slug":"contato-2","status":"publish","type":"page","link":"https:\/\/www.ufsm.br\/cursos\/pos-graduacao\/santa-maria\/ppgh\/contato\/contato-2","title":{"rendered":"Contato"},"content":{"rendered":"\t\t<div data-elementor-type=\"wp-page\" data-elementor-id=\"298\" class=\"elementor elementor-298\">\n\t\t\t\t\t\t<section class=\"elementor-section elementor-top-section elementor-element elementor-element-677cad5f elementor-section-boxed elementor-section-height-default elementor-section-height-default\" data-id=\"677cad5f\" data-element_type=\"section\">\n\t\t\t\t\t\t<div class=\"elementor-container elementor-column-gap-default\">\n\t\t\t\t\t<div class=\"elementor-column elementor-col-100 elementor-top-column elementor-element elementor-element-744fa6dc\" data-id=\"744fa6dc\" data-element_type=\"column\">\n\t\t\t<div class=\"elementor-widget-wrap elementor-element-populated\">\n\t\t\t\t\t\t<div class=\"elementor-element elementor-element-180254da elementor-widget elementor-widget-text-editor\" data-id=\"180254da\" data-element_type=\"widget\" data-widget_type=\"text-editor.default\">\n\t\t\t\t<div class=\"elementor-widget-container\">\n\t\t\t\t\t\t\t<p><strong>Coordena\u00e7\u00e3o<\/strong><b style=\"font-size: 1rem;background-color: var(--bs-body-bg);text-align: var(--bs-body-text-align)\"> do PPGH<\/b><\/p><p>Coordenador Prof. Dr. Guilherme Galhegos Felipes<\/p><p><strong>Base legal<\/strong> <a href=\"https:\/\/www.ufsm.br\/app\/uploads\/sites\/510\/2025\/06\/PORT_CCSH_2025_202.pdf\">PORT_CCSH_2025_202<\/a><\/p><p>Coordenadora Substituta Profa. Dra. Mariana Flores da Cunha Thompson Flores<\/p><p><strong>Base Legal<\/strong> <a href=\"https:\/\/www.ufsm.br\/app\/uploads\/sites\/510\/2025\/06\/PORT_CCSH_2025_211.pdf\">PORT_CCSH_2025_211<\/a><\/p><p><strong><span style=\"font-size: 1rem;background-color: var(--bs-body-bg);text-align: var(--bs-body-text-align)\">E-mail: <\/span><a style=\"font-size: 1rem;background-color: var(--bs-body-bg);text-align: var(--bs-body-text-align)\" href=\"mailto:ppghistoria@ufsm.br\">ppghistoria@ufsm.br<\/a><\/strong><br \/><span style=\"background-color: var(--bs-body-bg);text-align: var(--bs-body-text-align)\">Telefone: (55) 3220-9549<\/span><\/p><p><b>Secretaria Integrada de P\u00f3s-gradua\u00e7\u00e3o do CCSH (SIPOS-CCSH)<br \/><\/b><span style=\"font-size: 1rem;background-color: var(--bs-body-bg);text-align: var(--bs-body-text-align)\">E-mail:<\/span><span style=\"font-size: 1rem;background-color: var(--bs-body-bg);text-align: var(--bs-body-text-align)\"><span style=\"font-weight: bold;color: blue;background-image: initial;background-position: initial;background-size: initial;background-attachment: initial\"> sipos.ccsh@ufsm.b<\/span><span style=\"color: blue\"><b>r<br \/><\/b><\/span><\/span><span style=\"font-size: 1rem;background-color: var(--bs-body-bg);text-align: var(--bs-body-text-align)\">Telefone:\u00a0<\/span><span style=\"color: #000000\">(55) 3220-9329<\/span><span style=\"font-size: 1rem;background-color: var(--bs-body-bg);text-align: var(--bs-body-text-align)\"><br \/><\/span><span style=\"font-size: 1rem;background-color: var(--bs-body-bg);text-align: var(--bs-body-text-align)\">Hor\u00e1rio de atendimento:<br \/><\/span><span style=\"font-size: 1rem;background-color: var(--bs-body-bg);text-align: var(--bs-body-text-align)\">De segunda a sexta-feira<br \/><\/span><span style=\"font-size: 1rem;background-color: var(--bs-body-bg);text-align: var(--bs-body-text-align)\">Das 8h \u00e0s 12h e das 13h \u00e0s 17h<\/span><\/p><p><!-- \/wp:tadv\/classic-paragraph --><\/p>\t\t\t\t\t\t<\/div>\n\t\t\t\t<\/div>\n\t\t\t\t\t<\/div>\n\t\t<\/div>\n\t\t\t\t\t<\/div>\n\t\t<\/section>\n\t\t\t\t<\/div>\n\t\t","protected":false},"excerpt":{"rendered":"<p>Coordena\u00e7\u00e3o do PPGH Coordenador Prof. Dr. Guilherme Galhegos Felipes Base legal PORT_CCSH_2025_202 Coordenadora Substituta Profa. Dra. Mariana Flores da Cunha Thompson Flores Base Legal PORT_CCSH_2025_211 E-mail: ppghistoria@ufsm.brTelefone: (55) 3220-9549 Secretaria Integrada de P\u00f3s-gradua\u00e7\u00e3o do CCSH (SIPOS-CCSH)E-mail: sipos.ccsh@ufsm.brTelefone:\u00a0(55) 3220-9329Hor\u00e1rio de atendimento:De segunda a sexta-feiraDas 8h \u00e0s 12h e das 13h \u00e0s 17h<\/p>\n","protected":false},"author":115,"featured_media":0,"parent":29,"menu_order":0,"comment_status":"closed","ping_status":"closed","template":"","meta":{"footnotes":""},"categories":[],"tags":[],"class_list":["post-298","page","type-page","status-publish","hentry"],"acf":[],"_links":{"self":[{"href":"https:\/\/www.ufsm.br\/cursos\/pos-graduacao\/santa-maria\/ppgh\/wp-json\/wp\/v2\/pages\/298","targetHints":{"allow":["GET"]}}],"collection":[{"href":"https:\/\/www.ufsm.br\/cursos\/pos-graduacao\/santa-maria\/ppgh\/wp-json\/wp\/v2\/pages"}],"about":[{"href":"https:\/\/www.ufsm.br\/cursos\/pos-graduacao\/santa-maria\/ppgh\/wp-json\/wp\/v2\/types\/page"}],"author":[{"embeddable":true,"href":"https:\/\/www.ufsm.br\/cursos\/pos-graduacao\/santa-maria\/ppgh\/wp-json\/wp\/v2\/users\/115"}],"replies":[{"embeddable":true,"href":"https:\/\/www.ufsm.br\/cursos\/pos-graduacao\/santa-maria\/ppgh\/wp-json\/wp\/v2\/comments?post=298"}],"version-history":[{"count":0,"href":"https:\/\/www.ufsm.br\/cursos\/pos-graduacao\/santa-maria\/ppgh\/wp-json\/wp\/v2\/pages\/298\/revisions"}],"up":[{"embeddable":true,"href":"https:\/\/www.ufsm.br\/cursos\/pos-graduacao\/santa-maria\/ppgh\/wp-json\/wp\/v2\/pages\/29"}],"wp:attachment":[{"href":"https:\/\/www.ufsm.br\/cursos\/pos-graduacao\/santa-maria\/ppgh\/wp-json\/wp\/v2\/media?parent=298"}],"wp:term":[{"taxonomy":"category","embeddable":true,"href":"https:\/\/www.ufsm.br\/cursos\/pos-graduacao\/santa-maria\/ppgh\/wp-json\/wp\/v2\/categories?post=298"},{"taxonomy":"post_tag","embeddable":true,"href":"https:\/\/www.ufsm.br\/cursos\/pos-graduacao\/santa-maria\/ppgh\/wp-json\/wp\/v2\/tags?post=298"}],"curies":[{"name":"wp","href":"https:\/\/api.w.org\/{rel}","templated":true}]}}