{"id":300,"date":"2019-01-21T12:44:36","date_gmt":"2019-01-21T14:44:36","guid":{"rendered":"https:\/\/www.ufsm.br\/cursos\/pos-graduacao\/santa-maria\/ppgh\/?page_id=300"},"modified":"2025-06-24T16:37:25","modified_gmt":"2025-06-24T19:37:25","slug":"links","status":"publish","type":"page","link":"https:\/\/www.ufsm.br\/cursos\/pos-graduacao\/santa-maria\/ppgh\/links","title":{"rendered":"Links"},"content":{"rendered":"\t\t<div data-elementor-type=\"wp-post\" data-elementor-id=\"300\" class=\"elementor elementor-300\">\n\t\t\t\t\t\t<section class=\"elementor-section elementor-top-section elementor-element elementor-element-61f312a elementor-section-boxed elementor-section-height-default elementor-section-height-default\" data-id=\"61f312a\" data-element_type=\"section\">\n\t\t\t\t\t\t<div class=\"elementor-container elementor-column-gap-default\">\n\t\t\t\t\t<div class=\"elementor-column elementor-col-100 elementor-top-column elementor-element elementor-element-ae582ed\" data-id=\"ae582ed\" data-element_type=\"column\">\n\t\t\t<div class=\"elementor-widget-wrap elementor-element-populated\">\n\t\t\t\t\t\t<div class=\"elementor-element elementor-element-919e316 elementor-widget elementor-widget-heading\" data-id=\"919e316\" data-element_type=\"widget\" data-widget_type=\"heading.default\">\n\t\t\t\t<div class=\"elementor-widget-container\">\n\t\t\t<h5 class=\"elementor-heading-title elementor-size-default\">UFSM<\/h5>\t\t<\/div>\n\t\t\t\t<\/div>\n\t\t\t\t<div class=\"elementor-element elementor-element-c3fb847 elementor-widget elementor-widget-text-editor\" data-id=\"c3fb847\" data-element_type=\"widget\" data-widget_type=\"text-editor.default\">\n\t\t\t\t<div class=\"elementor-widget-container\">\n\t\t\t\t\t\t\t<p><a href=\"https:\/\/www.ufsm.br\/app\/uploads\/sites\/538\/2021\/12\/MDT_UFSM_2021.pdf\">MDT<\/a><br \/><a href=\"http:\/\/coral.ufsm.br\/prpgp\/\" target=\"_blank\" rel=\"noopener\">PRPGP<\/a><\/p>\t\t\t\t\t\t<\/div>\n\t\t\t\t<\/div>\n\t\t\t\t<div class=\"elementor-element elementor-element-c369501 elementor-widget elementor-widget-heading\" data-id=\"c369501\" data-element_type=\"widget\" data-widget_type=\"heading.default\">\n\t\t\t\t<div class=\"elementor-widget-container\">\n\t\t\t<h5 class=\"elementor-heading-title elementor-size-default\">CAPES<\/h5>\t\t<\/div>\n\t\t\t\t<\/div>\n\t\t\t\t<div class=\"elementor-element elementor-element-819a06c elementor-widget elementor-widget-text-editor\" data-id=\"819a06c\" data-element_type=\"widget\" data-widget_type=\"text-editor.default\">\n\t\t\t\t<div class=\"elementor-widget-container\">\n\t\t\t\t\t\t\t<p><a href=\"https:\/\/www.ufsm.br\/cursos\/pos-graduacao\/santa-maria\/ppgh\/wp-content\/uploads\/sites\/510\/2019\/01\/documento-rea-de-histria-capes-avaliao-tirenal-2010-2012.pdf\">Documento de \u00c1rea &#8211; Hist\u00f3ria<\/a><a href=\"http:\/\/coral.ufsm.br\/ppgh\/images\/ESTRUTURA_SITE\/documento%20rea%20de%20histria%20capes%20-avaliao%20tirenal%202010-2012.pdf\" target=\"_blank\" rel=\"noopener\"><br \/><\/a><a href=\"http:\/\/qualis.capes.gov.br\/webqualis\/principal.seam\" target=\"_blank\" rel=\"noopener\">WebQualis<\/a><\/p>\t\t\t\t\t\t<\/div>\n\t\t\t\t<\/div>\n\t\t\t\t<div class=\"elementor-element elementor-element-d6fccae elementor-widget elementor-widget-heading\" data-id=\"d6fccae\" data-element_type=\"widget\" data-widget_type=\"heading.default\">\n\t\t\t\t<div class=\"elementor-widget-container\">\n\t\t\t<h5 class=\"elementor-heading-title elementor-size-default\">CNPq<\/h5>\t\t<\/div>\n\t\t\t\t<\/div>\n\t\t\t\t<div class=\"elementor-element elementor-element-c73a192 elementor-widget elementor-widget-text-editor\" data-id=\"c73a192\" data-element_type=\"widget\" data-widget_type=\"text-editor.default\">\n\t\t\t\t<div class=\"elementor-widget-container\">\n\t\t\t\t\t\t\t<p><a href=\"http:\/\/lattes.cnpq.br\/\" target=\"_blank\" rel=\"noopener\">Lattes<\/a><\/p>\t\t\t\t\t\t<\/div>\n\t\t\t\t<\/div>\n\t\t\t\t<div class=\"elementor-element elementor-element-3d37d85 elementor-widget elementor-widget-heading\" data-id=\"3d37d85\" data-element_type=\"widget\" data-widget_type=\"heading.default\">\n\t\t\t\t<div class=\"elementor-widget-container\">\n\t\t\t<h5 class=\"elementor-heading-title elementor-size-default\"><a href=\"https:\/\/fapergs.rs.gov.br\/inicial\">FAPERGS<\/a><\/h5>\t\t<\/div>\n\t\t\t\t<\/div>\n\t\t\t\t<div class=\"elementor-element elementor-element-125f59f elementor-widget elementor-widget-heading\" data-id=\"125f59f\" data-element_type=\"widget\" data-widget_type=\"heading.default\">\n\t\t\t\t<div class=\"elementor-widget-container\">\n\t\t\t<h5 class=\"elementor-heading-title elementor-size-default\">PORTAIS ACAD\u00caMICOS<\/h5>\t\t<\/div>\n\t\t\t\t<\/div>\n\t\t\t\t<div class=\"elementor-element elementor-element-7fcf22c elementor-widget elementor-widget-text-editor\" data-id=\"7fcf22c\" data-element_type=\"widget\" data-widget_type=\"text-editor.default\">\n\t\t\t\t<div class=\"elementor-widget-container\">\n\t\t\t\t\t\t\t<p><a href=\"http:\/\/www-periodicos-capes-gov-br.ez47.periodicos.capes.gov.br\/index.php?option=com_phome\" target=\"_blank\" rel=\"noopener\">Portal de Peri\u00f3dicos da CAPES<\/a><br \/><a href=\"http:\/\/www.jstor.org\/\" target=\"_blank\" rel=\"noopener\">Portal de Peri\u00f3dicos JSTOR<\/a><br \/><a href=\"https:\/\/www.scielo.br\/\" target=\"_blank\" rel=\"noopener\">Portal de Peri\u00f3dicos SciELO<\/a><\/p>\t\t\t\t\t\t<\/div>\n\t\t\t\t<\/div>\n\t\t\t\t<div class=\"elementor-element elementor-element-9096cf7 elementor-widget elementor-widget-heading\" data-id=\"9096cf7\" data-element_type=\"widget\" data-widget_type=\"heading.default\">\n\t\t\t\t<div class=\"elementor-widget-container\">\n\t\t\t<h5 class=\"elementor-heading-title elementor-size-default\">LOCAIS DE PESQUISA<\/h5>\t\t<\/div>\n\t\t\t\t<\/div>\n\t\t\t\t<div class=\"elementor-element elementor-element-f6e1dae elementor-widget elementor-widget-text-editor\" data-id=\"f6e1dae\" data-element_type=\"widget\" data-widget_type=\"text-editor.default\">\n\t\t\t\t<div class=\"elementor-widget-container\">\n\t\t\t\t\t\t\t<p><strong>No Brasil<\/strong><\/p><p><a href=\"https:\/\/www.gov.br\/arquivonacional\/pt-br\" target=\"_blank\" rel=\"noopener\">Arquivo Nacional<\/a><\/p><p><a href=\"http:\/\/www.apers.rs.gov.br\/portal\/index.php\">Arquivo P\u00fablico do Estado do Rio Grande do Sul<\/a><\/p><p><a href=\"https:\/\/www.bn.gov.br\/\" target=\"_self\">Biblioteca Nacional<\/a><\/p><p><a href=\"http:\/\/www.funag.gov.br\/pt_br\/\" target=\"_blank\" rel=\"noopener\">Funda\u00e7\u00e3o Alexandre de Gusm\u00e3o (FUNAG)<\/a><\/p><p><a href=\"http:\/\/www.fee.rs.gov.br\/\">Funda\u00e7\u00e3o de Economia e Estat\u00edstica do Rio Grande do Sul<\/a><\/p><p><a href=\"http:\/\/cpdoc.fgv.br\/pesquisa\">Funda\u00e7\u00e3o Get\u00falio Vargas (CPDOC &#8211; FGV)<\/a><\/p><p><a href=\"http:\/\/www.ihgrgs.org.br\/\" target=\"_blank\" rel=\"noopener\">Instituto Hist\u00f3rico e Geogr\u00e1fico do Rio Grande do Sul (IHGRGS)<\/a><\/p><p><a href=\"http:\/\/www2.al.rs.gov.br\/memorial\/\" target=\"_blank\" rel=\"noopener\">Memorial da Assembl\u00e9ia Legislativa do Rio Grande do Sul<\/a><\/p><p><a href=\"http:\/\/www.museudacomunicacao.rs.gov.br\/site\/\" target=\"_blank\" rel=\"noopener\">Museu da Comunica\u00e7\u00e3o Hip\u00f3lito Jos\u00e9 da Costa<\/a><\/p><p><strong>No exterior:<\/strong><\/p><p><a href=\"http:\/\/www.mininterior.gov.ar\/agn\/agn.php\">Archivo General de la Naci\u00f3n (Argentina)<\/a><\/p><p><a href=\"http:\/\/www.agn.gub.uy\/\" target=\"_blank\" rel=\"noopener\">Archivo General de la Naci\u00f3n (Uruguai)<\/a><\/p><p><a href=\"http:\/\/www.universidad.edu.uy\/renderPage\/index\/siteId\/5\" target=\"_blank\" rel=\"noopener\">Archivo General de la Universidad de la Rep\u00fablica (Uruguai)<\/a><\/p><p><a href=\"http:\/\/www.archives-nationales.culture.gouv.fr\/\">Archives Nationales (Fran\u00e7a)<\/a><\/p><p><a href=\"http:\/\/ec.europa.eu\/historical_archives\/index_en.htm\">Arquivo Hist\u00f3rico da Uni\u00e3o Europeia<\/a><\/p><p><a href=\"http:\/\/antt.dglab.gov.pt\/\">Arquivo Nacional da Torre do Tombo (Portugal)<\/a><\/p><p><a href=\"http:\/\/www.bnportugal.gov.pt\/\">Biblioteca Nacional de Portugal (Portugal)<\/a><\/p><p><a href=\"https:\/\/repository.library.brown.edu\/studio\/\">Brown Digital Repository (Estados Unidos)<\/a><\/p><p><a href=\"http:\/\/institutos.filo.uba.ar\/ravignani\/\" target=\"_blank\" rel=\"noopener\">Instituto de Historia Argentina y Americana \u201cDr. Emilio Ravignani\u201d (Argentina)<\/a><\/p><p><a href=\"https:\/\/gallica.bnf.fr\/\">Gallica &#8211; Portal da Biblioteca Naciona de Fran\u00e7a (Fran\u00e7a<\/a>)<\/p><p><a href=\"http:\/\/www.agn.gob.mx\/\" target=\"_blank\" rel=\"noopener\">Archivo General de la Naci\u00f3n (M\u00e9xico)<\/a><\/p><p><a href=\"http:\/\/nsarchive.gwu.edu\/NSAEBB\/index.html\" target=\"_blank\" rel=\"noopener\">The National Security Archive (Estados Unidos)<\/a><\/p><p><a href=\"http:\/\/www.archives.gov\/index.html\" target=\"_blank\" rel=\"noopener\">National Archives (Estados Unidos)<\/a><\/p><p><a href=\"http:\/\/cvc.cervantes.es\/obref\/arnac\/indias\/\" target=\"_blank\" rel=\"noopener\">Archivo General de Indias (Espanha)<\/a><\/p><p><a href=\"http:\/\/www.nationalarchives.gov.uk\/\" target=\"_blank\" rel=\"noopener\">National Archives (Reino Unido)<\/a><\/p><p><a href=\"http:\/\/archivi.beniculturali.it\/\" target=\"_blank\" rel=\"noopener\">Direzioni Generale Archivi (It\u00e1lia)<\/a><\/p><p><a href=\"http:\/\/www.museohistorico.gub.uy\/\">Museo Historico Nacional (Uruguai)<\/a><\/p><p><a href=\"http:\/\/pares.mcu.es\/\">Portal de Archivos Espa\u00f1oles, PARES (Espanha)<\/a><\/p><p><a href=\"http:\/\/www.periodicas.edu.uy\/\">Publicaciones Peri\u00f3dicas del Uruguay (Uruguai)<\/a><\/p><p><a href=\"http:\/\/www.bundesarchiv.de\/index.html.de\" target=\"_blank\" rel=\"noopener\">Das Bundesarchiv (Alemanha)<\/a><\/p>\t\t\t\t\t\t<\/div>\n\t\t\t\t<\/div>\n\t\t\t\t\t<\/div>\n\t\t<\/div>\n\t\t\t\t\t<\/div>\n\t\t<\/section>\n\t\t\t\t<\/div>\n\t\t","protected":false},"excerpt":{"rendered":"<p>UFSM MDTPRPGP CAPES Documento de \u00c1rea &#8211; Hist\u00f3riaWebQualis CNPq Lattes FAPERGS PORTAIS ACAD\u00caMICOS Portal de Peri\u00f3dicos da CAPESPortal de Peri\u00f3dicos JSTORPortal de Peri\u00f3dicos SciELO LOCAIS DE PESQUISA No Brasil Arquivo Nacional Arquivo P\u00fablico do Estado do Rio Grande do Sul Biblioteca Nacional Funda\u00e7\u00e3o Alexandre de Gusm\u00e3o (FUNAG) Funda\u00e7\u00e3o de Economia e Estat\u00edstica do Rio Grande [&hellip;]<\/p>\n","protected":false},"author":115,"featured_media":0,"parent":0,"menu_order":0,"comment_status":"closed","ping_status":"closed","template":"","meta":{"footnotes":""},"categories":[],"tags":[],"class_list":["post-300","page","type-page","status-publish","hentry"],"acf":[],"_links":{"self":[{"href":"https:\/\/www.ufsm.br\/cursos\/pos-graduacao\/santa-maria\/ppgh\/wp-json\/wp\/v2\/pages\/300","targetHints":{"allow":["GET"]}}],"collection":[{"href":"https:\/\/www.ufsm.br\/cursos\/pos-graduacao\/santa-maria\/ppgh\/wp-json\/wp\/v2\/pages"}],"about":[{"href":"https:\/\/www.ufsm.br\/cursos\/pos-graduacao\/santa-maria\/ppgh\/wp-json\/wp\/v2\/types\/page"}],"author":[{"embeddable":true,"href":"https:\/\/www.ufsm.br\/cursos\/pos-graduacao\/santa-maria\/ppgh\/wp-json\/wp\/v2\/users\/115"}],"replies":[{"embeddable":true,"href":"https:\/\/www.ufsm.br\/cursos\/pos-graduacao\/santa-maria\/ppgh\/wp-json\/wp\/v2\/comments?post=300"}],"version-history":[{"count":0,"href":"https:\/\/www.ufsm.br\/cursos\/pos-graduacao\/santa-maria\/ppgh\/wp-json\/wp\/v2\/pages\/300\/revisions"}],"wp:attachment":[{"href":"https:\/\/www.ufsm.br\/cursos\/pos-graduacao\/santa-maria\/ppgh\/wp-json\/wp\/v2\/media?parent=300"}],"wp:term":[{"taxonomy":"category","embeddable":true,"href":"https:\/\/www.ufsm.br\/cursos\/pos-graduacao\/santa-maria\/ppgh\/wp-json\/wp\/v2\/categories?post=300"},{"taxonomy":"post_tag","embeddable":true,"href":"https:\/\/www.ufsm.br\/cursos\/pos-graduacao\/santa-maria\/ppgh\/wp-json\/wp\/v2\/tags?post=300"}],"curies":[{"name":"wp","href":"https:\/\/api.w.org\/{rel}","templated":true}]}}