{"id":3113,"date":"2025-12-17T08:12:19","date_gmt":"2025-12-17T11:12:19","guid":{"rendered":"https:\/\/www.ufsm.br\/cursos\/pos-graduacao\/santa-maria\/ppgh\/?page_id=3113"},"modified":"2026-02-09T13:01:42","modified_gmt":"2026-02-09T16:01:42","slug":"gunther-richter-mros-2","status":"publish","type":"page","link":"https:\/\/www.ufsm.br\/cursos\/pos-graduacao\/santa-maria\/ppgh\/gunther-richter-mros-2","title":{"rendered":"G\u00fcnther Richter Mros"},"content":{"rendered":"\t\t<div data-elementor-type=\"wp-page\" data-elementor-id=\"3113\" class=\"elementor elementor-3113\">\n\t\t\t\t\t\t<section class=\"elementor-section elementor-top-section elementor-element elementor-element-37e64723 elementor-section-boxed elementor-section-height-default elementor-section-height-default\" data-id=\"37e64723\" data-element_type=\"section\">\n\t\t\t\t\t\t<div class=\"elementor-container elementor-column-gap-default\">\n\t\t\t\t\t<div class=\"elementor-column elementor-col-100 elementor-top-column elementor-element elementor-element-28e0ec76\" data-id=\"28e0ec76\" data-element_type=\"column\">\n\t\t\t<div class=\"elementor-widget-wrap elementor-element-populated\">\n\t\t\t\t\t\t<div class=\"elementor-element elementor-element-79a9d13f elementor-widget elementor-widget-text-editor\" data-id=\"79a9d13f\" data-element_type=\"widget\" data-widget_type=\"text-editor.default\">\n\t\t\t\t<div class=\"elementor-widget-container\">\n\t\t\t\t\t\t\t<p style=\"text-align: justify\"><img decoding=\"async\" class=\"alignleft wp-image-3111 size-thumbnail\" src=\"https:\/\/www.ufsm.br\/app\/uploads\/sites\/510\/2025\/12\/Gunther-Richter-Mros-150x150.jpg\" alt=\"\" width=\"150\" height=\"150\" \/>\u00a0 \u00a0Professor adjunto IV do Departamento de Economia e Rela\u00e7\u00f5es Internacionais da Universidade Federal de Santa Maria (UFSM), onde leciona no curso de Rela\u00e7\u00f5es Internacionais. Doutor em Hist\u00f3ria pela UFSM (2019), com est\u00e1gio doutoral na Universidade de Buenos Aires (Bolsa CAPES PDSE, 2017), \u00e9 tamb\u00e9m mestre em Rela\u00e7\u00f5es Internacionais pela Universidade de Bras\u00edlia (2011) e graduado na mesma \u00e1rea pelo Centro Universit\u00e1rio de Bras\u00edlia (2005). Integra o corpo docente do Programa de P\u00f3s-Gradua\u00e7\u00e3o em Patrim\u00f4nio Cultural da UFSM. Suas pesquisas concentram-se na hist\u00f3ria das rela\u00e7\u00f5es internacionais e da pol\u00edtica externa brasileira, hist\u00f3ria global, Am\u00e9rica Latina, Agenda 2030 e patrim\u00f4nio cultural. \u00c9 coordenador do GT de Hist\u00f3ria das Rela\u00e7\u00f5es Internacionais da ANPUH e da \u00c1rea Tem\u00e1tica de Hist\u00f3ria das Rela\u00e7\u00f5es Internacionais e da Pol\u00edtica Externa da ABRI (bi\u00eanio 20252027). Entre 2021 e 2023, coordenou o curso de Rela\u00e7\u00f5es Internacionais da UFSM. \u00c9 criador e coordenador do Programa de Extens\u00e3o Juca nas Escolas (www.ufsm.br\/juca-nas-escolas) e lidera o Laborat\u00f3rio de Hist\u00f3ria das Rela\u00e7\u00f5es Internacionais.<\/p>\n<p style=\"color: #000000;font-size: 16px;text-align: justify\"><span style=\"font-weight: bolder\">Contato: <a href=\"mailto:gunther.mros@ufsm.br\">gunther.mros@ufsm.br<\/a><\/span><\/p>\n<p style=\"color: #000000;font-size: 16px;text-align: justify\"><span style=\"font-weight: bolder\">CV Lattes: <a href=\"http:\/\/lattes.cnpq.br\/2111143546940801\">http:\/\/lattes.cnpq.br\/2111143546940801<\/a><\/span><\/p>\n<p style=\"color: #000000;font-size: 16px;text-align: justify\"><span style=\"font-weight: bolder\">ORCid:\u00a0<a href=\"https:\/\/orcid.org\/0000-0002-1111-0956\"> https:\/\/orcid.org\/0000-0002-1111-0956<\/a><\/span><\/p>\n<p>\u00a0<\/p>\n<p style=\"color: #000000;font-size: 16px;text-align: justify\"><span style=\"font-weight: bolder\">Linhas de pesquisa<\/span><\/p>\n<p>\u00a0<\/p>\n<h1 style=\"color: #000000;font-size: 16px;text-align: justify\"><strong><a style=\"color: #204c90\" href=\"https:\/\/www.ufsm.br\/cursos\/pos-graduacao\/santa-maria\/ppgh\/linhas-de-pesquisa\/\">Fronteira, pol\u00edtica e sociedade<\/a><\/strong><\/h1>\n<p><span style=\"font-weight: bolder\">Temas de pesquisa:<\/span><\/p>\n<ul>\n<li>\n<p>Hist\u00f3ria do Tempo Presente das fronteiras nos s\u00e9culos XX e XXI<\/p>\n<\/li>\n<li>\n<p>Hist\u00f3ria Global e processos hist\u00f3ricos de mundializa\u00e7\u00e3o em espa\u00e7os de fronteira<\/p>\n<\/li>\n<li>\n<p>Hist\u00f3ria da pol\u00edtica externa brasileira e din\u00e2micas fronteiri\u00e7as latino-americanas<\/p>\n<\/li>\n<li>\n<p>Cultura pol\u00edtica, identidades e alteridade em regi\u00f5es de fronteira<\/p>\n<\/li>\n<li>\n<p>Hist\u00f3ria ambiental das fronteiras: conflitos, mem\u00f3ria e sustentabilidade<\/p>\n<\/li>\n<li>\n<p>Teoria e epistemologia da Hist\u00f3ria: mem\u00f3ria, experi\u00eancia e expectativa (Koselleck)<\/p>\n<\/li>\n<\/ul>\n<p style=\"color: #000000;font-size: 16px;text-align: justify\"><span style=\"font-weight: bolder\">Projetos ativos:<\/span><\/p>\n<p style=\"text-align: justify\">Fronteiras da dimens\u00e3o pol\u00edtica e da historicidade na Hist\u00f3ria das Rela\u00e7\u00f5es Internacionais: mundializa\u00e7\u00e3o e pol\u00edtica externa no Brasil e na Am\u00e9rica Latina (s\u00e9culos XX e XXI).<\/p>\n<p>\u00a0<\/p>\n<h1 style=\"color: #000000;font-size: 16px;text-align: justify\"><a href=\"https:\/\/www.ufsm.br\/cursos\/pos-graduacao\/santa-maria\/ppgh\/linhas-de-pesquisa\"><strong>Mem\u00f3ria e Patrim\u00f4nio<\/strong>\u00a0<\/a><\/h1>\n<p style=\"color: #000000;font-size: 16px;text-align: justify\"><span style=\"font-weight: bolder\">Temas de pesquisa<\/span><\/p>\n<ul>\n<li>\n<p>Mem\u00f3ria, Hist\u00f3ria do Tempo Presente e usos pol\u00edticos do passado<\/p>\n<\/li>\n<li>\n<p>Patrim\u00f4nio, mem\u00f3ria ambiental e sustentabilidade em perspectiva hist\u00f3rica<\/p>\n<\/li>\n<li>\n<p>Mem\u00f3ria da pol\u00edtica externa e da diplomacia brasileira no s\u00e9culo XX<\/p>\n<\/li>\n<li>\n<p>Mundializa\u00e7\u00e3o, cultura e processos hist\u00f3ricos de patrimonializa\u00e7\u00e3o<\/p>\n<\/li>\n<li>\n<p>Teoria e epistemologia da Hist\u00f3ria: mem\u00f3ria, experi\u00eancia e expectativa (Koselleck)<\/p>\n<\/li>\n<\/ul>\n<p style=\"color: #000000;font-size: 16px;text-align: justify\"><span style=\"font-weight: bolder\">Projetos ativos:<\/span><\/p>\n<p style=\"text-align: justify\">O global e o local enquanto dimens\u00f5es transversais no patrim\u00f4nio cultural da agenda 2030: estudos sobre os objetivos de desenvolvimento sustent\u00e1vel na Am\u00e9rica Platina em perspectivas contempor\u00e2nea e hist\u00f3rica<\/p>\n<p>\u00a0<\/p>\n<h5><strong><span style=\"color: #0d0d0d;font-family: Helvetica Neue, Helvetica, Arial, sans-serif\">Grupo de Pesquisa UFSM \/ CNPq: Laborat\u00f3rio de Hist\u00f3ria das Rela\u00e7\u00f5es Internacionais &#8211; LabHRI<\/span><\/strong><\/h5>\n<div><span style=\"color: #0d0d0d;font-family: Helvetica Neue, Helvetica, Arial, sans-serif\">\u00a0<\/span><\/div>\n<div><strong><a href=\"https:\/\/www.ufsm.br\/grupos\/LabHRI\" target=\"_blank\" rel=\"noopener\" data-saferedirecturl=\"https:\/\/www.google.com\/url?q=https:\/\/www.ufsm.br\/grupos\/LabHRI&amp;source=gmail&amp;ust=1770735074458000&amp;usg=AOvVaw3R8llDb1xqx2A4Ll1COhK_\">https:\/\/www.ufsm.br\/grupos\/<wbr \/>LabHRI<\/a><\/strong><\/div>\n<p><!-- \/wp:tadv\/classic-paragraph --><\/p>\t\t\t\t\t\t<\/div>\n\t\t\t\t<\/div>\n\t\t\t\t\t<\/div>\n\t\t<\/div>\n\t\t\t\t\t<\/div>\n\t\t<\/section>\n\t\t\t\t<\/div>\n\t\t","protected":false},"excerpt":{"rendered":"<p>\u00a0 \u00a0Professor adjunto IV do Departamento de Economia e Rela\u00e7\u00f5es Internacionais da Universidade Federal de Santa Maria (UFSM), onde leciona no curso de Rela\u00e7\u00f5es Internacionais. Doutor em Hist\u00f3ria pela UFSM (2019), com est\u00e1gio doutoral na Universidade de Buenos Aires (Bolsa CAPES PDSE, 2017), \u00e9 tamb\u00e9m mestre em Rela\u00e7\u00f5es Internacionais pela Universidade de Bras\u00edlia (2011) e [&hellip;]<\/p>\n","protected":false},"author":905,"featured_media":0,"parent":0,"menu_order":0,"comment_status":"closed","ping_status":"closed","template":"","meta":{"footnotes":""},"categories":[],"tags":[],"class_list":["post-3113","page","type-page","status-publish","hentry"],"acf":[],"_links":{"self":[{"href":"https:\/\/www.ufsm.br\/cursos\/pos-graduacao\/santa-maria\/ppgh\/wp-json\/wp\/v2\/pages\/3113","targetHints":{"allow":["GET"]}}],"collection":[{"href":"https:\/\/www.ufsm.br\/cursos\/pos-graduacao\/santa-maria\/ppgh\/wp-json\/wp\/v2\/pages"}],"about":[{"href":"https:\/\/www.ufsm.br\/cursos\/pos-graduacao\/santa-maria\/ppgh\/wp-json\/wp\/v2\/types\/page"}],"author":[{"embeddable":true,"href":"https:\/\/www.ufsm.br\/cursos\/pos-graduacao\/santa-maria\/ppgh\/wp-json\/wp\/v2\/users\/905"}],"replies":[{"embeddable":true,"href":"https:\/\/www.ufsm.br\/cursos\/pos-graduacao\/santa-maria\/ppgh\/wp-json\/wp\/v2\/comments?post=3113"}],"version-history":[{"count":0,"href":"https:\/\/www.ufsm.br\/cursos\/pos-graduacao\/santa-maria\/ppgh\/wp-json\/wp\/v2\/pages\/3113\/revisions"}],"wp:attachment":[{"href":"https:\/\/www.ufsm.br\/cursos\/pos-graduacao\/santa-maria\/ppgh\/wp-json\/wp\/v2\/media?parent=3113"}],"wp:term":[{"taxonomy":"category","embeddable":true,"href":"https:\/\/www.ufsm.br\/cursos\/pos-graduacao\/santa-maria\/ppgh\/wp-json\/wp\/v2\/categories?post=3113"},{"taxonomy":"post_tag","embeddable":true,"href":"https:\/\/www.ufsm.br\/cursos\/pos-graduacao\/santa-maria\/ppgh\/wp-json\/wp\/v2\/tags?post=3113"}],"curies":[{"name":"wp","href":"https:\/\/api.w.org\/{rel}","templated":true}]}}