{"id":417,"date":"2019-01-22T11:21:28","date_gmt":"2019-01-22T13:21:28","guid":{"rendered":"https:\/\/www.ufsm.br\/cursos\/pos-graduacao\/santa-maria\/ppgh\/?page_id=417"},"modified":"2019-01-22T11:21:31","modified_gmt":"2019-01-22T13:21:31","slug":"video","status":"publish","type":"page","link":"https:\/\/www.ufsm.br\/cursos\/pos-graduacao\/santa-maria\/ppgh\/video","title":{"rendered":"V\u00eddeo"},"content":{"rendered":"\n<p><a href=\"https:\/\/www.youtube.com\/watch?v=hENfRl06YvM\" target=\"_blank\" rel=\"noopener\">Acontece na UFSM &#8211; Congresso Brasil\/Portugal: Ditaduras, Transi\u00e7\u00f5es e Democracias<\/a><\/p>\n<p><a href=\"http:\/\/www.multiweb.ufsm.br\/webtraining\/video\/709\" target=\"_blank\" rel=\"noopener\">Aula Inaugural do Programa de P\u00f3s-Gradua\u00e7\u00e3o em Hist\u00f3ria<\/a>\u00a02015<\/p>\n","protected":false},"excerpt":{"rendered":"<p>Acontece na UFSM &#8211; Congresso Brasil\/Portugal: Ditaduras, Transi\u00e7\u00f5es e Democracias Aula Inaugural do Programa de P\u00f3s-Gradua\u00e7\u00e3o em Hist\u00f3ria\u00a02015<\/p>\n","protected":false},"author":115,"featured_media":0,"parent":0,"menu_order":0,"comment_status":"closed","ping_status":"closed","template":"","meta":{"footnotes":""},"categories":[],"tags":[],"class_list":["post-417","page","type-page","status-publish","hentry"],"acf":[],"_links":{"self":[{"href":"https:\/\/www.ufsm.br\/cursos\/pos-graduacao\/santa-maria\/ppgh\/wp-json\/wp\/v2\/pages\/417","targetHints":{"allow":["GET"]}}],"collection":[{"href":"https:\/\/www.ufsm.br\/cursos\/pos-graduacao\/santa-maria\/ppgh\/wp-json\/wp\/v2\/pages"}],"about":[{"href":"https:\/\/www.ufsm.br\/cursos\/pos-graduacao\/santa-maria\/ppgh\/wp-json\/wp\/v2\/types\/page"}],"author":[{"embeddable":true,"href":"https:\/\/www.ufsm.br\/cursos\/pos-graduacao\/santa-maria\/ppgh\/wp-json\/wp\/v2\/users\/115"}],"replies":[{"embeddable":true,"href":"https:\/\/www.ufsm.br\/cursos\/pos-graduacao\/santa-maria\/ppgh\/wp-json\/wp\/v2\/comments?post=417"}],"version-history":[{"count":0,"href":"https:\/\/www.ufsm.br\/cursos\/pos-graduacao\/santa-maria\/ppgh\/wp-json\/wp\/v2\/pages\/417\/revisions"}],"wp:attachment":[{"href":"https:\/\/www.ufsm.br\/cursos\/pos-graduacao\/santa-maria\/ppgh\/wp-json\/wp\/v2\/media?parent=417"}],"wp:term":[{"taxonomy":"category","embeddable":true,"href":"https:\/\/www.ufsm.br\/cursos\/pos-graduacao\/santa-maria\/ppgh\/wp-json\/wp\/v2\/categories?post=417"},{"taxonomy":"post_tag","embeddable":true,"href":"https:\/\/www.ufsm.br\/cursos\/pos-graduacao\/santa-maria\/ppgh\/wp-json\/wp\/v2\/tags?post=417"}],"curies":[{"name":"wp","href":"https:\/\/api.w.org\/{rel}","templated":true}]}}