{"id":204,"date":"2019-03-28T16:56:12","date_gmt":"2019-03-28T19:56:12","guid":{"rendered":"https:\/\/www.ufsm.br\/cursos\/pos-graduacao\/santa-maria\/ppgletras\/?page_id=204"},"modified":"2026-04-02T13:39:53","modified_gmt":"2026-04-02T16:39:53","slug":"equipe-administrativa","status":"publish","type":"page","link":"https:\/\/www.ufsm.br\/cursos\/pos-graduacao\/santa-maria\/ppgletras\/equipe-administrativa","title":{"rendered":"Equipe Administrativa"},"content":{"rendered":"\t\t<div data-elementor-type=\"wp-post\" data-elementor-id=\"204\" class=\"elementor elementor-204\">\n\t\t\t\t\t\t<section class=\"elementor-section elementor-top-section elementor-element elementor-element-325c0bfe elementor-section-boxed elementor-section-height-default elementor-section-height-default\" data-id=\"325c0bfe\" data-element_type=\"section\">\n\t\t\t\t\t\t<div class=\"elementor-container elementor-column-gap-default\">\n\t\t\t\t\t<div class=\"elementor-column elementor-col-100 elementor-top-column elementor-element elementor-element-461adf17\" data-id=\"461adf17\" data-element_type=\"column\">\n\t\t\t<div class=\"elementor-widget-wrap elementor-element-populated\">\n\t\t\t\t\t\t<div class=\"elementor-element elementor-element-2fc812b4 elementor-widget elementor-widget-text-editor\" data-id=\"2fc812b4\" data-element_type=\"widget\" data-widget_type=\"text-editor.default\">\n\t\t\t\t<div class=\"elementor-widget-container\">\n\t\t\t\t\t\t\t<h5>Coordena\u00e7\u00e3o<\/h5><p><strong>Coordenadora<br \/><\/strong>Prof.\u00aa Dr.\u00aa Raquel Trentin Oliveira<\/p><p><strong>Coordenador Substituto<br \/><\/strong>Prof. Dr. Dionei Mathias<br \/><br \/><strong>E-mail da Coordena\u00e7\u00e3o:\u00a0<\/strong><a href=\"mailto:ppgletras@ufsm.br\">ppgletras@ufsm.br<\/a><\/p><p><!-- \/wp:tadv\/classic-paragraph --><\/p>\t\t\t\t\t\t<\/div>\n\t\t\t\t<\/div>\n\t\t\t\t\t<\/div>\n\t\t<\/div>\n\t\t\t\t\t<\/div>\n\t\t<\/section>\n\t\t\t\t<section class=\"elementor-section elementor-top-section elementor-element elementor-element-9bf7688 elementor-section-boxed elementor-section-height-default elementor-section-height-default\" data-id=\"9bf7688\" data-element_type=\"section\">\n\t\t\t\t\t\t<div class=\"elementor-container elementor-column-gap-default\">\n\t\t\t\t\t<div class=\"elementor-column elementor-col-100 elementor-top-column elementor-element elementor-element-a91324c\" data-id=\"a91324c\" data-element_type=\"column\">\n\t\t\t<div class=\"elementor-widget-wrap elementor-element-populated\">\n\t\t\t\t\t\t<div class=\"elementor-element elementor-element-1242684 elementor-widget elementor-widget-text-editor\" data-id=\"1242684\" data-element_type=\"widget\" data-widget_type=\"text-editor.default\">\n\t\t\t\t<div class=\"elementor-widget-container\">\n\t\t\t\t\t\t\t<h5>Secretaria Integrada de P\u00f3s-Gradua\u00e7\u00e3o (SIPOG):\u00a0<\/h5><p><strong>Equipe<br \/><\/strong>Hellen Reis de Mello (Chefe da secretaria)<br \/>Felipe Dias Feltrin<br \/>Alcindo Busanello<\/p><p><strong>Fone:<\/strong> (55) 3220 8359\u00a0<\/p><p><strong>E-mail da Secretaria:<\/strong> <a href=\"mailto:sipog.cal@ufsm.br\">sipog.cal@ufsm.br<\/a><\/p>\t\t\t\t\t\t<\/div>\n\t\t\t\t<\/div>\n\t\t\t\t\t<\/div>\n\t\t<\/div>\n\t\t\t\t\t<\/div>\n\t\t<\/section>\n\t\t\t\t<section class=\"elementor-section elementor-top-section elementor-element elementor-element-b2bc4a9 elementor-section-boxed elementor-section-height-default elementor-section-height-default\" data-id=\"b2bc4a9\" data-element_type=\"section\">\n\t\t\t\t\t\t<div class=\"elementor-container elementor-column-gap-default\">\n\t\t\t\t\t<div class=\"elementor-column elementor-col-100 elementor-top-column elementor-element elementor-element-fef149c\" data-id=\"fef149c\" data-element_type=\"column\">\n\t\t\t<div class=\"elementor-widget-wrap elementor-element-populated\">\n\t\t\t\t\t\t<div class=\"elementor-element elementor-element-27e3d21 elementor-widget elementor-widget-text-editor\" data-id=\"27e3d21\" data-element_type=\"widget\" data-widget_type=\"text-editor.default\">\n\t\t\t\t<div class=\"elementor-widget-container\">\n\t\t\t\t\t\t\t<h5>Colegiado<\/h5><table style=\"border-collapse: collapse;width: 100%\"><tbody><tr><td style=\"width: 50%\"><p><span style=\"font-size: 14pt\"><strong><span style=\"font-family: georgia, palatino, serif\">Presidente:<\/span><\/strong><\/span><\/p><p><span style=\"font-size: 14pt\">Prof.\u00aa Dr.\u00aa <\/span>Raquel Trentin Oliveira<\/p><p><span style=\"font-size: 14pt\"><strong><span style=\"font-family: georgia, palatino, serif\">Vice-presidente:<\/span><\/strong><\/span><\/p><p><span style=\"font-size: 14pt\">Prof. Dr. Dionei Mathias<\/span><\/p><p><span style=\"font-size: 14pt\"><strong><span style=\"font-family: georgia, palatino, serif\">Representante Docente da \u00c1rea de Estudos Lingu\u00edsticos:<\/span><\/strong><\/span><\/p><p><span style=\"font-family: georgia, palatino, serif;font-size: 14pt\">Titular: <\/span><span style=\"font-family: georgia, palatino, serif;font-size: 18.6667px\">Prof.\u00aa Dr.\u00aa Tatiana Keller<\/span><span style=\"text-align: var(--bs-body-text-align);font-weight: var( --e-global-typography-text-font-weight )\">\u00a0<\/span><span style=\"font-size: 16px;font-weight: var( --e-global-typography-text-font-weight );text-align: var(--bs-body-text-align)\">\u00a0<\/span><\/p><p><span style=\"font-family: georgia, palatino, serif;font-size: 14pt\">Suplente:\u00a0<\/span><span style=\"font-family: georgia, palatino, serif;font-size: 14pt\">Prof.\u00aa Dr.\u00aa Francieli Matzenbacher Pinton<\/span><\/p><p><span style=\"font-size: 14pt\"><strong><span style=\"font-family: georgia, palatino, serif\">Representante Docente da \u00c1rea de Estudos Liter\u00e1rios:<\/span><\/strong><\/span><\/p><p><span style=\"font-family: georgia, palatino, serif;font-size: 14pt\">Titular: <span style=\"font-size: 14pt\"><span style=\"font-family: georgia, palatino, serif\">Prof.\u00aa Dr.\u00aa<\/span><\/span>\u00a0Renata Farias de Felippe<\/span><\/p><p><span style=\"font-size: 14pt\"><span style=\"font-family: georgia, palatino, serif\">Suplente: <span style=\"font-family: georgia, palatino, serif;font-size: 14pt\">Prof.\u00aa Dr.\u00aa Monica Chagas da Costa<\/span><\/span><\/span><\/p><p><span style=\"font-size: 14pt\"><strong><span style=\"font-family: georgia, palatino, serif\">Representantes Discentes:<\/span><\/strong><\/span><br \/><span style=\"font-size: 14pt\"><strong><span style=\"font-family: georgia, palatino, serif\">Doutorado:<\/span><\/strong><\/span><\/p><p><span style=\"font-family: georgia, palatino, serif;font-size: 14pt\">Titular: Ja\u00edne de F\u00e1tima Machado da Silva<\/span><\/p><p><span style=\"font-family: georgia, palatino, serif;font-size: 14pt\">Suplente: Tha\u00edne Fernanda Sell<\/span><\/p><\/td><td style=\"width: 50%;vertical-align: top\"><h5><a href=\"https:\/\/portal.ufsm.br\/documentos\/download.html?action=componente&amp;download=false&amp;id=6418880\">PORTARIA DE PESSOAL CAL\/UFSM N\u00b0 174, DE 20 DE OUTUBRO DE 2025.<\/a><\/h5><\/td><\/tr><\/tbody><\/table><p>\u00a0<\/p>\t\t\t\t\t\t<\/div>\n\t\t\t\t<\/div>\n\t\t\t\t\t<\/div>\n\t\t<\/div>\n\t\t\t\t\t<\/div>\n\t\t<\/section>\n\t\t\t\t<section class=\"elementor-section elementor-top-section elementor-element elementor-element-8bf0aee elementor-section-boxed elementor-section-height-default elementor-section-height-default\" data-id=\"8bf0aee\" data-element_type=\"section\">\n\t\t\t\t\t\t<div class=\"elementor-container elementor-column-gap-default\">\n\t\t\t\t\t<div class=\"elementor-column elementor-col-100 elementor-top-column elementor-element elementor-element-a8493d9\" data-id=\"a8493d9\" data-element_type=\"column\">\n\t\t\t<div class=\"elementor-widget-wrap elementor-element-populated\">\n\t\t\t\t\t\t<div class=\"elementor-element elementor-element-d83aa7c elementor-widget elementor-widget-text-editor\" data-id=\"d83aa7c\" data-element_type=\"widget\" data-widget_type=\"text-editor.default\">\n\t\t\t\t<div class=\"elementor-widget-container\">\n\t\t\t\t\t\t\t<h5>Comiss\u00e3o de Bolsas\u00a0<\/h5><table style=\"border-collapse: collapse;width: 100%\"><tbody><tr><td style=\"width: 50%\"><p><strong>Representantes da Coordena\u00e7\u00e3o<\/strong><\/p><p><strong>Presidente<br \/><\/strong>Prof.\u00aa Dr.\u00aa Raquel Trentin Oliveira<\/p><p><strong>Vice-presidente<br \/><\/strong>Prof. Dr. Dionei Mathias<br \/><br \/><strong>Representantes Docentes da \u00c1rea de Estudos Lingu\u00edsticos:<\/strong><\/p><p><span style=\"font-family: 'Arial','sans-serif';color: black\">Titular: Prof.\u00aa Dr.\u00aa Francieli Matzenbacher Pinton<\/span><\/p><p style=\"margin: 0cm;margin-bottom: .0001pt;text-indent: -.1pt;background: white\"><span style=\"font-family: 'Arial','sans-serif';color: black\">Suplente: Prof.\u00aa Dr.\u00aa Eliana Rosa Sturza<\/span><\/p><p style=\"margin: 0cm;margin-bottom: .0001pt;text-indent: -.1pt;background: white\"><span style=\"font-family: 'Arial','sans-serif';color: black\">\u00a0<\/span><\/p><div><strong>Representantes Docentes da \u00c1rea de Estudos Liter\u00e1rios:<\/strong><\/div><div>Titular: Prof. Dr. Regis Augustus Bars Closel<\/div><div>Suplente: Prof.\u00aa Dr.\u00aa M\u00f4nica Stefani<\/div><div>\u00a0<\/div><div><strong>Representantes Discentes<\/strong><br \/><strong>Doutorado<\/strong><\/div><div>Titular: Naura Let\u00edcia Nascimento Coelho (<a style=\"font-family: Arial, Helvetica, sans-serif;font-size: small;font-weight: var( --e-global-typography-text-font-weight );text-align: var(--bs-body-text-align);color: #1155cc\" href=\"mailto:nauracoelho55@gmail.com\" target=\"_blank\" rel=\"noopener\">nauracoelho55@gmail.com<\/a>)<\/div><div><p>Suplente: Sabrina Ferraz Fraccari (<a style=\"font-family: Arial, Helvetica, sans-serif;font-size: small;font-weight: var( --e-global-typography-text-font-weight );text-align: var(--bs-body-text-align);color: #1155cc\" href=\"mailto:sabrina.fraccari@acad.ufsm.br\" target=\"_blank\" rel=\"noopener\">sabrina.fraccari@<wbr \/>acad.ufsm.br<\/a>)<\/p><\/div><div>\u00a0<\/div><\/td><td style=\"width: 50%;vertical-align: top\"><h5><a href=\"https:\/\/portal.ufsm.br\/documentos\/download.html?action=componente&amp;download=false&amp;id=6502021\">PORTARIA DE PESSOAL CAL\/UFSM N\u00b0 179, DE 12 DE NOVEMBRO DE 2025.<\/a><\/h5><\/td><\/tr><\/tbody><\/table><p>\u00a0<\/p>\t\t\t\t\t\t<\/div>\n\t\t\t\t<\/div>\n\t\t\t\t\t<\/div>\n\t\t<\/div>\n\t\t\t\t\t<\/div>\n\t\t<\/section>\n\t\t\t\t<\/div>\n\t\t","protected":false},"excerpt":{"rendered":"<p>Coordena\u00e7\u00e3o CoordenadoraProf.\u00aa Dr.\u00aa Raquel Trentin Oliveira Coordenador SubstitutoProf. Dr. Dionei Mathias E-mail da Coordena\u00e7\u00e3o:\u00a0ppgletras@ufsm.br Secretaria Integrada de P\u00f3s-Gradua\u00e7\u00e3o (SIPOG):\u00a0 EquipeHellen Reis de Mello (Chefe da secretaria)Felipe Dias FeltrinAlcindo Busanello Fone: (55) 3220 8359\u00a0 E-mail da Secretaria: sipog.cal@ufsm.br Colegiado Presidente: Prof.\u00aa Dr.\u00aa Raquel Trentin Oliveira Vice-presidente: Prof. Dr. Dionei Mathias Representante Docente da \u00c1rea de Estudos [&hellip;]<\/p>\n","protected":false},"author":772,"featured_media":0,"parent":0,"menu_order":0,"comment_status":"closed","ping_status":"closed","template":"","meta":{"footnotes":""},"categories":[],"tags":[],"class_list":["post-204","page","type-page","status-publish","hentry"],"acf":[],"_links":{"self":[{"href":"https:\/\/www.ufsm.br\/cursos\/pos-graduacao\/santa-maria\/ppgletras\/wp-json\/wp\/v2\/pages\/204","targetHints":{"allow":["GET"]}}],"collection":[{"href":"https:\/\/www.ufsm.br\/cursos\/pos-graduacao\/santa-maria\/ppgletras\/wp-json\/wp\/v2\/pages"}],"about":[{"href":"https:\/\/www.ufsm.br\/cursos\/pos-graduacao\/santa-maria\/ppgletras\/wp-json\/wp\/v2\/types\/page"}],"author":[{"embeddable":true,"href":"https:\/\/www.ufsm.br\/cursos\/pos-graduacao\/santa-maria\/ppgletras\/wp-json\/wp\/v2\/users\/772"}],"replies":[{"embeddable":true,"href":"https:\/\/www.ufsm.br\/cursos\/pos-graduacao\/santa-maria\/ppgletras\/wp-json\/wp\/v2\/comments?post=204"}],"version-history":[{"count":0,"href":"https:\/\/www.ufsm.br\/cursos\/pos-graduacao\/santa-maria\/ppgletras\/wp-json\/wp\/v2\/pages\/204\/revisions"}],"wp:attachment":[{"href":"https:\/\/www.ufsm.br\/cursos\/pos-graduacao\/santa-maria\/ppgletras\/wp-json\/wp\/v2\/media?parent=204"}],"wp:term":[{"taxonomy":"category","embeddable":true,"href":"https:\/\/www.ufsm.br\/cursos\/pos-graduacao\/santa-maria\/ppgletras\/wp-json\/wp\/v2\/categories?post=204"},{"taxonomy":"post_tag","embeddable":true,"href":"https:\/\/www.ufsm.br\/cursos\/pos-graduacao\/santa-maria\/ppgletras\/wp-json\/wp\/v2\/tags?post=204"}],"curies":[{"name":"wp","href":"https:\/\/api.w.org\/{rel}","templated":true}]}}