{"id":2703,"date":"2021-04-28T12:25:00","date_gmt":"2021-04-28T15:25:00","guid":{"rendered":"https:\/\/www.ufsm.br\/cursos\/pos-graduacao\/santa-maria\/ppgletras\/?page_id=2703"},"modified":"2021-04-30T20:52:47","modified_gmt":"2021-04-30T23:52:47","slug":"edital-especifico-009-13-2021-doutorado-em-letras","status":"publish","type":"page","link":"https:\/\/www.ufsm.br\/cursos\/pos-graduacao\/santa-maria\/ppgletras\/edital-especifico-009-13-2021-doutorado-em-letras","title":{"rendered":"Edital Espec\u00edfico 009.12\/2021 \u2013 Doutorado em Letras"},"content":{"rendered":"\t\t<div data-elementor-type=\"wp-page\" data-elementor-id=\"2703\" class=\"elementor elementor-2703\">\n\t\t\t\t\t\t<section class=\"elementor-section elementor-top-section elementor-element elementor-element-7518892e elementor-section-boxed elementor-section-height-default elementor-section-height-default\" data-id=\"7518892e\" data-element_type=\"section\">\n\t\t\t\t\t\t<div class=\"elementor-container elementor-column-gap-default\">\n\t\t\t\t\t<div class=\"elementor-column elementor-col-100 elementor-top-column elementor-element elementor-element-190c7fb7\" data-id=\"190c7fb7\" data-element_type=\"column\">\n\t\t\t<div class=\"elementor-widget-wrap elementor-element-populated\">\n\t\t\t\t\t\t<div class=\"elementor-element elementor-element-26b0f3c7 elementor-widget elementor-widget-text-editor\" data-id=\"26b0f3c7\" data-element_type=\"widget\" data-widget_type=\"text-editor.default\">\n\t\t\t\t<div class=\"elementor-widget-container\">\n\t\t\t\t\t\t\t<!-- wp:tadv\/classic-paragraph \/-->\t\t\t\t\t\t<\/div>\n\t\t\t\t<\/div>\n\t\t\t\t\t<\/div>\n\t\t<\/div>\n\t\t\t\t\t<\/div>\n\t\t<\/section>\n\t\t\t\t<section class=\"elementor-section elementor-top-section elementor-element elementor-element-d732955 elementor-section-boxed elementor-section-height-default elementor-section-height-default\" data-id=\"d732955\" data-element_type=\"section\">\n\t\t\t\t\t\t<div class=\"elementor-container elementor-column-gap-default\">\n\t\t\t\t\t<div class=\"elementor-column elementor-col-100 elementor-top-column elementor-element elementor-element-0be3613\" data-id=\"0be3613\" data-element_type=\"column\">\n\t\t\t<div class=\"elementor-widget-wrap elementor-element-populated\">\n\t\t\t\t\t\t<div class=\"elementor-element elementor-element-980aec8 elementor-widget elementor-widget-text-editor\" data-id=\"980aec8\" data-element_type=\"widget\" data-widget_type=\"text-editor.default\">\n\t\t\t\t<div class=\"elementor-widget-container\">\n\t\t\t\t\t\t\t<p><a href=\"https:\/\/www.ufsm.br\/pro-reitorias\/prpgp\/editais\/009-2021\/\">Edital Geral e Sistema de inscri\u00e7\u00f5es (Link para a p\u00e1gina da PRPGP)<\/a><\/p>\n<p><a href=\"https:\/\/www.ufsm.br\/app\/uploads\/sites\/345\/2021\/03\/EdEsp-09.12-21-DoutLetras.pdf\">Edital Espec\u00edfico 009.12 &#8211; Doutorado em Letras<\/a><\/p>\n<p><a href=\"https:\/\/www.ufsm.br\/app\/uploads\/sites\/559\/2021\/03\/Modelo-de-Projeto.doc\">Modelo de Projeto<\/a><\/p>\n<p><a href=\"https:\/\/www.ufsm.br\/app\/uploads\/sites\/559\/2021\/03\/ORIENTACOES-PARA-A-ELABORACAO-DO-MEMORIAL-DESCRITIVO.doc\">Orienta\u00e7\u00f5es para a elabora\u00e7\u00e3o do Memorial Descritivo<\/a><\/p>\n<p><a href=\"https:\/\/www.ufsm.br\/app\/uploads\/sites\/559\/2021\/04\/Inscricoes-deferidas-Doutorado.pdf\">Rela\u00e7\u00e3o dos candidatos com inscri\u00e7\u00e3o deferida<\/a><\/p>\n<p><a href=\"https:\/\/www.ufsm.br\/app\/uploads\/sites\/559\/2021\/04\/Resultados-1-etapa-Doutorado-apos-pedidos-de-reconsideracao-1.pdf\">Resultados da 1\u00aa Etapa<\/a><\/p>\n<p><a href=\"https:\/\/www.ufsm.br\/app\/uploads\/sites\/559\/2021\/04\/Resultados-2-etapa-Doutorado.pdf\">Resultados da 2\u00aa Etapa<\/a><\/p>\n<p><a href=\"https:\/\/www.ufsm.br\/app\/uploads\/sites\/559\/2021\/04\/Notas-finais-Doutorado.pdf\">Notas finais<\/a><\/p>\n<p><a href=\"https:\/\/www.ufsm.br\/app\/uploads\/sites\/345\/2021\/03\/Classificados-Edital-009-2021-completo.pdf\">Rela\u00e7\u00e3o dos candidatos classificados <\/a>(rela\u00e7\u00e3o completa publicada pela PRPGP)<\/p>\t\t\t\t\t\t<\/div>\n\t\t\t\t<\/div>\n\t\t\t\t\t<\/div>\n\t\t<\/div>\n\t\t\t\t\t<\/div>\n\t\t<\/section>\n\t\t\t\t<\/div>\n\t\t","protected":false},"excerpt":{"rendered":"<p>Edital Geral e Sistema de inscri\u00e7\u00f5es (Link para a p\u00e1gina da PRPGP) Edital Espec\u00edfico 009.12 &#8211; Doutorado em Letras Modelo de Projeto Orienta\u00e7\u00f5es para a elabora\u00e7\u00e3o do Memorial Descritivo Rela\u00e7\u00e3o dos candidatos com inscri\u00e7\u00e3o deferida Resultados da 1\u00aa Etapa Resultados da 2\u00aa Etapa Notas finais Rela\u00e7\u00e3o dos candidatos classificados (rela\u00e7\u00e3o completa publicada pela PRPGP)<\/p>\n","protected":false},"author":969,"featured_media":0,"parent":0,"menu_order":0,"comment_status":"closed","ping_status":"closed","template":"","meta":{"footnotes":""},"categories":[],"tags":[],"class_list":["post-2703","page","type-page","status-publish","hentry"],"acf":[],"_links":{"self":[{"href":"https:\/\/www.ufsm.br\/cursos\/pos-graduacao\/santa-maria\/ppgletras\/wp-json\/wp\/v2\/pages\/2703","targetHints":{"allow":["GET"]}}],"collection":[{"href":"https:\/\/www.ufsm.br\/cursos\/pos-graduacao\/santa-maria\/ppgletras\/wp-json\/wp\/v2\/pages"}],"about":[{"href":"https:\/\/www.ufsm.br\/cursos\/pos-graduacao\/santa-maria\/ppgletras\/wp-json\/wp\/v2\/types\/page"}],"author":[{"embeddable":true,"href":"https:\/\/www.ufsm.br\/cursos\/pos-graduacao\/santa-maria\/ppgletras\/wp-json\/wp\/v2\/users\/969"}],"replies":[{"embeddable":true,"href":"https:\/\/www.ufsm.br\/cursos\/pos-graduacao\/santa-maria\/ppgletras\/wp-json\/wp\/v2\/comments?post=2703"}],"version-history":[{"count":0,"href":"https:\/\/www.ufsm.br\/cursos\/pos-graduacao\/santa-maria\/ppgletras\/wp-json\/wp\/v2\/pages\/2703\/revisions"}],"wp:attachment":[{"href":"https:\/\/www.ufsm.br\/cursos\/pos-graduacao\/santa-maria\/ppgletras\/wp-json\/wp\/v2\/media?parent=2703"}],"wp:term":[{"taxonomy":"category","embeddable":true,"href":"https:\/\/www.ufsm.br\/cursos\/pos-graduacao\/santa-maria\/ppgletras\/wp-json\/wp\/v2\/categories?post=2703"},{"taxonomy":"post_tag","embeddable":true,"href":"https:\/\/www.ufsm.br\/cursos\/pos-graduacao\/santa-maria\/ppgletras\/wp-json\/wp\/v2\/tags?post=2703"}],"curies":[{"name":"wp","href":"https:\/\/api.w.org\/{rel}","templated":true}]}}