{"id":2704,"date":"2021-04-28T12:26:00","date_gmt":"2021-04-28T15:26:00","guid":{"rendered":"https:\/\/www.ufsm.br\/cursos\/pos-graduacao\/santa-maria\/ppgletras\/?page_id=2704"},"modified":"2021-04-30T20:51:48","modified_gmt":"2021-04-30T23:51:48","slug":"edital-especifico-009-38-mestrado-em-letras","status":"publish","type":"page","link":"https:\/\/www.ufsm.br\/cursos\/pos-graduacao\/santa-maria\/ppgletras\/edital-especifico-009-38-mestrado-em-letras","title":{"rendered":"Edital Espec\u00edfico 009.36\/2021 &#8211; Mestrado em Letras"},"content":{"rendered":"\t\t<div data-elementor-type=\"wp-page\" data-elementor-id=\"2704\" class=\"elementor elementor-2704\">\n\t\t\t\t\t\t<section class=\"elementor-section elementor-top-section elementor-element elementor-element-5a4c217 elementor-section-boxed elementor-section-height-default elementor-section-height-default\" data-id=\"5a4c217\" data-element_type=\"section\">\n\t\t\t\t\t\t<div class=\"elementor-container elementor-column-gap-default\">\n\t\t\t\t\t<div class=\"elementor-column elementor-col-100 elementor-top-column elementor-element elementor-element-278e3c1\" data-id=\"278e3c1\" data-element_type=\"column\">\n\t\t\t<div class=\"elementor-widget-wrap elementor-element-populated\">\n\t\t\t\t\t\t<div class=\"elementor-element elementor-element-22dc64b elementor-widget elementor-widget-text-editor\" data-id=\"22dc64b\" data-element_type=\"widget\" data-widget_type=\"text-editor.default\">\n\t\t\t\t<div class=\"elementor-widget-container\">\n\t\t\t\t\t\t\t<p><a href=\"https:\/\/www.ufsm.br\/pro-reitorias\/prpgp\/editais\/009-2021\/\">Edital Geral e Sistema de inscri\u00e7\u00f5es (Link para a p\u00e1gina da PRPGP)<\/a><\/p><p><a href=\"https:\/\/www.ufsm.br\/app\/uploads\/sites\/345\/2021\/03\/EdEsp-09.36-21-MestLetras.pdf\">Edital Espec\u00edfico 009.36 &#8211; Mestrado em Letras<\/a><\/p><p><a href=\"https:\/\/www.ufsm.br\/app\/uploads\/sites\/559\/2021\/03\/Modelo-de-Projeto.doc\">Modelo de Projeto<\/a><\/p><p><a href=\"https:\/\/www.ufsm.br\/app\/uploads\/sites\/559\/2021\/03\/ORIENTACOES-PARA-A-ELABORACAO-DO-MEMORIAL-DESCRITIVO.doc\">Orienta\u00e7\u00f5es para a elabora\u00e7\u00e3o do Memorial Descritivo<\/a><\/p><p><a href=\"https:\/\/www.ufsm.br\/app\/uploads\/sites\/559\/2021\/04\/Inscricoes-deferidas-Mestrado.pdf\">Rela\u00e7\u00e3o dos candidatos com inscri\u00e7\u00e3o deferida<\/a><\/p><p><a href=\"https:\/\/www.ufsm.br\/app\/uploads\/sites\/559\/2021\/04\/Resultados-1-etapa-Mestrado.pdf\">Resultados da 1\u00aa Etapa<\/a><\/p><p><a href=\"https:\/\/www.ufsm.br\/app\/uploads\/sites\/559\/2021\/04\/Resultados-2-etapa-Mestrado.pdf\">Resultados da 2\u00aa Etapa<\/a><\/p><p><a href=\"https:\/\/www.ufsm.br\/app\/uploads\/sites\/559\/2021\/04\/Notas-finais-Mestrado.pdf\">Notas finais<\/a><\/p><p><a href=\"https:\/\/www.ufsm.br\/app\/uploads\/sites\/345\/2021\/03\/Classificados-Edital-009-2021-completo.pdf\">Rela\u00e7\u00e3o dos candidatos classificados <\/a>(rela\u00e7\u00e3o completa publicada pela PRPGP)<\/p>\t\t\t\t\t\t<\/div>\n\t\t\t\t<\/div>\n\t\t\t\t\t<\/div>\n\t\t<\/div>\n\t\t\t\t\t<\/div>\n\t\t<\/section>\n\t\t\t\t<\/div>\n\t\t","protected":false},"excerpt":{"rendered":"<p>Edital Geral e Sistema de inscri\u00e7\u00f5es (Link para a p\u00e1gina da PRPGP) Edital Espec\u00edfico 009.36 &#8211; Mestrado em Letras Modelo de Projeto Orienta\u00e7\u00f5es para a elabora\u00e7\u00e3o do Memorial Descritivo Rela\u00e7\u00e3o dos candidatos com inscri\u00e7\u00e3o deferida Resultados da 1\u00aa Etapa Resultados da 2\u00aa Etapa Notas finais Rela\u00e7\u00e3o dos candidatos classificados (rela\u00e7\u00e3o completa publicada pela PRPGP)<\/p>\n","protected":false},"author":969,"featured_media":0,"parent":0,"menu_order":0,"comment_status":"closed","ping_status":"closed","template":"","meta":{"footnotes":""},"categories":[],"tags":[],"class_list":["post-2704","page","type-page","status-publish","hentry"],"acf":[],"_links":{"self":[{"href":"https:\/\/www.ufsm.br\/cursos\/pos-graduacao\/santa-maria\/ppgletras\/wp-json\/wp\/v2\/pages\/2704","targetHints":{"allow":["GET"]}}],"collection":[{"href":"https:\/\/www.ufsm.br\/cursos\/pos-graduacao\/santa-maria\/ppgletras\/wp-json\/wp\/v2\/pages"}],"about":[{"href":"https:\/\/www.ufsm.br\/cursos\/pos-graduacao\/santa-maria\/ppgletras\/wp-json\/wp\/v2\/types\/page"}],"author":[{"embeddable":true,"href":"https:\/\/www.ufsm.br\/cursos\/pos-graduacao\/santa-maria\/ppgletras\/wp-json\/wp\/v2\/users\/969"}],"replies":[{"embeddable":true,"href":"https:\/\/www.ufsm.br\/cursos\/pos-graduacao\/santa-maria\/ppgletras\/wp-json\/wp\/v2\/comments?post=2704"}],"version-history":[{"count":0,"href":"https:\/\/www.ufsm.br\/cursos\/pos-graduacao\/santa-maria\/ppgletras\/wp-json\/wp\/v2\/pages\/2704\/revisions"}],"wp:attachment":[{"href":"https:\/\/www.ufsm.br\/cursos\/pos-graduacao\/santa-maria\/ppgletras\/wp-json\/wp\/v2\/media?parent=2704"}],"wp:term":[{"taxonomy":"category","embeddable":true,"href":"https:\/\/www.ufsm.br\/cursos\/pos-graduacao\/santa-maria\/ppgletras\/wp-json\/wp\/v2\/categories?post=2704"},{"taxonomy":"post_tag","embeddable":true,"href":"https:\/\/www.ufsm.br\/cursos\/pos-graduacao\/santa-maria\/ppgletras\/wp-json\/wp\/v2\/tags?post=2704"}],"curies":[{"name":"wp","href":"https:\/\/api.w.org\/{rel}","templated":true}]}}