{"id":278,"date":"2019-03-29T14:20:45","date_gmt":"2019-03-29T17:20:45","guid":{"rendered":"https:\/\/www.ufsm.br\/cursos\/pos-graduacao\/santa-maria\/ppgletras\/?page_id=278"},"modified":"2019-03-29T14:36:50","modified_gmt":"2019-03-29T17:36:50","slug":"serie-cogitare","status":"publish","type":"page","link":"https:\/\/www.ufsm.br\/cursos\/pos-graduacao\/santa-maria\/ppgletras\/serie-cogitare","title":{"rendered":"S\u00e9rie Cogitare"},"content":{"rendered":"\n<p>A s\u00e9rie Cogitare (ISSN 1981-6987) \u00e9 uma publica\u00e7\u00e3o do segmento livros do PPGL Editores. Foi criada com o objetivo de divulgar a contribui\u00e7\u00e3o de pesquisadores que tenham participado de atividades junto aos cursos de Mestrado e Doutorado em Letras da UFSM, na forma de palestras, confer\u00eancias e outros trabalhos de pequena extens\u00e3o. Tamb\u00e9m visa a produ\u00e7\u00e3o de textos te\u00f3ricos ou cr\u00edticos produzidos por professores vinculados \u00e0s linhas de pesquisa do PPGL \u2013 UFSM.<\/p>\n<p>Esses trabalhos devem ser resultado de projetos vinculados \u00e0s linhas de pesquisa do Programa de P\u00f3s-Gradua\u00e7\u00e3o em Letras, permitindo, assim, a divulga\u00e7\u00e3o de alguns resultados produzidos pela investiga\u00e7\u00e3o nas \u00e1reas de Estudos Ling\u00fc\u00edsticos e Liter\u00e1rios da UFSM.<\/p>\n<p>A publica\u00e7\u00e3o de tradu\u00e7\u00f5es dever\u00e1 complementar os textos j\u00e1 pertencentes ao dom\u00ednio p\u00fablico, relacionados \u00e0 pesquisa desenvolvida pelo Programa, e que contribuam para fomentar novas perspectivas. Devem apresentar pref\u00e1cio que justifique a import\u00e2ncia do texto e sua vincula\u00e7\u00e3o com o trabalho de pesquisa desenvolvido pelo tradutor.<\/p>\n<p><strong>Comiss\u00e3o Editorial<\/strong><\/p>\n<p>Editora-chefe do PPGL Editores: Prof\u00aa Dr. Rosani Umbach<\/p>\n<p>Prof\u00aa. Dr. Amanda Eloina Scherer<\/p>\n<p>Prof\u00aa. Dr. Marcia Cristina Corr\u00eaa<\/p>\n<p><strong>VOLUMES PUBLICADOS<\/strong><\/p>\n<p><strong>Volume 15<\/strong><br \/><a href=\"http:\/\/coral.ufsm.br\/ppgletras\/images\/Cogitare_volume_15.pdf\">Em torno de roland barthes: da \u201cmorte do autor\u201d ao nascimento do leitor e a\u0300 volta do autor<\/a><br \/>Autor: Eur\u00eddice Figueiredo<br \/>ISSN 1981-6987<br \/>2015<\/p>\n<p><br \/><strong>Volume 14<\/strong><br \/><a href=\"http:\/\/coral.ufsm.br\/ppgletras\/images\/Cogitare_volume_14.pdf\">Poesia de resist\u00eancia \u00e0 ditadura civil-militar (1964-1985)<\/a><br \/>Autor: Cristiano Augusto da Silva Jutgla<br \/>ISBN: 978-85-99527-38-2<br \/>2015<\/p>\n<p><br \/><strong>Volume 13<\/strong><br \/><a href=\"http:\/\/coral.ufsm.br\/ppgletras\/images\/cogitare_13.pdf\">De Cegos que v\u00eaem e outros Paradoxos da Vis\u00e3o: Quest\u00f5es acerca da Natureza da Visibilidade<\/a><br \/>Autor: Alcides Cardoso dos Santos<br \/>ISBN: 978-85-99527-35-1<br \/>ISSN: 1981-6987<br \/>2013<\/p>\n<p><br \/><strong>Volume 12<\/strong><br \/><a href=\"http:\/\/coral.ufsm.br\/ppgletras\/images\/cogitare_12_miolo_102c28.pdf\">M\u00e1rio de Andrade: Escritor dif\u00edcil?<\/a><br \/>Autor: Sonia Inez Gol\u00e7alves Fernandez <br \/>ISBN: 978-85-99527-34-4<br \/>ISSN: 1981-6987<br \/>2013<\/p>\n<p><br \/><strong>Volume 11<\/strong><br \/><a href=\"http:\/\/coral.ufsm.br\/ppgletras\/images\/cogitare11_miolo_2.pdf\">Manuscritos de Linguistas e Gen\u00e9tica Textual<\/a><br \/>Autor: Irene Fenoglio<br \/>ISBN: 978-85-99527-12-2<br \/>ISSN: 1981-6987<br \/>2013<\/p>\n<p>\u00a0<\/p>\n<p><strong>Volume 10<\/strong> <br \/><a href=\"http:\/\/coral.ufsm.br\/ppgletras\/images\/Cogitare10.pdf\">M\u00e1rio Peixoto: o escritor de permeio com a cr\u00edtica<\/a> <br \/>Autor: Andr\u00e9 Soares Vieira <br \/>ISBN: 978-85-99527-18-4 <br \/>2009<\/p>\n<p>\u00a0<\/p>\n<p><strong>Volume 9<\/strong> <br \/><a href=\"http:\/\/coral.ufsm.br\/ppgletras\/images\/Cogitare09.pdf\">Mitos, H\u00e9roes y Ciudades: Recorridos M\u00edticos por Algunas Urbes Literarias<\/a> <br \/>Autor: Pablo Molina <br \/>ISBN 978-85-99527-17-7 <br \/>2009<\/p>\n<p>\u00a0<\/p>\n<p><strong>Volume 8<\/strong> <br \/><a href=\"http:\/\/coral.ufsm.br\/ppgletras\/images\/Cogitare08.pdf\">Perspectivas da An\u00e1lise de Discurso Fundada por Michel P\u00eacheux na Fran\u00e7a: Uma Retomada de Percurso<\/a> <br \/>Autora: Ana Zandwais <br \/>ISBN 978-85-99527-16-0 <br \/>2009<\/p>\n<p>\u00a0<\/p>\n<p><strong>Volume 7<\/strong><br \/><a href=\"http:\/\/coral.ufsm.br\/ppgletras\/images\/Cogitare07.pdf\">Da Corpografia: sobre a l\u00edngua\/ escrita na materialidade digital<\/a><br \/>Autora: Cristiane Dias<br \/>Apresenta\u00e7\u00e3o: Eni P. Orlandi<br \/>ISBN 978-85-99527-10-8<br \/>2009<\/p>\n<p>\u00a0<\/p>\n<p><strong>Volume 6<\/strong> <br \/><a href=\"http:\/\/coral.ufsm.br\/ppgletras\/images\/Cogitare06.pdf\">Aquisi\u00e7\u00e3o, representa\u00e7\u00e3o e atividade<\/a><br \/>Autor: Marcos Gustavo Richter<br \/>ISBN 978-85-99527-07-8<br \/>2008<\/p>\n<p>\u00a0<\/p>\n<p><strong>Volume 5<\/strong> <br \/><a href=\"http:\/\/coral.ufsm.br\/ppgletras\/images\/Cogitare05.pdf\">Pero sigo siendo el rey: referente e forma de representa\u00e7\u00e3o<\/a><br \/>Autor: Fernando Villarraga Eslava<br \/>ISBN 978-85-99527-08-5<br \/>2008<\/p>\n<p>\u00a0<\/p>\n<p><strong>Volume 4<\/strong> <br \/><a href=\"https:\/\/www.ufsm.br\/cursos\/pos-graduacao\/santa-maria\/ppgletras\/wp-admin\/post.php?post=278&amp;action=edit\">O Outro no (In)traduz\u00edvel \/ L\u2019Autre dans l\u2019Intraduisible (Edi\u00e7\u00e3o bil\u00edng\u00fce)<\/a><br \/>Autora: Mirian Rose Brum-de-Paula<br \/>Apresenta\u00e7\u00e3o: Eneida Leal Cunha (UFBA)<br \/>ISBN 978-85-99527-12-2<br \/>2008<\/p>\n<p>\u00a0<\/p>\n<p><strong>Volume 3<\/strong> <br \/><a href=\"http:\/\/coral.ufsm.br\/ppgletras\/images\/Cogitare03.pdf\">A Fronteira e a Na\u00e7\u00e3o no S\u00e9culo XIII: os Sentidos e os Dom\u00ednios<\/a><br \/>Autora: Eliana Rosa Sturza<br \/>Apresenta\u00e7\u00e3o: Maite elada (USP)<br \/>ISBN 978-85-99527-13-9<br \/>2007<\/p>\n<p>\u00a0<\/p>\n<p><strong>Volume 2<\/strong> <br \/><a href=\"http:\/\/coral.ufsm.br\/ppgletras\/images\/Cogitare02.pdf\">Sartoris: a Hist\u00f3ria na voz de quem conta a hist\u00f3ria<\/a><br \/>Autora: Vera L\u00facia Lenz Vianna<br \/>ISBN 978-85-99527-11-5<br \/>2007<\/p>\n<p>\u00a0<\/p>\n<p><strong>Volume 1<\/strong> <br \/><a href=\"http:\/\/coral.ufsm.br\/ppgletras\/images\/cogitare01.pdf\">A Dama, a Dona e uma outra S\u00f3ror<\/a><br \/>Autora: Maria L\u00facia Dal Farra<br \/>ISBN 978-85-99527-12-2<br \/>2007<\/p>\n","protected":false},"excerpt":{"rendered":"<p>A s\u00e9rie Cogitare (ISSN 1981-6987) \u00e9 uma publica\u00e7\u00e3o do segmento livros do PPGL Editores. Foi criada com o objetivo de divulgar a contribui\u00e7\u00e3o de pesquisadores que tenham participado de atividades junto aos cursos de Mestrado e Doutorado em Letras da UFSM, na forma de palestras, confer\u00eancias e outros trabalhos de pequena extens\u00e3o. Tamb\u00e9m visa a [&hellip;]<\/p>\n","protected":false},"author":772,"featured_media":0,"parent":0,"menu_order":0,"comment_status":"closed","ping_status":"closed","template":"","meta":{"footnotes":""},"categories":[],"tags":[],"class_list":["post-278","page","type-page","status-publish","hentry"],"acf":[],"_links":{"self":[{"href":"https:\/\/www.ufsm.br\/cursos\/pos-graduacao\/santa-maria\/ppgletras\/wp-json\/wp\/v2\/pages\/278","targetHints":{"allow":["GET"]}}],"collection":[{"href":"https:\/\/www.ufsm.br\/cursos\/pos-graduacao\/santa-maria\/ppgletras\/wp-json\/wp\/v2\/pages"}],"about":[{"href":"https:\/\/www.ufsm.br\/cursos\/pos-graduacao\/santa-maria\/ppgletras\/wp-json\/wp\/v2\/types\/page"}],"author":[{"embeddable":true,"href":"https:\/\/www.ufsm.br\/cursos\/pos-graduacao\/santa-maria\/ppgletras\/wp-json\/wp\/v2\/users\/772"}],"replies":[{"embeddable":true,"href":"https:\/\/www.ufsm.br\/cursos\/pos-graduacao\/santa-maria\/ppgletras\/wp-json\/wp\/v2\/comments?post=278"}],"version-history":[{"count":0,"href":"https:\/\/www.ufsm.br\/cursos\/pos-graduacao\/santa-maria\/ppgletras\/wp-json\/wp\/v2\/pages\/278\/revisions"}],"wp:attachment":[{"href":"https:\/\/www.ufsm.br\/cursos\/pos-graduacao\/santa-maria\/ppgletras\/wp-json\/wp\/v2\/media?parent=278"}],"wp:term":[{"taxonomy":"category","embeddable":true,"href":"https:\/\/www.ufsm.br\/cursos\/pos-graduacao\/santa-maria\/ppgletras\/wp-json\/wp\/v2\/categories?post=278"},{"taxonomy":"post_tag","embeddable":true,"href":"https:\/\/www.ufsm.br\/cursos\/pos-graduacao\/santa-maria\/ppgletras\/wp-json\/wp\/v2\/tags?post=278"}],"curies":[{"name":"wp","href":"https:\/\/api.w.org\/{rel}","templated":true}]}}