{"id":3117,"date":"2022-10-13T14:25:44","date_gmt":"2022-10-13T17:25:44","guid":{"rendered":"https:\/\/www.ufsm.br\/cursos\/pos-graduacao\/santa-maria\/ppgletras\/?page_id=3117"},"modified":"2023-02-08T10:39:18","modified_gmt":"2023-02-08T13:39:18","slug":"processo-seletivo-ingresso-no-1o-semestre-de-2023","status":"publish","type":"page","link":"https:\/\/www.ufsm.br\/cursos\/pos-graduacao\/santa-maria\/ppgletras\/processo-seletivo-ingresso-no-1o-semestre-de-2023","title":{"rendered":"Processo Seletivo \u2013 Ingresso no 1\u00ba semestre de 2023"},"content":{"rendered":"\t\t<div data-elementor-type=\"wp-page\" data-elementor-id=\"3117\" class=\"elementor elementor-3117\">\n\t\t\t\t\t\t<section class=\"elementor-section elementor-top-section elementor-element elementor-element-5077ad69 elementor-section-boxed elementor-section-height-default elementor-section-height-default\" data-id=\"5077ad69\" data-element_type=\"section\">\n\t\t\t\t\t\t<div class=\"elementor-container elementor-column-gap-default\">\n\t\t\t\t\t<div class=\"elementor-column elementor-col-100 elementor-top-column elementor-element elementor-element-77a0ecaa\" data-id=\"77a0ecaa\" data-element_type=\"column\">\n\t\t\t<div class=\"elementor-widget-wrap elementor-element-populated\">\n\t\t\t\t\t\t<div class=\"elementor-element elementor-element-2c6869d1 elementor-widget elementor-widget-text-editor\" data-id=\"2c6869d1\" data-element_type=\"widget\" data-widget_type=\"text-editor.default\">\n\t\t\t\t<div class=\"elementor-widget-container\">\n\t\t\t\t\t\t\t<h2>Edital Geral<\/h2><h5><strong><a href=\"https:\/\/portal.ufsm.br\/documentos\/download.html?action=arquivosIndexados&amp;id=14413362&amp;download=false\">EDITAL DE SELE\u00c7\u00c3O PRPGP\/UFSM N. 030\/2022, DE 30 DE SETEMBRO DE 2022<\/a><\/strong><\/h5><h5><strong><a href=\"https:\/\/portal.ufsm.br\/concursos\/inscricao\/opcoes.html?edicao=4561\">Sistema de inscri\u00e7\u00f5es<\/a><\/strong><\/h5><h5><strong><a href=\"https:\/\/www.ufsm.br\/pro-reitorias\/prpgp\/editais\/030-2022\/\">P\u00e1gina web do Edital N\u00ba 030\/2022<\/a><\/strong><\/h5><h5><a href=\"https:\/\/www.ufsm.br\/app\/uploads\/sites\/345\/2022\/09\/EDITAL-ORIENTACAO-CONFIRMACAO-DE-VAGA-EDITAL-030-2022.pdf\"><strong>ORIENTA\u00c7\u00d5ES PARA CONFIRMA\u00c7\u00c3O DE VAGA E MATR\u00cdCULA<\/strong><\/a><\/h5><p>\u00a0<\/p><h2>Editais Espec\u00edficos<\/h2><h5><strong><a href=\"https:\/\/www.ufsm.br\/app\/uploads\/sites\/345\/2022\/09\/73.ED_LETRAS_MEST_30_2022.pdf\">Edital Espec\u00edfico &#8211; Mestrado em Letras<\/a><\/strong><\/h5><p><strong><a href=\"https:\/\/www.ufsm.br\/app\/uploads\/sites\/559\/2022\/12\/Inscricoes-deferidas-Mestrado.pdf\">Rela\u00e7\u00e3o das inscri\u00e7\u00f5es deferidas\u00a0<\/a><\/strong><\/p><p><a href=\"https:\/\/www.ufsm.br\/app\/uploads\/sites\/559\/2022\/12\/Resultados-da-1a-etapa-Mestrado.pdf\">Resultados da 1\u00aa etapa &#8211; Mestrado<\/a><\/p><p><a href=\"https:\/\/www.ufsm.br\/app\/uploads\/sites\/559\/2023\/01\/Resultados-da-2a-etapa-Mestrado-1.pdf\">Resultados da 2\u00aa etapa &#8211; Mestrado<\/a><\/p><p><a href=\"https:\/\/www.ufsm.br\/app\/uploads\/sites\/559\/2023\/01\/Resultados-finais-Mestrado.pdf\">Resultados finais &#8211; Mestrado<\/a><\/p><h5><strong><a href=\"https:\/\/www.ufsm.br\/app\/uploads\/sites\/345\/2022\/09\/27.ED_LETRAS_DOUT_30_2022.pdf\">Edital Espec\u00edfico &#8211; Doutorado em Letras<\/a><\/strong><\/h5><p><strong><a href=\"https:\/\/www.ufsm.br\/app\/uploads\/sites\/559\/2022\/12\/Inscricoes-deferidas-Doutorado.pdf\">Rela\u00e7\u00e3o das inscri\u00e7\u00f5es deferidas\u00a0<\/a><\/strong><\/p><p><a href=\"https:\/\/www.ufsm.br\/app\/uploads\/sites\/559\/2022\/12\/Resultados-da-1a-etapa-Doutorado.pdf\">Resultados da 1\u00aa etapa &#8211; Doutorado<\/a><\/p><p><a href=\"https:\/\/www.ufsm.br\/app\/uploads\/sites\/559\/2023\/01\/Resultados-da-2a-etapa-Doutorado-1.pdf\">Resultados da 2\u00aa etapa &#8211; Doutorado<\/a><\/p><p><a href=\"https:\/\/www.ufsm.br\/app\/uploads\/sites\/559\/2023\/01\/Resultados-finais-Doutorado.pdf\">Resultados finais &#8211; Doutorado<\/a><\/p><section style=\"flex-direction: var(--flex-direction);justify-content: var(--justify-content);align-items: var(--align-items);align-content: var(--align-content);flex-basis: var(--flex-basis);flex-grow: var(--flex-grow);flex-shrink: var(--flex-shrink);align-self: var(--align-self);color: #1c1c1c;font-size: 16px\" data-id=\"4dc5d5d\" data-element_type=\"section\"><h2 style=\"flex-direction: var(--flex-direction);justify-content: var(--justify-content);align-items: var(--align-items);align-content: var(--align-content);flex-basis: var(--flex-basis);flex-grow: var(--flex-grow);flex-shrink: var(--flex-shrink);align-self: var(--align-self);width: 1042px;text-align: center\" data-id=\"d7884ed\" data-element_type=\"widget\" data-widget_type=\"heading.default\">\u00a0<\/h2><\/section><section style=\"flex-direction: var(--flex-direction);justify-content: var(--justify-content);align-items: var(--align-items);align-content: var(--align-content);flex-basis: var(--flex-basis);flex-grow: var(--flex-grow);flex-shrink: var(--flex-shrink);align-self: var(--align-self);color: #1c1c1c;font-size: 16px\" data-id=\"29dc216\" data-element_type=\"section\"><h2 style=\"font-size: 1.5rem\"><strong>Documentos para a avalia\u00e7\u00e3o dos candidatos:<\/strong><\/h2><\/section><section style=\"flex-direction: var(--flex-direction);justify-content: var(--justify-content);align-items: var(--align-items);align-content: var(--align-content);flex-basis: var(--flex-basis);flex-grow: var(--flex-grow);flex-shrink: var(--flex-shrink);align-self: var(--align-self);color: #1c1c1c;font-size: 16px\" data-id=\"9e3f0d3\" data-element_type=\"section\"><h6 style=\"font-size: 19px\">Projeto de Pesquisa<\/h6><h4 style=\"font-size: 19px\">Memorial descritivo<\/h4><div>\u00a0<\/div><\/section><section style=\"flex-direction: var(--flex-direction);justify-content: var(--justify-content);align-items: var(--align-items);align-content: var(--align-content);flex-basis: var(--flex-basis);flex-grow: var(--flex-grow);flex-shrink: var(--flex-shrink);align-self: var(--align-self);color: #1c1c1c;font-size: 16px\" data-id=\"6f1add6\" data-element_type=\"section\"><h5 style=\"font-size: 1rem;width: 504px;color: #21376b !important\"><a style=\"color: #204c90\" href=\"https:\/\/www.ufsm.br\/app\/uploads\/sites\/559\/2021\/12\/Modelo-de-Projeto.docx\">Modelo<\/a><a style=\"color: #204c90\" href=\"https:\/\/www.ufsm.br\/app\/uploads\/sites\/559\/2021\/12\/Modelo-de-Projeto.docx\">\u00a0de Projeto de Pesquisa<\/a><\/h5><p>Para mais informa\u00e7\u00f5es sobre os docentes do PPGL e os respectivos projetos de pesquisa, consulte os links abaixo:<\/p><p>Importante:\u00a0o candidato deve consultar no Edital os professores que est\u00e3o oferecendo vaga.<\/p><p>Projetos de Pesquisa dos Docentes do PPGL:<\/p><h5 style=\"font-size: 1rem;width: 504px;color: #21376b !important\"><a style=\"color: #204c90\" href=\"https:\/\/www.ufsm.br\/cursos\/pos-graduacao\/santa-maria\/ppgletras\/estudos-linguisticos\/\">Estudos Lingu\u00edsticos<\/a><\/h5><h5 style=\"font-size: 1rem;width: 504px;color: #21376b !important\"><a style=\"color: #204c90\" href=\"https:\/\/www.ufsm.br\/cursos\/pos-graduacao\/santa-maria\/ppgletras\/estudos-literarios\/\">Estudos Liter\u00e1rios<\/a><\/h5><h5 style=\"font-size: 1rem;width: 504px;color: #21376b !important\"><a style=\"color: #204c90\" href=\"https:\/\/www.ufsm.br\/cursos\/pos-graduacao\/santa-maria\/ppgletras\/docentes\">Rela\u00e7\u00e3o de Docentes do PPGL (endere\u00e7os de e-mail e Lattes)<\/a><\/h5><h6 style=\"font-size: 1rem\">\u00a0<\/h6><h5 style=\"font-size: 1rem;width: 504px;color: #21376b !important\"><a style=\"color: #204c90\" href=\"https:\/\/www.ufsm.br\/app\/uploads\/sites\/559\/2021\/12\/Orientacoes-para-a-elaboracao-do-Memorial-descritivo.docx\">Orienta\u00e7\u00f5es para a elabora\u00e7\u00e3o do Memorial Descritiv<\/a>o<\/h5><\/section>\t\t\t\t\t\t<\/div>\n\t\t\t\t<\/div>\n\t\t\t\t\t<\/div>\n\t\t<\/div>\n\t\t\t\t\t<\/div>\n\t\t<\/section>\n\t\t\t\t<\/div>\n\t\t","protected":false},"excerpt":{"rendered":"<p>Edital Geral EDITAL DE SELE\u00c7\u00c3O PRPGP\/UFSM N. 030\/2022, DE 30 DE SETEMBRO DE 2022 Sistema de inscri\u00e7\u00f5es P\u00e1gina web do Edital N\u00ba 030\/2022 ORIENTA\u00c7\u00d5ES PARA CONFIRMA\u00c7\u00c3O DE VAGA E MATR\u00cdCULA \u00a0 Editais Espec\u00edficos Edital Espec\u00edfico &#8211; Mestrado em Letras Rela\u00e7\u00e3o das inscri\u00e7\u00f5es deferidas\u00a0 Resultados da 1\u00aa etapa &#8211; Mestrado Resultados da 2\u00aa etapa &#8211; Mestrado [&hellip;]<\/p>\n","protected":false},"author":969,"featured_media":0,"parent":0,"menu_order":0,"comment_status":"closed","ping_status":"closed","template":"","meta":{"footnotes":""},"categories":[],"tags":[],"class_list":["post-3117","page","type-page","status-publish","hentry"],"acf":[],"_links":{"self":[{"href":"https:\/\/www.ufsm.br\/cursos\/pos-graduacao\/santa-maria\/ppgletras\/wp-json\/wp\/v2\/pages\/3117","targetHints":{"allow":["GET"]}}],"collection":[{"href":"https:\/\/www.ufsm.br\/cursos\/pos-graduacao\/santa-maria\/ppgletras\/wp-json\/wp\/v2\/pages"}],"about":[{"href":"https:\/\/www.ufsm.br\/cursos\/pos-graduacao\/santa-maria\/ppgletras\/wp-json\/wp\/v2\/types\/page"}],"author":[{"embeddable":true,"href":"https:\/\/www.ufsm.br\/cursos\/pos-graduacao\/santa-maria\/ppgletras\/wp-json\/wp\/v2\/users\/969"}],"replies":[{"embeddable":true,"href":"https:\/\/www.ufsm.br\/cursos\/pos-graduacao\/santa-maria\/ppgletras\/wp-json\/wp\/v2\/comments?post=3117"}],"version-history":[{"count":0,"href":"https:\/\/www.ufsm.br\/cursos\/pos-graduacao\/santa-maria\/ppgletras\/wp-json\/wp\/v2\/pages\/3117\/revisions"}],"wp:attachment":[{"href":"https:\/\/www.ufsm.br\/cursos\/pos-graduacao\/santa-maria\/ppgletras\/wp-json\/wp\/v2\/media?parent=3117"}],"wp:term":[{"taxonomy":"category","embeddable":true,"href":"https:\/\/www.ufsm.br\/cursos\/pos-graduacao\/santa-maria\/ppgletras\/wp-json\/wp\/v2\/categories?post=3117"},{"taxonomy":"post_tag","embeddable":true,"href":"https:\/\/www.ufsm.br\/cursos\/pos-graduacao\/santa-maria\/ppgletras\/wp-json\/wp\/v2\/tags?post=3117"}],"curies":[{"name":"wp","href":"https:\/\/api.w.org\/{rel}","templated":true}]}}