{"id":3502,"date":"2024-01-26T14:47:23","date_gmt":"2024-01-26T17:47:23","guid":{"rendered":"https:\/\/www.ufsm.br\/cursos\/pos-graduacao\/santa-maria\/ppgletras\/?page_id=3502"},"modified":"2024-01-26T14:47:53","modified_gmt":"2024-01-26T17:47:53","slug":"comprovacao-de-suficiencia-em-lingua-estrangeira","status":"publish","type":"page","link":"https:\/\/www.ufsm.br\/cursos\/pos-graduacao\/santa-maria\/ppgletras\/comprovacao-de-suficiencia-em-lingua-estrangeira","title":{"rendered":"Comprova\u00e7\u00e3o de sufici\u00eancia em L\u00edngua Estrangeira"},"content":{"rendered":"\t\t<div data-elementor-type=\"wp-page\" data-elementor-id=\"3502\" class=\"elementor elementor-3502\">\n\t\t\t\t\t\t<section class=\"elementor-section elementor-top-section elementor-element elementor-element-d9d4687 elementor-section-boxed elementor-section-height-default elementor-section-height-default\" data-id=\"d9d4687\" data-element_type=\"section\">\n\t\t\t\t\t\t<div class=\"elementor-container elementor-column-gap-default\">\n\t\t\t\t\t<div class=\"elementor-column elementor-col-100 elementor-top-column elementor-element elementor-element-9609a40\" data-id=\"9609a40\" data-element_type=\"column\">\n\t\t\t<div class=\"elementor-widget-wrap elementor-element-populated\">\n\t\t\t\t\t\t<div class=\"elementor-element elementor-element-586b909 elementor-widget elementor-widget-text-editor\" data-id=\"586b909\" data-element_type=\"widget\" data-widget_type=\"text-editor.default\">\n\t\t\t\t<div class=\"elementor-widget-container\">\n\t\t\t\t\t\t\t<ul class=\"subfieldlist\"><li><a href=\"https:\/\/www.ufsm.br\/pro-reitorias\/prpgp\/servicos\/comprovacao-de-suficiencia-em-lingua-estrangeira\">Orienta\u00e7\u00f5es para abertura do processo de comprova\u00e7\u00e3o de sufici\u00eancia em L\u00edngua Estrangeira<\/a> (p\u00e1gina da PRPGP)<\/li><li><a href=\"https:\/\/www.ufsm.br\/cursos\/pos-graduacao\/santa-maria\/ppgletras\/wp-content\/uploads\/sites\/559\/2019\/04\/resolucao-003_2010.pdf\" target=\"_blank\" rel=\"noopener\">\u00a0Resolu\u00e7\u00e3o 003\/10\/UFSM &#8211; Estabelece normas para realiza\u00e7\u00e3o do Teste de Sufici\u00eancia em L\u00edngua Estrangeira na UFSM e aproveitamento de testes de outras institui\u00e7\u00f5es. (arquivo pdf, 77 KB)<\/a><\/li><\/ul>\t\t\t\t\t\t<\/div>\n\t\t\t\t<\/div>\n\t\t\t\t\t<\/div>\n\t\t<\/div>\n\t\t\t\t\t<\/div>\n\t\t<\/section>\n\t\t\t\t<\/div>\n\t\t","protected":false},"excerpt":{"rendered":"<p>Orienta\u00e7\u00f5es para abertura do processo de comprova\u00e7\u00e3o de sufici\u00eancia em L\u00edngua Estrangeira (p\u00e1gina da PRPGP) \u00a0Resolu\u00e7\u00e3o 003\/10\/UFSM &#8211; Estabelece normas para realiza\u00e7\u00e3o do Teste de Sufici\u00eancia em L\u00edngua Estrangeira na UFSM e aproveitamento de testes de outras institui\u00e7\u00f5es. (arquivo pdf, 77 KB)<\/p>\n","protected":false},"author":969,"featured_media":0,"parent":0,"menu_order":0,"comment_status":"closed","ping_status":"closed","template":"","meta":{"footnotes":""},"categories":[],"tags":[],"class_list":["post-3502","page","type-page","status-publish","hentry"],"acf":[],"_links":{"self":[{"href":"https:\/\/www.ufsm.br\/cursos\/pos-graduacao\/santa-maria\/ppgletras\/wp-json\/wp\/v2\/pages\/3502","targetHints":{"allow":["GET"]}}],"collection":[{"href":"https:\/\/www.ufsm.br\/cursos\/pos-graduacao\/santa-maria\/ppgletras\/wp-json\/wp\/v2\/pages"}],"about":[{"href":"https:\/\/www.ufsm.br\/cursos\/pos-graduacao\/santa-maria\/ppgletras\/wp-json\/wp\/v2\/types\/page"}],"author":[{"embeddable":true,"href":"https:\/\/www.ufsm.br\/cursos\/pos-graduacao\/santa-maria\/ppgletras\/wp-json\/wp\/v2\/users\/969"}],"replies":[{"embeddable":true,"href":"https:\/\/www.ufsm.br\/cursos\/pos-graduacao\/santa-maria\/ppgletras\/wp-json\/wp\/v2\/comments?post=3502"}],"version-history":[{"count":0,"href":"https:\/\/www.ufsm.br\/cursos\/pos-graduacao\/santa-maria\/ppgletras\/wp-json\/wp\/v2\/pages\/3502\/revisions"}],"wp:attachment":[{"href":"https:\/\/www.ufsm.br\/cursos\/pos-graduacao\/santa-maria\/ppgletras\/wp-json\/wp\/v2\/media?parent=3502"}],"wp:term":[{"taxonomy":"category","embeddable":true,"href":"https:\/\/www.ufsm.br\/cursos\/pos-graduacao\/santa-maria\/ppgletras\/wp-json\/wp\/v2\/categories?post=3502"},{"taxonomy":"post_tag","embeddable":true,"href":"https:\/\/www.ufsm.br\/cursos\/pos-graduacao\/santa-maria\/ppgletras\/wp-json\/wp\/v2\/tags?post=3502"}],"curies":[{"name":"wp","href":"https:\/\/api.w.org\/{rel}","templated":true}]}}