{"id":3503,"date":"2024-01-26T14:50:24","date_gmt":"2024-01-26T17:50:24","guid":{"rendered":"https:\/\/www.ufsm.br\/cursos\/pos-graduacao\/santa-maria\/ppgletras\/?page_id=3503"},"modified":"2024-01-26T15:10:55","modified_gmt":"2024-01-26T18:10:55","slug":"coorientacao","status":"publish","type":"page","link":"https:\/\/www.ufsm.br\/cursos\/pos-graduacao\/santa-maria\/ppgletras\/coorientacao","title":{"rendered":"Coorienta\u00e7\u00e3o"},"content":{"rendered":"\t\t<div data-elementor-type=\"wp-page\" data-elementor-id=\"3503\" class=\"elementor elementor-3503\">\n\t\t\t\t\t\t<section class=\"elementor-section elementor-top-section elementor-element elementor-element-5180eb4 elementor-section-boxed elementor-section-height-default elementor-section-height-default\" data-id=\"5180eb4\" data-element_type=\"section\">\n\t\t\t\t\t\t<div class=\"elementor-container elementor-column-gap-default\">\n\t\t\t\t\t<div class=\"elementor-column elementor-col-100 elementor-top-column elementor-element elementor-element-7a10883\" data-id=\"7a10883\" data-element_type=\"column\">\n\t\t\t<div class=\"elementor-widget-wrap elementor-element-populated\">\n\t\t\t\t\t\t<div class=\"elementor-element elementor-element-e0b24ad elementor-widget elementor-widget-text-editor\" data-id=\"e0b24ad\" data-element_type=\"widget\" data-widget_type=\"text-editor.default\">\n\t\t\t\t<div class=\"elementor-widget-container\">\n\t\t\t\t\t\t\t<p>De acordo com o par\u00e1grafo \u00fanico do Art. 49 do Regulamento Geral da P\u00f3s-Gradua\u00e7\u00e3o Stricto Sensu da UFSM, &nbsp;&#8220;quando da necessidade para o desenvolvimento dos estudos, o discente poder\u00e1 dispor de coorientador(es\/as)&#8221;.<\/p>\n<p>&#8220;Art. 52. Poder\u00e3o atuar como coorientador(es\/as):<br>I \u2013 docentes credenciados no programa de p\u00f3s-gradua\u00e7\u00e3o, ou,<br>II \u2013 docentes ou pesquisadores(as) n\u00e3o credenciados, portadores do t\u00edtulo de doutor(a), desde que aprovados pelo colegiado do programa e em conson\u00e2ncia com os crit\u00e9rios do SNPG.&#8221;<\/p>\n<p>&#8220;Art. 53. Ao(s) coorientador(es\/as) incumbe colaborar com o projeto de pesquisa do(a) discente, interagindo com o(a) orientador(a), no planejamento inicial, na implementa\u00e7\u00e3o e\/ou na reda\u00e7\u00e3o da disserta\u00e7\u00e3o ou tese e dos artigos cient\u00edficos resultantes dos trabalhos finais.&#8221;<\/p>\n<p>A solicita\u00e7\u00e3o de coorienta\u00e7\u00e3o (<a href=\"https:\/\/www.ufsm.br\/cursos\/pos-graduacao\/santa-maria\/ppgletras\/wp-content\/uploads\/sites\/559\/2019\/04\/Solicita%C3%A7%C3%A3o_de_Coorienta%C3%A7%C3%A3o.doc\">modelo dispon\u00edvel neste link<\/a>) dever\u00e1 ser encaminhada pelo PEN, por meio de um&nbsp;<span style=\"color: #3a3a3a;font-family: Arial, Helvetica, sans-serif;font-size: 16px;font-weight: bold\">&nbsp;&#8220;<\/span><span style=\"color: #3a3a3a;font-family: Arial, Helvetica, sans-serif;font-size: 16px;font-weight: bold\">Processo de coorienta\u00e7\u00e3o para aluno de mestrado\/doutorado&#8221;<\/span><span style=\"color: #3a3a3a;font-family: Arial, Helvetica, sans-serif;font-size: 16px\">. O processo dever\u00e1 ser tramitado ao orientador e ao coorientador pretendido para que manifestem anu\u00eancia e, ap\u00f3s, deve\u00b4r\u00e1 ser tramitado ao Programa para que seja analisado pelo Colegiado. Antes da abertura do processo, \u00e9 importante verificar se o coorientador (caso seja externo \u00e0 UFSM) possui cadastro de usu\u00e1rio externo no PEN e, caso n\u00e3o possua, solicitar que ele o fa\u00e7a.<\/span><\/p>\n<p><span style=\"color: #3a3a3a;font-family: Arial, Helvetica, sans-serif;font-size: 16px\">As orienta\u00e7\u00f5es para a solicita\u00e7\u00e3o do cadastro est\u00e3o dispon\u00edveis em:<\/span><\/p>\n<p><span style=\"color: #3a3a3a\"><a href=\"https:\/\/www.ufsm.br\/orgaos-suplementares\/dag\/pen\/servicos\/cadastro-de-usuarios-externos\">https:\/\/www.ufsm.br\/orgaos-suplementares\/dag\/pen\/servicos\/cadastro-de-usuarios-externos<\/a><\/span><\/p>\n<p><span style=\"color: #3a3a3a;font-family: Arial, Helvetica, sans-serif;font-size: 16px\"><span style=\"font-family: Georgia, 'Times New Roman', 'Bitstream Charter', Times, serif\"><a href=\"https:\/\/www.ufsm.br\/orgaos-suplementares\/dag\/pen\/servicos\/foreign-external-user-registration\">https:\/\/www.ufsm.br\/orgaos-suplementares\/dag\/pen\/servicos\/foreign-external-user-registration<\/a> (para estrangeiros)<\/span><\/span><\/p>\n<p><span style=\"color: #3a3a3a;font-family: Arial, Helvetica, sans-serif;font-size: 16px\">Ap\u00f3s aprova\u00e7\u00e3o pelo Colegiado, o discente dever\u00e1 solicitar altera\u00e7\u00e3o do Plano de Estudos para incluir o nome do coorientador.&nbsp;<\/span><\/p>\t\t\t\t\t\t<\/div>\n\t\t\t\t<\/div>\n\t\t\t\t\t<\/div>\n\t\t<\/div>\n\t\t\t\t\t<\/div>\n\t\t<\/section>\n\t\t\t\t<\/div>\n\t\t","protected":false},"excerpt":{"rendered":"<p>De acordo com o par\u00e1grafo \u00fanico do Art. 49 do Regulamento Geral da P\u00f3s-Gradua\u00e7\u00e3o Stricto Sensu da UFSM, &nbsp;&#8220;quando da necessidade para o desenvolvimento dos estudos, o discente poder\u00e1 dispor de coorientador(es\/as)&#8221;. &#8220;Art. 52. Poder\u00e3o atuar como coorientador(es\/as):I \u2013 docentes credenciados no programa de p\u00f3s-gradua\u00e7\u00e3o, ou,II \u2013 docentes ou pesquisadores(as) n\u00e3o credenciados, portadores do t\u00edtulo [&hellip;]<\/p>\n","protected":false},"author":969,"featured_media":0,"parent":0,"menu_order":0,"comment_status":"closed","ping_status":"closed","template":"","meta":{"footnotes":""},"categories":[],"tags":[],"class_list":["post-3503","page","type-page","status-publish","hentry"],"acf":[],"_links":{"self":[{"href":"https:\/\/www.ufsm.br\/cursos\/pos-graduacao\/santa-maria\/ppgletras\/wp-json\/wp\/v2\/pages\/3503","targetHints":{"allow":["GET"]}}],"collection":[{"href":"https:\/\/www.ufsm.br\/cursos\/pos-graduacao\/santa-maria\/ppgletras\/wp-json\/wp\/v2\/pages"}],"about":[{"href":"https:\/\/www.ufsm.br\/cursos\/pos-graduacao\/santa-maria\/ppgletras\/wp-json\/wp\/v2\/types\/page"}],"author":[{"embeddable":true,"href":"https:\/\/www.ufsm.br\/cursos\/pos-graduacao\/santa-maria\/ppgletras\/wp-json\/wp\/v2\/users\/969"}],"replies":[{"embeddable":true,"href":"https:\/\/www.ufsm.br\/cursos\/pos-graduacao\/santa-maria\/ppgletras\/wp-json\/wp\/v2\/comments?post=3503"}],"version-history":[{"count":0,"href":"https:\/\/www.ufsm.br\/cursos\/pos-graduacao\/santa-maria\/ppgletras\/wp-json\/wp\/v2\/pages\/3503\/revisions"}],"wp:attachment":[{"href":"https:\/\/www.ufsm.br\/cursos\/pos-graduacao\/santa-maria\/ppgletras\/wp-json\/wp\/v2\/media?parent=3503"}],"wp:term":[{"taxonomy":"category","embeddable":true,"href":"https:\/\/www.ufsm.br\/cursos\/pos-graduacao\/santa-maria\/ppgletras\/wp-json\/wp\/v2\/categories?post=3503"},{"taxonomy":"post_tag","embeddable":true,"href":"https:\/\/www.ufsm.br\/cursos\/pos-graduacao\/santa-maria\/ppgletras\/wp-json\/wp\/v2\/tags?post=3503"}],"curies":[{"name":"wp","href":"https:\/\/api.w.org\/{rel}","templated":true}]}}