{"id":3875,"date":"2024-07-24T09:35:56","date_gmt":"2024-07-24T12:35:56","guid":{"rendered":"https:\/\/www.ufsm.br\/cursos\/pos-graduacao\/santa-maria\/ppgletras\/?page_id=3875"},"modified":"2024-08-29T08:15:20","modified_gmt":"2024-08-29T11:15:20","slug":"pesquisa-de-satisfacao","status":"publish","type":"page","link":"https:\/\/www.ufsm.br\/cursos\/pos-graduacao\/santa-maria\/ppgletras\/pesquisa-de-satisfacao","title":{"rendered":"Pesquisa de Satisfa\u00e7\u00e3o"},"content":{"rendered":"\n<p>Caro usu\u00e1rio (a), por favor responda ao nosso question\u00e1rio e nos ajude a melhorar cada vez mais o nosso atendimento \ud83d\ude0a \ud83d\ude0a<\/p>\n<p>Escolha uma das op\u00e7\u00f5es abaixo para responder ao question\u00e1rio:\u00a0<\/p>\n<ul>\n<li><a href=\"https:\/\/forms.gle\/tfaue4YRebiXyMfV7\">Docente<\/a><\/li>\n<li><a href=\"https:\/\/forms.gle\/hF8aLAJvVGpYtiSX6\">Discente<\/a><\/li>\n<\/ul>\n<p>\u00a0<\/p>\n\n\n","protected":false},"excerpt":{"rendered":"<p>Caro usu\u00e1rio (a), por favor responda ao nosso question\u00e1rio e nos ajude a melhorar cada vez mais o nosso atendimento \ud83d\ude0a \ud83d\ude0a Escolha uma das op\u00e7\u00f5es abaixo para responder ao question\u00e1rio:\u00a0 Docente Discente \u00a0<\/p>\n","protected":false},"author":8166,"featured_media":0,"parent":0,"menu_order":0,"comment_status":"closed","ping_status":"closed","template":"","meta":{"footnotes":""},"categories":[],"tags":[],"class_list":["post-3875","page","type-page","status-publish","hentry"],"acf":[],"_links":{"self":[{"href":"https:\/\/www.ufsm.br\/cursos\/pos-graduacao\/santa-maria\/ppgletras\/wp-json\/wp\/v2\/pages\/3875","targetHints":{"allow":["GET"]}}],"collection":[{"href":"https:\/\/www.ufsm.br\/cursos\/pos-graduacao\/santa-maria\/ppgletras\/wp-json\/wp\/v2\/pages"}],"about":[{"href":"https:\/\/www.ufsm.br\/cursos\/pos-graduacao\/santa-maria\/ppgletras\/wp-json\/wp\/v2\/types\/page"}],"author":[{"embeddable":true,"href":"https:\/\/www.ufsm.br\/cursos\/pos-graduacao\/santa-maria\/ppgletras\/wp-json\/wp\/v2\/users\/8166"}],"replies":[{"embeddable":true,"href":"https:\/\/www.ufsm.br\/cursos\/pos-graduacao\/santa-maria\/ppgletras\/wp-json\/wp\/v2\/comments?post=3875"}],"version-history":[{"count":0,"href":"https:\/\/www.ufsm.br\/cursos\/pos-graduacao\/santa-maria\/ppgletras\/wp-json\/wp\/v2\/pages\/3875\/revisions"}],"wp:attachment":[{"href":"https:\/\/www.ufsm.br\/cursos\/pos-graduacao\/santa-maria\/ppgletras\/wp-json\/wp\/v2\/media?parent=3875"}],"wp:term":[{"taxonomy":"category","embeddable":true,"href":"https:\/\/www.ufsm.br\/cursos\/pos-graduacao\/santa-maria\/ppgletras\/wp-json\/wp\/v2\/categories?post=3875"},{"taxonomy":"post_tag","embeddable":true,"href":"https:\/\/www.ufsm.br\/cursos\/pos-graduacao\/santa-maria\/ppgletras\/wp-json\/wp\/v2\/tags?post=3875"}],"curies":[{"name":"wp","href":"https:\/\/api.w.org\/{rel}","templated":true}]}}