{"id":3921,"date":"2024-08-14T11:33:51","date_gmt":"2024-08-14T14:33:51","guid":{"rendered":"https:\/\/www.ufsm.br\/cursos\/pos-graduacao\/santa-maria\/ppgletras\/?page_id=3921"},"modified":"2024-09-10T08:25:34","modified_gmt":"2024-09-10T11:25:34","slug":"recursos-financeiros","status":"publish","type":"page","link":"https:\/\/www.ufsm.br\/cursos\/pos-graduacao\/santa-maria\/ppgletras\/recursos-financeiros","title":{"rendered":"Recursos Financeiros"},"content":{"rendered":"\n<p>O Recurso PROAP permite que financiemos ao discente o pagamento de taxa de inscri\u00e7\u00e3o em eventos acad\u00eamicos, taxa de publica\u00e7\u00e3o de trabalhos acad\u00eamicos e tamb\u00e9m passagens rodovi\u00e1rias para o deslocamento quando o discente for o autor do trabalho e o evento for somente na modalidade presencial.<\/p>\n<p>Estas s\u00e3o as diretrizes para solicita\u00e7\u00f5es:<\/p>\n<ul>\n<li><a href=\"https:\/\/www.ufsm.br\/app\/uploads\/sites\/559\/2024\/08\/INFORMACOES-ENVIO-PROAP-Discentes-1-1.pdf\">Tr\u00e2mites para Pedidos de Pagamentos de Taxas de Publica\u00e7\u00e3o e de Inscri\u00e7\u00e3o<\/a><\/li>\n<li><a href=\"https:\/\/www.ufsm.br\/app\/uploads\/sites\/559\/2024\/09\/Formulario-de-Solitacao-de-Passagens-Rodoviarias.docx\">Requerimento de Passagens Rodovi\u00e1rias<\/a><\/li>\n<li><a href=\"https:\/\/www.ufsm.br\/app\/uploads\/sites\/559\/2024\/07\/ANEXO-3-FORM.-TAXA-INSCRICAO-PPGL-1.docx\">Requerimento de Pagamento de Taxa de Inscri\u00e7\u00e3o em Evento Externo<\/a><\/li>\n<li><a href=\"https:\/\/www.ufsm.br\/app\/uploads\/sites\/559\/2024\/07\/ANEXO-5-FORM.TAXA-DE-PUBLICACAO-PPGL-1.docx\">Requerimento de Pagamento de Taxa de Publica\u00e7\u00e3o em Revistas\/Peri\u00f3dico\/Evento Externo<\/a><\/li>\n<li><a href=\"https:\/\/www.ufsm.br\/app\/uploads\/sites\/559\/2024\/07\/ANEXO-4-PARA-ALUNO-DESCONTO-EM-FOLHA-PPGL-1.doc\">Autoriza\u00e7\u00e3o para Desconto em Folha<\/a><\/li>\n<li><a href=\"https:\/\/www.ufsm.br\/app\/uploads\/sites\/559\/2024\/09\/MODELO-RELATORIO-CIRCUNSTANCIADO-DE-VIAGEM.docx\">Relat\u00f3rio para Presta\u00e7\u00e3o de Contas<\/a><\/li>\n<\/ul>\n<p style=\"text-align: left\"><strong>Observa\u00e7\u00e3o:<\/strong><\/p>\n<p>Ap\u00f3s o financiamento tanto de passagens rodovi\u00e1rias, quanto das taxas de publica\u00e7\u00e3o e de inscri\u00e7\u00e3o no prazo de at\u00e9 10 dias, o solicitante dever\u00e1 encaminhar para presta\u00e7\u00e3o de contas o certificado do evento e do recibo que deve estar em nome da UFSM &#8211; CNPJ 95.591.764\/0001-05.<\/p>\n\n\n\n\n","protected":false},"excerpt":{"rendered":"<p>O Recurso PROAP permite que financiemos ao discente o pagamento de taxa de inscri\u00e7\u00e3o em eventos acad\u00eamicos, taxa de publica\u00e7\u00e3o de trabalhos acad\u00eamicos e tamb\u00e9m passagens rodovi\u00e1rias para o deslocamento quando o discente for o autor do trabalho e o evento for somente na modalidade presencial. Estas s\u00e3o as diretrizes para solicita\u00e7\u00f5es: Tr\u00e2mites para Pedidos [&hellip;]<\/p>\n","protected":false},"author":8166,"featured_media":0,"parent":0,"menu_order":0,"comment_status":"closed","ping_status":"closed","template":"","meta":{"footnotes":""},"categories":[],"tags":[],"class_list":["post-3921","page","type-page","status-publish","hentry"],"acf":[],"_links":{"self":[{"href":"https:\/\/www.ufsm.br\/cursos\/pos-graduacao\/santa-maria\/ppgletras\/wp-json\/wp\/v2\/pages\/3921","targetHints":{"allow":["GET"]}}],"collection":[{"href":"https:\/\/www.ufsm.br\/cursos\/pos-graduacao\/santa-maria\/ppgletras\/wp-json\/wp\/v2\/pages"}],"about":[{"href":"https:\/\/www.ufsm.br\/cursos\/pos-graduacao\/santa-maria\/ppgletras\/wp-json\/wp\/v2\/types\/page"}],"author":[{"embeddable":true,"href":"https:\/\/www.ufsm.br\/cursos\/pos-graduacao\/santa-maria\/ppgletras\/wp-json\/wp\/v2\/users\/8166"}],"replies":[{"embeddable":true,"href":"https:\/\/www.ufsm.br\/cursos\/pos-graduacao\/santa-maria\/ppgletras\/wp-json\/wp\/v2\/comments?post=3921"}],"version-history":[{"count":0,"href":"https:\/\/www.ufsm.br\/cursos\/pos-graduacao\/santa-maria\/ppgletras\/wp-json\/wp\/v2\/pages\/3921\/revisions"}],"wp:attachment":[{"href":"https:\/\/www.ufsm.br\/cursos\/pos-graduacao\/santa-maria\/ppgletras\/wp-json\/wp\/v2\/media?parent=3921"}],"wp:term":[{"taxonomy":"category","embeddable":true,"href":"https:\/\/www.ufsm.br\/cursos\/pos-graduacao\/santa-maria\/ppgletras\/wp-json\/wp\/v2\/categories?post=3921"},{"taxonomy":"post_tag","embeddable":true,"href":"https:\/\/www.ufsm.br\/cursos\/pos-graduacao\/santa-maria\/ppgletras\/wp-json\/wp\/v2\/tags?post=3921"}],"curies":[{"name":"wp","href":"https:\/\/api.w.org\/{rel}","templated":true}]}}