{"id":397,"date":"2019-04-11T14:18:35","date_gmt":"2019-04-11T17:18:35","guid":{"rendered":"https:\/\/www.ufsm.br\/cursos\/pos-graduacao\/santa-maria\/ppgletras\/?page_id=397"},"modified":"2019-12-13T14:37:15","modified_gmt":"2019-12-13T17:37:15","slug":"doutorado","status":"publish","type":"page","link":"https:\/\/www.ufsm.br\/cursos\/pos-graduacao\/santa-maria\/ppgletras\/doutorado","title":{"rendered":"Doutorado"},"content":{"rendered":"\t\t<div data-elementor-type=\"wp-post\" data-elementor-id=\"397\" class=\"elementor elementor-397\">\n\t\t\t\t\t\t<section class=\"elementor-section elementor-top-section elementor-element elementor-element-6a6ceef elementor-section-boxed elementor-section-height-default elementor-section-height-default\" data-id=\"6a6ceef\" data-element_type=\"section\">\n\t\t\t\t\t\t<div class=\"elementor-container elementor-column-gap-default\">\n\t\t\t\t\t<div class=\"elementor-column elementor-col-50 elementor-top-column elementor-element elementor-element-63ce6f1\" data-id=\"63ce6f1\" data-element_type=\"column\">\n\t\t\t<div class=\"elementor-widget-wrap elementor-element-populated\">\n\t\t\t\t\t\t<div class=\"elementor-element elementor-element-04119a3 elementor-widget elementor-widget-image\" data-id=\"04119a3\" data-element_type=\"widget\" data-widget_type=\"image.default\">\n\t\t\t\t<div class=\"elementor-widget-container\">\n\t\t\t\t\t\t\t\t\t\t\t\t\t<img fetchpriority=\"high\" decoding=\"async\" width=\"579\" height=\"544\" src=\"https:\/\/www.ufsm.br\/app\/uploads\/sites\/559\/2019\/09\/Cartaz-PNG.jpg\" class=\"attachment-large size-large wp-image-1409\" alt=\"\" srcset=\"https:\/\/www.ufsm.br\/app\/uploads\/sites\/559\/2019\/09\/Cartaz-PNG.jpg 579w, https:\/\/www.ufsm.br\/app\/uploads\/sites\/559\/2019\/09\/Cartaz-PNG-300x282.jpg 300w\" sizes=\"(max-width: 579px) 100vw, 579px\" \/>\t\t\t\t\t\t\t\t\t\t\t\t\t<\/div>\n\t\t\t\t<\/div>\n\t\t\t\t\t<\/div>\n\t\t<\/div>\n\t\t\t\t<div class=\"elementor-column elementor-col-50 elementor-top-column elementor-element elementor-element-727ab75\" data-id=\"727ab75\" data-element_type=\"column\">\n\t\t\t<div class=\"elementor-widget-wrap elementor-element-populated\">\n\t\t\t\t\t\t<div class=\"elementor-element elementor-element-4427af9 elementor-widget elementor-widget-text-editor\" data-id=\"4427af9\" data-element_type=\"widget\" data-widget_type=\"text-editor.default\">\n\t\t\t\t<div class=\"elementor-widget-container\">\n\t\t\t\t\t\t\t<p><a href=\"https:\/\/www.ufsm.br\/pro-reitorias\/prpgp\/wp-content\/uploads\/sites\/345\/2019\/09\/EditalGeral_062-2019-PRPGP-UFSM_Ingresso1sem2020.pdf\">Edital Geral <span style=\"color: #21376b\">062\/2019 &#8211; Inscri\u00e7\u00f5es ao Processo Seletivo de P\u00f3s-Gradua\u00e7\u00e3o para ingresso no 1\u00ba semestre de 2020.<\/span><\/a><\/p><p><span style=\"color: #21376b\"><a href=\"https:\/\/www.ufsm.br\/pro-reitorias\/prpgp\/wp-content\/uploads\/sites\/345\/2019\/09\/EDITAL62.27DoutLetras.pdf\">Edital Espec\u00edfico 62.27 &#8211; Doutorado em Letras<\/a><\/span><\/p><p>Inscri\u00e7\u00f5es:\u00a0<a href=\"https:\/\/www.ufsm.br\/pro-reitorias\/prpgp\/editais\/062-2019\/\" target=\"_blank\" rel=\"noopener\">https:\/\/www.ufsm.br\/pro-reitorias\/prpgp\/editais\/062-2019\/<\/a><\/p><p><a href=\"https:\/\/www.ufsm.br\/cursos\/pos-graduacao\/santa-maria\/ppgletras\/wp-content\/uploads\/sites\/559\/2019\/11\/Rela\u00e7\u00e3o-dos-candidatos-com-inscri\u00e7\u00e3o-deferida-Doutorado.pdf\">Rela\u00e7\u00e3o dos candidatos com inscri\u00e7\u00e3o deferida\/indeferida<\/a><\/p><p><a href=\"https:\/\/www.ufsm.br\/cursos\/pos-graduacao\/santa-maria\/ppgletras\/wp-content\/uploads\/sites\/559\/2019\/11\/Resultado-1\u00aa-Etapa-Doutorado.pdf\">1\u00aa Etapa &#8211; Resultado<\/a><\/p><p><a href=\"https:\/\/www.ufsm.br\/cursos\/pos-graduacao\/santa-maria\/ppgletras\/wp-content\/uploads\/sites\/559\/2019\/11\/Local-da-prova-escrita-Doutorado.pdf\">Local da Prova Escrita de Conhecimentos (2\u00aa Etapa)<\/a><\/p><p><a href=\"https:\/\/www.ufsm.br\/cursos\/pos-graduacao\/santa-maria\/ppgletras\/wp-content\/uploads\/sites\/559\/2019\/11\/Local-defesa-da-produ\u00e7\u00e3o.pdf\">Local da Defesa da Produ\u00e7\u00e3o Acad\u00eamica e Proposta de Pesquisa (3\u00aa Etapa)<\/a><\/p><p><a href=\"https:\/\/www.ufsm.br\/cursos\/pos-graduacao\/santa-maria\/ppgletras\/wp-content\/uploads\/sites\/559\/2019\/12\/Resultado-2\u00aa-Etapa-Doutorado.pdf\">2\u00aa Etapa &#8211; Resultado<\/a><\/p><p><a href=\"https:\/\/www.ufsm.br\/cursos\/pos-graduacao\/santa-maria\/ppgletras\/wp-content\/uploads\/sites\/559\/2019\/12\/Resultado-3\u00aa-Etapa-Doutorado.pdf\">3\u00aa Etapa &#8211; Resultado<\/a><\/p><p><a href=\"https:\/\/www.ufsm.br\/cursos\/pos-graduacao\/santa-maria\/ppgletras\/wp-content\/uploads\/sites\/559\/2019\/12\/4\u00aa-Etapa-Doutorado-Resultado.pdf\">4\u00aa Etapa &#8211; Resultado<\/a><\/p><p><a href=\"https:\/\/www.ufsm.br\/cursos\/pos-graduacao\/santa-maria\/ppgletras\/wp-content\/uploads\/sites\/559\/2019\/12\/NOTA-FINAL-DOUTORADO.pdf\">Notas Finais<\/a><\/p><p><a href=\"https:\/\/www.ufsm.br\/cursos\/pos-graduacao\/santa-maria\/ppgletras\/wp-content\/uploads\/sites\/559\/2019\/12\/Resultado-final-2\u00aa-Etapa-Doutorado.pdf\">2\u00aa Etapa &#8211; Resultado (ap\u00f3s pedidos de reconsidera\u00e7\u00e3o)<\/a><\/p><p><a href=\"https:\/\/www.ufsm.br\/cursos\/pos-graduacao\/santa-maria\/ppgletras\/wp-content\/uploads\/sites\/559\/2019\/12\/Resultado-final-3\u00aa-Etapa-Doutorado.pdf\">3\u00aa Etapa &#8211; Resultado (ap\u00f3s pedidos de reconsidera\u00e7\u00e3o)<\/a><\/p><p><a href=\"https:\/\/www.ufsm.br\/cursos\/pos-graduacao\/santa-maria\/ppgletras\/wp-content\/uploads\/sites\/559\/2019\/12\/Resultado-final-4\u00aa-Etapa-Doutorado.pdf\">4\u00aa Etapa &#8211; <\/a><a href=\"https:\/\/www.ufsm.br\/cursos\/pos-graduacao\/santa-maria\/ppgletras\/wp-content\/uploads\/sites\/559\/2019\/12\/Resultado-final-4\u00aa-Etapa-Doutorado.pdf\">Resultado (ap\u00f3s pedidos de reconsidera\u00e7\u00e3o)<\/a><\/p><p><a href=\"https:\/\/www.ufsm.br\/cursos\/pos-graduacao\/santa-maria\/ppgletras\/wp-content\/uploads\/sites\/559\/2019\/12\/NOTA-FINAL-DOUTORADO-ap\u00f3s-pedidos-de-reconsidera\u00e7\u00e3o.pdf\">Notas Finais &#8211; (ap\u00f3s pedidos de reconsidera\u00e7\u00e3o)<\/a><\/p>\t\t\t\t\t\t<\/div>\n\t\t\t\t<\/div>\n\t\t\t\t\t<\/div>\n\t\t<\/div>\n\t\t\t\t\t<\/div>\n\t\t<\/section>\n\t\t\t\t<section class=\"elementor-section elementor-top-section elementor-element elementor-element-bd7509a elementor-section-boxed elementor-section-height-default elementor-section-height-default\" data-id=\"bd7509a\" data-element_type=\"section\">\n\t\t\t\t\t\t<div class=\"elementor-container elementor-column-gap-default\">\n\t\t\t\t\t<div class=\"elementor-column elementor-col-100 elementor-top-column elementor-element elementor-element-ba78e32\" data-id=\"ba78e32\" data-element_type=\"column\">\n\t\t\t<div class=\"elementor-widget-wrap elementor-element-populated\">\n\t\t\t\t\t\t<div class=\"elementor-element elementor-element-f49f39e elementor-widget elementor-widget-text-editor\" data-id=\"f49f39e\" data-element_type=\"widget\" data-widget_type=\"text-editor.default\">\n\t\t\t\t<div class=\"elementor-widget-container\">\n\t\t\t\t\t\t\t<p><a href=\"https:\/\/www.ufsm.br\/cursos\/pos-graduacao\/santa-maria\/ppgletras\/wp-content\/uploads\/sites\/559\/2019\/04\/Modelo_Projeto_vers\u00e3o_final-2.doc\">Modelo de Projeto de Tese<\/a><\/p><p><a href=\"https:\/\/www.ufsm.br\/cursos\/pos-graduacao\/santa-maria\/ppgletras\/wp-content\/uploads\/sites\/559\/2019\/10\/Ficha-de-Avalia\u00e7\u00e3o-da-Produ\u00e7\u00e3o-Acad\u00eamica-Doutorado.pdf\">Ficha de Avalia\u00e7\u00e3o da Produ\u00e7\u00e3o Acad\u00eamica<\/a><\/p><p><a href=\"https:\/\/www.ufsm.br\/cursos\/pos-graduacao\/santa-maria\/ppgletras\/projetos-de-pesquisa\/\">Projetos de Pesquisa<\/a><\/p><p><a href=\"https:\/\/www.ufsm.br\/cursos\/pos-graduacao\/santa-maria\/ppgletras\/docentes\/\">Corpo docente do PPGL<\/a><\/p>\t\t\t\t\t\t<\/div>\n\t\t\t\t<\/div>\n\t\t\t\t\t<\/div>\n\t\t<\/div>\n\t\t\t\t\t<\/div>\n\t\t<\/section>\n\t\t\t\t<\/div>\n\t\t","protected":false},"excerpt":{"rendered":"<p>Edital Geral 062\/2019 &#8211; Inscri\u00e7\u00f5es ao Processo Seletivo de P\u00f3s-Gradua\u00e7\u00e3o para ingresso no 1\u00ba semestre de 2020. Edital Espec\u00edfico 62.27 &#8211; Doutorado em Letras Inscri\u00e7\u00f5es:\u00a0https:\/\/www.ufsm.br\/pro-reitorias\/prpgp\/editais\/062-2019\/ Rela\u00e7\u00e3o dos candidatos com inscri\u00e7\u00e3o deferida\/indeferida 1\u00aa Etapa &#8211; Resultado Local da Prova Escrita de Conhecimentos (2\u00aa Etapa) Local da Defesa da Produ\u00e7\u00e3o Acad\u00eamica e Proposta de Pesquisa (3\u00aa Etapa) [&hellip;]<\/p>\n","protected":false},"author":117,"featured_media":0,"parent":0,"menu_order":0,"comment_status":"closed","ping_status":"closed","template":"","meta":{"footnotes":""},"categories":[],"tags":[],"class_list":["post-397","page","type-page","status-publish","hentry"],"acf":[],"_links":{"self":[{"href":"https:\/\/www.ufsm.br\/cursos\/pos-graduacao\/santa-maria\/ppgletras\/wp-json\/wp\/v2\/pages\/397","targetHints":{"allow":["GET"]}}],"collection":[{"href":"https:\/\/www.ufsm.br\/cursos\/pos-graduacao\/santa-maria\/ppgletras\/wp-json\/wp\/v2\/pages"}],"about":[{"href":"https:\/\/www.ufsm.br\/cursos\/pos-graduacao\/santa-maria\/ppgletras\/wp-json\/wp\/v2\/types\/page"}],"author":[{"embeddable":true,"href":"https:\/\/www.ufsm.br\/cursos\/pos-graduacao\/santa-maria\/ppgletras\/wp-json\/wp\/v2\/users\/117"}],"replies":[{"embeddable":true,"href":"https:\/\/www.ufsm.br\/cursos\/pos-graduacao\/santa-maria\/ppgletras\/wp-json\/wp\/v2\/comments?post=397"}],"version-history":[{"count":0,"href":"https:\/\/www.ufsm.br\/cursos\/pos-graduacao\/santa-maria\/ppgletras\/wp-json\/wp\/v2\/pages\/397\/revisions"}],"wp:attachment":[{"href":"https:\/\/www.ufsm.br\/cursos\/pos-graduacao\/santa-maria\/ppgletras\/wp-json\/wp\/v2\/media?parent=397"}],"wp:term":[{"taxonomy":"category","embeddable":true,"href":"https:\/\/www.ufsm.br\/cursos\/pos-graduacao\/santa-maria\/ppgletras\/wp-json\/wp\/v2\/categories?post=397"},{"taxonomy":"post_tag","embeddable":true,"href":"https:\/\/www.ufsm.br\/cursos\/pos-graduacao\/santa-maria\/ppgletras\/wp-json\/wp\/v2\/tags?post=397"}],"curies":[{"name":"wp","href":"https:\/\/api.w.org\/{rel}","templated":true}]}}