{"id":4394,"date":"2025-04-03T15:03:20","date_gmt":"2025-04-03T18:03:20","guid":{"rendered":"https:\/\/www.ufsm.br\/cursos\/pos-graduacao\/santa-maria\/ppgletras\/?page_id=4394"},"modified":"2025-04-03T15:59:01","modified_gmt":"2025-04-03T18:59:01","slug":"estruturas-de-pesquisa-e-inovacao-vinculadas-ao-ppgl","status":"publish","type":"page","link":"https:\/\/www.ufsm.br\/cursos\/pos-graduacao\/santa-maria\/ppgletras\/estruturas-de-pesquisa-e-inovacao-vinculadas-ao-ppgl","title":{"rendered":"Estruturas de Pesquisa e Inova\u00e7\u00e3o Vinculadas ao PPGL"},"content":{"rendered":"\t\t<div data-elementor-type=\"wp-page\" data-elementor-id=\"4394\" class=\"elementor elementor-4394\">\n\t\t\t\t\t\t<section class=\"elementor-section elementor-top-section elementor-element elementor-element-9545d5a elementor-section-boxed elementor-section-height-default elementor-section-height-default\" data-id=\"9545d5a\" data-element_type=\"section\">\n\t\t\t\t\t\t<div class=\"elementor-container elementor-column-gap-default\">\n\t\t\t\t\t<div class=\"elementor-column elementor-col-100 elementor-top-column elementor-element elementor-element-ec8a0e3\" data-id=\"ec8a0e3\" data-element_type=\"column\">\n\t\t\t<div class=\"elementor-widget-wrap elementor-element-populated\">\n\t\t\t\t\t\t<div class=\"elementor-element elementor-element-8f246a8 elementor-widget elementor-widget-text-editor\" data-id=\"8f246a8\" data-element_type=\"widget\" data-widget_type=\"text-editor.default\">\n\t\t\t\t<div class=\"elementor-widget-container\">\n\t\t\t\t\t\t\t<p>CDM &#8211; Centro de Documenta\u00e7\u00e3o e Mem\u00f3ria<br \/><a href=\"https:\/\/cdmufsm.com.br\/\">https:\/\/cdmufsm.com.br\/<\/a><\/p><p>CORPUS &#8211; Laborat\u00f3rio de Fontes de Estudos da Linguagem<br \/><a href=\"https:\/\/www.ufsm.br\/laboratorios\/corpus\">https:\/\/www.ufsm.br\/laboratorios\/corpus<\/a><\/p><p>ORC ST\u00daDIO \u2013 Laborat\u00f3rio de Economia Criativa<br \/><a href=\"https:\/\/www.ufsm.br\/orgaos-de-apoio\/silveira-martins\/orc-studio\">https:\/\/www.ufsm.br\/orgaos-de-apoio\/silveira-martins\/orc-studio<\/a><\/p>\t\t\t\t\t\t<\/div>\n\t\t\t\t<\/div>\n\t\t\t\t\t<\/div>\n\t\t<\/div>\n\t\t\t\t\t<\/div>\n\t\t<\/section>\n\t\t\t\t<\/div>\n\t\t","protected":false},"excerpt":{"rendered":"<p>CDM &#8211; Centro de Documenta\u00e7\u00e3o e Mem\u00f3riahttps:\/\/cdmufsm.com.br\/ CORPUS &#8211; Laborat\u00f3rio de Fontes de Estudos da Linguagemhttps:\/\/www.ufsm.br\/laboratorios\/corpus ORC ST\u00daDIO \u2013 Laborat\u00f3rio de Economia Criativahttps:\/\/www.ufsm.br\/orgaos-de-apoio\/silveira-martins\/orc-studio<\/p>\n","protected":false},"author":820,"featured_media":0,"parent":0,"menu_order":0,"comment_status":"closed","ping_status":"closed","template":"","meta":{"footnotes":""},"categories":[],"tags":[],"class_list":["post-4394","page","type-page","status-publish","hentry"],"acf":[],"_links":{"self":[{"href":"https:\/\/www.ufsm.br\/cursos\/pos-graduacao\/santa-maria\/ppgletras\/wp-json\/wp\/v2\/pages\/4394","targetHints":{"allow":["GET"]}}],"collection":[{"href":"https:\/\/www.ufsm.br\/cursos\/pos-graduacao\/santa-maria\/ppgletras\/wp-json\/wp\/v2\/pages"}],"about":[{"href":"https:\/\/www.ufsm.br\/cursos\/pos-graduacao\/santa-maria\/ppgletras\/wp-json\/wp\/v2\/types\/page"}],"author":[{"embeddable":true,"href":"https:\/\/www.ufsm.br\/cursos\/pos-graduacao\/santa-maria\/ppgletras\/wp-json\/wp\/v2\/users\/820"}],"replies":[{"embeddable":true,"href":"https:\/\/www.ufsm.br\/cursos\/pos-graduacao\/santa-maria\/ppgletras\/wp-json\/wp\/v2\/comments?post=4394"}],"version-history":[{"count":0,"href":"https:\/\/www.ufsm.br\/cursos\/pos-graduacao\/santa-maria\/ppgletras\/wp-json\/wp\/v2\/pages\/4394\/revisions"}],"wp:attachment":[{"href":"https:\/\/www.ufsm.br\/cursos\/pos-graduacao\/santa-maria\/ppgletras\/wp-json\/wp\/v2\/media?parent=4394"}],"wp:term":[{"taxonomy":"category","embeddable":true,"href":"https:\/\/www.ufsm.br\/cursos\/pos-graduacao\/santa-maria\/ppgletras\/wp-json\/wp\/v2\/categories?post=4394"},{"taxonomy":"post_tag","embeddable":true,"href":"https:\/\/www.ufsm.br\/cursos\/pos-graduacao\/santa-maria\/ppgletras\/wp-json\/wp\/v2\/tags?post=4394"}],"curies":[{"name":"wp","href":"https:\/\/api.w.org\/{rel}","templated":true}]}}