{"id":4909,"date":"2025-09-24T04:09:10","date_gmt":"2025-09-24T07:09:10","guid":{"rendered":"https:\/\/www.ufsm.br\/cursos\/pos-graduacao\/santa-maria\/ppgletras\/?page_id=4909"},"modified":"2025-09-25T20:11:55","modified_gmt":"2025-09-25T23:11:55","slug":"inscricoes-setedi","status":"publish","type":"page","link":"https:\/\/www.ufsm.br\/cursos\/pos-graduacao\/santa-maria\/ppgletras\/inscricoes-setedi","title":{"rendered":""},"content":{"rendered":"\t\t<div data-elementor-type=\"wp-page\" data-elementor-id=\"4909\" class=\"elementor elementor-4909\">\n\t\t\t\t\t\t<section class=\"elementor-section elementor-top-section elementor-element elementor-element-6798425 elementor-section-boxed elementor-section-height-default elementor-section-height-default\" data-id=\"6798425\" data-element_type=\"section\">\n\t\t\t\t\t\t<div class=\"elementor-container elementor-column-gap-default\">\n\t\t\t\t\t<div class=\"elementor-column elementor-col-100 elementor-top-column elementor-element elementor-element-000dfdd\" data-id=\"000dfdd\" data-element_type=\"column\">\n\t\t\t<div class=\"elementor-widget-wrap elementor-element-populated\">\n\t\t\t\t\t\t<div class=\"elementor-element elementor-element-79a34b1 elementor-widget elementor-widget-image\" data-id=\"79a34b1\" data-element_type=\"widget\" data-widget_type=\"image.default\">\n\t\t\t\t<div class=\"elementor-widget-container\">\n\t\t\t\t\t\t\t\t\t\t\t\t\t<img decoding=\"async\" src=\"https:\/\/www.ufsm.br\/app\/uploads\/sites\/559\/elementor\/thumbs\/SETEDI-banner_PPGL-rc7rpd78l6pckgx8lou1puzo37yiisnrggrk492ffg.jpg\" title=\"SETEDI-banner_PPGL\" alt=\"SETEDI-banner_PPGL\" loading=\"lazy\" \/>\t\t\t\t\t\t\t\t\t\t\t\t\t<\/div>\n\t\t\t\t<\/div>\n\t\t\t\t\t<\/div>\n\t\t<\/div>\n\t\t\t\t\t<\/div>\n\t\t<\/section>\n\t\t\t\t<section class=\"elementor-section elementor-top-section elementor-element elementor-element-ef8c28a elementor-section-boxed elementor-section-height-default elementor-section-height-default\" data-id=\"ef8c28a\" data-element_type=\"section\">\n\t\t\t\t\t\t<div class=\"elementor-container elementor-column-gap-default\">\n\t\t\t\t\t<div class=\"elementor-column elementor-col-16 elementor-top-column elementor-element elementor-element-9bd0b81\" data-id=\"9bd0b81\" data-element_type=\"column\">\n\t\t\t<div class=\"elementor-widget-wrap elementor-element-populated\">\n\t\t\t\t\t\t<div class=\"elementor-element elementor-element-1658c0c elementor-button-info elementor-align-center elementor-widget elementor-widget-button\" data-id=\"1658c0c\" data-element_type=\"widget\" data-widget_type=\"button.default\">\n\t\t\t\t<div class=\"elementor-widget-container\">\n\t\t\t\t\t\t\t<div class=\"elementor-button-wrapper\">\n\t\t\t\t\t<a class=\"elementor-button elementor-button-link elementor-size-sm\" href=\"https:\/\/www.ufsm.br\/cursos\/pos-graduacao\/santa-maria\/ppgletras\/vii-setedi#\" target=\"_blank\">\n\t\t\t\t\t\t<span class=\"elementor-button-content-wrapper\">\n\t\t\t\t\t\t\t\t\t<span class=\"elementor-button-text\">INICIO<\/span>\n\t\t\t\t\t<\/span>\n\t\t\t\t\t<\/a>\n\t\t\t\t<\/div>\n\t\t\t\t\t\t<\/div>\n\t\t\t\t<\/div>\n\t\t\t\t\t<\/div>\n\t\t<\/div>\n\t\t\t\t<div class=\"elementor-column elementor-col-16 elementor-top-column elementor-element elementor-element-212372e\" data-id=\"212372e\" data-element_type=\"column\">\n\t\t\t<div class=\"elementor-widget-wrap elementor-element-populated\">\n\t\t\t\t\t\t<div class=\"elementor-element elementor-element-60e2546 elementor-align-center elementor-widget__width-initial elementor-widget elementor-widget-button\" data-id=\"60e2546\" data-element_type=\"widget\" data-widget_type=\"button.default\">\n\t\t\t\t<div class=\"elementor-widget-container\">\n\t\t\t\t\t\t\t<div class=\"elementor-button-wrapper\">\n\t\t\t\t\t<a class=\"elementor-button elementor-button-link elementor-size-sm\" href=\"https:\/\/www.ufsm.br\/cursos\/pos-graduacao\/santa-maria\/ppgletras\/inscricoes-setedi\" target=\"_blank\">\n\t\t\t\t\t\t<span class=\"elementor-button-content-wrapper\">\n\t\t\t\t\t\t\t\t\t<span class=\"elementor-button-text\">INSCRI\u00c7\u00d5ES<\/span>\n\t\t\t\t\t<\/span>\n\t\t\t\t\t<\/a>\n\t\t\t\t<\/div>\n\t\t\t\t\t\t<\/div>\n\t\t\t\t<\/div>\n\t\t\t\t\t<\/div>\n\t\t<\/div>\n\t\t\t\t<div class=\"elementor-column elementor-col-16 elementor-top-column elementor-element elementor-element-58732c4\" data-id=\"58732c4\" data-element_type=\"column\">\n\t\t\t<div class=\"elementor-widget-wrap elementor-element-populated\">\n\t\t\t\t\t\t<div class=\"elementor-element elementor-element-71d7da4 elementor-button-info elementor-align-center elementor-widget__width-initial elementor-widget elementor-widget-button\" data-id=\"71d7da4\" data-element_type=\"widget\" data-widget_type=\"button.default\">\n\t\t\t\t<div class=\"elementor-widget-container\">\n\t\t\t\t\t\t\t<div class=\"elementor-button-wrapper\">\n\t\t\t\t\t<a class=\"elementor-button elementor-button-link elementor-size-sm\" href=\"https:\/\/www.ufsm.br\/cursos\/pos-graduacao\/santa-maria\/ppgletras\/programacao-setedi-2\" target=\"_blank\">\n\t\t\t\t\t\t<span class=\"elementor-button-content-wrapper\">\n\t\t\t\t\t\t\t\t\t<span class=\"elementor-button-text\">PROGRAMA\u00c7\u00c3O<\/span>\n\t\t\t\t\t<\/span>\n\t\t\t\t\t<\/a>\n\t\t\t\t<\/div>\n\t\t\t\t\t\t<\/div>\n\t\t\t\t<\/div>\n\t\t\t\t\t<\/div>\n\t\t<\/div>\n\t\t\t\t<div class=\"elementor-column elementor-col-16 elementor-top-column elementor-element elementor-element-83cbc91\" data-id=\"83cbc91\" data-element_type=\"column\">\n\t\t\t<div class=\"elementor-widget-wrap elementor-element-populated\">\n\t\t\t\t\t\t<div class=\"elementor-element elementor-element-3c51823 elementor-button-info elementor-align-center elementor-widget__width-initial elementor-widget elementor-widget-button\" data-id=\"3c51823\" data-element_type=\"widget\" data-widget_type=\"button.default\">\n\t\t\t\t<div class=\"elementor-widget-container\">\n\t\t\t\t\t\t\t<div class=\"elementor-button-wrapper\">\n\t\t\t\t\t<a class=\"elementor-button elementor-button-link elementor-size-sm\" href=\"https:\/\/www.ufsm.br\/cursos\/pos-graduacao\/santa-maria\/ppgletras\/organizacao-setedi\u2197\" target=\"_blank\">\n\t\t\t\t\t\t<span class=\"elementor-button-content-wrapper\">\n\t\t\t\t\t\t\t\t\t<span class=\"elementor-button-text\">ORGANIZA\u00c7\u00c3O<\/span>\n\t\t\t\t\t<\/span>\n\t\t\t\t\t<\/a>\n\t\t\t\t<\/div>\n\t\t\t\t\t\t<\/div>\n\t\t\t\t<\/div>\n\t\t\t\t\t<\/div>\n\t\t<\/div>\n\t\t\t\t<div class=\"elementor-column elementor-col-16 elementor-top-column elementor-element elementor-element-ae68f01\" data-id=\"ae68f01\" data-element_type=\"column\">\n\t\t\t<div class=\"elementor-widget-wrap elementor-element-populated\">\n\t\t\t\t\t\t<div class=\"elementor-element elementor-element-b088f71 elementor-button-info elementor-align-center elementor-widget__width-initial elementor-widget elementor-widget-button\" data-id=\"b088f71\" data-element_type=\"widget\" data-widget_type=\"button.default\">\n\t\t\t\t<div class=\"elementor-widget-container\">\n\t\t\t\t\t\t\t<div class=\"elementor-button-wrapper\">\n\t\t\t\t\t<a class=\"elementor-button elementor-button-link elementor-size-sm\" href=\"https:\/\/www.ufsm.br\/cursos\/pos-graduacao\/santa-maria\/ppgletras\/publicacoes-setedi\" target=\"_blank\">\n\t\t\t\t\t\t<span class=\"elementor-button-content-wrapper\">\n\t\t\t\t\t\t\t\t\t<span class=\"elementor-button-text\">PUBLICA\u00c7\u00d5ES<\/span>\n\t\t\t\t\t<\/span>\n\t\t\t\t\t<\/a>\n\t\t\t\t<\/div>\n\t\t\t\t\t\t<\/div>\n\t\t\t\t<\/div>\n\t\t\t\t\t<\/div>\n\t\t<\/div>\n\t\t\t\t<div class=\"elementor-column elementor-col-16 elementor-top-column elementor-element elementor-element-656f083\" data-id=\"656f083\" data-element_type=\"column\">\n\t\t\t<div class=\"elementor-widget-wrap elementor-element-populated\">\n\t\t\t\t\t\t<div class=\"elementor-element elementor-element-a52f4da elementor-button-info elementor-align-center elementor-widget__width-initial elementor-widget elementor-widget-button\" data-id=\"a52f4da\" data-element_type=\"widget\" data-widget_type=\"button.default\">\n\t\t\t\t<div class=\"elementor-widget-container\">\n\t\t\t\t\t\t\t<div class=\"elementor-button-wrapper\">\n\t\t\t\t\t<a class=\"elementor-button elementor-button-link elementor-size-sm\" href=\"https:\/\/www.ufsm.br\/cursos\/pos-graduacao\/santa-maria\/ppgletras\/edicoes-anteriores-setedi\" target=\"_blank\">\n\t\t\t\t\t\t<span class=\"elementor-button-content-wrapper\">\n\t\t\t\t\t\t\t\t\t<span class=\"elementor-button-text\">EDI\u00c7\u00d5ES ANTERIORES<\/span>\n\t\t\t\t\t<\/span>\n\t\t\t\t\t<\/a>\n\t\t\t\t<\/div>\n\t\t\t\t\t\t<\/div>\n\t\t\t\t<\/div>\n\t\t\t\t\t<\/div>\n\t\t<\/div>\n\t\t\t\t\t<\/div>\n\t\t<\/section>\n\t\t\t\t<section class=\"elementor-section elementor-top-section elementor-element elementor-element-8758b89 elementor-section-boxed elementor-section-height-default elementor-section-height-default\" data-id=\"8758b89\" data-element_type=\"section\">\n\t\t\t\t\t\t<div class=\"elementor-container elementor-column-gap-default\">\n\t\t\t\t\t<div class=\"elementor-column elementor-col-100 elementor-top-column elementor-element elementor-element-0f7f6ec\" data-id=\"0f7f6ec\" data-element_type=\"column\">\n\t\t\t<div class=\"elementor-widget-wrap elementor-element-populated\">\n\t\t\t\t\t\t<div class=\"elementor-element elementor-element-59fcf8f elementor-widget elementor-widget-heading\" data-id=\"59fcf8f\" data-element_type=\"widget\" data-widget_type=\"heading.default\">\n\t\t\t\t<div class=\"elementor-widget-container\">\n\t\t\t<h5 class=\"elementor-heading-title elementor-size-default\">INSCRI\u00c7\u00d5ES<\/h5>\t\t<\/div>\n\t\t\t\t<\/div>\n\t\t\t\t<div class=\"elementor-element elementor-element-74450c2 elementor-widget elementor-widget-text-editor\" data-id=\"74450c2\" data-element_type=\"widget\" data-widget_type=\"text-editor.default\">\n\t\t\t\t<div class=\"elementor-widget-container\">\n\t\t\t\t\t\t\t<p>As inscri\u00e7\u00f5es para este evento integrado est\u00e3o abertas nas modalidades \u201couvinte\u201d e \u201couvinte com comunica\u00e7\u00e3o\u201d neste link:\u00a0<a href=\"https:\/\/forms.gle\/VLMrkzjhjbDpCwBe7\" target=\"_blank\" rel=\"noopener\">https:\/\/forms.gle\/VLMrkzjhjbDpCwBe7<\/a><\/p><p>As sess\u00f5es de comunica\u00e7\u00f5es est\u00e3o divididas nos seguintes eixos tem\u00e1ticos.<\/p><p><b>Eixo tem\u00e1tico 01 \u2013\u00a0<\/b>Ensino de l\u00ednguas e literatura e Forma\u00e7\u00e3o Docente.<\/p><p><b>Eixo tem\u00e1tico 02 \u2013\u00a0<\/b>Ensino de l\u00ednguas e literatura e Tecnologias Digitais.<\/p><p><b>Eixo tem\u00e1tico 03 \u2013\u00a0<\/b>Linguagem, Hist\u00f3ria e Mem\u00f3ria.<\/p><p><b>Eixo tem\u00e1tico 04<\/b>\u00a0\u2013 Pol\u00edticas Lingu\u00edsticas.<\/p><p><b>Eixo tem\u00e1tico 05<\/b>\u00a0\u2013 Tradu\u00e7\u00e3o como (Re)Cria\u00e7\u00e3o.<\/p><p><b>Eixo tem\u00e1tico 06<\/b>\u00a0\u2013 Literaturas de L\u00ednguas Estrangeiras.<\/p><p><b>Eixo tem\u00e1tico 07\u00a0<\/b>\u2013\u00a0Literaturas de L\u00edngua Portuguesa.<\/p><p><b>Eixo tem\u00e1tico 08<\/b>\u00a0\u2013\u00a0Experi\u00eancias e perspectivas dos letramentos.<\/p><p>O\u00a0<strong>modelo de resumo<\/strong>\u00a0com as normas de submiss\u00e3o est\u00e3o neste link:\u00a0<a href=\"https:\/\/docs.google.com\/document\/d\/1Git9_AlSa65CcCZX6bRobeDWjVQw2-tU\/edit?usp=drive_link&amp;ouid=111578449524435039857&amp;rtpof=true&amp;sd=true\" target=\"_blank\" rel=\"noopener\">https:\/\/docs.google.com\/document\/d\/1Git9_AlSa65CcCZX6bRobeDWjVQw2-tU\/edit?usp=drive_link&amp;ouid=111578449524435039857&amp;rtpof=true&amp;sd=true<\/a><\/p><p>\u2013 Prazo final para o envio de resumos:\u00a0<b>30\/09\/2025.<\/b><\/p><p>\u2013 Divulga\u00e7\u00e3o do aceite:\u00a0<b>at\u00e9 15\/10\/25<\/b>.<\/p><p>\u2013 Prazo final para inscri\u00e7\u00e3o como ouvinte:<b>\u00a019\/10\/2025.<\/b><\/p><p>Autores\/as de trabalhos aceitos para a sess\u00e3o de comunica\u00e7\u00e3o oral poder\u00e3o enviar seus textos completos para publica\u00e7\u00e3o em n\u00famero Especial da Revista Ideias \u2013 dedicado \u00e0 27\u00b0 Semana de Letras. A submiss\u00e3o dos textos completos dever\u00e1 ocorrer at\u00e9 o dia 20 de novembro de 2025.<br \/>Enviar o texto completo para: ideias.letrasufsm@gmail.com<br \/>Normas para submiss\u00e3o de textos na revista ideias: http:\/\/w3.ufsm.br\/revistaideias\/submissao.html<\/p><p>Inscri\u00e7\u00f5es para ouvintes at\u00e9 o dia 19 de outubro.<\/p>\t\t\t\t\t\t<\/div>\n\t\t\t\t<\/div>\n\t\t\t\t\t<\/div>\n\t\t<\/div>\n\t\t\t\t\t<\/div>\n\t\t<\/section>\n\t\t\t\t<\/div>\n\t\t","protected":false},"excerpt":{"rendered":"<p>INICIO INSCRI\u00c7\u00d5ES PROGRAMA\u00c7\u00c3O ORGANIZA\u00c7\u00c3O PUBLICA\u00c7\u00d5ES EDI\u00c7\u00d5ES ANTERIORES INSCRI\u00c7\u00d5ES As inscri\u00e7\u00f5es para este evento integrado est\u00e3o abertas nas modalidades \u201couvinte\u201d e \u201couvinte com comunica\u00e7\u00e3o\u201d neste link:\u00a0https:\/\/forms.gle\/VLMrkzjhjbDpCwBe7 As sess\u00f5es de comunica\u00e7\u00f5es est\u00e3o divididas nos seguintes eixos tem\u00e1ticos. Eixo tem\u00e1tico 01 \u2013\u00a0Ensino de l\u00ednguas e literatura e Forma\u00e7\u00e3o Docente. Eixo tem\u00e1tico 02 \u2013\u00a0Ensino de l\u00ednguas e literatura e [&hellip;]<\/p>\n","protected":false},"author":820,"featured_media":0,"parent":0,"menu_order":0,"comment_status":"closed","ping_status":"closed","template":"","meta":{"footnotes":""},"categories":[],"tags":[],"class_list":["post-4909","page","type-page","status-publish","hentry"],"acf":[],"_links":{"self":[{"href":"https:\/\/www.ufsm.br\/cursos\/pos-graduacao\/santa-maria\/ppgletras\/wp-json\/wp\/v2\/pages\/4909","targetHints":{"allow":["GET"]}}],"collection":[{"href":"https:\/\/www.ufsm.br\/cursos\/pos-graduacao\/santa-maria\/ppgletras\/wp-json\/wp\/v2\/pages"}],"about":[{"href":"https:\/\/www.ufsm.br\/cursos\/pos-graduacao\/santa-maria\/ppgletras\/wp-json\/wp\/v2\/types\/page"}],"author":[{"embeddable":true,"href":"https:\/\/www.ufsm.br\/cursos\/pos-graduacao\/santa-maria\/ppgletras\/wp-json\/wp\/v2\/users\/820"}],"replies":[{"embeddable":true,"href":"https:\/\/www.ufsm.br\/cursos\/pos-graduacao\/santa-maria\/ppgletras\/wp-json\/wp\/v2\/comments?post=4909"}],"version-history":[{"count":0,"href":"https:\/\/www.ufsm.br\/cursos\/pos-graduacao\/santa-maria\/ppgletras\/wp-json\/wp\/v2\/pages\/4909\/revisions"}],"wp:attachment":[{"href":"https:\/\/www.ufsm.br\/cursos\/pos-graduacao\/santa-maria\/ppgletras\/wp-json\/wp\/v2\/media?parent=4909"}],"wp:term":[{"taxonomy":"category","embeddable":true,"href":"https:\/\/www.ufsm.br\/cursos\/pos-graduacao\/santa-maria\/ppgletras\/wp-json\/wp\/v2\/categories?post=4909"},{"taxonomy":"post_tag","embeddable":true,"href":"https:\/\/www.ufsm.br\/cursos\/pos-graduacao\/santa-maria\/ppgletras\/wp-json\/wp\/v2\/tags?post=4909"}],"curies":[{"name":"wp","href":"https:\/\/api.w.org\/{rel}","templated":true}]}}