{"id":4914,"date":"2025-09-25T03:55:31","date_gmt":"2025-09-25T06:55:31","guid":{"rendered":"https:\/\/www.ufsm.br\/cursos\/pos-graduacao\/santa-maria\/ppgletras\/?page_id=4914"},"modified":"2025-10-03T14:57:34","modified_gmt":"2025-10-03T17:57:34","slug":"organizacao-setedi","status":"publish","type":"page","link":"https:\/\/www.ufsm.br\/cursos\/pos-graduacao\/santa-maria\/ppgletras\/organizacao-setedi","title":{"rendered":"Organiza\u00e7\u00e3o SETEDI"},"content":{"rendered":"\t\t<div data-elementor-type=\"wp-page\" data-elementor-id=\"4914\" class=\"elementor elementor-4914\">\n\t\t\t\t\t\t<section class=\"elementor-section elementor-top-section elementor-element elementor-element-df43dbb elementor-section-boxed elementor-section-height-default elementor-section-height-default\" data-id=\"df43dbb\" data-element_type=\"section\">\n\t\t\t\t\t\t<div class=\"elementor-container elementor-column-gap-default\">\n\t\t\t\t\t<div class=\"elementor-column elementor-col-100 elementor-top-column elementor-element elementor-element-147e432\" data-id=\"147e432\" data-element_type=\"column\">\n\t\t\t<div class=\"elementor-widget-wrap elementor-element-populated\">\n\t\t\t\t\t\t<div class=\"elementor-element elementor-element-87fea1f elementor-widget elementor-widget-image\" data-id=\"87fea1f\" data-element_type=\"widget\" data-widget_type=\"image.default\">\n\t\t\t\t<div class=\"elementor-widget-container\">\n\t\t\t\t\t\t\t\t\t\t\t\t\t<img fetchpriority=\"high\" decoding=\"async\" width=\"1024\" height=\"268\" src=\"https:\/\/www.ufsm.br\/app\/uploads\/sites\/559\/2025\/09\/SETEDI-banner_PPGL-1024x268.jpg\" class=\"attachment-large size-large wp-image-4900\" alt=\"\" srcset=\"https:\/\/www.ufsm.br\/app\/uploads\/sites\/559\/2025\/09\/SETEDI-banner_PPGL-1024x268.jpg 1024w, https:\/\/www.ufsm.br\/app\/uploads\/sites\/559\/2025\/09\/SETEDI-banner_PPGL-300x78.jpg 300w, https:\/\/www.ufsm.br\/app\/uploads\/sites\/559\/2025\/09\/SETEDI-banner_PPGL-768x201.jpg 768w, https:\/\/www.ufsm.br\/app\/uploads\/sites\/559\/2025\/09\/SETEDI-banner_PPGL-1536x402.jpg 1536w, https:\/\/www.ufsm.br\/app\/uploads\/sites\/559\/2025\/09\/SETEDI-banner_PPGL.jpg 1920w\" sizes=\"(max-width: 1024px) 100vw, 1024px\" \/>\t\t\t\t\t\t\t\t\t\t\t\t\t<\/div>\n\t\t\t\t<\/div>\n\t\t\t\t\t<\/div>\n\t\t<\/div>\n\t\t\t\t\t<\/div>\n\t\t<\/section>\n\t\t\t\t<section class=\"elementor-section elementor-top-section elementor-element elementor-element-5c39c18 elementor-section-boxed elementor-section-height-default elementor-section-height-default\" data-id=\"5c39c18\" data-element_type=\"section\">\n\t\t\t\t\t\t<div class=\"elementor-container elementor-column-gap-default\">\n\t\t\t\t\t<div class=\"elementor-column elementor-col-16 elementor-top-column elementor-element elementor-element-80672ca\" data-id=\"80672ca\" data-element_type=\"column\">\n\t\t\t<div class=\"elementor-widget-wrap elementor-element-populated\">\n\t\t\t\t\t\t<div class=\"elementor-element elementor-element-6f8d879 elementor-button-info elementor-align-center elementor-widget elementor-widget-button\" data-id=\"6f8d879\" data-element_type=\"widget\" data-widget_type=\"button.default\">\n\t\t\t\t<div class=\"elementor-widget-container\">\n\t\t\t\t\t\t\t<div class=\"elementor-button-wrapper\">\n\t\t\t\t\t<a class=\"elementor-button elementor-button-link elementor-size-sm\" href=\"https:\/\/www.ufsm.br\/cursos\/pos-graduacao\/santa-maria\/ppgletras\/vii-setedi#\" target=\"_blank\">\n\t\t\t\t\t\t<span class=\"elementor-button-content-wrapper\">\n\t\t\t\t\t\t\t\t\t<span class=\"elementor-button-text\">INICIO<\/span>\n\t\t\t\t\t<\/span>\n\t\t\t\t\t<\/a>\n\t\t\t\t<\/div>\n\t\t\t\t\t\t<\/div>\n\t\t\t\t<\/div>\n\t\t\t\t\t<\/div>\n\t\t<\/div>\n\t\t\t\t<div class=\"elementor-column elementor-col-16 elementor-top-column elementor-element elementor-element-56ee2ee\" data-id=\"56ee2ee\" data-element_type=\"column\">\n\t\t\t<div class=\"elementor-widget-wrap elementor-element-populated\">\n\t\t\t\t\t\t<div class=\"elementor-element elementor-element-90c9600 elementor-align-center elementor-widget__width-initial elementor-button-info elementor-widget elementor-widget-button\" data-id=\"90c9600\" data-element_type=\"widget\" data-widget_type=\"button.default\">\n\t\t\t\t<div class=\"elementor-widget-container\">\n\t\t\t\t\t\t\t<div class=\"elementor-button-wrapper\">\n\t\t\t\t\t<a class=\"elementor-button elementor-button-link elementor-size-sm\" href=\"https:\/\/www.ufsm.br\/cursos\/pos-graduacao\/santa-maria\/ppgletras\/inscricoes-setedi\" target=\"_blank\">\n\t\t\t\t\t\t<span class=\"elementor-button-content-wrapper\">\n\t\t\t\t\t\t\t\t\t<span class=\"elementor-button-text\">INSCRI\u00c7\u00d5ES<\/span>\n\t\t\t\t\t<\/span>\n\t\t\t\t\t<\/a>\n\t\t\t\t<\/div>\n\t\t\t\t\t\t<\/div>\n\t\t\t\t<\/div>\n\t\t\t\t\t<\/div>\n\t\t<\/div>\n\t\t\t\t<div class=\"elementor-column elementor-col-16 elementor-top-column elementor-element elementor-element-0fa5939\" data-id=\"0fa5939\" data-element_type=\"column\">\n\t\t\t<div class=\"elementor-widget-wrap elementor-element-populated\">\n\t\t\t\t\t\t<div class=\"elementor-element elementor-element-5a91156 elementor-button-info elementor-align-center elementor-widget__width-initial elementor-widget elementor-widget-button\" data-id=\"5a91156\" data-element_type=\"widget\" data-widget_type=\"button.default\">\n\t\t\t\t<div class=\"elementor-widget-container\">\n\t\t\t\t\t\t\t<div class=\"elementor-button-wrapper\">\n\t\t\t\t\t<a class=\"elementor-button elementor-button-link elementor-size-sm\" href=\"https:\/\/www.ufsm.br\/cursos\/pos-graduacao\/santa-maria\/ppgletras\/programacao-setedi-2\" target=\"_blank\">\n\t\t\t\t\t\t<span class=\"elementor-button-content-wrapper\">\n\t\t\t\t\t\t\t\t\t<span class=\"elementor-button-text\">PROGRAMA\u00c7\u00c3O<\/span>\n\t\t\t\t\t<\/span>\n\t\t\t\t\t<\/a>\n\t\t\t\t<\/div>\n\t\t\t\t\t\t<\/div>\n\t\t\t\t<\/div>\n\t\t\t\t\t<\/div>\n\t\t<\/div>\n\t\t\t\t<div class=\"elementor-column elementor-col-16 elementor-top-column elementor-element elementor-element-0b7e76e\" data-id=\"0b7e76e\" data-element_type=\"column\">\n\t\t\t<div class=\"elementor-widget-wrap elementor-element-populated\">\n\t\t\t\t\t\t<div class=\"elementor-element elementor-element-8f338fb elementor-align-center elementor-widget__width-initial elementor-widget elementor-widget-button\" data-id=\"8f338fb\" data-element_type=\"widget\" data-widget_type=\"button.default\">\n\t\t\t\t<div class=\"elementor-widget-container\">\n\t\t\t\t\t\t\t<div class=\"elementor-button-wrapper\">\n\t\t\t\t\t<a class=\"elementor-button elementor-button-link elementor-size-sm\" href=\"#\" target=\"_blank\">\n\t\t\t\t\t\t<span class=\"elementor-button-content-wrapper\">\n\t\t\t\t\t\t\t\t\t<span class=\"elementor-button-text\">ORGANIZA\u00c7\u00c3O<\/span>\n\t\t\t\t\t<\/span>\n\t\t\t\t\t<\/a>\n\t\t\t\t<\/div>\n\t\t\t\t\t\t<\/div>\n\t\t\t\t<\/div>\n\t\t\t\t\t<\/div>\n\t\t<\/div>\n\t\t\t\t<div class=\"elementor-column elementor-col-16 elementor-top-column elementor-element elementor-element-c7b51ee\" data-id=\"c7b51ee\" data-element_type=\"column\">\n\t\t\t<div class=\"elementor-widget-wrap elementor-element-populated\">\n\t\t\t\t\t\t<div class=\"elementor-element elementor-element-4d43099 elementor-button-info elementor-align-center elementor-widget__width-initial elementor-widget elementor-widget-button\" data-id=\"4d43099\" data-element_type=\"widget\" data-widget_type=\"button.default\">\n\t\t\t\t<div class=\"elementor-widget-container\">\n\t\t\t\t\t\t\t<div class=\"elementor-button-wrapper\">\n\t\t\t\t\t<a class=\"elementor-button elementor-button-link elementor-size-sm\" href=\"https:\/\/www.ufsm.br\/cursos\/pos-graduacao\/santa-maria\/ppgletras\/publicacoes-setedi\" target=\"_blank\">\n\t\t\t\t\t\t<span class=\"elementor-button-content-wrapper\">\n\t\t\t\t\t\t\t\t\t<span class=\"elementor-button-text\">PUBLICA\u00c7\u00d5ES<\/span>\n\t\t\t\t\t<\/span>\n\t\t\t\t\t<\/a>\n\t\t\t\t<\/div>\n\t\t\t\t\t\t<\/div>\n\t\t\t\t<\/div>\n\t\t\t\t\t<\/div>\n\t\t<\/div>\n\t\t\t\t<div class=\"elementor-column elementor-col-16 elementor-top-column elementor-element elementor-element-db8b55e\" data-id=\"db8b55e\" data-element_type=\"column\">\n\t\t\t<div class=\"elementor-widget-wrap elementor-element-populated\">\n\t\t\t\t\t\t<div class=\"elementor-element elementor-element-5fcffa7 elementor-button-info elementor-align-center elementor-widget__width-initial elementor-widget elementor-widget-button\" data-id=\"5fcffa7\" data-element_type=\"widget\" data-widget_type=\"button.default\">\n\t\t\t\t<div class=\"elementor-widget-container\">\n\t\t\t\t\t\t\t<div class=\"elementor-button-wrapper\">\n\t\t\t\t\t<a class=\"elementor-button elementor-button-link elementor-size-sm\" href=\"https:\/\/www.ufsm.br\/cursos\/pos-graduacao\/santa-maria\/ppgletras\/edicoes-anteriores-setedi\" target=\"_blank\">\n\t\t\t\t\t\t<span class=\"elementor-button-content-wrapper\">\n\t\t\t\t\t\t\t\t\t<span class=\"elementor-button-text\">EDI\u00c7\u00d5ES ANTERIORES<\/span>\n\t\t\t\t\t<\/span>\n\t\t\t\t\t<\/a>\n\t\t\t\t<\/div>\n\t\t\t\t\t\t<\/div>\n\t\t\t\t<\/div>\n\t\t\t\t\t<\/div>\n\t\t<\/div>\n\t\t\t\t\t<\/div>\n\t\t<\/section>\n\t\t\t\t<section class=\"elementor-section elementor-top-section elementor-element elementor-element-79816dc elementor-section-boxed elementor-section-height-default elementor-section-height-default\" data-id=\"79816dc\" data-element_type=\"section\">\n\t\t\t\t\t\t<div class=\"elementor-container elementor-column-gap-default\">\n\t\t\t\t\t<div class=\"elementor-column elementor-col-100 elementor-top-column elementor-element elementor-element-b595a1a\" data-id=\"b595a1a\" data-element_type=\"column\">\n\t\t\t<div class=\"elementor-widget-wrap elementor-element-populated\">\n\t\t\t\t\t\t<div class=\"elementor-element elementor-element-2da4d82 elementor-widget elementor-widget-heading\" data-id=\"2da4d82\" data-element_type=\"widget\" data-widget_type=\"heading.default\">\n\t\t\t\t<div class=\"elementor-widget-container\">\n\t\t\t<h5 class=\"elementor-heading-title elementor-size-default\">Comiss\u00e3o organizadora<\/h5>\t\t<\/div>\n\t\t\t\t<\/div>\n\t\t\t\t<div class=\"elementor-element elementor-element-9459289 elementor-widget elementor-widget-text-editor\" data-id=\"9459289\" data-element_type=\"widget\" data-widget_type=\"text-editor.default\">\n\t\t\t\t<div class=\"elementor-widget-container\">\n\t\t\t\t\t\t\t<p>Ana Flavia Souto de Oliveira (DLCL)<br \/>Andr\u00e9 Firpo Bevil\u00e1qua (DLEM)<br \/>Camila Steinhorst (PPGL)<br \/>Caroline Ara\u00fajo Larra\u00f1aga de Matos (PPGL)<br \/>Cinthia Da Silva Belonia (DLV)<br \/>Cristiane Salete Florek (DLV)<br \/>Deborah do Carmo Filippetto (PPGL)<br \/>Ernani Silverio Hermes (PPGL)<br \/>Evellyne Patr\u00edcia Figueiredo De Sousa Costa (DLCL)<br \/>Francieli Matzenbacher Pinton (DLV)<br \/>Gabriel Salinet Rodrigues (PPGL)<br \/>Gess\u00e9lda Somavilla Farencena (DLV)<br \/>Ivana Ferigolo Melo (DLEM),<br \/>Jo\u00e3o Pedro Wizniewsky Amaral (DLEM)<br \/>Kethlyn Sabrina Gomes Pippi (PPGL), <br \/>Lav\u00ednia Neres (Bacharelado Letras-Portugu\u00eas)<br \/>Lucas da Cunha Zamberlan (DLV)<br \/>Luciana Ferrari Montemezzo (DLEM)<br \/>Luciane Kirchhof Ticks (DLEM)<br \/>Ma\u00edsa Helena Brum (DLEM)<br \/>Monica Chagas da Costa (DLV)<br \/>Patr\u00edcia Marcuzzo (DLEM)<br \/>Raquel Trentin Oliveira (DLV)<br \/>Silvia Helena Lovato Do Nascimento (DLV)<\/p><p>\u00a0<\/p>\t\t\t\t\t\t<\/div>\n\t\t\t\t<\/div>\n\t\t\t\t\t<\/div>\n\t\t<\/div>\n\t\t\t\t\t<\/div>\n\t\t<\/section>\n\t\t\t\t<\/div>\n\t\t","protected":false},"excerpt":{"rendered":"<p>INICIO INSCRI\u00c7\u00d5ES PROGRAMA\u00c7\u00c3O ORGANIZA\u00c7\u00c3O PUBLICA\u00c7\u00d5ES EDI\u00c7\u00d5ES ANTERIORES Comiss\u00e3o organizadora Ana Flavia Souto de Oliveira (DLCL)Andr\u00e9 Firpo Bevil\u00e1qua (DLEM)Camila Steinhorst (PPGL)Caroline Ara\u00fajo Larra\u00f1aga de Matos (PPGL)Cinthia Da Silva Belonia (DLV)Cristiane Salete Florek (DLV)Deborah do Carmo Filippetto (PPGL)Ernani Silverio Hermes (PPGL)Evellyne Patr\u00edcia Figueiredo De Sousa Costa (DLCL)Francieli Matzenbacher Pinton (DLV)Gabriel Salinet Rodrigues (PPGL)Gess\u00e9lda Somavilla Farencena (DLV)Ivana Ferigolo [&hellip;]<\/p>\n","protected":false},"author":820,"featured_media":0,"parent":0,"menu_order":0,"comment_status":"closed","ping_status":"closed","template":"","meta":{"footnotes":""},"categories":[],"tags":[],"class_list":["post-4914","page","type-page","status-publish","hentry"],"acf":[],"_links":{"self":[{"href":"https:\/\/www.ufsm.br\/cursos\/pos-graduacao\/santa-maria\/ppgletras\/wp-json\/wp\/v2\/pages\/4914","targetHints":{"allow":["GET"]}}],"collection":[{"href":"https:\/\/www.ufsm.br\/cursos\/pos-graduacao\/santa-maria\/ppgletras\/wp-json\/wp\/v2\/pages"}],"about":[{"href":"https:\/\/www.ufsm.br\/cursos\/pos-graduacao\/santa-maria\/ppgletras\/wp-json\/wp\/v2\/types\/page"}],"author":[{"embeddable":true,"href":"https:\/\/www.ufsm.br\/cursos\/pos-graduacao\/santa-maria\/ppgletras\/wp-json\/wp\/v2\/users\/820"}],"replies":[{"embeddable":true,"href":"https:\/\/www.ufsm.br\/cursos\/pos-graduacao\/santa-maria\/ppgletras\/wp-json\/wp\/v2\/comments?post=4914"}],"version-history":[{"count":0,"href":"https:\/\/www.ufsm.br\/cursos\/pos-graduacao\/santa-maria\/ppgletras\/wp-json\/wp\/v2\/pages\/4914\/revisions"}],"wp:attachment":[{"href":"https:\/\/www.ufsm.br\/cursos\/pos-graduacao\/santa-maria\/ppgletras\/wp-json\/wp\/v2\/media?parent=4914"}],"wp:term":[{"taxonomy":"category","embeddable":true,"href":"https:\/\/www.ufsm.br\/cursos\/pos-graduacao\/santa-maria\/ppgletras\/wp-json\/wp\/v2\/categories?post=4914"},{"taxonomy":"post_tag","embeddable":true,"href":"https:\/\/www.ufsm.br\/cursos\/pos-graduacao\/santa-maria\/ppgletras\/wp-json\/wp\/v2\/tags?post=4914"}],"curies":[{"name":"wp","href":"https:\/\/api.w.org\/{rel}","templated":true}]}}