{"id":4926,"date":"2025-09-30T08:31:24","date_gmt":"2025-09-30T11:31:24","guid":{"rendered":"https:\/\/www.ufsm.br\/cursos\/pos-graduacao\/santa-maria\/ppgletras\/?page_id=4926"},"modified":"2025-12-12T16:33:05","modified_gmt":"2025-12-12T19:33:05","slug":"processo-seletivo-ingresso-no-1o-semestre-de-2026","status":"publish","type":"page","link":"https:\/\/www.ufsm.br\/cursos\/pos-graduacao\/santa-maria\/ppgletras\/processo-seletivo-ingresso-no-1o-semestre-de-2026","title":{"rendered":"Processo Seletivo \u2013 Ingresso no 1\u00ba semestre de 2026"},"content":{"rendered":"\t\t<div data-elementor-type=\"wp-page\" data-elementor-id=\"4926\" class=\"elementor elementor-4926\">\n\t\t\t\t\t\t<section class=\"elementor-section elementor-top-section elementor-element elementor-element-a3efd14 elementor-section-boxed elementor-section-height-default elementor-section-height-default\" data-id=\"a3efd14\" data-element_type=\"section\">\n\t\t\t\t\t\t<div class=\"elementor-container elementor-column-gap-default\">\n\t\t\t\t\t<div class=\"elementor-column elementor-col-100 elementor-top-column elementor-element elementor-element-6e47291\" data-id=\"6e47291\" data-element_type=\"column\">\n\t\t\t<div class=\"elementor-widget-wrap elementor-element-populated\">\n\t\t\t\t\t\t<div class=\"elementor-element elementor-element-61fdfd5 elementor-widget elementor-widget-heading\" data-id=\"61fdfd5\" data-element_type=\"widget\" data-widget_type=\"heading.default\">\n\t\t\t\t<div class=\"elementor-widget-container\">\n\t\t\t<h2 class=\"elementor-heading-title elementor-size-default\">Edital Geral<\/h2>\t\t<\/div>\n\t\t\t\t<\/div>\n\t\t\t\t\t<\/div>\n\t\t<\/div>\n\t\t\t\t\t<\/div>\n\t\t<\/section>\n\t\t\t\t<section class=\"elementor-section elementor-top-section elementor-element elementor-element-308a8d2 elementor-section-boxed elementor-section-height-default elementor-section-height-default\" data-id=\"308a8d2\" data-element_type=\"section\">\n\t\t\t\t\t\t<div class=\"elementor-container elementor-column-gap-default\">\n\t\t\t\t\t<div class=\"elementor-column elementor-col-100 elementor-top-column elementor-element elementor-element-005cdc3\" data-id=\"005cdc3\" data-element_type=\"column\">\n\t\t\t<div class=\"elementor-widget-wrap elementor-element-populated\">\n\t\t\t\t\t\t<div class=\"elementor-element elementor-element-46e5f69 elementor-widget elementor-widget-text-editor\" data-id=\"46e5f69\" data-element_type=\"widget\" data-widget_type=\"text-editor.default\">\n\t\t\t\t<div class=\"elementor-widget-container\">\n\t\t\t\t\t\t\t<h5><a href=\"https:\/\/www.ufsm.br\/app\/uploads\/sites\/345\/2025\/08\/EDIT_030_2025.pdf\">EDITAL PRPGP\/UFSM N\u00ba 030, DE 29 DE SETEMBRO DE 2025.<\/a><\/h5><h5><a href=\"https:\/\/www.ufsm.br\/pro-reitorias\/prpgp\/editais\/030-2025\">P\u00e1gina Web do Edital N\u00ba 030\/2025<\/a><\/h5>\t\t\t\t\t\t<\/div>\n\t\t\t\t<\/div>\n\t\t\t\t\t<\/div>\n\t\t<\/div>\n\t\t\t\t\t<\/div>\n\t\t<\/section>\n\t\t\t\t<section class=\"elementor-section elementor-top-section elementor-element elementor-element-7c300ef elementor-section-boxed elementor-section-height-default elementor-section-height-default\" data-id=\"7c300ef\" data-element_type=\"section\">\n\t\t\t\t\t\t<div class=\"elementor-container elementor-column-gap-default\">\n\t\t\t\t\t<div class=\"elementor-column elementor-col-100 elementor-top-column elementor-element elementor-element-29e3e8a\" data-id=\"29e3e8a\" data-element_type=\"column\">\n\t\t\t<div class=\"elementor-widget-wrap elementor-element-populated\">\n\t\t\t\t\t\t<div class=\"elementor-element elementor-element-c908529 elementor-widget elementor-widget-heading\" data-id=\"c908529\" data-element_type=\"widget\" data-widget_type=\"heading.default\">\n\t\t\t\t<div class=\"elementor-widget-container\">\n\t\t\t<h2 class=\"elementor-heading-title elementor-size-default\">Editais Espec\u00edficos<\/h2>\t\t<\/div>\n\t\t\t\t<\/div>\n\t\t\t\t\t<\/div>\n\t\t<\/div>\n\t\t\t\t\t<\/div>\n\t\t<\/section>\n\t\t\t\t<section class=\"elementor-section elementor-top-section elementor-element elementor-element-3428637 elementor-section-boxed elementor-section-height-default elementor-section-height-default\" data-id=\"3428637\" data-element_type=\"section\">\n\t\t\t\t\t\t<div class=\"elementor-container elementor-column-gap-default\">\n\t\t\t\t\t<div class=\"elementor-column elementor-col-50 elementor-top-column elementor-element elementor-element-ca42717\" data-id=\"ca42717\" data-element_type=\"column\">\n\t\t\t<div class=\"elementor-widget-wrap elementor-element-populated\">\n\t\t\t\t\t\t<div class=\"elementor-element elementor-element-ddfec47 elementor-widget elementor-widget-heading\" data-id=\"ddfec47\" data-element_type=\"widget\" data-widget_type=\"heading.default\">\n\t\t\t\t<div class=\"elementor-widget-container\">\n\t\t\t<h4 class=\"elementor-heading-title elementor-size-default\">Mestrado<\/h4>\t\t<\/div>\n\t\t\t\t<\/div>\n\t\t\t\t\t<\/div>\n\t\t<\/div>\n\t\t\t\t<div class=\"elementor-column elementor-col-50 elementor-top-column elementor-element elementor-element-6badd05\" data-id=\"6badd05\" data-element_type=\"column\">\n\t\t\t<div class=\"elementor-widget-wrap elementor-element-populated\">\n\t\t\t\t\t\t<div class=\"elementor-element elementor-element-bf1bdd3 elementor-widget elementor-widget-heading\" data-id=\"bf1bdd3\" data-element_type=\"widget\" data-widget_type=\"heading.default\">\n\t\t\t\t<div class=\"elementor-widget-container\">\n\t\t\t<h4 class=\"elementor-heading-title elementor-size-default\">Doutorado<\/h4>\t\t<\/div>\n\t\t\t\t<\/div>\n\t\t\t\t\t<\/div>\n\t\t<\/div>\n\t\t\t\t\t<\/div>\n\t\t<\/section>\n\t\t\t\t<section class=\"elementor-section elementor-top-section elementor-element elementor-element-cf9ec91 elementor-section-boxed elementor-section-height-default elementor-section-height-default\" data-id=\"cf9ec91\" data-element_type=\"section\">\n\t\t\t\t\t\t<div class=\"elementor-container elementor-column-gap-default\">\n\t\t\t\t\t<div class=\"elementor-column elementor-col-50 elementor-top-column elementor-element elementor-element-79645c1\" data-id=\"79645c1\" data-element_type=\"column\">\n\t\t\t<div class=\"elementor-widget-wrap elementor-element-populated\">\n\t\t\t\t\t\t<div class=\"elementor-element elementor-element-283ad23 elementor-widget elementor-widget-text-editor\" data-id=\"283ad23\" data-element_type=\"widget\" data-widget_type=\"text-editor.default\">\n\t\t\t\t<div class=\"elementor-widget-container\">\n\t\t\t\t\t\t\t<h5><a href=\"https:\/\/www.ufsm.br\/app\/uploads\/sites\/345\/2025\/08\/1J_MEST_LETR_030_2025.pdf\">Edital Espec\u00edfico &#8211; Mestrado em Letras<\/a><\/h5><h5><a href=\"https:\/\/www.ufsm.br\/app\/uploads\/sites\/345\/2025\/08\/Vagas-e-Cronograma-Mestrado-em-Letras.pdf\">Vagas e Cronograma<\/a><\/h5><h5><a style=\"font-size: 1rem\" href=\"https:\/\/www.ufsm.br\/app\/uploads\/sites\/559\/2025\/11\/Inscricoes-deferidas-Mestrado-PPGL-retificacao.pdf\">Inscri\u00e7\u00f5es deferidas<\/a> (retificado em 05\/11)<\/h5><h5><a style=\"font-size: 1rem\" href=\"https:\/\/www.ufsm.br\/app\/uploads\/sites\/559\/2025\/11\/Inscricoes-Indeferidas-Mestrado-PPGL.pdf\">Inscri\u00e7\u00f5es indeferidas<\/a><\/h5><h5><a href=\"https:\/\/www.ufsm.br\/app\/uploads\/sites\/559\/2025\/11\/Resultado-Preliminar-da-Primeira-Etapa-Mestrado-em-Letras.pdf\">Resultado preliminar da 1\u00aa Etapa<\/a><\/h5><h5><a href=\"https:\/\/www.ufsm.br\/app\/uploads\/sites\/559\/2025\/11\/Resultado-da-1a-etapa-Mestrado-PPGL.pdf\">Resultado da 1\u00aa Etapa (ap\u00f3s reconsidera\u00e7\u00f5es)<\/a><\/h5><h5><a href=\"https:\/\/www.ufsm.br\/app\/uploads\/sites\/559\/2025\/11\/Horarios-das-entrevistas-Mestrado-em-Letras-retificado-1.pdf\">Hor\u00e1rios das Entrevistas (retificado em 21\/11)<\/a><\/h5><h5><a href=\"https:\/\/www.ufsm.br\/app\/uploads\/sites\/559\/2025\/12\/Resultado-preliminar-da-2a-Etapa-Mestrado-PPGL.pdf\">Resultado preliminar da 2\u00aa Etapa<\/a><\/h5><h5><a href=\"https:\/\/www.ufsm.br\/app\/uploads\/sites\/559\/2025\/12\/Resultado-preliminar-da-3a-Etapa-Mestrado-PPGL.pdf\">Resultado preliminar da 3\u00aa Etapa<\/a><\/h5><h5><a href=\"https:\/\/www.ufsm.br\/app\/uploads\/sites\/559\/2025\/12\/Resultado-da-2a-Etapa-Mestrado-PPGL.pdf\">Resultado da 2\u00aa Etapa (ap\u00f3s reconsidera\u00e7\u00f5es)<\/a><\/h5><h5><a href=\"https:\/\/www.ufsm.br\/app\/uploads\/sites\/559\/2025\/12\/Resultado-da-3a-Etapa-Mestrado-PPGL.pdf\">Resultado da 3\u00aa Etapa (ap\u00f3s reconsidera\u00e7\u00f5es)<\/a><\/h5><h5><a href=\"https:\/\/www.ufsm.br\/app\/uploads\/sites\/345\/2025\/09\/MESTRADO-EM-LETRAS.pdf\">Rela\u00e7\u00e3o de candidatos classificados (Link da PRPGP)<\/a><\/h5>\t\t\t\t\t\t<\/div>\n\t\t\t\t<\/div>\n\t\t\t\t\t<\/div>\n\t\t<\/div>\n\t\t\t\t<div class=\"elementor-column elementor-col-50 elementor-top-column elementor-element elementor-element-92bd80e\" data-id=\"92bd80e\" data-element_type=\"column\">\n\t\t\t<div class=\"elementor-widget-wrap elementor-element-populated\">\n\t\t\t\t\t\t<div class=\"elementor-element elementor-element-03e1f59 elementor-widget elementor-widget-text-editor\" data-id=\"03e1f59\" data-element_type=\"widget\" data-widget_type=\"text-editor.default\">\n\t\t\t\t<div class=\"elementor-widget-container\">\n\t\t\t\t\t\t\t<h5><a href=\"https:\/\/www.ufsm.br\/app\/uploads\/sites\/345\/2025\/08\/1J_DOUT_LETR_030_2025.pdf\">Edital Espec\u00edfico &#8211; Douto<\/a><a href=\"https:\/\/www.ufsm.br\/app\/uploads\/sites\/345\/2025\/08\/1J_DOUT_LETR_030_2025.pdf\">rado em Letras<\/a><\/h5><h5><a href=\"https:\/\/www.ufsm.br\/app\/uploads\/sites\/345\/2025\/08\/Vagas-e-Cronograma-Doutorado-em-Letras.pdf\">Vagas e Cronograma<\/a><\/h5><h5><a style=\"font-size: 1rem\" href=\"https:\/\/www.ufsm.br\/app\/uploads\/sites\/559\/2025\/11\/Inscricoes-deferidas-Doutorado-PPGL.pdf\">Inscri\u00e7\u00f5es deferidas <\/a><\/h5><h5><a href=\"https:\/\/www.ufsm.br\/app\/uploads\/sites\/559\/2025\/11\/Inscricoes-Indeferidas-Doutorado-PPGL-1.pdf\">Inscri\u00e7\u00f5es indeferidas<\/a><\/h5><h5><a href=\"https:\/\/www.ufsm.br\/app\/uploads\/sites\/559\/2025\/11\/Resultado-preliminar-1a-etapa-Doutorado-em-Letras.pdf\">Resultado preliminar da 1\u00aa Etapa (retificado em 17\/11)<\/a><\/h5><h5><a href=\"https:\/\/www.ufsm.br\/app\/uploads\/sites\/559\/2025\/11\/Resultado-da-1a-etapa-Doutorado-PPGL.pdf\">Resultado da 1\u00aa Etapa (ap\u00f3s reconsidera\u00e7\u00f5es)<\/a><\/h5><h5><a href=\"https:\/\/www.ufsm.br\/app\/uploads\/sites\/559\/2025\/11\/Horarios-das-entrevistas-Doutorado-em-Letras-1.pdf\">Hor\u00e1rios das Entrevistas<\/a><\/h5><h5><a href=\"https:\/\/www.ufsm.br\/app\/uploads\/sites\/559\/2025\/12\/Resultado-preliminar-da-2a-Etapa-Doutorado-PPGL.pdf\">Resultado preliminar da 2\u00aa Etapa<\/a><\/h5><h5><a href=\"https:\/\/www.ufsm.br\/app\/uploads\/sites\/559\/2025\/12\/Resultado-preliminar-da-3a-Etapa-Doutorado-PPGL.pdf\">Resultado preliminar da 3\u00aa Etapa<\/a><\/h5><h5><a href=\"https:\/\/www.ufsm.br\/app\/uploads\/sites\/559\/2025\/12\/Resultado-da-2a-Etapa-Doutorado-PPGL.pdf\">Resultado da 2\u00aa Etapa (ap\u00f3s reconsidera\u00e7\u00f5es)<\/a><\/h5><h5><a href=\"https:\/\/www.ufsm.br\/app\/uploads\/sites\/559\/2025\/12\/Resultado-da-3a-Etapa-Doutorado-PPGL.pdf\">Resultado da 3\u00aa Etapa (ap\u00f3s reconsidera\u00e7\u00f5es)<\/a><\/h5><h5><a href=\"https:\/\/www.ufsm.br\/app\/uploads\/sites\/345\/2025\/09\/DOUTORADO-EM-LETRAS.pdf\">Rela\u00e7\u00e3o de candidatos classificados (Link da PRPGP)<\/a><\/h5>\t\t\t\t\t\t<\/div>\n\t\t\t\t<\/div>\n\t\t\t\t\t<\/div>\n\t\t<\/div>\n\t\t\t\t\t<\/div>\n\t\t<\/section>\n\t\t\t\t<section class=\"elementor-section elementor-top-section elementor-element elementor-element-8ba91e6 elementor-section-boxed elementor-section-height-default elementor-section-height-default\" data-id=\"8ba91e6\" data-element_type=\"section\">\n\t\t\t\t\t\t<div class=\"elementor-container elementor-column-gap-default\">\n\t\t\t\t\t<div class=\"elementor-column elementor-col-100 elementor-top-column elementor-element elementor-element-8839319\" data-id=\"8839319\" data-element_type=\"column\">\n\t\t\t<div class=\"elementor-widget-wrap elementor-element-populated\">\n\t\t\t\t\t\t<div class=\"elementor-element elementor-element-a3d598e elementor-widget elementor-widget-heading\" data-id=\"a3d598e\" data-element_type=\"widget\" data-widget_type=\"heading.default\">\n\t\t\t\t<div class=\"elementor-widget-container\">\n\t\t\t<h2 class=\"elementor-heading-title elementor-size-default\">Comiss\u00e3o de Sele\u00e7\u00e3o<\/h2>\t\t<\/div>\n\t\t\t\t<\/div>\n\t\t\t\t<div class=\"elementor-element elementor-element-ca7bb9f elementor-widget elementor-widget-text-editor\" data-id=\"ca7bb9f\" data-element_type=\"widget\" data-widget_type=\"text-editor.default\">\n\t\t\t\t<div class=\"elementor-widget-container\">\n\t\t\t\t\t\t\t<h5><a href=\"https:\/\/portal.ufsm.br\/documentos\/download.html?action=componente&amp;download=false&amp;id=6220774\">PORTARIA DE PESSOAL CAL\/UFSM N\u00b0 141, DE 03 DE SETEMBRO DE 2025.<\/a><\/h5>\t\t\t\t\t\t<\/div>\n\t\t\t\t<\/div>\n\t\t\t\t\t<\/div>\n\t\t<\/div>\n\t\t\t\t\t<\/div>\n\t\t<\/section>\n\t\t\t\t<section class=\"elementor-section elementor-top-section elementor-element elementor-element-479d316 elementor-section-boxed elementor-section-height-default elementor-section-height-default\" data-id=\"479d316\" data-element_type=\"section\">\n\t\t\t\t\t\t<div class=\"elementor-container elementor-column-gap-default\">\n\t\t\t\t\t<div class=\"elementor-column elementor-col-100 elementor-top-column elementor-element elementor-element-b67abc8\" data-id=\"b67abc8\" data-element_type=\"column\">\n\t\t\t<div class=\"elementor-widget-wrap elementor-element-populated\">\n\t\t\t\t\t\t<div class=\"elementor-element elementor-element-410f3c6 elementor-widget elementor-widget-heading\" data-id=\"410f3c6\" data-element_type=\"widget\" data-widget_type=\"heading.default\">\n\t\t\t\t<div class=\"elementor-widget-container\">\n\t\t\t<h2 class=\"elementor-heading-title elementor-size-default\">Documentos para avalia\u00e7\u00e3o dos candidatos<\/h2>\t\t<\/div>\n\t\t\t\t<\/div>\n\t\t\t\t\t<\/div>\n\t\t<\/div>\n\t\t\t\t\t<\/div>\n\t\t<\/section>\n\t\t\t\t<section class=\"elementor-section elementor-top-section elementor-element elementor-element-90f2b3c elementor-section-boxed elementor-section-height-default elementor-section-height-default\" data-id=\"90f2b3c\" data-element_type=\"section\">\n\t\t\t\t\t\t<div class=\"elementor-container elementor-column-gap-default\">\n\t\t\t\t\t<div class=\"elementor-column elementor-col-50 elementor-top-column elementor-element elementor-element-28b877f\" data-id=\"28b877f\" data-element_type=\"column\">\n\t\t\t<div class=\"elementor-widget-wrap elementor-element-populated\">\n\t\t\t\t\t\t<div class=\"elementor-element elementor-element-951555d elementor-widget elementor-widget-text-editor\" data-id=\"951555d\" data-element_type=\"widget\" data-widget_type=\"text-editor.default\">\n\t\t\t\t<div class=\"elementor-widget-container\">\n\t\t\t\t\t\t\t<p style=\"text-align: center\"><strong>Projeto de Pesquisa<\/strong><\/p><h5 style=\"text-align: left\"><strong><a href=\"https:\/\/www.ufsm.br\/app\/uploads\/sites\/559\/2021\/12\/Modelo-de-Projeto.docx\">Modelo de Projeto de Pesquisa<\/a><\/strong><\/h5><p><strong>Projetos de Pesquisa dos Docentes do PPGL* :<\/strong><\/p><h5><a href=\"https:\/\/www.ufsm.br\/cursos\/pos-graduacao\/santa-maria\/ppgletras\/estudos-linguisticos\/\">\u00c1rea de concentra\u00e7\u00e3o em Estudos Lingu\u00edsticos<\/a><\/h5><h5><a href=\"https:\/\/www.ufsm.br\/cursos\/pos-graduacao\/santa-maria\/ppgletras\/estudos-literarios\/\">\u00c1rea de concentra\u00e7\u00e3o em Estudos Liter\u00e1rios<\/a><\/h5><p><strong><a href=\"https:\/\/www.ufsm.br\/cursos\/pos-graduacao\/santa-maria\/ppgletras\/docentes\">Rela\u00e7\u00e3o de Docentes do PPGL* (endere\u00e7os de e-mail e Lattes)<\/a><\/strong><\/p><p><span style=\"font-size: 8pt\">*\u00c9 necess\u00e1rio conferir, em &#8220;Vagas e Cronograma&#8221;, se o orientador pretendido est\u00e1 oferecendo vaga.<\/span><\/p>\t\t\t\t\t\t<\/div>\n\t\t\t\t<\/div>\n\t\t\t\t\t<\/div>\n\t\t<\/div>\n\t\t\t\t<div class=\"elementor-column elementor-col-50 elementor-top-column elementor-element elementor-element-ddbdf7c\" data-id=\"ddbdf7c\" data-element_type=\"column\">\n\t\t\t<div class=\"elementor-widget-wrap elementor-element-populated\">\n\t\t\t\t\t\t<div class=\"elementor-element elementor-element-e79d1fe elementor-widget elementor-widget-text-editor\" data-id=\"e79d1fe\" data-element_type=\"widget\" data-widget_type=\"text-editor.default\">\n\t\t\t\t<div class=\"elementor-widget-container\">\n\t\t\t\t\t\t\t<p style=\"text-align: center\"><strong>Memorial Descritivo<\/strong><\/p><h5 style=\"text-align: left\"><strong><a href=\"https:\/\/www.ufsm.br\/app\/uploads\/sites\/559\/2025\/10\/Orientacoes-para-elaboracao-do-Memorial-descritivo.docx\">Orienta\u00e7\u00f5es para a elabora\u00e7\u00e3o do Memorial descritivo (Atualizado em 08\/10\/2025)<\/a><\/strong><\/h5>\t\t\t\t\t\t<\/div>\n\t\t\t\t<\/div>\n\t\t\t\t\t<\/div>\n\t\t<\/div>\n\t\t\t\t\t<\/div>\n\t\t<\/section>\n\t\t\t\t<section class=\"elementor-section elementor-top-section elementor-element elementor-element-d84bd75 elementor-section-boxed elementor-section-height-default elementor-section-height-default\" data-id=\"d84bd75\" data-element_type=\"section\">\n\t\t\t\t\t\t<div class=\"elementor-container elementor-column-gap-default\">\n\t\t\t\t\t<div class=\"elementor-column elementor-col-100 elementor-top-column elementor-element elementor-element-902cf8c\" data-id=\"902cf8c\" data-element_type=\"column\">\n\t\t\t<div class=\"elementor-widget-wrap elementor-element-populated\">\n\t\t\t\t\t\t\t<\/div>\n\t\t<\/div>\n\t\t\t\t\t<\/div>\n\t\t<\/section>\n\t\t\t\t<\/div>\n\t\t","protected":false},"excerpt":{"rendered":"<p>Edital Geral EDITAL PRPGP\/UFSM N\u00ba 030, DE 29 DE SETEMBRO DE 2025. P\u00e1gina Web do Edital N\u00ba 030\/2025 Editais Espec\u00edficos Mestrado Doutorado Edital Espec\u00edfico &#8211; Mestrado em Letras Vagas e Cronograma Inscri\u00e7\u00f5es deferidas (retificado em 05\/11) Inscri\u00e7\u00f5es indeferidas Resultado preliminar da 1\u00aa Etapa Resultado da 1\u00aa Etapa (ap\u00f3s reconsidera\u00e7\u00f5es) Hor\u00e1rios das Entrevistas (retificado em 21\/11) [&hellip;]<\/p>\n","protected":false},"author":969,"featured_media":0,"parent":0,"menu_order":0,"comment_status":"closed","ping_status":"closed","template":"","meta":{"footnotes":""},"categories":[],"tags":[],"class_list":["post-4926","page","type-page","status-publish","hentry"],"acf":[],"_links":{"self":[{"href":"https:\/\/www.ufsm.br\/cursos\/pos-graduacao\/santa-maria\/ppgletras\/wp-json\/wp\/v2\/pages\/4926","targetHints":{"allow":["GET"]}}],"collection":[{"href":"https:\/\/www.ufsm.br\/cursos\/pos-graduacao\/santa-maria\/ppgletras\/wp-json\/wp\/v2\/pages"}],"about":[{"href":"https:\/\/www.ufsm.br\/cursos\/pos-graduacao\/santa-maria\/ppgletras\/wp-json\/wp\/v2\/types\/page"}],"author":[{"embeddable":true,"href":"https:\/\/www.ufsm.br\/cursos\/pos-graduacao\/santa-maria\/ppgletras\/wp-json\/wp\/v2\/users\/969"}],"replies":[{"embeddable":true,"href":"https:\/\/www.ufsm.br\/cursos\/pos-graduacao\/santa-maria\/ppgletras\/wp-json\/wp\/v2\/comments?post=4926"}],"version-history":[{"count":0,"href":"https:\/\/www.ufsm.br\/cursos\/pos-graduacao\/santa-maria\/ppgletras\/wp-json\/wp\/v2\/pages\/4926\/revisions"}],"wp:attachment":[{"href":"https:\/\/www.ufsm.br\/cursos\/pos-graduacao\/santa-maria\/ppgletras\/wp-json\/wp\/v2\/media?parent=4926"}],"wp:term":[{"taxonomy":"category","embeddable":true,"href":"https:\/\/www.ufsm.br\/cursos\/pos-graduacao\/santa-maria\/ppgletras\/wp-json\/wp\/v2\/categories?post=4926"},{"taxonomy":"post_tag","embeddable":true,"href":"https:\/\/www.ufsm.br\/cursos\/pos-graduacao\/santa-maria\/ppgletras\/wp-json\/wp\/v2\/tags?post=4926"}],"curies":[{"name":"wp","href":"https:\/\/api.w.org\/{rel}","templated":true}]}}