{"id":157,"date":"2019-03-06T14:48:37","date_gmt":"2019-03-06T17:48:37","guid":{"rendered":"https:\/\/www.ufsm.br\/cursos\/pos-graduacao\/santa-maria\/ppgmat\/?page_id=157"},"modified":"2022-10-03T14:38:15","modified_gmt":"2022-10-03T17:38:15","slug":"historico","status":"publish","type":"page","link":"https:\/\/www.ufsm.br\/cursos\/pos-graduacao\/santa-maria\/ppgmat\/historico","title":{"rendered":"Hist\u00f3rico"},"content":{"rendered":"\n<p>O surgimento do Programa de P\u00f3s-Gradua\u00e7\u00e3o em Matem\u00e1tica da UFSM, PPGMat, est\u00e1 inserido em um contexto de expans\u00e3o da p\u00f3s gradua\u00e7\u00e3o brasileira ocorrido nos \u00faltimos anos. O Programa foi aprovado pela CAPES no ano de 2006 e oferece o Curso de Mestrado Acad\u00eamico em Matem\u00e1tica, \u00fanico curso de P\u00f3s-Gradua\u00e7\u00e3o na \u00e1rea de Matem\u00e1tica do interior do Estado do Rio Grande do Sul. A primeira turma ingressou em mar\u00e7o de 2007 com cinco alunos. Desde sua implementa\u00e7\u00e3o at\u00e9 o \u00faltimo quadri\u00eanio 2017-2020, o Programa formou oitenta e seis discentes, provenientes principalmente do Rio Grande do Sul, Santa Catarina e Paran\u00e1.<\/p>\n<p>O Programa oferece forma\u00e7\u00e3o em diversas \u00e1reas de Matem\u00e1tica e Matem\u00e1tica Aplicada, reflexo da forma\u00e7\u00e3o ecl\u00e9tica dos docentes, que atuam nas linhas de pesquisa de \u00c1lgebra e Equa\u00e7\u00f5es Diferenciais Parciais na \u00e1rea de Matem\u00e1tica; e Biomatem\u00e1tica e Equa\u00e7\u00f5es Diferenciais Aplicadas na \u00e1rea de Matem\u00e1tica Aplicada.<\/p>\n<p>Inserido no contexto de qualifica\u00e7\u00e3o da p\u00f3s gradua\u00e7\u00e3o da UFSM, o PPGMat trabalha intensamente nas atividades de pesquisa e forma\u00e7\u00e3o de recursos humanos.<\/p>\n<p>O Programa tem incentivado o interc\u00e2mbio com pesquisadores de outros centros e institui\u00e7\u00f5es do Brasil e do exterior. Como consequ\u00eancia do amadurecimento do corpo docente e da amplia\u00e7\u00e3o da colabora\u00e7\u00e3o, a produ\u00e7\u00e3o cient\u00edfica do PPGMat nos estratos superiores do Qualis apresenta um cont\u00ednuo crescimento desde a cria\u00e7\u00e3o do Programa.<\/p>\n<p>Desde sua cria\u00e7\u00e3o, preocupado com o n\u00famero baixo de discentes que ingressam em programas de P\u00f3s-Gradua\u00e7\u00e3o em Matem\u00e1tica, o PPGMat oferece o Curso de Ver\u00e3o em An\u00e1lise na Reta e, em v\u00e1rios anos, oferece em paralelo o Curso de Ver\u00e3o em \u00c1lgebra Linear. Atrav\u00e9s de negocia\u00e7\u00e3o com diversos \u00f3rg\u00e3os da UFSM, o PPGMat vem conseguindo aumentar a dura\u00e7\u00e3o do Curso de Ver\u00e3o, visando melhorar a forma\u00e7\u00e3o dos participantes. At\u00e9 o ano de 2018, er\u00e1mos o \u00fanico curso desta natureza no estado do Rio Grande do Sul.<\/p>\n","protected":false},"excerpt":{"rendered":"<p>O surgimento do Programa de P\u00f3s-Gradua\u00e7\u00e3o em Matem\u00e1tica da UFSM, PPGMat, est\u00e1 inserido em um contexto de expans\u00e3o da p\u00f3s gradua\u00e7\u00e3o brasileira ocorrido nos \u00faltimos anos. O Programa foi aprovado pela CAPES no ano de 2006 e oferece o Curso de Mestrado Acad\u00eamico em Matem\u00e1tica, \u00fanico curso de P\u00f3s-Gradua\u00e7\u00e3o na \u00e1rea de Matem\u00e1tica do interior [&hellip;]<\/p>\n","protected":false},"author":117,"featured_media":0,"parent":0,"menu_order":0,"comment_status":"closed","ping_status":"closed","template":"","meta":{"footnotes":""},"categories":[],"tags":[],"class_list":["post-157","page","type-page","status-publish","hentry"],"acf":[],"_links":{"self":[{"href":"https:\/\/www.ufsm.br\/cursos\/pos-graduacao\/santa-maria\/ppgmat\/wp-json\/wp\/v2\/pages\/157","targetHints":{"allow":["GET"]}}],"collection":[{"href":"https:\/\/www.ufsm.br\/cursos\/pos-graduacao\/santa-maria\/ppgmat\/wp-json\/wp\/v2\/pages"}],"about":[{"href":"https:\/\/www.ufsm.br\/cursos\/pos-graduacao\/santa-maria\/ppgmat\/wp-json\/wp\/v2\/types\/page"}],"author":[{"embeddable":true,"href":"https:\/\/www.ufsm.br\/cursos\/pos-graduacao\/santa-maria\/ppgmat\/wp-json\/wp\/v2\/users\/117"}],"replies":[{"embeddable":true,"href":"https:\/\/www.ufsm.br\/cursos\/pos-graduacao\/santa-maria\/ppgmat\/wp-json\/wp\/v2\/comments?post=157"}],"version-history":[{"count":0,"href":"https:\/\/www.ufsm.br\/cursos\/pos-graduacao\/santa-maria\/ppgmat\/wp-json\/wp\/v2\/pages\/157\/revisions"}],"wp:attachment":[{"href":"https:\/\/www.ufsm.br\/cursos\/pos-graduacao\/santa-maria\/ppgmat\/wp-json\/wp\/v2\/media?parent=157"}],"wp:term":[{"taxonomy":"category","embeddable":true,"href":"https:\/\/www.ufsm.br\/cursos\/pos-graduacao\/santa-maria\/ppgmat\/wp-json\/wp\/v2\/categories?post=157"},{"taxonomy":"post_tag","embeddable":true,"href":"https:\/\/www.ufsm.br\/cursos\/pos-graduacao\/santa-maria\/ppgmat\/wp-json\/wp\/v2\/tags?post=157"}],"curies":[{"name":"wp","href":"https:\/\/api.w.org\/{rel}","templated":true}]}}