{"id":158,"date":"2019-03-06T14:49:44","date_gmt":"2019-03-06T17:49:44","guid":{"rendered":"https:\/\/www.ufsm.br\/cursos\/pos-graduacao\/santa-maria\/ppgmat\/?page_id=158"},"modified":"2019-03-06T14:49:47","modified_gmt":"2019-03-06T17:49:47","slug":"infraestrutura","status":"publish","type":"page","link":"https:\/\/www.ufsm.br\/cursos\/pos-graduacao\/santa-maria\/ppgmat\/infraestrutura","title":{"rendered":"Infraestrutura"},"content":{"rendered":"\n<p>O PPGMat disp\u00f5e atualmente de:<\/p>\n<ul>\n<li>Sala de Estudo para os alunos contendo onze cabines com arm\u00e1rios individuais;<\/li>\n<li>Sala de Aula e Semin\u00e1rios;<\/li>\n<li>Secretaria;<\/li>\n<li>Biblioteca Setorial do CCNE;<\/li>\n<li>Laborat\u00f3rio de Inform\u00e1tica\n<ul>\n<li>12 PC\u00b4s com sistema operacional WindowsXP;<\/li>\n<li>01 Impressora Laser;<\/li>\n<li>Softwares: Maple 16, Mathematica 7, Scientific WorkPlace 5;<\/li>\n<li>Projetor Multim\u00eddia.<\/li>\n<\/ul>\n<\/li>\n<\/ul>\n","protected":false},"excerpt":{"rendered":"<p>O PPGMat disp\u00f5e atualmente de: Sala de Estudo para os alunos contendo onze cabines com arm\u00e1rios individuais; Sala de Aula e Semin\u00e1rios; Secretaria; Biblioteca Setorial do CCNE; Laborat\u00f3rio de Inform\u00e1tica 12 PC\u00b4s com sistema operacional WindowsXP; 01 Impressora Laser; Softwares: Maple 16, Mathematica 7, Scientific WorkPlace 5; Projetor Multim\u00eddia.<\/p>\n","protected":false},"author":117,"featured_media":0,"parent":0,"menu_order":0,"comment_status":"closed","ping_status":"closed","template":"","meta":{"footnotes":""},"categories":[],"tags":[],"class_list":["post-158","page","type-page","status-publish","hentry"],"acf":[],"_links":{"self":[{"href":"https:\/\/www.ufsm.br\/cursos\/pos-graduacao\/santa-maria\/ppgmat\/wp-json\/wp\/v2\/pages\/158","targetHints":{"allow":["GET"]}}],"collection":[{"href":"https:\/\/www.ufsm.br\/cursos\/pos-graduacao\/santa-maria\/ppgmat\/wp-json\/wp\/v2\/pages"}],"about":[{"href":"https:\/\/www.ufsm.br\/cursos\/pos-graduacao\/santa-maria\/ppgmat\/wp-json\/wp\/v2\/types\/page"}],"author":[{"embeddable":true,"href":"https:\/\/www.ufsm.br\/cursos\/pos-graduacao\/santa-maria\/ppgmat\/wp-json\/wp\/v2\/users\/117"}],"replies":[{"embeddable":true,"href":"https:\/\/www.ufsm.br\/cursos\/pos-graduacao\/santa-maria\/ppgmat\/wp-json\/wp\/v2\/comments?post=158"}],"version-history":[{"count":0,"href":"https:\/\/www.ufsm.br\/cursos\/pos-graduacao\/santa-maria\/ppgmat\/wp-json\/wp\/v2\/pages\/158\/revisions"}],"wp:attachment":[{"href":"https:\/\/www.ufsm.br\/cursos\/pos-graduacao\/santa-maria\/ppgmat\/wp-json\/wp\/v2\/media?parent=158"}],"wp:term":[{"taxonomy":"category","embeddable":true,"href":"https:\/\/www.ufsm.br\/cursos\/pos-graduacao\/santa-maria\/ppgmat\/wp-json\/wp\/v2\/categories?post=158"},{"taxonomy":"post_tag","embeddable":true,"href":"https:\/\/www.ufsm.br\/cursos\/pos-graduacao\/santa-maria\/ppgmat\/wp-json\/wp\/v2\/tags?post=158"}],"curies":[{"name":"wp","href":"https:\/\/api.w.org\/{rel}","templated":true}]}}