{"id":539,"date":"2019-05-02T10:54:43","date_gmt":"2019-05-02T13:54:43","guid":{"rendered":"https:\/\/www.ufsm.br\/cursos\/pos-graduacao\/santa-maria\/ppgmat\/?page_id=539"},"modified":"2024-11-11T15:53:53","modified_gmt":"2024-11-11T18:53:53","slug":"docentes","status":"publish","type":"page","link":"https:\/\/www.ufsm.br\/cursos\/pos-graduacao\/santa-maria\/ppgmat\/docentes","title":{"rendered":"Docentes"},"content":{"rendered":"\t\t<div data-elementor-type=\"wp-page\" data-elementor-id=\"539\" class=\"elementor elementor-539\">\n\t\t\t\t\t\t<section class=\"elementor-section elementor-top-section elementor-element elementor-element-7a319946 elementor-section-boxed elementor-section-height-default elementor-section-height-default\" data-id=\"7a319946\" data-element_type=\"section\">\n\t\t\t\t\t\t<div class=\"elementor-container elementor-column-gap-default\">\n\t\t\t\t\t<div class=\"elementor-column elementor-col-100 elementor-top-column elementor-element elementor-element-78625eca\" data-id=\"78625eca\" data-element_type=\"column\">\n\t\t\t<div class=\"elementor-widget-wrap elementor-element-populated\">\n\t\t\t\t\t\t<div class=\"elementor-element elementor-element-26cf4179 elementor-widget elementor-widget-text-editor\" data-id=\"26cf4179\" data-element_type=\"widget\" data-widget_type=\"text-editor.default\">\n\t\t\t\t<div class=\"elementor-widget-container\">\n\t\t\t\t\t\t\t<p><!-- wp:paragraph --><\/p>\n<p><!-- \/wp:paragraph --><!-- wp:table --><\/p>\n<figure class=\"wp-block-table\">\n<table style=\"width: 111.393%;height: 696px\">\n<tbody>\n<tr style=\"height: 24px\">\n<td style=\"width: 100%;height: 24px\"><a href=\"https:\/\/ufsmpublica.ufsm.br\/docente\/24292\">Alex Jenaro Becker<\/a><\/td>\n<\/tr>\n<tr style=\"height: 42px\">\n<td style=\"width: 100%;height: 42px\"><hr \/><a href=\"https:\/\/ufsmpublica.ufsm.br\/docente\/13170\">Ari Jo\u00e3o Aiolfi<\/a><\/td>\n<\/tr>\n<tr style=\"height: 24px\">\n<td style=\"width: 100%;height: 24px\"><a href=\"https:\/\/ufsmpublica.ufsm.br\/docente\/5380\">Celene Buriol<\/a><\/td>\n<\/tr>\n<tr style=\"height: 48px\">\n<td style=\"width: 100%;height: 30px\">\n<p><a href=\"https:\/\/ufsmpublica.ufsm.br\/docente\/4566\">Diomar Cristina Mistro<\/a><\/p>\n<\/td>\n<\/tr>\n<tr>\n<td style=\"width: 100%\"><a href=\"https:\/\/ufsmpublica.ufsm.br\/docente\/15712\">F\u00e1bio Mariano Bayer<\/a><\/td>\n<\/tr>\n<tr style=\"height: 48px\">\n<td style=\"width: 100%;height: 48px\"><a href=\"https:\/\/ufsmpublica.ufsm.br\/docente\/25705\">Felipe Crivellaro Minuzzi<\/a><\/td>\n<\/tr>\n<tr>\n<td style=\"width: 100%\"><a href=\"https:\/\/ufsmpublica.ufsm.br\/docente\/19008\">Fernando Arturo Pe\u00f1a Ramirez<\/a><\/td>\n<\/tr>\n<tr style=\"height: 24px\">\n<td style=\"width: 100%;height: 24px\"><a href=\"https:\/\/ufsmpublica.ufsm.br\/docente\/17458\">Fernando Colman Tura<\/a><\/td>\n<\/tr>\n<tr style=\"height: 24px\">\n<td style=\"width: 100%;height: 24px\"><a href=\"https:\/\/ufsmpublica.ufsm.br\/docente\/11865\">Jo\u00e3o Roberto Lazzarin<\/a><\/td>\n<\/tr>\n<tr style=\"height: 48px\">\n<td style=\"width: 100%;height: 48px\"><a href=\"https:\/\/ufsmpublica.ufsm.br\/docente\/16649\">Juliano Dami\u00e3o Bittencourt de Godoi<\/a><\/td>\n<\/tr>\n<tr style=\"height: 48px\">\n<td style=\"width: 100%;height: 48px\"><a href=\"https:\/\/ufsmpublica.ufsm.br\/docente\/25720\">Leonel Giacomini Delatorre<\/a><\/td>\n<\/tr>\n<tr style=\"height: 48px\">\n<td style=\"width: 100%;height: 48px\"><a href=\"https:\/\/ufsmpublica.ufsm.br\/docente\/4569\">Luiz Alberto D\u00edaz Rodrigues<\/a><\/td>\n<\/tr>\n<tr style=\"height: 48px\">\n<td style=\"width: 100%;height: 48px\"><a href=\"https:\/\/ufsmpublica.ufsm.br\/docente\/11667\">Maur\u00edcio Fronza da Silva<\/a><\/td>\n<\/tr>\n<tr style=\"height: 24px\">\n<td style=\"width: 100%;height: 24px\"><a href=\"https:\/\/ufsmpublica.ufsm.br\/docente\/19093\">Patr\u00edcia Kruse Klaser<\/a><\/td>\n<\/tr>\n<tr style=\"height: 48px\">\n<td style=\"width: 100%;height: 48px\"><a href=\"https:\/\/ufsmpublica.ufsm.br\/docente\/23230\">Pedro Paiva Z\u00fchlke D&#8217;oliveira<\/a><\/td>\n<\/tr>\n<tr>\n<td style=\"width: 100%\"><a href=\"https:\/\/ufsmpublica.ufsm.br\/docente\/19063\">Renata Rojas Guerra<\/a><\/td>\n<\/tr>\n<tr style=\"height: 48px\">\n<td style=\"width: 100%;height: 48px\"><a href=\"https:\/\/ufsmpublica.ufsm.br\/docente\/4645\">Rosemaira Dalcin Copetti<\/a><\/td>\n<\/tr>\n<\/tbody>\n<\/table>\n<\/figure>\n<p><!-- \/wp:table --><\/p>\t\t\t\t\t\t<\/div>\n\t\t\t\t<\/div>\n\t\t\t\t\t<\/div>\n\t\t<\/div>\n\t\t\t\t\t<\/div>\n\t\t<\/section>\n\t\t\t\t<\/div>\n\t\t","protected":false},"excerpt":{"rendered":"<p>Alex Jenaro Becker Ari Jo\u00e3o Aiolfi Celene Buriol Diomar Cristina Mistro F\u00e1bio Mariano Bayer Felipe Crivellaro Minuzzi Fernando Arturo Pe\u00f1a Ramirez Fernando Colman Tura Jo\u00e3o Roberto Lazzarin Juliano Dami\u00e3o Bittencourt de Godoi Leonel Giacomini Delatorre Luiz Alberto D\u00edaz Rodrigues Maur\u00edcio Fronza da Silva Patr\u00edcia Kruse Klaser Pedro Paiva Z\u00fchlke D&#8217;oliveira Renata Rojas Guerra Rosemaira Dalcin [&hellip;]<\/p>\n","protected":false},"author":25,"featured_media":0,"parent":0,"menu_order":0,"comment_status":"closed","ping_status":"closed","template":"","meta":{"footnotes":""},"categories":[],"tags":[],"class_list":["post-539","page","type-page","status-publish","hentry"],"acf":[],"_links":{"self":[{"href":"https:\/\/www.ufsm.br\/cursos\/pos-graduacao\/santa-maria\/ppgmat\/wp-json\/wp\/v2\/pages\/539","targetHints":{"allow":["GET"]}}],"collection":[{"href":"https:\/\/www.ufsm.br\/cursos\/pos-graduacao\/santa-maria\/ppgmat\/wp-json\/wp\/v2\/pages"}],"about":[{"href":"https:\/\/www.ufsm.br\/cursos\/pos-graduacao\/santa-maria\/ppgmat\/wp-json\/wp\/v2\/types\/page"}],"author":[{"embeddable":true,"href":"https:\/\/www.ufsm.br\/cursos\/pos-graduacao\/santa-maria\/ppgmat\/wp-json\/wp\/v2\/users\/25"}],"replies":[{"embeddable":true,"href":"https:\/\/www.ufsm.br\/cursos\/pos-graduacao\/santa-maria\/ppgmat\/wp-json\/wp\/v2\/comments?post=539"}],"version-history":[{"count":0,"href":"https:\/\/www.ufsm.br\/cursos\/pos-graduacao\/santa-maria\/ppgmat\/wp-json\/wp\/v2\/pages\/539\/revisions"}],"wp:attachment":[{"href":"https:\/\/www.ufsm.br\/cursos\/pos-graduacao\/santa-maria\/ppgmat\/wp-json\/wp\/v2\/media?parent=539"}],"wp:term":[{"taxonomy":"category","embeddable":true,"href":"https:\/\/www.ufsm.br\/cursos\/pos-graduacao\/santa-maria\/ppgmat\/wp-json\/wp\/v2\/categories?post=539"},{"taxonomy":"post_tag","embeddable":true,"href":"https:\/\/www.ufsm.br\/cursos\/pos-graduacao\/santa-maria\/ppgmat\/wp-json\/wp\/v2\/tags?post=539"}],"curies":[{"name":"wp","href":"https:\/\/api.w.org\/{rel}","templated":true}]}}