{"id":731,"date":"2023-10-01T14:05:32","date_gmt":"2023-10-01T17:05:32","guid":{"rendered":"https:\/\/www.ufsm.br\/cursos\/pos-graduacao\/santa-maria\/ppgmat\/?page_id=731"},"modified":"2024-11-26T14:59:35","modified_gmt":"2024-11-26T17:59:35","slug":"portarias","status":"publish","type":"page","link":"https:\/\/www.ufsm.br\/cursos\/pos-graduacao\/santa-maria\/ppgmat\/portarias","title":{"rendered":"Portarias"},"content":{"rendered":"\n<p><a href=\"https:\/\/www.ufsm.br\/app\/uploads\/sites\/540\/2024\/11\/Portaria-223-2024-Altera-Comissao-de-Selecao-do-PPG-em-Matematica.pdf\" data-type=\"link\" data-id=\"https:\/\/www.ufsm.br\/app\/uploads\/sites\/540\/2024\/11\/Portaria-223-2024-Altera-Comissao-de-Selecao-do-PPG-em-Matematica.pdf\">Portaria de Comiss\u00e3o de Sele\u00e7\u00e3o do PPGMAT &#8211; 1\u00aa janela de 2025<\/a><\/p>\n","protected":false},"excerpt":{"rendered":"<p>Portaria de Comiss\u00e3o de Sele\u00e7\u00e3o do PPGMAT &#8211; 1\u00aa janela de 2025<\/p>\n","protected":false},"author":7178,"featured_media":0,"parent":0,"menu_order":0,"comment_status":"closed","ping_status":"closed","template":"","meta":{"footnotes":""},"categories":[],"tags":[],"class_list":["post-731","page","type-page","status-publish","hentry"],"acf":[],"_links":{"self":[{"href":"https:\/\/www.ufsm.br\/cursos\/pos-graduacao\/santa-maria\/ppgmat\/wp-json\/wp\/v2\/pages\/731","targetHints":{"allow":["GET"]}}],"collection":[{"href":"https:\/\/www.ufsm.br\/cursos\/pos-graduacao\/santa-maria\/ppgmat\/wp-json\/wp\/v2\/pages"}],"about":[{"href":"https:\/\/www.ufsm.br\/cursos\/pos-graduacao\/santa-maria\/ppgmat\/wp-json\/wp\/v2\/types\/page"}],"author":[{"embeddable":true,"href":"https:\/\/www.ufsm.br\/cursos\/pos-graduacao\/santa-maria\/ppgmat\/wp-json\/wp\/v2\/users\/7178"}],"replies":[{"embeddable":true,"href":"https:\/\/www.ufsm.br\/cursos\/pos-graduacao\/santa-maria\/ppgmat\/wp-json\/wp\/v2\/comments?post=731"}],"version-history":[{"count":0,"href":"https:\/\/www.ufsm.br\/cursos\/pos-graduacao\/santa-maria\/ppgmat\/wp-json\/wp\/v2\/pages\/731\/revisions"}],"wp:attachment":[{"href":"https:\/\/www.ufsm.br\/cursos\/pos-graduacao\/santa-maria\/ppgmat\/wp-json\/wp\/v2\/media?parent=731"}],"wp:term":[{"taxonomy":"category","embeddable":true,"href":"https:\/\/www.ufsm.br\/cursos\/pos-graduacao\/santa-maria\/ppgmat\/wp-json\/wp\/v2\/categories?post=731"},{"taxonomy":"post_tag","embeddable":true,"href":"https:\/\/www.ufsm.br\/cursos\/pos-graduacao\/santa-maria\/ppgmat\/wp-json\/wp\/v2\/tags?post=731"}],"curies":[{"name":"wp","href":"https:\/\/api.w.org\/{rel}","templated":true}]}}