{"id":164,"date":"2019-03-18T16:40:36","date_gmt":"2019-03-18T19:40:36","guid":{"rendered":"https:\/\/www.ufsm.br\/cursos\/pos-graduacao\/santa-maria\/ppgmet\/?page_id=164"},"modified":"2023-02-24T13:35:41","modified_gmt":"2023-02-24T16:35:41","slug":"demais-documentos","status":"publish","type":"page","link":"https:\/\/www.ufsm.br\/cursos\/pos-graduacao\/santa-maria\/ppgmet\/demais-documentos","title":{"rendered":"Demais Documentos"},"content":{"rendered":"\n<p><a href=\"https:\/\/www.ufsm.br\/cursos\/pos-graduacao\/santa-maria\/ppgmet\/wp-content\/uploads\/sites\/541\/2019\/03\/normas_estudos_aplicados.pdf\">Normas FSC881 &#8211; Estudos aplicados em meteorologia<\/a><\/p>\n<p>Prazos para entrega de documentos de alunos junto ao PPGMET<\/p>\n<p>Formul\u00e1rio termo de compromisso para bolsistas<\/p>\n<p>Formul\u00e1rio de cadastro discente para bolsistas<\/p>\n<p>\u00a0<\/p>\n<p><a href=\"https:\/\/www.ufsm.br\/cursos\/pos-graduacao\/santa-maria\/ppgmet\/wp-content\/uploads\/sites\/541\/2019\/03\/plano_de_docencia_PGMET.doc\">Modelo do Plano da Disciplina de Doc\u00eancia Orientada +++ Formul\u00e1rio<\/a><\/p>\n<p>Formul\u00e1rio para requerimento dispensa\/aproveitamento de disciplinas<\/p>\n<p>\u00a0<\/p>\n<p><a href=\"https:\/\/www.ufsm.br\/cursos\/pos-graduacao\/santa-maria\/ppgmet\/wp-content\/uploads\/sites\/541\/2019\/03\/relatorio_semestral_de_acomp_academico_PPGMET_UFSM.docx\">Modelo formul\u00e1rio para relat\u00f3rio semestral de atividades<\/a><\/p>\n<p>Identidade visual do PPGMET<\/p>\n<p>Termo de Confidencialidade e Sigilo<\/p>\n<p>Crit\u00e9rios para passagem direta do Mestrado para o Doutorado\u00a0+++\u00a0ver arquivo com altera\u00e7\u00e3o em 01\/2010<\/p>\n<p>\u00a0<\/p>\n<div class=\"alert alert-success\">\n<h4 class=\"alert-heading\"><strong>Aten\u00e7\u00e3o<\/strong><\/h4>\n<p class=\"alert-message\">&#8211; Os alunos devem realizar o teste de profici\u00eancia em l\u00edngua estrangeira no 1\u00ba semestre do curso e, caso n\u00e3o aprovado, submeter-se novamente nos semestres subsequentes at\u00e9 a aprova\u00e7\u00e3o.<\/p>\n<p class=\"alert-message\">&#8211; Os pedidos de di\u00e1rias e passagens com recursos PROAP junto ao PPGMET devem ser realizados com o m\u00ednimo de 20 dias de anteced\u00eancia.<\/p>\n<\/div>\n<hr \/>\n<h3>Manual de Disserta\u00e7\u00f5es e Teses (MDT)<\/h3>\n<p>O manual de disserta\u00e7\u00f5es e teses tem como objetivo orientar e definir a forma de apresenta\u00e7\u00e3o de trabalhos cient\u00edficos da Universidade Federal de Santa Maria (UFSM).<\/p>\n<p>Para os usu\u00e1rios do sistema LaTex, disponibilizamos uma classe espec\u00edfica para as normas da MDT. \u00a0Para mais informa\u00e7\u00f5es sobre a classe e suas atualiza\u00e7\u00f5es acesse o grupo de e-mails\u00a0<span id=\"cloak8413\"><a href=\"mailto:latexufsm@googlegroups.com\">latexufsm@googlegroups.com<\/a><\/span>.<\/p>\n<ul>\n<li><a href=\"https:\/\/www.ufsm.br\/orgaos-suplementares\/biblioteca\/mdt\/\">Manual de Estrutura e Apresenta\u00e7\u00e3o de Monografias\/Disserta\u00e7\u00f5es e Teses (MDT)<\/a><\/li>\n<li><a href=\"https:\/\/drive.google.com\/file\/d\/0B_mUXpcwDVZ7YnFtd0ItMWZKdjQ\/view\">LaTeX MDT-UFSM 2015 &#8211; ver 1.05<\/a><\/li>\n<\/ul>\n<p>\u00a0<\/p>\n<hr \/>\n<h3>Avalia\u00e7\u00e3o do Curso<\/h3>\n<p>Crit\u00e9rios da CAPES para avaliar os programas de P\u00f3s-Gradua\u00e7\u00e3o na \u00e1rea de Geoci\u00eancias\/Meteorologia no Brasil.<\/p>\n<p><a href=\"https:\/\/sucupira.capes.gov.br\/sucupira\/public\/consultas\/coleta\/veiculoPublicacaoQualis\/listaConsultaGeralPeriodicos.jsf\">Qualis da CAPES:<\/a> A CAPES classifica os peri\u00f3dicos das publica\u00e7\u00f5es cient\u00edficas no Brasil e no exterior. Antes de encaminhar seu trabalho, VEJA a lista para selecionar as revistas de maior impacto na avalia\u00e7\u00e3o da CAPES.<\/p>\n<h2>\u00a0<\/h2>\n","protected":false},"excerpt":{"rendered":"<p>Normas FSC881 &#8211; Estudos aplicados em meteorologia Prazos para entrega de documentos de alunos junto ao PPGMET Formul\u00e1rio termo de compromisso para bolsistas Formul\u00e1rio de cadastro discente para bolsistas \u00a0 Modelo do Plano da Disciplina de Doc\u00eancia Orientada +++ Formul\u00e1rio Formul\u00e1rio para requerimento dispensa\/aproveitamento de disciplinas \u00a0 Modelo formul\u00e1rio para relat\u00f3rio semestral de atividades Identidade [&hellip;]<\/p>\n","protected":false},"author":723,"featured_media":0,"parent":0,"menu_order":0,"comment_status":"closed","ping_status":"closed","template":"","meta":{"footnotes":""},"categories":[],"tags":[],"class_list":["post-164","page","type-page","status-publish","hentry"],"acf":[],"_links":{"self":[{"href":"https:\/\/www.ufsm.br\/cursos\/pos-graduacao\/santa-maria\/ppgmet\/wp-json\/wp\/v2\/pages\/164","targetHints":{"allow":["GET"]}}],"collection":[{"href":"https:\/\/www.ufsm.br\/cursos\/pos-graduacao\/santa-maria\/ppgmet\/wp-json\/wp\/v2\/pages"}],"about":[{"href":"https:\/\/www.ufsm.br\/cursos\/pos-graduacao\/santa-maria\/ppgmet\/wp-json\/wp\/v2\/types\/page"}],"author":[{"embeddable":true,"href":"https:\/\/www.ufsm.br\/cursos\/pos-graduacao\/santa-maria\/ppgmet\/wp-json\/wp\/v2\/users\/723"}],"replies":[{"embeddable":true,"href":"https:\/\/www.ufsm.br\/cursos\/pos-graduacao\/santa-maria\/ppgmet\/wp-json\/wp\/v2\/comments?post=164"}],"version-history":[{"count":0,"href":"https:\/\/www.ufsm.br\/cursos\/pos-graduacao\/santa-maria\/ppgmet\/wp-json\/wp\/v2\/pages\/164\/revisions"}],"wp:attachment":[{"href":"https:\/\/www.ufsm.br\/cursos\/pos-graduacao\/santa-maria\/ppgmet\/wp-json\/wp\/v2\/media?parent=164"}],"wp:term":[{"taxonomy":"category","embeddable":true,"href":"https:\/\/www.ufsm.br\/cursos\/pos-graduacao\/santa-maria\/ppgmet\/wp-json\/wp\/v2\/categories?post=164"},{"taxonomy":"post_tag","embeddable":true,"href":"https:\/\/www.ufsm.br\/cursos\/pos-graduacao\/santa-maria\/ppgmet\/wp-json\/wp\/v2\/tags?post=164"}],"curies":[{"name":"wp","href":"https:\/\/api.w.org\/{rel}","templated":true}]}}