{"id":172,"date":"2019-03-18T17:01:32","date_gmt":"2019-03-18T20:01:32","guid":{"rendered":"https:\/\/www.ufsm.br\/cursos\/pos-graduacao\/santa-maria\/ppgmet\/?page_id=172"},"modified":"2024-10-23T08:30:27","modified_gmt":"2024-10-23T11:30:27","slug":"defesas-e-qualificacao","status":"publish","type":"page","link":"https:\/\/www.ufsm.br\/cursos\/pos-graduacao\/santa-maria\/ppgmet\/defesas-e-qualificacao","title":{"rendered":"Defesas e qualifica\u00e7\u00e3o"},"content":{"rendered":"\t\t<div data-elementor-type=\"wp-page\" data-elementor-id=\"172\" class=\"elementor elementor-172\">\n\t\t\t\t\t\t<section class=\"elementor-section elementor-top-section elementor-element elementor-element-47ce4f1e elementor-section-boxed elementor-section-height-default elementor-section-height-default\" data-id=\"47ce4f1e\" data-element_type=\"section\">\n\t\t\t\t\t\t<div class=\"elementor-container elementor-column-gap-default\">\n\t\t\t\t\t<div class=\"elementor-column elementor-col-100 elementor-top-column elementor-element elementor-element-1c1e1550\" data-id=\"1c1e1550\" data-element_type=\"column\">\n\t\t\t<div class=\"elementor-widget-wrap elementor-element-populated\">\n\t\t\t\t\t\t<div class=\"elementor-element elementor-element-2b86bd76 elementor-widget__width-initial elementor-widget elementor-widget-text-editor\" data-id=\"2b86bd76\" data-element_type=\"widget\" data-widget_type=\"text-editor.default\">\n\t\t\t\t<div class=\"elementor-widget-container\">\n\t\t\t\t\t\t\t<p><!-- wp:tadv\/classic-paragraph --><\/p>\n<p><strong>&nbsp; &nbsp;Instru\u00e7\u00f5es para abertura da Qualifica\u00e7\u00e3o de Mestrado&nbsp;<\/strong><\/p>\n<p>1. O(A) discente deve acessar o PEN e criar um novo processo. No campo Tipo Documental, ir\u00e1 preencher&nbsp;<span style=\"color: #0d0d0d;font-family: 'Helvetica Neue', Helvetica, Arial, sans-serif;font-size: 16px;background-color: #f2f2f2\">Processo de qualifica\u00e7\u00e3o de disserta\u00e7\u00e3o de mestrado.<\/span><\/p>\n<ul>\n<li>Incluir os seguintes documentos: <a href=\"https:\/\/docs.google.com\/document\/d\/1gK7UatlZIMcmfsKuWeQdTZ6QleF8Dr8a\/edit?usp=sharing&amp;ouid=113157175274255773224&amp;rtpof=true&amp;sd=true\">Formul\u00e1rio de Solicita\u00e7\u00e3o de Qualifica\u00e7\u00e3o<\/a> (previamente assinado pelo(a) orientador(a)); <a href=\"https:\/\/portal.ufsm.br\/estudantil\/relatorio\/historicoEscolarSimplificado\/index.html\">Hist\u00f3rico Escolar<\/a> (retirado do Portal Estudantil)<\/li>\n<li><span style=\"color: #000000;font-size: 1rem;font-weight: var( --e-global-typography-text-font-weight );text-align: var(--bs-body-text-align)\">Assinar digitalmente o formul\u00e1rio, no pr\u00f3prio processo. Tramitar para o destino inicial.<\/span><\/li>\n<\/ul>\n<div>&nbsp;<\/div>\n<div><a href=\"https:\/\/docs.google.com\/document\/d\/1gK7UatlZIMcmfsKuWeQdTZ6QleF8Dr8a\/edit?usp=sharing&amp;ouid=113157175274255773224&amp;rtpof=true&amp;sd=true\">\u00ba Modelo &#8211; Formul\u00e1rio<\/a><br><a href=\"https:\/\/drive.google.com\/file\/d\/1s2zE0VUsG9AvTe0smka9u7d9RpjClltG\/view?usp=drive_link\">\u00ba Tutorial &#8211; Passo a passo Processo de Qualifica\u00e7\u00e3o de Mestrado<\/a><\/div>\n<div>&nbsp;<\/div>\n<p><strong>Instru\u00e7\u00f5es do procedimento final p\u00f3s defesa de Mestrado e Doutorado &#8211; Entrega de Disserta\u00e7\u00e3o\/Tese<\/strong><\/p>\n<ol>\n<li>Abrir o processo de Entrega de MDT, conforme tutorial dispon\u00edvel <a href=\"https:\/\/www.ufsm.br\/pro-reitorias\/prpgp\/servicos\/ato-de-entrega-de-mdt-tutorial\">clicando aqui.<\/a><\/li>\n<li>Incluir a Disserta\u00e7\u00e3o\/Tese, autoriza\u00e7\u00e3o de publica\u00e7\u00e3o e demais documentos que forem necess\u00e1rios de acordo com o <a href=\"https:\/\/www.ufsm.br\/app\/uploads\/sites\/541\/2019\/03\/regimento_interno_PPGMET_aprovado2017.pdf\">Regulamento do PPG<\/a><\/li>\n<li><span style=\"color: #222222;font-family: Calibri, 'sans-serif';font-size: 14.6667px\">&nbsp;Incluir o Relat\u00f3rio de Informa\u00e7\u00f5es P\u00f3s-Defesa.<\/span><\/li>\n<\/ol>\n<p>Modelo. <a href=\"https:\/\/www.ufsm.br\/cursos\/pos-graduacao\/santa-maria\/ppgmet\/wp-content\/uploads\/sites\/541\/2019\/03\/Formulario-de-autorizacao-para-disponibilizar-on-line-Tese-Dissertaco.doc\">Autoriza\u00e7\u00e3o de divulga\u00e7\u00e3o Tese\/Disserta\u00e7\u00e3o.<\/a><\/p>\n<p>Modelo <a href=\"https:\/\/www.ufsm.br\/app\/uploads\/sites\/541\/2024\/10\/INFORMACOES-POS-DEFESA-2.docx\" style=\"font-size: 16px;font-weight: bolder;text-align: var(--bs-body-text-align)\">INFORMA\u00c7\u00d5ES P\u00d3S-DEFESA<\/a><\/p>\n<p><\/p>\n<p><!-- \/wp:tadv\/classic-paragraph --><\/p>\t\t\t\t\t\t<\/div>\n\t\t\t\t<\/div>\n\t\t\t\t\t<\/div>\n\t\t<\/div>\n\t\t\t\t\t<\/div>\n\t\t<\/section>\n\t\t\t\t<\/div>\n\t\t","protected":false},"excerpt":{"rendered":"<p>&nbsp; &nbsp;Instru\u00e7\u00f5es para abertura da Qualifica\u00e7\u00e3o de Mestrado&nbsp; 1. O(A) discente deve acessar o PEN e criar um novo processo. No campo Tipo Documental, ir\u00e1 preencher&nbsp;Processo de qualifica\u00e7\u00e3o de disserta\u00e7\u00e3o de mestrado. Incluir os seguintes documentos: Formul\u00e1rio de Solicita\u00e7\u00e3o de Qualifica\u00e7\u00e3o (previamente assinado pelo(a) orientador(a)); Hist\u00f3rico Escolar (retirado do Portal Estudantil) Assinar digitalmente o formul\u00e1rio, [&hellip;]<\/p>\n","protected":false},"author":723,"featured_media":0,"parent":0,"menu_order":0,"comment_status":"closed","ping_status":"closed","template":"","meta":{"footnotes":""},"categories":[],"tags":[],"class_list":["post-172","page","type-page","status-publish","hentry"],"acf":[],"_links":{"self":[{"href":"https:\/\/www.ufsm.br\/cursos\/pos-graduacao\/santa-maria\/ppgmet\/wp-json\/wp\/v2\/pages\/172","targetHints":{"allow":["GET"]}}],"collection":[{"href":"https:\/\/www.ufsm.br\/cursos\/pos-graduacao\/santa-maria\/ppgmet\/wp-json\/wp\/v2\/pages"}],"about":[{"href":"https:\/\/www.ufsm.br\/cursos\/pos-graduacao\/santa-maria\/ppgmet\/wp-json\/wp\/v2\/types\/page"}],"author":[{"embeddable":true,"href":"https:\/\/www.ufsm.br\/cursos\/pos-graduacao\/santa-maria\/ppgmet\/wp-json\/wp\/v2\/users\/723"}],"replies":[{"embeddable":true,"href":"https:\/\/www.ufsm.br\/cursos\/pos-graduacao\/santa-maria\/ppgmet\/wp-json\/wp\/v2\/comments?post=172"}],"version-history":[{"count":0,"href":"https:\/\/www.ufsm.br\/cursos\/pos-graduacao\/santa-maria\/ppgmet\/wp-json\/wp\/v2\/pages\/172\/revisions"}],"wp:attachment":[{"href":"https:\/\/www.ufsm.br\/cursos\/pos-graduacao\/santa-maria\/ppgmet\/wp-json\/wp\/v2\/media?parent=172"}],"wp:term":[{"taxonomy":"category","embeddable":true,"href":"https:\/\/www.ufsm.br\/cursos\/pos-graduacao\/santa-maria\/ppgmet\/wp-json\/wp\/v2\/categories?post=172"},{"taxonomy":"post_tag","embeddable":true,"href":"https:\/\/www.ufsm.br\/cursos\/pos-graduacao\/santa-maria\/ppgmet\/wp-json\/wp\/v2\/tags?post=172"}],"curies":[{"name":"wp","href":"https:\/\/api.w.org\/{rel}","templated":true}]}}