{"id":187,"date":"2019-03-29T16:02:31","date_gmt":"2019-03-29T19:02:31","guid":{"rendered":"https:\/\/www.ufsm.br\/cursos\/pos-graduacao\/santa-maria\/ppgmet\/?page_id=187"},"modified":"2021-10-01T10:11:03","modified_gmt":"2021-10-01T13:11:03","slug":"areas-linhas-de-pesquisa-e-projetos","status":"publish","type":"page","link":"https:\/\/www.ufsm.br\/cursos\/pos-graduacao\/santa-maria\/ppgmet\/areas-linhas-de-pesquisa-e-projetos","title":{"rendered":"\u00c1reas, Linhas de Pesquisa e Projetos"},"content":{"rendered":"\n<p><a name=\"meteorologia\"><\/a><strong>\u00c1REA DE CONCENTRA\u00c7\u00c3O: METEOROLOGIA<\/strong><\/p>\n<p><strong>1. Linha de pequisa: Micrometeorologia<\/strong><\/p>\n<table class=\"table table-condesed  table-hover\">\n<tbody>\n<tr>\n<td><strong>PERMANENTES<\/strong><\/td>\n<\/tr>\n<tr>\n<td>DEBORA REGINA ROBERTI<\/td>\n<\/tr>\n<tr>\n<td>FELIPE DENARDIN COSTA<\/td>\n<\/tr>\n<tr>\n<td>FRANCIANO SCREMIN PUHALES<\/td>\n<\/tr>\n<tr>\n<td>GERVASIO ANNES DEGRAZIA<\/td>\n<\/tr>\n<tr>\n<td>OTAVIO COSTA ACEVEDO<\/td>\n<\/tr>\n<\/tbody>\n<\/table>\n<p><strong>2. Linha de pesquisa: Estudos e Aplica\u00e7\u00f5es em Tempo e Clima<\/strong><\/p>\n<table class=\"table table-condesed  table-hover\">\n<tbody>\n<tr>\n<td style=\"width: 1072.91px\"><strong>PERMANENTES<\/strong><\/td>\n<\/tr>\n<tr>\n<td style=\"width: 1072.91px\">ANGELICA DURIGON<\/td>\n<\/tr>\n<tr>\n<td style=\"width: 1072.91px\">DAMARIS KIRSCH PINHEIRO<\/td>\n<\/tr>\n<tr>\n<td style=\"width: 1072.91px\">ERNANI DE LIMA NASCIMENTO<\/td>\n<\/tr>\n<tr>\n<td style=\"width: 1072.91px\">EVERSON DAL PIVA<\/td>\n<\/tr>\n<tr>\n<td style=\"width: 1072.91px\">JONATAN DUPONT TATSCH<\/td>\n<\/tr>\n<tr>\n<td style=\"width: 1072.91px\">JOS\u00c9 VALENTIN BAGESTON<\/td>\n<\/tr>\n<tr>\n<td style=\"width: 1072.91px\">NATHALIE TISSOT BOIASKI<\/td>\n<\/tr>\n<tr>\n<td style=\"width: 1072.91px\">SIMONE EROTILDES TELEGINSKI FERRAZ<\/td>\n<\/tr>\n<tr>\n<td style=\"width: 1072.91px\">VAGNER ANABOR<\/td>\n<\/tr>\n<\/tbody>\n<\/table>\n<p>\u00a0<\/p>\n","protected":false},"excerpt":{"rendered":"<p>\u00c1REA DE CONCENTRA\u00c7\u00c3O: METEOROLOGIA 1. Linha de pequisa: Micrometeorologia PERMANENTES DEBORA REGINA ROBERTI FELIPE DENARDIN COSTA FRANCIANO SCREMIN PUHALES GERVASIO ANNES DEGRAZIA OTAVIO COSTA ACEVEDO 2. Linha de pesquisa: Estudos e Aplica\u00e7\u00f5es em Tempo e Clima PERMANENTES ANGELICA DURIGON DAMARIS KIRSCH PINHEIRO ERNANI DE LIMA NASCIMENTO EVERSON DAL PIVA JONATAN DUPONT TATSCH JOS\u00c9 VALENTIN BAGESTON [&hellip;]<\/p>\n","protected":false},"author":723,"featured_media":0,"parent":0,"menu_order":0,"comment_status":"closed","ping_status":"closed","template":"","meta":{"footnotes":""},"categories":[],"tags":[],"class_list":["post-187","page","type-page","status-publish","hentry"],"acf":[],"_links":{"self":[{"href":"https:\/\/www.ufsm.br\/cursos\/pos-graduacao\/santa-maria\/ppgmet\/wp-json\/wp\/v2\/pages\/187","targetHints":{"allow":["GET"]}}],"collection":[{"href":"https:\/\/www.ufsm.br\/cursos\/pos-graduacao\/santa-maria\/ppgmet\/wp-json\/wp\/v2\/pages"}],"about":[{"href":"https:\/\/www.ufsm.br\/cursos\/pos-graduacao\/santa-maria\/ppgmet\/wp-json\/wp\/v2\/types\/page"}],"author":[{"embeddable":true,"href":"https:\/\/www.ufsm.br\/cursos\/pos-graduacao\/santa-maria\/ppgmet\/wp-json\/wp\/v2\/users\/723"}],"replies":[{"embeddable":true,"href":"https:\/\/www.ufsm.br\/cursos\/pos-graduacao\/santa-maria\/ppgmet\/wp-json\/wp\/v2\/comments?post=187"}],"version-history":[{"count":0,"href":"https:\/\/www.ufsm.br\/cursos\/pos-graduacao\/santa-maria\/ppgmet\/wp-json\/wp\/v2\/pages\/187\/revisions"}],"wp:attachment":[{"href":"https:\/\/www.ufsm.br\/cursos\/pos-graduacao\/santa-maria\/ppgmet\/wp-json\/wp\/v2\/media?parent=187"}],"wp:term":[{"taxonomy":"category","embeddable":true,"href":"https:\/\/www.ufsm.br\/cursos\/pos-graduacao\/santa-maria\/ppgmet\/wp-json\/wp\/v2\/categories?post=187"},{"taxonomy":"post_tag","embeddable":true,"href":"https:\/\/www.ufsm.br\/cursos\/pos-graduacao\/santa-maria\/ppgmet\/wp-json\/wp\/v2\/tags?post=187"}],"curies":[{"name":"wp","href":"https:\/\/api.w.org\/{rel}","templated":true}]}}