{"id":192,"date":"2019-03-29T16:20:33","date_gmt":"2019-03-29T19:20:33","guid":{"rendered":"https:\/\/www.ufsm.br\/cursos\/pos-graduacao\/santa-maria\/ppgmet\/?page_id=192"},"modified":"2019-03-29T16:20:35","modified_gmt":"2019-03-29T19:20:35","slug":"apresentacao","status":"publish","type":"page","link":"https:\/\/www.ufsm.br\/cursos\/pos-graduacao\/santa-maria\/ppgmet\/apresentacao","title":{"rendered":"Apresenta\u00e7\u00e3o"},"content":{"rendered":"\n<p>\u00a0<\/p>\n<p><strong>N\u00edvel:<\/strong>\u00a0Mestrado e Doutorado<\/p>\n<p><strong>Conceito CAPES:<\/strong>\u00a04<\/p>\n<p><strong>N\u00famero de Vagas:<\/strong>\u00a0vari\u00e1vel<\/p>\n<p><strong>P\u00fablico Alvo:<\/strong>\u00a0diplomados em Meteorologia, F\u00edsica, Engenharia, Matem\u00e1tica, Qu\u00edmica, Agronomia, Oceanografia e \u00e1reas afins.<\/p>\n<hr \/>\n<h2>Hist\u00f3rico e contextualiza\u00e7\u00e3o do programa<\/h2>\n<p>Partindo do Programa de Gradua\u00e7\u00e3o em Meteorologia da Universidade Federal de Santa Maria (UFSM), inaugurado em 2005, e do j\u00e1 consolidado Grupo de F\u00edsica da Atmosfera do Departamento de F\u00edsica da mesma universidade, o Programa de P\u00f3s-Gradua\u00e7\u00e3o em Meteorologia da UFSM (PPGMET-UFSM) teve in\u00edcio no ano de 2008 com o n\u00edvel de Mestrado e um Corpo Docente consistindo de 8 integrantes. Com o cont\u00ednuo crescimento dos Corpos Docente e Discente e do n\u00famero de trabalhos de Mestrado conclu\u00eddos, foi aprovada ao final de 2012 a cria\u00e7\u00e3o do curso de Doutorado do PPGMET-UFSM, com os primeiros alunos ingressando no ano letivo de 2013. O curso de Doutorado em Meteorologia \u00e9 pioneiro no sul do Brasil e at\u00e9 mar\u00e7o de 2016 continua sendo o \u00fanico desta regi\u00e3o.<\/p>\n<p>At\u00e9 o in\u00edcio do ano letivo de 2016 o PPGMET-UFSM formou 40 Mestres em Meteorologia, e conta atualmente (junho de 2016) com 37 alunos, dos quais 22 s\u00e3o de Doutorado. O Corpo Docente atual \u00e9 formado por 15 membros permanentes e mais 2 colaboradores, dos quais 8 s\u00e3o pesquisadores CNPq.<\/p>\n<p>O not\u00e1vel crescimento do Corpo Docente nos 8 anos de exist\u00eancia do PPGMET-UFSM evidencia a consolida\u00e7\u00e3o do programa e a amplia\u00e7\u00e3o das \u00e1reas de conhecimento dos perfis dos egressos, incluindo-se micrometeorologia, intera\u00e7\u00e3o superf\u00edcie-atmosfera, hidrometeorologia, agrometeorologia, climatologia f\u00edsica e estat\u00edstica, meteorologia sin\u00f3tica, meteorologia de mesoescala, qu\u00edmica da atmosfera, polui\u00e7\u00e3o atmosf\u00e9rica, instrumenta\u00e7\u00e3o meteorol\u00f3gica, intera\u00e7\u00e3o oceano-atmosfera, e modelagem num\u00e9rica da atmosfera.<\/p>\n","protected":false},"excerpt":{"rendered":"<p>\u00a0 N\u00edvel:\u00a0Mestrado e Doutorado Conceito CAPES:\u00a04 N\u00famero de Vagas:\u00a0vari\u00e1vel P\u00fablico Alvo:\u00a0diplomados em Meteorologia, F\u00edsica, Engenharia, Matem\u00e1tica, Qu\u00edmica, Agronomia, Oceanografia e \u00e1reas afins. Hist\u00f3rico e contextualiza\u00e7\u00e3o do programa Partindo do Programa de Gradua\u00e7\u00e3o em Meteorologia da Universidade Federal de Santa Maria (UFSM), inaugurado em 2005, e do j\u00e1 consolidado Grupo de F\u00edsica da Atmosfera do Departamento [&hellip;]<\/p>\n","protected":false},"author":723,"featured_media":0,"parent":0,"menu_order":0,"comment_status":"closed","ping_status":"closed","template":"","meta":{"footnotes":""},"categories":[],"tags":[],"class_list":["post-192","page","type-page","status-publish","hentry"],"acf":[],"_links":{"self":[{"href":"https:\/\/www.ufsm.br\/cursos\/pos-graduacao\/santa-maria\/ppgmet\/wp-json\/wp\/v2\/pages\/192","targetHints":{"allow":["GET"]}}],"collection":[{"href":"https:\/\/www.ufsm.br\/cursos\/pos-graduacao\/santa-maria\/ppgmet\/wp-json\/wp\/v2\/pages"}],"about":[{"href":"https:\/\/www.ufsm.br\/cursos\/pos-graduacao\/santa-maria\/ppgmet\/wp-json\/wp\/v2\/types\/page"}],"author":[{"embeddable":true,"href":"https:\/\/www.ufsm.br\/cursos\/pos-graduacao\/santa-maria\/ppgmet\/wp-json\/wp\/v2\/users\/723"}],"replies":[{"embeddable":true,"href":"https:\/\/www.ufsm.br\/cursos\/pos-graduacao\/santa-maria\/ppgmet\/wp-json\/wp\/v2\/comments?post=192"}],"version-history":[{"count":0,"href":"https:\/\/www.ufsm.br\/cursos\/pos-graduacao\/santa-maria\/ppgmet\/wp-json\/wp\/v2\/pages\/192\/revisions"}],"wp:attachment":[{"href":"https:\/\/www.ufsm.br\/cursos\/pos-graduacao\/santa-maria\/ppgmet\/wp-json\/wp\/v2\/media?parent=192"}],"wp:term":[{"taxonomy":"category","embeddable":true,"href":"https:\/\/www.ufsm.br\/cursos\/pos-graduacao\/santa-maria\/ppgmet\/wp-json\/wp\/v2\/categories?post=192"},{"taxonomy":"post_tag","embeddable":true,"href":"https:\/\/www.ufsm.br\/cursos\/pos-graduacao\/santa-maria\/ppgmet\/wp-json\/wp\/v2\/tags?post=192"}],"curies":[{"name":"wp","href":"https:\/\/api.w.org\/{rel}","templated":true}]}}