{"id":212,"date":"2019-03-29T17:20:23","date_gmt":"2019-03-29T20:20:23","guid":{"rendered":"https:\/\/www.ufsm.br\/cursos\/pos-graduacao\/santa-maria\/ppgmet\/?page_id=212"},"modified":"2021-09-29T14:22:05","modified_gmt":"2021-09-29T17:22:05","slug":"comites","status":"publish","type":"page","link":"https:\/\/www.ufsm.br\/cursos\/pos-graduacao\/santa-maria\/ppgmet\/comites","title":{"rendered":"Comit\u00eas"},"content":{"rendered":"\n<h3>Comiss\u00e3o de Bolsas<\/h3>\n<ul>\n<li>Prof\u00aa. Damaris Kirsch Pinheiro (Presidente)<\/li>\n<li>Prof. Vagner Anabor<\/li>\n<li>Prof. Everson Dal Piva<\/li>\n<li>Prof. Otavio Costa Acevedo<\/li>\n<li>Cinara Ewerling da Rosa (Representante Discente)<\/li>\n<\/ul>\n<p>\u00a0<\/p>\n<h3>Comiss\u00e3o de Sele\u00e7\u00e3o<\/h3>\n<ul>\n<li>\n<p>Prof\u00aa. Nathalie Tissot Boiaski (Presidente)<\/p>\n<\/li>\n<li>\n<p>Prof\u00aa. D\u00e9bora Regina Roberti<\/p>\n<\/li>\n<li>\n<p>Prof. Everson Dal Piva<\/p>\n<\/li>\n<\/ul>\n<p>\u00a0<\/p>\n<h3>Comiss\u00e3o de Autoavalia\u00e7\u00e3o do PPGMET<\/h3>\n<ul>\n<li>\n<p>Prof\u00aa. Damaris Kirsch Pinheiro (Presidente)<\/p>\n<\/li>\n<li>\n<p>Prof. Otavio Costa Acevedo<\/p>\n<\/li>\n<li>\n<p>Prof\u00aa. Simone Erotildes Teleginski Ferraz (Suplente)<\/p>\n<\/li>\n<li>Cinara Ewerling da Rosa (Representante discente)<\/li>\n<\/ul>\n<div>\n<h3>\u00a0<\/h3>\n<\/div>\n","protected":false},"excerpt":{"rendered":"<p>Comiss\u00e3o de Bolsas Prof\u00aa. Damaris Kirsch Pinheiro (Presidente) Prof. Vagner Anabor Prof. Everson Dal Piva Prof. Otavio Costa Acevedo Cinara Ewerling da Rosa (Representante Discente) \u00a0 Comiss\u00e3o de Sele\u00e7\u00e3o Prof\u00aa. Nathalie Tissot Boiaski (Presidente) Prof\u00aa. D\u00e9bora Regina Roberti Prof. Everson Dal Piva \u00a0 Comiss\u00e3o de Autoavalia\u00e7\u00e3o do PPGMET Prof\u00aa. Damaris Kirsch Pinheiro (Presidente) Prof. Otavio [&hellip;]<\/p>\n","protected":false},"author":723,"featured_media":0,"parent":0,"menu_order":0,"comment_status":"closed","ping_status":"closed","template":"","meta":{"footnotes":""},"categories":[],"tags":[],"class_list":["post-212","page","type-page","status-publish","hentry"],"acf":[],"_links":{"self":[{"href":"https:\/\/www.ufsm.br\/cursos\/pos-graduacao\/santa-maria\/ppgmet\/wp-json\/wp\/v2\/pages\/212","targetHints":{"allow":["GET"]}}],"collection":[{"href":"https:\/\/www.ufsm.br\/cursos\/pos-graduacao\/santa-maria\/ppgmet\/wp-json\/wp\/v2\/pages"}],"about":[{"href":"https:\/\/www.ufsm.br\/cursos\/pos-graduacao\/santa-maria\/ppgmet\/wp-json\/wp\/v2\/types\/page"}],"author":[{"embeddable":true,"href":"https:\/\/www.ufsm.br\/cursos\/pos-graduacao\/santa-maria\/ppgmet\/wp-json\/wp\/v2\/users\/723"}],"replies":[{"embeddable":true,"href":"https:\/\/www.ufsm.br\/cursos\/pos-graduacao\/santa-maria\/ppgmet\/wp-json\/wp\/v2\/comments?post=212"}],"version-history":[{"count":0,"href":"https:\/\/www.ufsm.br\/cursos\/pos-graduacao\/santa-maria\/ppgmet\/wp-json\/wp\/v2\/pages\/212\/revisions"}],"wp:attachment":[{"href":"https:\/\/www.ufsm.br\/cursos\/pos-graduacao\/santa-maria\/ppgmet\/wp-json\/wp\/v2\/media?parent=212"}],"wp:term":[{"taxonomy":"category","embeddable":true,"href":"https:\/\/www.ufsm.br\/cursos\/pos-graduacao\/santa-maria\/ppgmet\/wp-json\/wp\/v2\/categories?post=212"},{"taxonomy":"post_tag","embeddable":true,"href":"https:\/\/www.ufsm.br\/cursos\/pos-graduacao\/santa-maria\/ppgmet\/wp-json\/wp\/v2\/tags?post=212"}],"curies":[{"name":"wp","href":"https:\/\/api.w.org\/{rel}","templated":true}]}}