{"id":217,"date":"2019-04-01T14:32:29","date_gmt":"2019-04-01T17:32:29","guid":{"rendered":"https:\/\/www.ufsm.br\/cursos\/pos-graduacao\/santa-maria\/ppgmet\/?page_id=217"},"modified":"2019-04-01T14:34:00","modified_gmt":"2019-04-01T17:34:00","slug":"contato-2","status":"publish","type":"page","link":"https:\/\/www.ufsm.br\/cursos\/pos-graduacao\/santa-maria\/ppgmet\/contato-2","title":{"rendered":"Contato"},"content":{"rendered":"\n<p>Programa de P\u00f3s-Gradua\u00e7\u00e3o em Meteorologia<\/p>\n<p>Av. Roraima, n\u00ba 1000\u00a0<br \/>Cidade Universit\u00e1ria, Bairro Camobi\u00a0<br \/>Santa Maria &#8211; RS, CEP: 97105-900\u00a0<br \/>Pr\u00e9dio CRS\/INPE, sala 1052\u00a0<br \/>Fone: +55 (55) 3220-8616\u00a0<br \/>E-mail: ppgmet@ufsm.br<\/p>\n","protected":false},"excerpt":{"rendered":"<p>Programa de P\u00f3s-Gradua\u00e7\u00e3o em Meteorologia Av. Roraima, n\u00ba 1000\u00a0Cidade Universit\u00e1ria, Bairro Camobi\u00a0Santa Maria &#8211; RS, CEP: 97105-900\u00a0Pr\u00e9dio CRS\/INPE, sala 1052\u00a0Fone: +55 (55) 3220-8616\u00a0E-mail: ppgmet@ufsm.br<\/p>\n","protected":false},"author":723,"featured_media":0,"parent":0,"menu_order":0,"comment_status":"closed","ping_status":"closed","template":"","meta":{"footnotes":""},"categories":[],"tags":[],"class_list":["post-217","page","type-page","status-publish","hentry"],"acf":[],"_links":{"self":[{"href":"https:\/\/www.ufsm.br\/cursos\/pos-graduacao\/santa-maria\/ppgmet\/wp-json\/wp\/v2\/pages\/217","targetHints":{"allow":["GET"]}}],"collection":[{"href":"https:\/\/www.ufsm.br\/cursos\/pos-graduacao\/santa-maria\/ppgmet\/wp-json\/wp\/v2\/pages"}],"about":[{"href":"https:\/\/www.ufsm.br\/cursos\/pos-graduacao\/santa-maria\/ppgmet\/wp-json\/wp\/v2\/types\/page"}],"author":[{"embeddable":true,"href":"https:\/\/www.ufsm.br\/cursos\/pos-graduacao\/santa-maria\/ppgmet\/wp-json\/wp\/v2\/users\/723"}],"replies":[{"embeddable":true,"href":"https:\/\/www.ufsm.br\/cursos\/pos-graduacao\/santa-maria\/ppgmet\/wp-json\/wp\/v2\/comments?post=217"}],"version-history":[{"count":0,"href":"https:\/\/www.ufsm.br\/cursos\/pos-graduacao\/santa-maria\/ppgmet\/wp-json\/wp\/v2\/pages\/217\/revisions"}],"wp:attachment":[{"href":"https:\/\/www.ufsm.br\/cursos\/pos-graduacao\/santa-maria\/ppgmet\/wp-json\/wp\/v2\/media?parent=217"}],"wp:term":[{"taxonomy":"category","embeddable":true,"href":"https:\/\/www.ufsm.br\/cursos\/pos-graduacao\/santa-maria\/ppgmet\/wp-json\/wp\/v2\/categories?post=217"},{"taxonomy":"post_tag","embeddable":true,"href":"https:\/\/www.ufsm.br\/cursos\/pos-graduacao\/santa-maria\/ppgmet\/wp-json\/wp\/v2\/tags?post=217"}],"curies":[{"name":"wp","href":"https:\/\/api.w.org\/{rel}","templated":true}]}}