{"id":218,"date":"2019-04-01T15:18:03","date_gmt":"2019-04-01T18:18:03","guid":{"rendered":"https:\/\/www.ufsm.br\/cursos\/pos-graduacao\/santa-maria\/ppgmet\/?page_id=218"},"modified":"2019-04-01T15:18:05","modified_gmt":"2019-04-01T18:18:05","slug":"links-uteis","status":"publish","type":"page","link":"https:\/\/www.ufsm.br\/cursos\/pos-graduacao\/santa-maria\/ppgmet\/links-uteis","title":{"rendered":"Links \u00dateis"},"content":{"rendered":"\n<ul>\n<li><a href=\"https:\/\/www.ufsm.br\/cursos\/graduacao\/santa-maria\/meteorologia\/\">Curso de Gradua\u00e7\u00e3o de Meteorologia &#8211; UFSM<\/a><\/li>\n<li><a href=\"https:\/\/www.cptec.inpe.br\/\">Centro de Previs\u00e3o do Tempo e Estudos Clim\u00e1ticos &#8211; INPE<\/a><\/li>\n<li><a href=\"http:\/\/www.sbmet.org.br\/portal\/index.php\">Sociedade Brasileira de Meteorologia &#8211; SBMET<\/a><\/li>\n<li><a href=\"https:\/\/www.ufsm.br\/orgaos-suplementares\/biblioteca\/biblioteca-central\/\">Biblioteca Central &#8211; UFSM<\/a><\/li>\n<li><a href=\"https:\/\/www.ufsm.br\/pro-reitorias\/prpgp\/\">Pr\u00f3-Reitoria de P\u00f3s Gradua\u00e7\u00e3o e Pesquisa &#8211; UFSM<\/a><\/li>\n<\/ul>\n<p>\u00a0<\/p>\n","protected":false},"excerpt":{"rendered":"<p>Curso de Gradua\u00e7\u00e3o de Meteorologia &#8211; UFSM Centro de Previs\u00e3o do Tempo e Estudos Clim\u00e1ticos &#8211; INPE Sociedade Brasileira de Meteorologia &#8211; SBMET Biblioteca Central &#8211; UFSM Pr\u00f3-Reitoria de P\u00f3s Gradua\u00e7\u00e3o e Pesquisa &#8211; UFSM \u00a0<\/p>\n","protected":false},"author":723,"featured_media":0,"parent":0,"menu_order":0,"comment_status":"closed","ping_status":"closed","template":"","meta":{"footnotes":""},"categories":[],"tags":[],"class_list":["post-218","page","type-page","status-publish","hentry"],"acf":[],"_links":{"self":[{"href":"https:\/\/www.ufsm.br\/cursos\/pos-graduacao\/santa-maria\/ppgmet\/wp-json\/wp\/v2\/pages\/218","targetHints":{"allow":["GET"]}}],"collection":[{"href":"https:\/\/www.ufsm.br\/cursos\/pos-graduacao\/santa-maria\/ppgmet\/wp-json\/wp\/v2\/pages"}],"about":[{"href":"https:\/\/www.ufsm.br\/cursos\/pos-graduacao\/santa-maria\/ppgmet\/wp-json\/wp\/v2\/types\/page"}],"author":[{"embeddable":true,"href":"https:\/\/www.ufsm.br\/cursos\/pos-graduacao\/santa-maria\/ppgmet\/wp-json\/wp\/v2\/users\/723"}],"replies":[{"embeddable":true,"href":"https:\/\/www.ufsm.br\/cursos\/pos-graduacao\/santa-maria\/ppgmet\/wp-json\/wp\/v2\/comments?post=218"}],"version-history":[{"count":0,"href":"https:\/\/www.ufsm.br\/cursos\/pos-graduacao\/santa-maria\/ppgmet\/wp-json\/wp\/v2\/pages\/218\/revisions"}],"wp:attachment":[{"href":"https:\/\/www.ufsm.br\/cursos\/pos-graduacao\/santa-maria\/ppgmet\/wp-json\/wp\/v2\/media?parent=218"}],"wp:term":[{"taxonomy":"category","embeddable":true,"href":"https:\/\/www.ufsm.br\/cursos\/pos-graduacao\/santa-maria\/ppgmet\/wp-json\/wp\/v2\/categories?post=218"},{"taxonomy":"post_tag","embeddable":true,"href":"https:\/\/www.ufsm.br\/cursos\/pos-graduacao\/santa-maria\/ppgmet\/wp-json\/wp\/v2\/tags?post=218"}],"curies":[{"name":"wp","href":"https:\/\/api.w.org\/{rel}","templated":true}]}}