{"id":366,"date":"2019-04-17T12:13:22","date_gmt":"2019-04-17T15:13:22","guid":{"rendered":"https:\/\/www.ufsm.br\/cursos\/pos-graduacao\/santa-maria\/ppgmet\/?page_id=366"},"modified":"2019-04-17T12:13:24","modified_gmt":"2019-04-17T15:13:24","slug":"laboratorios","status":"publish","type":"page","link":"https:\/\/www.ufsm.br\/cursos\/pos-graduacao\/santa-maria\/ppgmet\/laboratorios","title":{"rendered":"Laborat\u00f3rios"},"content":{"rendered":"\n<ul>\n<li><span id=\"form:lista\">Laborat\u00f3rio de Micrometeorologia (Lumet)<\/span><\/li>\n<li><a href=\"http:\/\/w3.ufsm.br\/gruma\/\" target=\"_blank\" rel=\"noopener noreferrer\">Grupo de Modelagem Atmosf\u00e9rica<\/a><\/li>\n<li><span id=\"form:lista\">Laborat\u00f3rio de Intera\u00e7\u00e3o Oceano-Atmosfera (LAMOS)<\/span><\/li>\n<li><span id=\"form:lista\">Laborat\u00f3rio de Qu\u00edmica da Atmosfera<\/span><\/li>\n<li><span id=\"form:lista\">Grupo de Pesquisas em Clima<\/span><\/li>\n<\/ul>\n","protected":false},"excerpt":{"rendered":"<p>Laborat\u00f3rio de Micrometeorologia (Lumet) Grupo de Modelagem Atmosf\u00e9rica Laborat\u00f3rio de Intera\u00e7\u00e3o Oceano-Atmosfera (LAMOS) Laborat\u00f3rio de Qu\u00edmica da Atmosfera Grupo de Pesquisas em Clima<\/p>\n","protected":false},"author":115,"featured_media":0,"parent":0,"menu_order":0,"comment_status":"closed","ping_status":"closed","template":"","meta":{"footnotes":""},"categories":[],"tags":[],"class_list":["post-366","page","type-page","status-publish","hentry"],"acf":[],"_links":{"self":[{"href":"https:\/\/www.ufsm.br\/cursos\/pos-graduacao\/santa-maria\/ppgmet\/wp-json\/wp\/v2\/pages\/366","targetHints":{"allow":["GET"]}}],"collection":[{"href":"https:\/\/www.ufsm.br\/cursos\/pos-graduacao\/santa-maria\/ppgmet\/wp-json\/wp\/v2\/pages"}],"about":[{"href":"https:\/\/www.ufsm.br\/cursos\/pos-graduacao\/santa-maria\/ppgmet\/wp-json\/wp\/v2\/types\/page"}],"author":[{"embeddable":true,"href":"https:\/\/www.ufsm.br\/cursos\/pos-graduacao\/santa-maria\/ppgmet\/wp-json\/wp\/v2\/users\/115"}],"replies":[{"embeddable":true,"href":"https:\/\/www.ufsm.br\/cursos\/pos-graduacao\/santa-maria\/ppgmet\/wp-json\/wp\/v2\/comments?post=366"}],"version-history":[{"count":0,"href":"https:\/\/www.ufsm.br\/cursos\/pos-graduacao\/santa-maria\/ppgmet\/wp-json\/wp\/v2\/pages\/366\/revisions"}],"wp:attachment":[{"href":"https:\/\/www.ufsm.br\/cursos\/pos-graduacao\/santa-maria\/ppgmet\/wp-json\/wp\/v2\/media?parent=366"}],"wp:term":[{"taxonomy":"category","embeddable":true,"href":"https:\/\/www.ufsm.br\/cursos\/pos-graduacao\/santa-maria\/ppgmet\/wp-json\/wp\/v2\/categories?post=366"},{"taxonomy":"post_tag","embeddable":true,"href":"https:\/\/www.ufsm.br\/cursos\/pos-graduacao\/santa-maria\/ppgmet\/wp-json\/wp\/v2\/tags?post=366"}],"curies":[{"name":"wp","href":"https:\/\/api.w.org\/{rel}","templated":true}]}}