{"id":494,"date":"2022-11-17T08:22:56","date_gmt":"2022-11-17T11:22:56","guid":{"rendered":"https:\/\/www.ufsm.br\/cursos\/pos-graduacao\/santa-maria\/ppgmet\/?page_id=494"},"modified":"2022-11-17T08:24:44","modified_gmt":"2022-11-17T11:24:44","slug":"prestacao-de-contas-2","status":"publish","type":"page","link":"https:\/\/www.ufsm.br\/cursos\/pos-graduacao\/santa-maria\/ppgmet\/prestacao-de-contas-2","title":{"rendered":"Presta\u00e7\u00e3o de Contas &#8211; Taxa de Inscri\u00e7\u00e3o"},"content":{"rendered":"\t\t<div data-elementor-type=\"wp-page\" data-elementor-id=\"494\" class=\"elementor elementor-494\">\n\t\t\t\t\t\t<section class=\"elementor-section elementor-top-section elementor-element elementor-element-abf2972 elementor-section-boxed elementor-section-height-default elementor-section-height-default\" data-id=\"abf2972\" data-element_type=\"section\">\n\t\t\t\t\t\t<div class=\"elementor-container elementor-column-gap-default\">\n\t\t\t\t\t<div class=\"elementor-column elementor-col-100 elementor-top-column elementor-element elementor-element-a493f07\" data-id=\"a493f07\" data-element_type=\"column\">\n\t\t\t<div class=\"elementor-widget-wrap elementor-element-populated\">\n\t\t\t\t\t\t<div class=\"elementor-element elementor-element-96bde66 elementor-widget elementor-widget-text-editor\" data-id=\"96bde66\" data-element_type=\"widget\" data-widget_type=\"text-editor.default\">\n\t\t\t\t<div class=\"elementor-widget-container\">\n\t\t\t\t\t\t\t<section style=\"flex-direction: var(--flex-direction);justify-content: var(--justify-content);align-items: var(--align-items);align-content: var(--align-content);flex-basis: var(--flex-basis);flex-grow: var(--flex-grow);flex-shrink: var(--flex-shrink);align-self: var(--align-self)\" data-id=\"8873c36\" data-element_type=\"section\"><div><div style=\"width: 1176px\"><div style=\"flex-direction: var(--flex-direction);justify-content: var(--justify-content);align-items: var(--align-items);align-content: var(--align-content);flex-basis: var(--flex-basis);flex-grow: var(--flex-grow);flex-shrink: var(--flex-shrink);align-self: var(--align-self);width: 1176px\" data-id=\"0d2dcc7\" data-element_type=\"column\"><div style=\"width: 1176px\"><div style=\"width: 1162px\"><div style=\"flex-direction: var(--flex-direction);justify-content: var(--justify-content);align-items: var(--align-items);align-content: var(--align-content);flex-basis: var(--flex-basis);flex-grow: var(--flex-grow);flex-shrink: var(--flex-shrink);align-self: var(--align-self);color: #000000;width: 1142px;font-size: 1rem !important\" data-id=\"84f8ec0\" data-element_type=\"widget\" data-widget_type=\"text-editor.default\"><div><div><h1 style=\"margin-top: 0cm;text-align: center\"><span style=\"font-weight: bolder\"><span style=\"font-size: 12pt;letter-spacing: 0.75pt\">Presta\u00e7\u00e3o de contas de pagamento de taxa de inscri\u00e7\u00e3o em eventos (em reais)<\/span><\/span><\/h1><p>A presta\u00e7\u00e3o de contas de pagamento de taxa de inscri\u00e7\u00e3o em eventos acontecer\u00e1 via Processo Eletr\u00f4nico Nacional.<\/p><p>Ap\u00f3s o pagamento da taxa de inscri\u00e7\u00e3o, a Coordena\u00e7\u00e3o de An\u00e1lise Cont\u00e1bil tramitar\u00e1 o processo para a\u00a0<a style=\"color: #204c90\" href=\"https:\/\/portal.ufsm.br\/caixapostal\/index.html\">Caixa Postal<\/a>\u00a0do (a) docente\/discente.<\/p><p>Ao acessar a\u00a0<a style=\"color: #204c90\" href=\"https:\/\/portal.ufsm.br\/caixapostal\/index.html\">Caixa Postal<\/a>, o (a) docente\/discente dever\u00e1 clicar no n\u00famero do processo correspondente a solicita\u00e7\u00e3o de pagamento da taxa de inscri\u00e7\u00e3o e abrir.<\/p><\/div><\/div><\/div><\/div><\/div><\/div><\/div><\/div><\/section><section style=\"flex-direction: var(--flex-direction);justify-content: var(--justify-content);align-items: var(--align-items);align-content: var(--align-content);flex-basis: var(--flex-basis);flex-grow: var(--flex-grow);flex-shrink: var(--flex-shrink);align-self: var(--align-self)\" data-id=\"26483c7\" data-element_type=\"section\"><div><div style=\"width: 1176px\"><div style=\"flex-direction: var(--flex-direction);justify-content: var(--justify-content);align-items: var(--align-items);align-content: var(--align-content);flex-basis: var(--flex-basis);flex-grow: var(--flex-grow);flex-shrink: var(--flex-shrink);align-self: var(--align-self);width: 1176px\" data-id=\"d92dd5c\" data-element_type=\"column\"><div style=\"width: 1176px\"><div style=\"width: 1162px\"><div style=\"flex-direction: var(--flex-direction);justify-content: var(--justify-content);align-items: var(--align-items);align-content: var(--align-content);flex-basis: var(--flex-basis);flex-grow: var(--flex-grow);flex-shrink: var(--flex-shrink);align-self: var(--align-self);width: 1142px\" data-id=\"ce910e6\" data-element_type=\"widget\" data-widget_type=\"image.default\"><div><div><img fetchpriority=\"high\" decoding=\"async\" src=\"https:\/\/www.ufsm.br\/app\/uploads\/sites\/525\/2021\/12\/imagem1.jpg\" alt=\"\" width=\"1024\" height=\"496\" \/><\/div><\/div><\/div><\/div><\/div><\/div><\/div><\/div><\/section><section style=\"flex-direction: var(--flex-direction);justify-content: var(--justify-content);align-items: var(--align-items);align-content: var(--align-content);flex-basis: var(--flex-basis);flex-grow: var(--flex-grow);flex-shrink: var(--flex-shrink);align-self: var(--align-self)\" data-id=\"10e0578\" data-element_type=\"section\"><div><div style=\"width: 1176px\"><div style=\"flex-direction: var(--flex-direction);justify-content: var(--justify-content);align-items: var(--align-items);align-content: var(--align-content);flex-basis: var(--flex-basis);flex-grow: var(--flex-grow);flex-shrink: var(--flex-shrink);align-self: var(--align-self);width: 1176px\" data-id=\"b57bf19\" data-element_type=\"column\"><div style=\"width: 1176px\"><div style=\"width: 1162px\"><div style=\"flex-direction: var(--flex-direction);justify-content: var(--justify-content);align-items: var(--align-items);align-content: var(--align-content);flex-basis: var(--flex-basis);flex-grow: var(--flex-grow);flex-shrink: var(--flex-shrink);align-self: var(--align-self);color: #000000;width: 1142px;font-size: 1rem !important\" data-id=\"1880ead\" data-element_type=\"widget\" data-widget_type=\"text-editor.default\"><div><div><p>Com o processo aberto, o (a) docente\/discente dever\u00e1 anexar os documentos necess\u00e1rios para a presta\u00e7\u00e3o de contas, clicando em \u201ca\u00e7\u00f5es\u201d e \u201cinserir documentos\u201d.<\/p><\/div><\/div><\/div><\/div><\/div><\/div><\/div><\/div><\/section><section style=\"flex-direction: var(--flex-direction);justify-content: var(--justify-content);align-items: var(--align-items);align-content: var(--align-content);flex-basis: var(--flex-basis);flex-grow: var(--flex-grow);flex-shrink: var(--flex-shrink);align-self: var(--align-self)\" data-id=\"196f490\" data-element_type=\"section\"><div><div style=\"width: 1176px\"><div style=\"flex-direction: var(--flex-direction);justify-content: var(--justify-content);align-items: var(--align-items);align-content: var(--align-content);flex-basis: var(--flex-basis);flex-grow: var(--flex-grow);flex-shrink: var(--flex-shrink);align-self: var(--align-self);width: 1176px\" data-id=\"abcb248\" data-element_type=\"column\"><div style=\"width: 1176px\"><div style=\"width: 1162px\"><div style=\"flex-direction: var(--flex-direction);justify-content: var(--justify-content);align-items: var(--align-items);align-content: var(--align-content);flex-basis: var(--flex-basis);flex-grow: var(--flex-grow);flex-shrink: var(--flex-shrink);align-self: var(--align-self);width: 1142px\" data-id=\"0cf4c53\" data-element_type=\"widget\" data-widget_type=\"image.default\"><div><div><img decoding=\"async\" src=\"https:\/\/www.ufsm.br\/app\/uploads\/sites\/525\/2021\/12\/imagem2.jpg\" alt=\"\" width=\"1024\" height=\"457\" \/><\/div><\/div><\/div><\/div><\/div><\/div><\/div><\/div><\/section><section style=\"flex-direction: var(--flex-direction);justify-content: var(--justify-content);align-items: var(--align-items);align-content: var(--align-content);flex-basis: var(--flex-basis);flex-grow: var(--flex-grow);flex-shrink: var(--flex-shrink);align-self: var(--align-self)\" data-id=\"d117331\" data-element_type=\"section\"><div><div style=\"width: 1176px\"><div style=\"flex-direction: var(--flex-direction);justify-content: var(--justify-content);align-items: var(--align-items);align-content: var(--align-content);flex-basis: var(--flex-basis);flex-grow: var(--flex-grow);flex-shrink: var(--flex-shrink);align-self: var(--align-self);width: 1176px\" data-id=\"29c190d\" data-element_type=\"column\"><div style=\"width: 1176px\"><div style=\"width: 1162px\"><div style=\"flex-direction: var(--flex-direction);justify-content: var(--justify-content);align-items: var(--align-items);align-content: var(--align-content);flex-basis: var(--flex-basis);flex-grow: var(--flex-grow);flex-shrink: var(--flex-shrink);align-self: var(--align-self);color: #000000;width: 1142px;font-size: 1rem !important\" data-id=\"c0e85f2\" data-element_type=\"widget\" data-widget_type=\"text-editor.default\"><div><div><p>Abrir\u00e1 a p\u00e1gina na qual os documentos dever\u00e3o ser anexados. O (a) docente\/discente dever\u00e1 clicar em \u201cadicionar\u201d e \u201cenviar\u201d.<\/p><\/div><\/div><\/div><\/div><\/div><\/div><\/div><\/div><\/section><section style=\"flex-direction: var(--flex-direction);justify-content: var(--justify-content);align-items: var(--align-items);align-content: var(--align-content);flex-basis: var(--flex-basis);flex-grow: var(--flex-grow);flex-shrink: var(--flex-shrink);align-self: var(--align-self)\" data-id=\"4ed7f1d\" data-element_type=\"section\"><div><div style=\"width: 1176px\"><div style=\"flex-direction: var(--flex-direction);justify-content: var(--justify-content);align-items: var(--align-items);align-content: var(--align-content);flex-basis: var(--flex-basis);flex-grow: var(--flex-grow);flex-shrink: var(--flex-shrink);align-self: var(--align-self);width: 1176px\" data-id=\"088e904\" data-element_type=\"column\"><div style=\"width: 1176px\"><div style=\"width: 1162px\"><div style=\"flex-direction: var(--flex-direction);justify-content: var(--justify-content);align-items: var(--align-items);align-content: var(--align-content);flex-basis: var(--flex-basis);flex-grow: var(--flex-grow);flex-shrink: var(--flex-shrink);align-self: var(--align-self);width: 1142px\" data-id=\"5983508\" data-element_type=\"widget\" data-widget_type=\"image.default\"><div><div><img decoding=\"async\" src=\"https:\/\/www.ufsm.br\/app\/uploads\/sites\/525\/2021\/12\/imagem3.jpg\" alt=\"\" width=\"1024\" height=\"339\" \/><\/div><\/div><\/div><\/div><\/div><\/div><\/div><\/div><\/section><section style=\"flex-direction: var(--flex-direction);justify-content: var(--justify-content);align-items: var(--align-items);align-content: var(--align-content);flex-basis: var(--flex-basis);flex-grow: var(--flex-grow);flex-shrink: var(--flex-shrink);align-self: var(--align-self)\" data-id=\"e2ece18\" data-element_type=\"section\"><div><div style=\"width: 1176px\"><div style=\"flex-direction: var(--flex-direction);justify-content: var(--justify-content);align-items: var(--align-items);align-content: var(--align-content);flex-basis: var(--flex-basis);flex-grow: var(--flex-grow);flex-shrink: var(--flex-shrink);align-self: var(--align-self);width: 1176px\" data-id=\"da47dd5\" data-element_type=\"column\"><div style=\"width: 1176px\"><div style=\"width: 1162px\"><div style=\"flex-direction: var(--flex-direction);justify-content: var(--justify-content);align-items: var(--align-items);align-content: var(--align-content);flex-basis: var(--flex-basis);flex-grow: var(--flex-grow);flex-shrink: var(--flex-shrink);align-self: var(--align-self);color: #000000;width: 1142px;font-size: 1rem !important\" data-id=\"a483484\" data-element_type=\"widget\" data-widget_type=\"text-editor.default\"><div><div><p>Inclua o 1\u00ba documento: certificado de participa\u00e7\u00e3o em evento.<\/p><p>Em \u201ctipo documental\u201d, o (a) docente\/discente dever\u00e1 digitar \u201ccertificado de participa\u00e7\u00e3o\u201d at\u00e9 encontrar a op\u00e7\u00e3o correspondente:<\/p><p><span style=\"font-weight: bolder\">Docentes:<\/span>\u00a0Certificado de participa\u00e7\u00e3o em curso ou evento promovido por outras institui\u00e7\u00f5es no pa\u00eds (022.121).\u00a0<\/p><p><span style=\"font-weight: bolder\">Discentes:<\/span>\u00a0Certificado de participa\u00e7\u00e3o de aluno em evento (529.2).<\/p><p>Em seguida, o (a) docente\/discente dever\u00e1 clicar em \u201cescolher arquivo\u201d e anexar o certificado de participa\u00e7\u00e3o em formato pdf.<\/p><p>Ap\u00f3s o arquivo ser anexado, no campo \u201co documento inserido foi\u201d clicar em \u201cgerado eletronicamente\u201d, caso o documento tenha sido gerado desta forma.<\/p><p>Em \u201ctipo de confer\u00eancia\u201d clicar em \u201csem autentica\u00e7\u00e3o\u201d e em \u201cassinar documento? \u201d Clicar em \u201cn\u00e3o\u201d. Em seguida clicar em \u201cadicionar\u201d.<\/p><p>Caso o certificado de participa\u00e7\u00e3o tenha sido digitalizado (ou foi tirada uma foto), no campo \u201co documento inserido foi\u201d dever\u00e1 ser assinalado \u201cdigitalizado\u201d. No campo \u201ctipo de confer\u00eancia\u201d dever\u00e1 ser assinalado \u201cc\u00f3pia simples\u201d. No campo \u201cassinar documento\u201d dever\u00e1 ser assinalado \u201cn\u00e3o\u201d e no campo \u201crespons\u00e1vel pela guarda\u201d dever\u00e1 ser assinalado \u201cinteressado\u201d.<\/p><p>No campo \u201cpessoa respons\u00e1vel pela guarda\u201d, caso o (a) docente\/discente possua apenas um n\u00famero de SIAPE\/matr\u00edcula ativa na UFSM, aparecer\u00e1 o nome. Caso o (a) docente\/discente possua mais de um n\u00famero de SIAPE\/matr\u00edcula na UFSM, dever\u00e1 assinalar o SIAPE\/matr\u00edcula correspondente ao PPGExR.<\/p><\/div><\/div><\/div><\/div><\/div><\/div><\/div><\/div><\/section><section style=\"flex-direction: var(--flex-direction);justify-content: var(--justify-content);align-items: var(--align-items);align-content: var(--align-content);flex-basis: var(--flex-basis);flex-grow: var(--flex-grow);flex-shrink: var(--flex-shrink);align-self: var(--align-self)\" data-id=\"8251ecc\" data-element_type=\"section\"><div><div style=\"width: 1176px\"><div style=\"flex-direction: var(--flex-direction);justify-content: var(--justify-content);align-items: var(--align-items);align-content: var(--align-content);flex-basis: var(--flex-basis);flex-grow: var(--flex-grow);flex-shrink: var(--flex-shrink);align-self: var(--align-self);width: 1176px\" data-id=\"de3041f\" data-element_type=\"column\"><div style=\"width: 1176px\"><div style=\"width: 1162px\"><div style=\"flex-direction: var(--flex-direction);justify-content: var(--justify-content);align-items: var(--align-items);align-content: var(--align-content);flex-basis: var(--flex-basis);flex-grow: var(--flex-grow);flex-shrink: var(--flex-shrink);align-self: var(--align-self);width: 1142px\" data-id=\"42b1a52\" data-element_type=\"widget\" data-widget_type=\"image.default\"><div><div><img loading=\"lazy\" decoding=\"async\" src=\"https:\/\/www.ufsm.br\/app\/uploads\/sites\/525\/2021\/12\/imagem4.jpg\" alt=\"\" width=\"1024\" height=\"415\" \/><\/div><\/div><\/div><\/div><\/div><\/div><\/div><\/div><\/section><section style=\"flex-direction: var(--flex-direction);justify-content: var(--justify-content);align-items: var(--align-items);align-content: var(--align-content);flex-basis: var(--flex-basis);flex-grow: var(--flex-grow);flex-shrink: var(--flex-shrink);align-self: var(--align-self)\" data-id=\"d3ebf36\" data-element_type=\"section\"><div><div style=\"width: 1176px\"><div style=\"flex-direction: var(--flex-direction);justify-content: var(--justify-content);align-items: var(--align-items);align-content: var(--align-content);flex-basis: var(--flex-basis);flex-grow: var(--flex-grow);flex-shrink: var(--flex-shrink);align-self: var(--align-self);width: 1176px\" data-id=\"53692cc\" data-element_type=\"column\"><div style=\"width: 1176px\"><div style=\"width: 1162px\"><div style=\"flex-direction: var(--flex-direction);justify-content: var(--justify-content);align-items: var(--align-items);align-content: var(--align-content);flex-basis: var(--flex-basis);flex-grow: var(--flex-grow);flex-shrink: var(--flex-shrink);align-self: var(--align-self);color: #000000;width: 1142px;font-size: 1rem !important\" data-id=\"7f1e147\" data-element_type=\"widget\" data-widget_type=\"text-editor.default\"><div><div><p>O 2\u00ba documento a ser anexado, seguindo o mesmo procedimento acima ser\u00e1:\u00a0<span style=\"font-weight: bolder\">Nota fiscal<\/span>\/<span style=\"font-weight: bolder\">Recibo de pagamento de taxa de inscri\u00e7\u00e3o emitido pela proponente do evento em nome do (a) docente\/discente, em formato pdf.<\/span><\/p><p>O tipo documental dever\u00e1 ser \u201cnota fiscal (052.22)\u201d \u2013 mesmo que seja anexado recibo, ao inv\u00e9s de nota fiscal.<\/p><p>O 3\u00ba documento a ser anexado, seguindo o mesmo procedimento, ser\u00e1: Certificado de apresenta\u00e7\u00e3o de trabalho.<\/p><p>O tipo documental dever\u00e1 ser \u201cCertificado de apresenta\u00e7\u00e3o de trabalho em eventos promovidos por outras institui\u00e7\u00f5es (022.121)\u201d. Este documento s\u00f3 ser\u00e1 anexado caso o (a) docente\/discente tenha apresentado trabalho no evento.\u00a0<\/p><p>Depois de anexados os documentos necess\u00e1rios para a presta\u00e7\u00e3o de contas, o (a) docente\/discente dever\u00e1 clicar em \u201ctramitar\u201d.<\/p><\/div><\/div><\/div><\/div><\/div><\/div><\/div><\/div><\/section><section style=\"flex-direction: var(--flex-direction);justify-content: var(--justify-content);align-items: var(--align-items);align-content: var(--align-content);flex-basis: var(--flex-basis);flex-grow: var(--flex-grow);flex-shrink: var(--flex-shrink);align-self: var(--align-self)\" data-id=\"3e83432\" data-element_type=\"section\"><div><div style=\"width: 1176px\"><div style=\"flex-direction: var(--flex-direction);justify-content: var(--justify-content);align-items: var(--align-items);align-content: var(--align-content);flex-basis: var(--flex-basis);flex-grow: var(--flex-grow);flex-shrink: var(--flex-shrink);align-self: var(--align-self);width: 1176px\" data-id=\"fc94454\" data-element_type=\"column\"><div style=\"width: 1176px\"><div style=\"width: 1162px\"><div style=\"flex-direction: var(--flex-direction);justify-content: var(--justify-content);align-items: var(--align-items);align-content: var(--align-content);flex-basis: var(--flex-basis);flex-grow: var(--flex-grow);flex-shrink: var(--flex-shrink);align-self: var(--align-self);width: 1142px\" data-id=\"c8ae9d5\" data-element_type=\"widget\" data-widget_type=\"image.default\"><div><div><img loading=\"lazy\" decoding=\"async\" src=\"https:\/\/www.ufsm.br\/app\/uploads\/sites\/525\/2021\/12\/imagem5.jpg\" alt=\"\" width=\"1024\" height=\"470\" \/><\/div><\/div><\/div><\/div><\/div><\/div><\/div><\/div><\/section><section style=\"flex-direction: var(--flex-direction);justify-content: var(--justify-content);align-items: var(--align-items);align-content: var(--align-content);flex-basis: var(--flex-basis);flex-grow: var(--flex-grow);flex-shrink: var(--flex-shrink);align-self: var(--align-self)\" data-id=\"166db85\" data-element_type=\"section\"><div><div style=\"width: 1176px\"><div style=\"flex-direction: var(--flex-direction);justify-content: var(--justify-content);align-items: var(--align-items);align-content: var(--align-content);flex-basis: var(--flex-basis);flex-grow: var(--flex-grow);flex-shrink: var(--flex-shrink);align-self: var(--align-self);width: 1176px\" data-id=\"a66af86\" data-element_type=\"column\"><div style=\"width: 1176px\"><div style=\"width: 1162px\"><div style=\"flex-direction: var(--flex-direction);justify-content: var(--justify-content);align-items: var(--align-items);align-content: var(--align-content);flex-basis: var(--flex-basis);flex-grow: var(--flex-grow);flex-shrink: var(--flex-shrink);align-self: var(--align-self);color: #000000;width: 1142px;font-size: 1rem !important\" data-id=\"64f2624\" data-element_type=\"widget\" data-widget_type=\"text-editor.default\"><div><div><p>Ao clicar em tramitar, o (a) docente\/discente dever\u00e1 no campo \u201cpr\u00f3ximo passo\u201d selecionar \u201ctramita\u00e7\u00e3o para unidade\u201d.<\/p><p>No campo \u201cdestino\u201d digitar \u201cSCONT\u201d e clicar na op\u00e7\u00e3o \u201c01.12.01.02.2.0 (SCONT) Se\u00e7\u00e3o de contabilidade\u201d.<\/p><p>No campo \u201cdespacho\u201d digitar \u201cPara an\u00e1lise da presta\u00e7\u00e3o de contas e finaliza\u00e7\u00e3o do processo\u201d.<\/p><p>Clicar em \u201ctramitar\u201d.<\/p><p>Finalizado, a presta\u00e7\u00e3o de contas foi realizada e ser\u00e1 analisada. Caso haja alguma inconsist\u00eancia, o processo ser\u00e1 retornado para corre\u00e7\u00f5es. \u00c9 de responsabilidade do (a) docente\/discente verificar se o processo foi finalizado.<\/p><\/div><\/div><\/div><\/div><\/div><\/div><\/div><\/div><\/section><section style=\"flex-direction: var(--flex-direction);justify-content: var(--justify-content);align-items: var(--align-items);align-content: var(--align-content);flex-basis: var(--flex-basis);flex-grow: var(--flex-grow);flex-shrink: var(--flex-shrink);align-self: var(--align-self)\" data-id=\"8a59ac0\" data-element_type=\"section\"><div><div style=\"width: 1176px\"><div style=\"flex-direction: var(--flex-direction);justify-content: var(--justify-content);align-items: var(--align-items);align-content: var(--align-content);flex-basis: var(--flex-basis);flex-grow: var(--flex-grow);flex-shrink: var(--flex-shrink);align-self: var(--align-self);width: 1176px\" data-id=\"0f68db0\" data-element_type=\"column\"><div style=\"width: 1176px\"><div style=\"width: 1162px\"><div style=\"flex-direction: var(--flex-direction);justify-content: var(--justify-content);align-items: var(--align-items);align-content: var(--align-content);flex-basis: var(--flex-basis);flex-grow: var(--flex-grow);flex-shrink: var(--flex-shrink);align-self: var(--align-self);width: 1142px\" data-id=\"69d352b\" data-element_type=\"widget\" data-widget_type=\"image.default\"><div><div><img loading=\"lazy\" decoding=\"async\" src=\"https:\/\/www.ufsm.br\/app\/uploads\/sites\/525\/2021\/12\/imagem6.jpg\" alt=\"\" width=\"1024\" height=\"423\" \/><\/div><div><strong>\u00a0 \u00a0 \u00a0 \u00a0 \u00a0 \u00a0 \u00a0O n\u00e3o envio da documenta\u00e7\u00e3o necess\u00e1ria para presta\u00e7\u00e3o de contas acarretar\u00e1 na\u00a0devolu\u00e7\u00e3o dos valores recebidos via GRU.<\/strong><\/div><div>\u00a0 \u00a0 \u00a0 \u00a0 \u00a0 \u00a0 \u00a0 \u00a0 \u00a0 \u00a0 \u00a0 \u00a0 \u00a0 \u00a0 \u00a0 \u00a0 \u00a0 \u00a0 \u00a0 \u00a0 \u00a0 \u00a0 \u00a0 \u00a0 \u00a0 \u00a0 \u00a0 \u00a0 \u00a0 \u00a0 \u00a0 \u00a0 \u00a0 \u00a0 \u00a0 \u00a0 \u00a0 \u00a0 \u00a0 \u00a0 \u00a0 \u00a0 \u00a0 \u00a0 \u00a0 \u00a0 \u00a0 \u00a0 \u00a0 \u00a0 \u00a0 \u00a0 \u00a0 \u00a0 \u00a0 \u00a0 \u00a0 \u00a0 \u00a0 \u00a0 \u00a0 \u00a0 \u00a0 \u00a0 \u00a0 \u00a0 \u00a0 \u00a0 \u00a0 \u00a0 \u00a0 \u00a0 \u00a0 \u00a0 \u00a0 \u00a0 \u00a0 \u00a0 \u00a0 \u00a0 \u00a0 \u00a0 \u00a0 \u00a0 \u00a0 \u00a0 \u00a0 \u00a0 \u00a0 \u00a0 \u00a0 \u00a0 \u00a0*Instru\u00e7\u00f5es extra\u00eddas do <a href=\"https:\/\/www.ufsm.br\/cursos\/pos-graduacao\/santa-maria\/ppgexr\/prestacao-de-contas-de-diarias-passagens-e-ou-inscricao-em-eventos-no-pais-em-real\/\">PPGEXR<\/a><\/div><\/div><\/div><\/div><\/div><\/div><\/div><\/div><\/section>\t\t\t\t\t\t<\/div>\n\t\t\t\t<\/div>\n\t\t\t\t\t<\/div>\n\t\t<\/div>\n\t\t\t\t\t<\/div>\n\t\t<\/section>\n\t\t\t\t<\/div>\n\t\t","protected":false},"excerpt":{"rendered":"<p>Presta\u00e7\u00e3o de contas de pagamento de taxa de inscri\u00e7\u00e3o em eventos (em reais) A presta\u00e7\u00e3o de contas de pagamento de taxa de inscri\u00e7\u00e3o em eventos acontecer\u00e1 via Processo Eletr\u00f4nico Nacional. Ap\u00f3s o pagamento da taxa de inscri\u00e7\u00e3o, a Coordena\u00e7\u00e3o de An\u00e1lise Cont\u00e1bil tramitar\u00e1 o processo para a\u00a0Caixa Postal\u00a0do (a) docente\/discente. Ao acessar a\u00a0Caixa Postal, o [&hellip;]<\/p>\n","protected":false},"author":3833,"featured_media":0,"parent":0,"menu_order":0,"comment_status":"closed","ping_status":"closed","template":"","meta":{"footnotes":""},"categories":[],"tags":[],"class_list":["post-494","page","type-page","status-publish","hentry"],"acf":[],"_links":{"self":[{"href":"https:\/\/www.ufsm.br\/cursos\/pos-graduacao\/santa-maria\/ppgmet\/wp-json\/wp\/v2\/pages\/494","targetHints":{"allow":["GET"]}}],"collection":[{"href":"https:\/\/www.ufsm.br\/cursos\/pos-graduacao\/santa-maria\/ppgmet\/wp-json\/wp\/v2\/pages"}],"about":[{"href":"https:\/\/www.ufsm.br\/cursos\/pos-graduacao\/santa-maria\/ppgmet\/wp-json\/wp\/v2\/types\/page"}],"author":[{"embeddable":true,"href":"https:\/\/www.ufsm.br\/cursos\/pos-graduacao\/santa-maria\/ppgmet\/wp-json\/wp\/v2\/users\/3833"}],"replies":[{"embeddable":true,"href":"https:\/\/www.ufsm.br\/cursos\/pos-graduacao\/santa-maria\/ppgmet\/wp-json\/wp\/v2\/comments?post=494"}],"version-history":[{"count":0,"href":"https:\/\/www.ufsm.br\/cursos\/pos-graduacao\/santa-maria\/ppgmet\/wp-json\/wp\/v2\/pages\/494\/revisions"}],"wp:attachment":[{"href":"https:\/\/www.ufsm.br\/cursos\/pos-graduacao\/santa-maria\/ppgmet\/wp-json\/wp\/v2\/media?parent=494"}],"wp:term":[{"taxonomy":"category","embeddable":true,"href":"https:\/\/www.ufsm.br\/cursos\/pos-graduacao\/santa-maria\/ppgmet\/wp-json\/wp\/v2\/categories?post=494"},{"taxonomy":"post_tag","embeddable":true,"href":"https:\/\/www.ufsm.br\/cursos\/pos-graduacao\/santa-maria\/ppgmet\/wp-json\/wp\/v2\/tags?post=494"}],"curies":[{"name":"wp","href":"https:\/\/api.w.org\/{rel}","templated":true}]}}