{"id":420,"date":"2021-08-12T14:04:01","date_gmt":"2021-08-12T17:04:01","guid":{"rendered":"https:\/\/www.ufsm.br\/cursos\/pos-graduacao\/santa-maria\/ppgmv\/?page_id=420"},"modified":"2021-08-16T08:52:58","modified_gmt":"2021-08-16T11:52:58","slug":"laboratorios-de-pesquisa","status":"publish","type":"page","link":"https:\/\/www.ufsm.br\/cursos\/pos-graduacao\/santa-maria\/ppgmv\/laboratorios-de-pesquisa","title":{"rendered":"LABORAT\u00d3RIOS DE PESQUISA"},"content":{"rendered":"\n<p>Conhe\u00e7a os Laborat\u00f3rios de Pesquisa vinculados ao PPGMV.<\/p>\n<p>HOSPITAL VETERIN\u00c1RIO UNIVERSIT\u00c1RIO:\u00a0<a href=\"https:\/\/www.ufsm.br\/orgaos-suplementares\/hvu\/\">HVU<\/a><\/p>\n<p>BIOTECNOLOGIA DA REPRODU\u00c7\u00c3O:\u00a0<a href=\"https:\/\/www.ufsm.br\/laboratorios\/biorep\/\">BIOREP<\/a><\/p>\n<p>LABORAT\u00d3RIO DE DOEN\u00c7AS PARASIT\u00c1RIAS: <a href=\"https:\/\/www.ufsm.br\/laboratorios\/ladopar\/\">LADOPAR<\/a><\/p>\n<p>SETOR DE VIROLOGIA:\u00a0<a href=\"https:\/\/setordevirologiaufsm.wordpress.com\/\">SV<\/a><\/p>\n<p>LABORAT\u00d3RIO DE BACTERIOLOGIA:\u00a0 <a href=\"https:\/\/www.ufsm.br\/laboratorios\/labac\/\">LABAC<\/a><\/p>\n<p>LABORAT\u00d3RIO DE AN\u00c1LISES MICOTOXICOL\u00d3GICAS:\u00a0<a href=\"https:\/\/www.lamic.ufsm.br\/site\/\">LAMIC<\/a><\/p>\n<p>LABORAT\u00d3RIO CENTRAL DE DIAGN\u00d3STICO DE PATOLOGIAS AVI\u00c1RIAS:\u00a0<a href=\"https:\/\/www.ufsm.br\/laboratorios\/lcdpa\/\">LCDPA<\/a><\/p>\n<p>LABORAT\u00d3RIO DE PARASITOLOGIA VETERIN\u00c1RIA:\u00a0<a href=\"https:\/\/www.ufsm.br\/laboratorios\/lapavet\/\">LAPAVET<\/a><\/p>\n<p>LABORAT\u00d3RIO DE PATOLOGIA VETERIN\u00c1RIA:\u00a0<a href=\"http:\/\/www.ufsm.br\/lpv\">LPV<\/a><\/p>\n<p>CL\u00cdNICA DE RUMINANTES:\u00a0<a href=\"https:\/\/www.instagram.com\/ruminantes_ufsm\/\">RUMINANTES<\/a><\/p>\n<p>LABORAT\u00d3RIO DE DIAGN\u00d3STICO DE LEPTOSPIROSE:\u00a0<a href=\"http:\/\/LABLEPTO\" data-wplink-url-error=\"true\">LABLEPTO<\/a><\/p>\n<p>LABORAT\u00d3RIO DE DIAGN\u00d3STICO POR IMAGEM:\u00a0<a href=\"https:\/\/www.ufsm.br\/laboratorios\/ldiv\/\">LDIV<\/a><\/p>\n","protected":false},"excerpt":{"rendered":"<p>Conhe\u00e7a os Laborat\u00f3rios de Pesquisa vinculados ao PPGMV. HOSPITAL VETERIN\u00c1RIO UNIVERSIT\u00c1RIO:\u00a0HVU BIOTECNOLOGIA DA REPRODU\u00c7\u00c3O:\u00a0BIOREP LABORAT\u00d3RIO DE DOEN\u00c7AS PARASIT\u00c1RIAS: LADOPAR SETOR DE VIROLOGIA:\u00a0SV LABORAT\u00d3RIO DE BACTERIOLOGIA:\u00a0 LABAC LABORAT\u00d3RIO DE AN\u00c1LISES MICOTOXICOL\u00d3GICAS:\u00a0LAMIC LABORAT\u00d3RIO CENTRAL DE DIAGN\u00d3STICO DE PATOLOGIAS AVI\u00c1RIAS:\u00a0LCDPA LABORAT\u00d3RIO DE PARASITOLOGIA VETERIN\u00c1RIA:\u00a0LAPAVET LABORAT\u00d3RIO DE PATOLOGIA VETERIN\u00c1RIA:\u00a0LPV CL\u00cdNICA DE RUMINANTES:\u00a0RUMINANTES LABORAT\u00d3RIO DE DIAGN\u00d3STICO DE LEPTOSPIROSE:\u00a0LABLEPTO LABORAT\u00d3RIO DE [&hellip;]<\/p>\n","protected":false},"author":4400,"featured_media":0,"parent":0,"menu_order":0,"comment_status":"closed","ping_status":"closed","template":"","meta":{"footnotes":""},"categories":[],"tags":[],"class_list":["post-420","page","type-page","status-publish","hentry"],"acf":[],"_links":{"self":[{"href":"https:\/\/www.ufsm.br\/cursos\/pos-graduacao\/santa-maria\/ppgmv\/wp-json\/wp\/v2\/pages\/420","targetHints":{"allow":["GET"]}}],"collection":[{"href":"https:\/\/www.ufsm.br\/cursos\/pos-graduacao\/santa-maria\/ppgmv\/wp-json\/wp\/v2\/pages"}],"about":[{"href":"https:\/\/www.ufsm.br\/cursos\/pos-graduacao\/santa-maria\/ppgmv\/wp-json\/wp\/v2\/types\/page"}],"author":[{"embeddable":true,"href":"https:\/\/www.ufsm.br\/cursos\/pos-graduacao\/santa-maria\/ppgmv\/wp-json\/wp\/v2\/users\/4400"}],"replies":[{"embeddable":true,"href":"https:\/\/www.ufsm.br\/cursos\/pos-graduacao\/santa-maria\/ppgmv\/wp-json\/wp\/v2\/comments?post=420"}],"version-history":[{"count":0,"href":"https:\/\/www.ufsm.br\/cursos\/pos-graduacao\/santa-maria\/ppgmv\/wp-json\/wp\/v2\/pages\/420\/revisions"}],"wp:attachment":[{"href":"https:\/\/www.ufsm.br\/cursos\/pos-graduacao\/santa-maria\/ppgmv\/wp-json\/wp\/v2\/media?parent=420"}],"wp:term":[{"taxonomy":"category","embeddable":true,"href":"https:\/\/www.ufsm.br\/cursos\/pos-graduacao\/santa-maria\/ppgmv\/wp-json\/wp\/v2\/categories?post=420"},{"taxonomy":"post_tag","embeddable":true,"href":"https:\/\/www.ufsm.br\/cursos\/pos-graduacao\/santa-maria\/ppgmv\/wp-json\/wp\/v2\/tags?post=420"}],"curies":[{"name":"wp","href":"https:\/\/api.w.org\/{rel}","templated":true}]}}